{"id":17731,"date":"2023-11-15T09:34:57","date_gmt":"2023-11-15T09:34:57","guid":{"rendered":"https:\/\/torello.com\/?page_id=17731"},"modified":"2023-11-15T10:04:44","modified_gmt":"2023-11-15T10:04:44","slug":"responsible-tourism-policy","status":"publish","type":"page","link":"https:\/\/torello.com\/en\/responsible-tourism-policy\/","title":{"rendered":"Responsible Tourism Policy"},"content":{"rendered":"<div class=\"fusion-fullwidth fullwidth-box fusion-builder-row-1 nonhundred-percent-fullwidth non-hundred-percent-height-scrolling\" style=\"--awb-border-radius-top-left:0px;--awb-border-radius-top-right:0px;--awb-border-radius-bottom-right:0px;--awb-border-radius-bottom-left:0px;--awb-padding-top:100px;--awb-padding-bottom:100px;--awb-background-color:#937b4f;--awb-flex-wrap:wrap;\" ><div class=\"fusion-builder-row fusion-row\"><div class=\"fusion-layout-column fusion_builder_column fusion-builder-column-0 fusion_builder_column_1_1 1_1 fusion-one-full fusion-column-first fusion-column-last\" style=\"--awb-bg-size:cover;\"><div class=\"fusion-column-wrapper fusion-column-has-shadow fusion-flex-column-wrapper-legacy\"><div class=\"fusion-text fusion-text-1\" style=\"--awb-text-color:#ffffff;\"><h1><span style=\"color: #ffffff;\">RESPONSIBLE TOURISM POLICY<\/span><\/h1>\n<p>Conscious of the importance of maintaining sustainable touristic development, and having assumed the principles and objectives specifically adopted at the World Summit for Sustainable Development 2015, the COP 21 and the World Charter for Sustainable Tourism +20, TORELL\u00d3 VITICULTORS promises to use sustainable management in its activities, through the adoption of committments oriented towards preventing, eliminating or reducing the impact of our installations and activities, both internal and external, as well as optimising the sustainability of the establishment improving its interaction with its surroundings.<\/p>\n<p>In the same way, our company has adopted the following Responsible Tourism Policy, through which we promise to fulfil the requisites established in the adhesion to BIOSPHERE, which includes, among other things, the legal requirements that regulate the effects generated by tourist activity.<\/p>\n<p>In addition, we promise to motivate and train our personnel in the principles of Responsible Tourism through educational and awareness activities, to further good environmental practice in this area and participate in external activities, and to inform both internally and externally of the company\u2019s environmental advances and activities.<\/p>\n<p>Likewise, our establishment states its express commitment to combat sexual or any other form of exploitation and commercial harassment, in particular that of children, adolescents, women and minorities; and we commit ourselves to adopting measures for universal accessibility.<\/p>\n<p>One of our principal objectives is to perfect sustainable management, assuming the commitments to continuous improvement in all areas of sustainability: social, economic and environmental, as well as in client satisfaction. For this, all future projects for extending the installations or activities will be submitted to the criteria of sustainability and efficiency in the use of resources.<\/p>\n<p>This Responsible Tourism Policy will be updated whenever the circumstances so require, adopting and publishing the new sustainability objectives in both cases.<\/p>\n<\/div><div class=\"fusion-clearfix\"><\/div><\/div><\/div><\/div><\/div>\n","protected":false},"excerpt":{"rendered":"","protected":false},"author":6,"featured_media":0,"parent":0,"menu_order":0,"comment_status":"closed","ping_status":"closed","template":"100-width.php","meta":{"footnotes":""},"class_list":["post-17731","page","type-page","status-publish","hentry"],"yoast_head":"<!-- This site is optimized with the Yoast SEO plugin v26.7 - https:\/\/yoast.com\/wordpress\/plugins\/seo\/ -->\n<title>Responsible Tourism Policy<\/title>\n<meta name=\"description\" content=\"TORELL\u00d3 VITICULTORS promises to use sustainable management in its activities, through the adoption of committments.\" \/>\n<meta name=\"robots\" content=\"index, follow, max-snippet:-1, max-image-preview:large, max-video-preview:-1\" \/>\n<link rel=\"canonical\" href=\"https:\/\/torello.com\/en\/responsible-tourism-policy\/\" \/>\n<meta property=\"og:locale\" content=\"en_US\" \/>\n<meta property=\"og:type\" content=\"article\" \/>\n<meta property=\"og:title\" content=\"Responsible Tourism Policy\" \/>\n<meta property=\"og:description\" content=\"TORELL\u00d3 VITICULTORS promises to use sustainable management in its activities, through the adoption of committments.\" \/>\n<meta property=\"og:url\" content=\"https:\/\/torello.com\/en\/responsible-tourism-policy\/\" \/>\n<meta property=\"og:site_name\" content=\"Torell\u00f3 Viticultors Grans escumosos i vins ecol\u00f2gics\" \/>\n<meta property=\"article:publisher\" content=\"https:\/\/www.facebook.com\/TorelloViticultors\/\" \/>\n<meta property=\"article:modified_time\" content=\"2023-11-15T10:04:44+00:00\" \/>\n<meta name=\"twitter:card\" content=\"summary_large_image\" \/>\n<meta name=\"twitter:site\" content=\"@TorelloViticult\" \/>\n<meta name=\"twitter:label1\" content=\"Est. reading time\" \/>\n\t<meta name=\"twitter:data1\" content=\"3 minutes\" \/>\n<script type=\"application\/ld+json\" class=\"yoast-schema-graph\">{\"@context\":\"https:\/\/schema.org\",\"@graph\":[{\"@type\":\"WebPage\",\"@id\":\"https:\/\/torello.com\/en\/responsible-tourism-policy\/\",\"url\":\"https:\/\/torello.com\/en\/responsible-tourism-policy\/\",\"name\":\"Responsible Tourism Policy\",\"isPartOf\":{\"@id\":\"https:\/\/torello.com\/en\/#website\"},\"datePublished\":\"2023-11-15T09:34:57+00:00\",\"dateModified\":\"2023-11-15T10:04:44+00:00\",\"description\":\"TORELL\u00d3 VITICULTORS promises to use sustainable management in its activities, through the adoption of committments.\",\"breadcrumb\":{\"@id\":\"https:\/\/torello.com\/en\/responsible-tourism-policy\/#breadcrumb\"},\"inLanguage\":\"en-US\",\"potentialAction\":[{\"@type\":\"ReadAction\",\"target\":[\"https:\/\/torello.com\/en\/responsible-tourism-policy\/\"]}]},{\"@type\":\"BreadcrumbList\",\"@id\":\"https:\/\/torello.com\/en\/responsible-tourism-policy\/#breadcrumb\",\"itemListElement\":[{\"@type\":\"ListItem\",\"position\":1,\"name\":\"Inici\",\"item\":\"https:\/\/torello.com\/en\/\"},{\"@type\":\"ListItem\",\"position\":2,\"name\":\"Responsible Tourism Policy\"}]},{\"@type\":\"WebSite\",\"@id\":\"https:\/\/torello.com\/en\/#website\",\"url\":\"https:\/\/torello.com\/en\/\",\"name\":\"Torell\u00f3 Viticultors Grans escumosos i vins ecol\u00f2gics\",\"description\":\"Bodega familiar situada en el Pened\u00e9s, l\u00edder en la elaboraci\u00f3n de Cava y vinos, s\u00f3lo utiliza uva cultivada en su finca Can Mart\u00ed.\",\"publisher\":{\"@id\":\"https:\/\/torello.com\/en\/#organization\"},\"potentialAction\":[{\"@type\":\"SearchAction\",\"target\":{\"@type\":\"EntryPoint\",\"urlTemplate\":\"https:\/\/torello.com\/en\/?s={search_term_string}\"},\"query-input\":{\"@type\":\"PropertyValueSpecification\",\"valueRequired\":true,\"valueName\":\"search_term_string\"}}],\"inLanguage\":\"en-US\"},{\"@type\":\"Organization\",\"@id\":\"https:\/\/torello.com\/en\/#organization\",\"name\":\"Torell\u00f3 sparkling and ecologic wines\",\"url\":\"https:\/\/torello.com\/en\/\",\"logo\":{\"@type\":\"ImageObject\",\"inLanguage\":\"en-US\",\"@id\":\"https:\/\/torello.com\/en\/#\/schema\/logo\/image\/\",\"url\":\"https:\/\/torello.com\/wp-content\/uploads\/2020\/02\/TORELLO_LOGO_4.png\",\"contentUrl\":\"https:\/\/torello.com\/wp-content\/uploads\/2020\/02\/TORELLO_LOGO_4.png\",\"width\":278,\"height\":140,\"caption\":\"Torell\u00f3 sparkling and ecologic wines\"},\"image\":{\"@id\":\"https:\/\/torello.com\/en\/#\/schema\/logo\/image\/\"},\"sameAs\":[\"https:\/\/www.facebook.com\/TorelloViticultors\/\",\"https:\/\/x.com\/TorelloViticult\",\"https:\/\/www.instagram.com\/torelloviticultors\/\",\"https:\/\/www.youtube.com\/user\/Torello57\"]}]}<\/script>\n<!-- \/ Yoast SEO plugin. -->","yoast_head_json":{"title":"Responsible Tourism Policy","description":"TORELL\u00d3 VITICULTORS promises to use sustainable management in its activities, through the adoption of committments.","robots":{"index":"index","follow":"follow","max-snippet":"max-snippet:-1","max-image-preview":"max-image-preview:large","max-video-preview":"max-video-preview:-1"},"canonical":"https:\/\/torello.com\/en\/responsible-tourism-policy\/","og_locale":"en_US","og_type":"article","og_title":"Responsible Tourism Policy","og_description":"TORELL\u00d3 VITICULTORS promises to use sustainable management in its activities, through the adoption of committments.","og_url":"https:\/\/torello.com\/en\/responsible-tourism-policy\/","og_site_name":"Torell\u00f3 Viticultors Grans escumosos i vins ecol\u00f2gics","article_publisher":"https:\/\/www.facebook.com\/TorelloViticultors\/","article_modified_time":"2023-11-15T10:04:44+00:00","twitter_card":"summary_large_image","twitter_site":"@TorelloViticult","twitter_misc":{"Est. reading time":"3 minutes"},"schema":{"@context":"https:\/\/schema.org","@graph":[{"@type":"WebPage","@id":"https:\/\/torello.com\/en\/responsible-tourism-policy\/","url":"https:\/\/torello.com\/en\/responsible-tourism-policy\/","name":"Responsible Tourism Policy","isPartOf":{"@id":"https:\/\/torello.com\/en\/#website"},"datePublished":"2023-11-15T09:34:57+00:00","dateModified":"2023-11-15T10:04:44+00:00","description":"TORELL\u00d3 VITICULTORS promises to use sustainable management in its activities, through the adoption of committments.","breadcrumb":{"@id":"https:\/\/torello.com\/en\/responsible-tourism-policy\/#breadcrumb"},"inLanguage":"en-US","potentialAction":[{"@type":"ReadAction","target":["https:\/\/torello.com\/en\/responsible-tourism-policy\/"]}]},{"@type":"BreadcrumbList","@id":"https:\/\/torello.com\/en\/responsible-tourism-policy\/#breadcrumb","itemListElement":[{"@type":"ListItem","position":1,"name":"Inici","item":"https:\/\/torello.com\/en\/"},{"@type":"ListItem","position":2,"name":"Responsible Tourism Policy"}]},{"@type":"WebSite","@id":"https:\/\/torello.com\/en\/#website","url":"https:\/\/torello.com\/en\/","name":"Torell\u00f3 Viticultors Grans escumosos i vins ecol\u00f2gics","description":"Bodega familiar situada en el Pened\u00e9s, l\u00edder en la elaboraci\u00f3n de Cava y vinos, s\u00f3lo utiliza uva cultivada en su finca Can Mart\u00ed.","publisher":{"@id":"https:\/\/torello.com\/en\/#organization"},"potentialAction":[{"@type":"SearchAction","target":{"@type":"EntryPoint","urlTemplate":"https:\/\/torello.com\/en\/?s={search_term_string}"},"query-input":{"@type":"PropertyValueSpecification","valueRequired":true,"valueName":"search_term_string"}}],"inLanguage":"en-US"},{"@type":"Organization","@id":"https:\/\/torello.com\/en\/#organization","name":"Torell\u00f3 sparkling and ecologic wines","url":"https:\/\/torello.com\/en\/","logo":{"@type":"ImageObject","inLanguage":"en-US","@id":"https:\/\/torello.com\/en\/#\/schema\/logo\/image\/","url":"https:\/\/torello.com\/wp-content\/uploads\/2020\/02\/TORELLO_LOGO_4.png","contentUrl":"https:\/\/torello.com\/wp-content\/uploads\/2020\/02\/TORELLO_LOGO_4.png","width":278,"height":140,"caption":"Torell\u00f3 sparkling and ecologic wines"},"image":{"@id":"https:\/\/torello.com\/en\/#\/schema\/logo\/image\/"},"sameAs":["https:\/\/www.facebook.com\/TorelloViticultors\/","https:\/\/x.com\/TorelloViticult","https:\/\/www.instagram.com\/torelloviticultors\/","https:\/\/www.youtube.com\/user\/Torello57"]}]}},"_links":{"self":[{"href":"https:\/\/torello.com\/en\/wp-json\/wp\/v2\/pages\/17731","targetHints":{"allow":["GET"]}}],"collection":[{"href":"https:\/\/torello.com\/en\/wp-json\/wp\/v2\/pages"}],"about":[{"href":"https:\/\/torello.com\/en\/wp-json\/wp\/v2\/types\/page"}],"author":[{"embeddable":true,"href":"https:\/\/torello.com\/en\/wp-json\/wp\/v2\/users\/6"}],"replies":[{"embeddable":true,"href":"https:\/\/torello.com\/en\/wp-json\/wp\/v2\/comments?post=17731"}],"version-history":[{"count":0,"href":"https:\/\/torello.com\/en\/wp-json\/wp\/v2\/pages\/17731\/revisions"}],"wp:attachment":[{"href":"https:\/\/torello.com\/en\/wp-json\/wp\/v2\/media?parent=17731"}],"curies":[{"name":"wp","href":"https:\/\/api.w.org\/{rel}","templated":true}]}}