{"id":23114,"date":"2025-07-22T12:52:25","date_gmt":"2025-07-22T12:52:25","guid":{"rendered":"https:\/\/torello.com\/avis-legal-correu-electronic\/"},"modified":"2025-07-22T12:55:03","modified_gmt":"2025-07-22T12:55:03","slug":"legal-notice-email","status":"publish","type":"page","link":"https:\/\/torello.com\/en\/legal-notice-email\/","title":{"rendered":"Legal Notice email"},"content":{"rendered":"<div class=\"fusion-fullwidth fullwidth-box fusion-builder-row-1 nonhundred-percent-fullwidth non-hundred-percent-height-scrolling\" style=\"--awb-border-radius-top-left:0px;--awb-border-radius-top-right:0px;--awb-border-radius-bottom-right:0px;--awb-border-radius-bottom-left:0px;--awb-padding-top:100px;--awb-padding-bottom:100px;--awb-padding-left:0px;--awb-background-color:#937b4f;--awb-flex-wrap:wrap;\" ><div class=\"fusion-builder-row fusion-row\"><div class=\"fusion-layout-column fusion_builder_column fusion-builder-column-0 fusion_builder_column_1_1 1_1 fusion-one-full fusion-column-first fusion-column-last\" style=\"--awb-bg-size:cover;--awb-margin-bottom:0px;\"><div class=\"fusion-column-wrapper fusion-flex-column-wrapper-legacy\"><div class=\"fusion-text fusion-text-1\"><h1><span style=\"color: #ffffff;\">LEGAL NOTICE EMAIL<\/span><\/h1>\n<p><span style=\"color: #ffffff;\">This message and its attachments may contain confidential information, their communication, reproduction or distribution not being permitted. If you are not the final recipient, please let us know and delete the message. In accordance with current data protection regulations RGPD and LOPDGDD, we inform you that personal data will be processed under the responsibility of TORELL\u00d3 LLOPART, S.A. You can exercise the rights of access, rectification, portability, suppression, limitation and opposition, sending a message to torello@torello.es. If you consider that the treatment does not comply with the current regulations, you can file a complaint with the supervisory authority at agpd.es.<\/span><\/p>\n<\/div><div class=\"fusion-clearfix\"><\/div><\/div><\/div><\/div><\/div>\n","protected":false},"excerpt":{"rendered":"","protected":false},"author":6,"featured_media":0,"parent":0,"menu_order":0,"comment_status":"closed","ping_status":"closed","template":"100-width.php","meta":{"footnotes":""},"class_list":["post-23114","page","type-page","status-publish","hentry"],"yoast_head":"<!-- This site is optimized with the Yoast SEO plugin v26.7 - https:\/\/yoast.com\/wordpress\/plugins\/seo\/ -->\n<title>Legal Notice email | Torell\u00f3 Viticultors Grans escumosos i vins ecol\u00f2gics<\/title>\n<meta name=\"description\" content=\"Av\u00eds legal de conformitat amb la normativa vigent i aplicable en protecci\u00f3 de dades de car\u00e0cter personal per informar del seu tractament i els drets d&#039;usuari.\" \/>\n<meta name=\"robots\" content=\"index, follow, max-snippet:-1, max-image-preview:large, max-video-preview:-1\" \/>\n<link rel=\"canonical\" href=\"https:\/\/torello.com\/en\/legal-notice-email\/\" \/>\n<meta property=\"og:locale\" content=\"en_US\" \/>\n<meta property=\"og:type\" content=\"article\" \/>\n<meta property=\"og:title\" content=\"Legal Notice email | Torell\u00f3 Viticultors Grans escumosos i vins ecol\u00f2gics\" \/>\n<meta property=\"og:description\" content=\"Av\u00eds legal de conformitat amb la normativa vigent i aplicable en protecci\u00f3 de dades de car\u00e0cter personal per informar del seu tractament i els drets d&#039;usuari.\" \/>\n<meta property=\"og:url\" content=\"https:\/\/torello.com\/en\/legal-notice-email\/\" \/>\n<meta property=\"og:site_name\" content=\"Torell\u00f3 Viticultors Grans escumosos i vins ecol\u00f2gics\" \/>\n<meta property=\"article:publisher\" content=\"https:\/\/www.facebook.com\/TorelloViticultors\/\" \/>\n<meta property=\"article:modified_time\" content=\"2025-07-22T12:55:03+00:00\" \/>\n<meta name=\"twitter:card\" content=\"summary_large_image\" \/>\n<meta name=\"twitter:site\" content=\"@TorelloViticult\" \/>\n<meta name=\"twitter:label1\" content=\"Est. reading time\" \/>\n\t<meta name=\"twitter:data1\" content=\"1 minute\" \/>\n<script type=\"application\/ld+json\" class=\"yoast-schema-graph\">{\"@context\":\"https:\/\/schema.org\",\"@graph\":[{\"@type\":\"WebPage\",\"@id\":\"https:\/\/torello.com\/en\/legal-notice-email\/\",\"url\":\"https:\/\/torello.com\/en\/legal-notice-email\/\",\"name\":\"Legal Notice email | Torell\u00f3 Viticultors Grans escumosos i vins ecol\u00f2gics\",\"isPartOf\":{\"@id\":\"https:\/\/torello.com\/en\/#website\"},\"datePublished\":\"2025-07-22T12:52:25+00:00\",\"dateModified\":\"2025-07-22T12:55:03+00:00\",\"description\":\"Av\u00eds legal de conformitat amb la normativa vigent i aplicable en protecci\u00f3 de dades de car\u00e0cter personal per informar del seu tractament i els drets d'usuari.\",\"breadcrumb\":{\"@id\":\"https:\/\/torello.com\/en\/legal-notice-email\/#breadcrumb\"},\"inLanguage\":\"en-US\",\"potentialAction\":[{\"@type\":\"ReadAction\",\"target\":[\"https:\/\/torello.com\/en\/legal-notice-email\/\"]}]},{\"@type\":\"BreadcrumbList\",\"@id\":\"https:\/\/torello.com\/en\/legal-notice-email\/#breadcrumb\",\"itemListElement\":[{\"@type\":\"ListItem\",\"position\":1,\"name\":\"Inici\",\"item\":\"https:\/\/torello.com\/en\/\"},{\"@type\":\"ListItem\",\"position\":2,\"name\":\"Legal Notice email\"}]},{\"@type\":\"WebSite\",\"@id\":\"https:\/\/torello.com\/en\/#website\",\"url\":\"https:\/\/torello.com\/en\/\",\"name\":\"Torell\u00f3 Viticultors Grans escumosos i vins ecol\u00f2gics\",\"description\":\"Bodega familiar situada en el Pened\u00e9s, l\u00edder en la elaboraci\u00f3n de Cava y vinos, s\u00f3lo utiliza uva cultivada en su finca Can Mart\u00ed.\",\"publisher\":{\"@id\":\"https:\/\/torello.com\/en\/#organization\"},\"potentialAction\":[{\"@type\":\"SearchAction\",\"target\":{\"@type\":\"EntryPoint\",\"urlTemplate\":\"https:\/\/torello.com\/en\/?s={search_term_string}\"},\"query-input\":{\"@type\":\"PropertyValueSpecification\",\"valueRequired\":true,\"valueName\":\"search_term_string\"}}],\"inLanguage\":\"en-US\"},{\"@type\":\"Organization\",\"@id\":\"https:\/\/torello.com\/en\/#organization\",\"name\":\"Torell\u00f3 sparkling and ecologic wines\",\"url\":\"https:\/\/torello.com\/en\/\",\"logo\":{\"@type\":\"ImageObject\",\"inLanguage\":\"en-US\",\"@id\":\"https:\/\/torello.com\/en\/#\/schema\/logo\/image\/\",\"url\":\"https:\/\/torello.com\/wp-content\/uploads\/2020\/02\/TORELLO_LOGO_4.png\",\"contentUrl\":\"https:\/\/torello.com\/wp-content\/uploads\/2020\/02\/TORELLO_LOGO_4.png\",\"width\":278,\"height\":140,\"caption\":\"Torell\u00f3 sparkling and ecologic wines\"},\"image\":{\"@id\":\"https:\/\/torello.com\/en\/#\/schema\/logo\/image\/\"},\"sameAs\":[\"https:\/\/www.facebook.com\/TorelloViticultors\/\",\"https:\/\/x.com\/TorelloViticult\",\"https:\/\/www.instagram.com\/torelloviticultors\/\",\"https:\/\/www.youtube.com\/user\/Torello57\"]}]}<\/script>\n<!-- \/ Yoast SEO plugin. -->","yoast_head_json":{"title":"Legal Notice email | Torell\u00f3 Viticultors Grans escumosos i vins ecol\u00f2gics","description":"Av\u00eds legal de conformitat amb la normativa vigent i aplicable en protecci\u00f3 de dades de car\u00e0cter personal per informar del seu tractament i els drets d'usuari.","robots":{"index":"index","follow":"follow","max-snippet":"max-snippet:-1","max-image-preview":"max-image-preview:large","max-video-preview":"max-video-preview:-1"},"canonical":"https:\/\/torello.com\/en\/legal-notice-email\/","og_locale":"en_US","og_type":"article","og_title":"Legal Notice email | Torell\u00f3 Viticultors Grans escumosos i vins ecol\u00f2gics","og_description":"Av\u00eds legal de conformitat amb la normativa vigent i aplicable en protecci\u00f3 de dades de car\u00e0cter personal per informar del seu tractament i els drets d'usuari.","og_url":"https:\/\/torello.com\/en\/legal-notice-email\/","og_site_name":"Torell\u00f3 Viticultors Grans escumosos i vins ecol\u00f2gics","article_publisher":"https:\/\/www.facebook.com\/TorelloViticultors\/","article_modified_time":"2025-07-22T12:55:03+00:00","twitter_card":"summary_large_image","twitter_site":"@TorelloViticult","twitter_misc":{"Est. reading time":"1 minute"},"schema":{"@context":"https:\/\/schema.org","@graph":[{"@type":"WebPage","@id":"https:\/\/torello.com\/en\/legal-notice-email\/","url":"https:\/\/torello.com\/en\/legal-notice-email\/","name":"Legal Notice email | Torell\u00f3 Viticultors Grans escumosos i vins ecol\u00f2gics","isPartOf":{"@id":"https:\/\/torello.com\/en\/#website"},"datePublished":"2025-07-22T12:52:25+00:00","dateModified":"2025-07-22T12:55:03+00:00","description":"Av\u00eds legal de conformitat amb la normativa vigent i aplicable en protecci\u00f3 de dades de car\u00e0cter personal per informar del seu tractament i els drets d'usuari.","breadcrumb":{"@id":"https:\/\/torello.com\/en\/legal-notice-email\/#breadcrumb"},"inLanguage":"en-US","potentialAction":[{"@type":"ReadAction","target":["https:\/\/torello.com\/en\/legal-notice-email\/"]}]},{"@type":"BreadcrumbList","@id":"https:\/\/torello.com\/en\/legal-notice-email\/#breadcrumb","itemListElement":[{"@type":"ListItem","position":1,"name":"Inici","item":"https:\/\/torello.com\/en\/"},{"@type":"ListItem","position":2,"name":"Legal Notice email"}]},{"@type":"WebSite","@id":"https:\/\/torello.com\/en\/#website","url":"https:\/\/torello.com\/en\/","name":"Torell\u00f3 Viticultors Grans escumosos i vins ecol\u00f2gics","description":"Bodega familiar situada en el Pened\u00e9s, l\u00edder en la elaboraci\u00f3n de Cava y vinos, s\u00f3lo utiliza uva cultivada en su finca Can Mart\u00ed.","publisher":{"@id":"https:\/\/torello.com\/en\/#organization"},"potentialAction":[{"@type":"SearchAction","target":{"@type":"EntryPoint","urlTemplate":"https:\/\/torello.com\/en\/?s={search_term_string}"},"query-input":{"@type":"PropertyValueSpecification","valueRequired":true,"valueName":"search_term_string"}}],"inLanguage":"en-US"},{"@type":"Organization","@id":"https:\/\/torello.com\/en\/#organization","name":"Torell\u00f3 sparkling and ecologic wines","url":"https:\/\/torello.com\/en\/","logo":{"@type":"ImageObject","inLanguage":"en-US","@id":"https:\/\/torello.com\/en\/#\/schema\/logo\/image\/","url":"https:\/\/torello.com\/wp-content\/uploads\/2020\/02\/TORELLO_LOGO_4.png","contentUrl":"https:\/\/torello.com\/wp-content\/uploads\/2020\/02\/TORELLO_LOGO_4.png","width":278,"height":140,"caption":"Torell\u00f3 sparkling and ecologic wines"},"image":{"@id":"https:\/\/torello.com\/en\/#\/schema\/logo\/image\/"},"sameAs":["https:\/\/www.facebook.com\/TorelloViticultors\/","https:\/\/x.com\/TorelloViticult","https:\/\/www.instagram.com\/torelloviticultors\/","https:\/\/www.youtube.com\/user\/Torello57"]}]}},"_links":{"self":[{"href":"https:\/\/torello.com\/en\/wp-json\/wp\/v2\/pages\/23114","targetHints":{"allow":["GET"]}}],"collection":[{"href":"https:\/\/torello.com\/en\/wp-json\/wp\/v2\/pages"}],"about":[{"href":"https:\/\/torello.com\/en\/wp-json\/wp\/v2\/types\/page"}],"author":[{"embeddable":true,"href":"https:\/\/torello.com\/en\/wp-json\/wp\/v2\/users\/6"}],"replies":[{"embeddable":true,"href":"https:\/\/torello.com\/en\/wp-json\/wp\/v2\/comments?post=23114"}],"version-history":[{"count":1,"href":"https:\/\/torello.com\/en\/wp-json\/wp\/v2\/pages\/23114\/revisions"}],"predecessor-version":[{"id":23118,"href":"https:\/\/torello.com\/en\/wp-json\/wp\/v2\/pages\/23114\/revisions\/23118"}],"wp:attachment":[{"href":"https:\/\/torello.com\/en\/wp-json\/wp\/v2\/media?parent=23114"}],"curies":[{"name":"wp","href":"https:\/\/api.w.org\/{rel}","templated":true}]}}