{"id":3344,"date":"2020-06-08T15:38:56","date_gmt":"2020-06-08T15:38:56","guid":{"rendered":"http:\/\/torello.preproduccion.eu\/presentacions-especials\/"},"modified":"2025-10-20T15:19:36","modified_gmt":"2025-10-20T13:19:36","slug":"special-presentations-wines-and-sparklings","status":"publish","type":"page","link":"https:\/\/torello.com\/en\/special-presentations-wines-and-sparklings\/","title":{"rendered":"Special Presentations"},"content":{"rendered":"<p><div class=\"fusion-fullwidth fullwidth-box fusion-builder-row-1 fusion-parallax-none hundred-percent-fullwidth non-hundred-percent-height-scrolling\" style=\"--awb-border-radius-top-left:0px;--awb-border-radius-top-right:0px;--awb-border-radius-bottom-right:0px;--awb-border-radius-bottom-left:0px;--awb-padding-top:120px;--awb-padding-bottom:90px;--awb-margin-top:0px;--awb-background-color:#cbc8ce;--awb-background-image:url(&quot;https:\/\/torello.com\/wp-content\/uploads\/2020\/09\/presentacions-especials-1024x267.jpg&quot;);--awb-background-size:cover;--awb-flex-wrap:wrap;\" ><div class=\"fusion-builder-row fusion-row\"><div class=\"fusion-layout-column fusion_builder_column fusion-builder-column-0 fusion_builder_column_1_1 1_1 fusion-one-full fusion-column-first fusion-column-last\" style=\"--awb-bg-size:cover;--awb-margin-top:20px;\"><div class=\"fusion-column-wrapper fusion-column-has-shadow fusion-flex-column-wrapper-legacy\"><div class=\"fusion-column-content-centered\"><div class=\"fusion-column-content\"><div class=\"fusion-sep-clear\"><\/div><div class=\"fusion-separator fusion-full-width-sep\" style=\"margin-left: auto;margin-right: auto;margin-bottom:50px;width:100%;\"><div class=\"fusion-separator-border sep-single\" style=\"--awb-height:20px;--awb-amount:20px;border-color:#e0dede;border-top-width:0px;\"><\/div><\/div><div class=\"fusion-sep-clear\"><\/div><div class=\"fusion-title title fusion-title-1 fusion-sep-none fusion-title-text fusion-title-size-one\"><h1 class=\"fusion-title-heading title-heading-left fusion-responsive-typography-calculated\" style=\"margin:0;--fontSize:44;line-height:1.1;\"><h1 style=\"text-align: center;\"><span style=\"color: #ffffff;\">Special Presentations wines and sparklings<\/span><\/h1><\/h1><\/div><div class=\"fusion-title title fusion-title-2 fusion-sep-none fusion-title-text fusion-title-size-two\"><h2 class=\"fusion-title-heading title-heading-left fusion-responsive-typography-calculated\" style=\"margin:0;--fontSize:24;line-height:1.6;\"><h2 style=\"text-align: center;\"><span style=\"color: #ffffff;\">Torell\u00f3 wines and sparkling wines available with different cases and boxes decorated for special occasions. Individual formats, duets, trios, magnums or with cup games<\/span><\/h2><\/h2><\/div><\/div><\/div><div class=\"fusion-clearfix\"><\/div><\/div><\/div><\/div><\/div><div class=\"fusion-fullwidth fullwidth-box fusion-builder-row-2 hundred-percent-fullwidth non-hundred-percent-height-scrolling\" style=\"--awb-border-radius-top-left:0px;--awb-border-radius-top-right:0px;--awb-border-radius-bottom-right:0px;--awb-border-radius-bottom-left:0px;--awb-padding-right:10%;--awb-padding-bottom:50px;--awb-padding-left:2%;--awb-background-color:#cbc8ce;--awb-flex-wrap:wrap;\" ><div class=\"fusion-builder-row fusion-row\"><div class=\"fusion-layout-column fusion_builder_column fusion-builder-column-1 fusion_builder_column_1_2 1_2 fusion-one-half fusion-column-first\" style=\"--awb-bg-image:url(&#039;https:\/\/torello.com\/wp-content\/uploads\/2020\/06\/presespecials.jpg&#039;);--awb-bg-size:cover;--awb-filter:saturate(99%);--awb-filter-transition:filter 0.3s ease;--awb-filter-hover:saturate(50%);width:50%;width:calc(50% - ( ( 1% ) * 0.5 ) );margin-right: 1%;\"><div class=\"fusion-column-wrapper fusion-column-has-shadow fusion-flex-column-wrapper-legacy fusion-column-has-bg-image\" data-bg-url=\"https:\/\/torello.com\/wp-content\/uploads\/2020\/06\/presespecials.jpg\"><div class=\"fusion-column-content-centered\"><div class=\"fusion-column-content\"><div class=\"fusion-image-element in-legacy-container\" style=\"--awb-caption-title-font-family:var(--h2_typography-font-family);--awb-caption-title-font-weight:var(--h2_typography-font-weight);--awb-caption-title-font-style:var(--h2_typography-font-style);--awb-caption-title-size:var(--h2_typography-font-size);--awb-caption-title-transform:var(--h2_typography-text-transform);--awb-caption-title-line-height:var(--h2_typography-line-height);--awb-caption-title-letter-spacing:var(--h2_typography-letter-spacing);\"><span class=\" fusion-imageframe imageframe-none imageframe-1 hover-type-none\"><img decoding=\"async\" width=\"1024\" height=\"804\" alt=\"Special Presentations Catalog Torell\u00f3\" title=\"special-presentations-catalog\" src=\"https:\/\/torello.com\/wp-content\/uploads\/2020\/06\/presespecials-1-1024x804.jpg\" class=\"img-responsive wp-image-2458\" srcset=\"https:\/\/torello.com\/wp-content\/uploads\/2020\/06\/presespecials-1-200x157.jpg 200w, https:\/\/torello.com\/wp-content\/uploads\/2020\/06\/presespecials-1-400x314.jpg 400w, https:\/\/torello.com\/wp-content\/uploads\/2020\/06\/presespecials-1-600x471.jpg 600w, https:\/\/torello.com\/wp-content\/uploads\/2020\/06\/presespecials-1-800x628.jpg 800w, https:\/\/torello.com\/wp-content\/uploads\/2020\/06\/presespecials-1-1200x942.jpg 1200w, https:\/\/torello.com\/wp-content\/uploads\/2020\/06\/presespecials-1.jpg 1319w\" sizes=\"(max-width: 1024px) 100vw, 800px\" \/><\/span><\/div><\/div><\/div><div class=\"fusion-clearfix\"><\/div><\/div><\/div><div class=\"fusion-layout-column fusion_builder_column fusion-builder-column-2 fusion_builder_column_1_2 1_2 fusion-one-half fusion-column-last\" style=\"--awb-bg-size:cover;--awb-filter:saturate(99%);--awb-filter-transition:filter 0.3s ease;--awb-filter-hover:saturate(50%);width:50%;width:calc(50% - ( ( 1% ) * 0.5 ) );\"><div class=\"fusion-column-wrapper fusion-column-has-shadow fusion-flex-column-wrapper-legacy\"><div class=\"fusion-column-content-centered\"><div class=\"fusion-column-content\"><div class=\"fusion-sep-clear\"><\/div><div class=\"fusion-separator fusion-full-width-sep\" style=\"margin-left: auto;margin-right: auto;margin-bottom:100px;width:100%;\"><div class=\"fusion-separator-border sep-single\" style=\"--awb-height:20px;--awb-amount:20px;border-color:#e0dede;border-top-width:0px;\"><\/div><\/div><div class=\"fusion-sep-clear\"><\/div><div class=\"fusion-text fusion-text-1\"><h5 style=\"text-align: left;\">Our still and sparkling wines are available in special packaging and boxes decorated for special occasions.<\/h5>\n<h5 style=\"text-align: left;\">The different formats include single bottles, pairs, triples, magnums or with sets of glasses, among others. We also offer special presentations made up with an assortment of <em>gourmet <\/em>chocolates (Oriol Balaguer), providing elegant and sophisticated selections.<\/h5>\n<h5 style=\"text-align: left;\">The possibility of combining different still and sparkling wines is also available.<\/h5>\n<\/div><div class=\"fusion-alignleft\"><a class=\"fusion-button button-flat button-small button-custom fusion-button-default button-1 fusion-button-default-span \" style=\"--button_accent_color:#937b4f;--button_border_color:#937b4f;--button_accent_hover_color:#937b4f;--button_border_hover_color:#ffffff;--button_border_width-top:1px;--button_border_width-right:1px;--button_border_width-bottom:1px;--button_border_width-left:1px;--button-border-radius-top-left:3px;--button-border-radius-top-right:3px;--button-border-radius-bottom-right:3px;--button-border-radius-bottom-left:3px;--button_gradient_top_color:#ffffff;--button_gradient_bottom_color:#ffffff;--button_gradient_top_color_hover:#494949;--button_gradient_bottom_color_hover:#494949;\" target=\"_blank\" rel=\"noopener noreferrer\" href=\"https:\/\/torello.com\/wp-content\/uploads\/2025\/10\/Presentaciones-especiales-2025-br.pdf\"><span class=\"fusion-button-text awb-button__text awb-button__text--default\">SEE BROCHURE<\/span><\/a><\/div><\/div><\/div><div class=\"fusion-clearfix\"><\/div><\/div><\/div><\/div><\/div><\/p>\n","protected":false},"excerpt":{"rendered":"","protected":false},"author":4,"featured_media":0,"parent":0,"menu_order":0,"comment_status":"closed","ping_status":"open","template":"100-width.php","meta":{"footnotes":""},"class_list":["post-3344","page","type-page","status-publish","hentry"],"yoast_head":"<!-- This site is optimized with the Yoast SEO plugin v26.7 - https:\/\/yoast.com\/wordpress\/plugins\/seo\/ -->\n<title>Special Presentations<\/title>\n<meta name=\"description\" content=\"Special Presentations including Torell\u00f3 wines and sparkling wines available with different cases and boxes decorated.\" \/>\n<meta name=\"robots\" content=\"index, follow, max-snippet:-1, max-image-preview:large, max-video-preview:-1\" \/>\n<link rel=\"canonical\" href=\"https:\/\/torello.com\/en\/special-presentations-wines-and-sparklings\/\" \/>\n<meta property=\"og:locale\" content=\"en_US\" \/>\n<meta property=\"og:type\" content=\"article\" \/>\n<meta property=\"og:title\" content=\"Special Presentations\" \/>\n<meta property=\"og:description\" content=\"Special Presentations including Torell\u00f3 wines and sparkling wines available with different cases and boxes decorated.\" \/>\n<meta property=\"og:url\" content=\"https:\/\/torello.com\/en\/special-presentations-wines-and-sparklings\/\" \/>\n<meta property=\"og:site_name\" content=\"Torell\u00f3 Viticultors Grans escumosos i vins ecol\u00f2gics\" \/>\n<meta property=\"article:publisher\" content=\"https:\/\/www.facebook.com\/TorelloViticultors\/\" \/>\n<meta property=\"article:modified_time\" content=\"2025-10-20T13:19:36+00:00\" \/>\n<meta name=\"twitter:card\" content=\"summary_large_image\" \/>\n<meta name=\"twitter:site\" content=\"@TorelloViticult\" \/>\n<meta name=\"twitter:label1\" content=\"Est. reading time\" \/>\n\t<meta name=\"twitter:data1\" content=\"1 minute\" \/>\n<script type=\"application\/ld+json\" class=\"yoast-schema-graph\">{\"@context\":\"https:\/\/schema.org\",\"@graph\":[{\"@type\":\"WebPage\",\"@id\":\"https:\/\/torello.com\/en\/special-presentations-wines-and-sparklings\/\",\"url\":\"https:\/\/torello.com\/en\/special-presentations-wines-and-sparklings\/\",\"name\":\"Special Presentations\",\"isPartOf\":{\"@id\":\"https:\/\/torello.com\/en\/#website\"},\"datePublished\":\"2020-06-08T15:38:56+00:00\",\"dateModified\":\"2025-10-20T13:19:36+00:00\",\"description\":\"Special Presentations including Torell\u00f3 wines and sparkling wines available with different cases and boxes decorated.\",\"breadcrumb\":{\"@id\":\"https:\/\/torello.com\/en\/special-presentations-wines-and-sparklings\/#breadcrumb\"},\"inLanguage\":\"en-US\",\"potentialAction\":[{\"@type\":\"ReadAction\",\"target\":[\"https:\/\/torello.com\/en\/special-presentations-wines-and-sparklings\/\"]}]},{\"@type\":\"BreadcrumbList\",\"@id\":\"https:\/\/torello.com\/en\/special-presentations-wines-and-sparklings\/#breadcrumb\",\"itemListElement\":[{\"@type\":\"ListItem\",\"position\":1,\"name\":\"Inici\",\"item\":\"https:\/\/torello.com\/en\/\"},{\"@type\":\"ListItem\",\"position\":2,\"name\":\"Special Presentations\"}]},{\"@type\":\"WebSite\",\"@id\":\"https:\/\/torello.com\/en\/#website\",\"url\":\"https:\/\/torello.com\/en\/\",\"name\":\"Torell\u00f3 Viticultors Grans escumosos i vins ecol\u00f2gics\",\"description\":\"Bodega familiar situada en el Pened\u00e9s, l\u00edder en la elaboraci\u00f3n de Cava y vinos, s\u00f3lo utiliza uva cultivada en su finca Can Mart\u00ed.\",\"publisher\":{\"@id\":\"https:\/\/torello.com\/en\/#organization\"},\"potentialAction\":[{\"@type\":\"SearchAction\",\"target\":{\"@type\":\"EntryPoint\",\"urlTemplate\":\"https:\/\/torello.com\/en\/?s={search_term_string}\"},\"query-input\":{\"@type\":\"PropertyValueSpecification\",\"valueRequired\":true,\"valueName\":\"search_term_string\"}}],\"inLanguage\":\"en-US\"},{\"@type\":\"Organization\",\"@id\":\"https:\/\/torello.com\/en\/#organization\",\"name\":\"Torell\u00f3 sparkling and ecologic wines\",\"url\":\"https:\/\/torello.com\/en\/\",\"logo\":{\"@type\":\"ImageObject\",\"inLanguage\":\"en-US\",\"@id\":\"https:\/\/torello.com\/en\/#\/schema\/logo\/image\/\",\"url\":\"https:\/\/torello.com\/wp-content\/uploads\/2020\/02\/TORELLO_LOGO_4.png\",\"contentUrl\":\"https:\/\/torello.com\/wp-content\/uploads\/2020\/02\/TORELLO_LOGO_4.png\",\"width\":278,\"height\":140,\"caption\":\"Torell\u00f3 sparkling and ecologic wines\"},\"image\":{\"@id\":\"https:\/\/torello.com\/en\/#\/schema\/logo\/image\/\"},\"sameAs\":[\"https:\/\/www.facebook.com\/TorelloViticultors\/\",\"https:\/\/x.com\/TorelloViticult\",\"https:\/\/www.instagram.com\/torelloviticultors\/\",\"https:\/\/www.youtube.com\/user\/Torello57\"]}]}<\/script>\n<!-- \/ Yoast SEO plugin. -->","yoast_head_json":{"title":"Special Presentations","description":"Special Presentations including Torell\u00f3 wines and sparkling wines available with different cases and boxes decorated.","robots":{"index":"index","follow":"follow","max-snippet":"max-snippet:-1","max-image-preview":"max-image-preview:large","max-video-preview":"max-video-preview:-1"},"canonical":"https:\/\/torello.com\/en\/special-presentations-wines-and-sparklings\/","og_locale":"en_US","og_type":"article","og_title":"Special Presentations","og_description":"Special Presentations including Torell\u00f3 wines and sparkling wines available with different cases and boxes decorated.","og_url":"https:\/\/torello.com\/en\/special-presentations-wines-and-sparklings\/","og_site_name":"Torell\u00f3 Viticultors Grans escumosos i vins ecol\u00f2gics","article_publisher":"https:\/\/www.facebook.com\/TorelloViticultors\/","article_modified_time":"2025-10-20T13:19:36+00:00","twitter_card":"summary_large_image","twitter_site":"@TorelloViticult","twitter_misc":{"Est. reading time":"1 minute"},"schema":{"@context":"https:\/\/schema.org","@graph":[{"@type":"WebPage","@id":"https:\/\/torello.com\/en\/special-presentations-wines-and-sparklings\/","url":"https:\/\/torello.com\/en\/special-presentations-wines-and-sparklings\/","name":"Special Presentations","isPartOf":{"@id":"https:\/\/torello.com\/en\/#website"},"datePublished":"2020-06-08T15:38:56+00:00","dateModified":"2025-10-20T13:19:36+00:00","description":"Special Presentations including Torell\u00f3 wines and sparkling wines available with different cases and boxes decorated.","breadcrumb":{"@id":"https:\/\/torello.com\/en\/special-presentations-wines-and-sparklings\/#breadcrumb"},"inLanguage":"en-US","potentialAction":[{"@type":"ReadAction","target":["https:\/\/torello.com\/en\/special-presentations-wines-and-sparklings\/"]}]},{"@type":"BreadcrumbList","@id":"https:\/\/torello.com\/en\/special-presentations-wines-and-sparklings\/#breadcrumb","itemListElement":[{"@type":"ListItem","position":1,"name":"Inici","item":"https:\/\/torello.com\/en\/"},{"@type":"ListItem","position":2,"name":"Special Presentations"}]},{"@type":"WebSite","@id":"https:\/\/torello.com\/en\/#website","url":"https:\/\/torello.com\/en\/","name":"Torell\u00f3 Viticultors Grans escumosos i vins ecol\u00f2gics","description":"Bodega familiar situada en el Pened\u00e9s, l\u00edder en la elaboraci\u00f3n de Cava y vinos, s\u00f3lo utiliza uva cultivada en su finca Can Mart\u00ed.","publisher":{"@id":"https:\/\/torello.com\/en\/#organization"},"potentialAction":[{"@type":"SearchAction","target":{"@type":"EntryPoint","urlTemplate":"https:\/\/torello.com\/en\/?s={search_term_string}"},"query-input":{"@type":"PropertyValueSpecification","valueRequired":true,"valueName":"search_term_string"}}],"inLanguage":"en-US"},{"@type":"Organization","@id":"https:\/\/torello.com\/en\/#organization","name":"Torell\u00f3 sparkling and ecologic wines","url":"https:\/\/torello.com\/en\/","logo":{"@type":"ImageObject","inLanguage":"en-US","@id":"https:\/\/torello.com\/en\/#\/schema\/logo\/image\/","url":"https:\/\/torello.com\/wp-content\/uploads\/2020\/02\/TORELLO_LOGO_4.png","contentUrl":"https:\/\/torello.com\/wp-content\/uploads\/2020\/02\/TORELLO_LOGO_4.png","width":278,"height":140,"caption":"Torell\u00f3 sparkling and ecologic wines"},"image":{"@id":"https:\/\/torello.com\/en\/#\/schema\/logo\/image\/"},"sameAs":["https:\/\/www.facebook.com\/TorelloViticultors\/","https:\/\/x.com\/TorelloViticult","https:\/\/www.instagram.com\/torelloviticultors\/","https:\/\/www.youtube.com\/user\/Torello57"]}]}},"_links":{"self":[{"href":"https:\/\/torello.com\/en\/wp-json\/wp\/v2\/pages\/3344","targetHints":{"allow":["GET"]}}],"collection":[{"href":"https:\/\/torello.com\/en\/wp-json\/wp\/v2\/pages"}],"about":[{"href":"https:\/\/torello.com\/en\/wp-json\/wp\/v2\/types\/page"}],"author":[{"embeddable":true,"href":"https:\/\/torello.com\/en\/wp-json\/wp\/v2\/users\/4"}],"replies":[{"embeddable":true,"href":"https:\/\/torello.com\/en\/wp-json\/wp\/v2\/comments?post=3344"}],"version-history":[{"count":1,"href":"https:\/\/torello.com\/en\/wp-json\/wp\/v2\/pages\/3344\/revisions"}],"predecessor-version":[{"id":23937,"href":"https:\/\/torello.com\/en\/wp-json\/wp\/v2\/pages\/3344\/revisions\/23937"}],"wp:attachment":[{"href":"https:\/\/torello.com\/en\/wp-json\/wp\/v2\/media?parent=3344"}],"curies":[{"name":"wp","href":"https:\/\/api.w.org\/{rel}","templated":true}]}}