{"id":5107,"date":"2020-12-10T21:21:06","date_gmt":"2020-12-10T21:21:06","guid":{"rendered":"http:\/\/torello.nextmedia.net\/?page_id=5107"},"modified":"2021-01-25T10:14:02","modified_gmt":"2021-01-25T10:14:02","slug":"meditation-among-vineyards","status":"publish","type":"page","link":"https:\/\/torello.com\/en\/meditation-among-vineyards\/","title":{"rendered":"Meditation among vineyards"},"content":{"rendered":"<p><div class=\"fusion-fullwidth fullwidth-box fusion-builder-row-1 fusion-parallax-none hundred-percent-fullwidth non-hundred-percent-height-scrolling\" style=\"--awb-border-radius-top-left:0px;--awb-border-radius-top-right:0px;--awb-border-radius-bottom-right:0px;--awb-border-radius-bottom-left:0px;--awb-padding-top:44px;--awb-padding-bottom:79px;--awb-background-image:url(&quot;https:\/\/torello.com\/wp-content\/uploads\/2020\/06\/img_background.jpg&quot;);--awb-background-size:cover;--awb-flex-wrap:wrap;\" ><div class=\"fusion-builder-row fusion-row\"><div class=\"fusion-layout-column fusion_builder_column fusion-builder-column-0 fusion_builder_column_1_1 1_1 fusion-one-full fusion-column-first fusion-column-last\" style=\"--awb-padding-top:60px;--awb-bg-size:cover;\"><div class=\"fusion-column-wrapper fusion-column-has-shadow fusion-flex-column-wrapper-legacy\"><div class=\"fusion-column-content-centered\"><div class=\"fusion-column-content\"><div class=\"fusion-sep-clear\"><\/div><div class=\"fusion-separator fusion-full-width-sep\" style=\"margin-left: auto;margin-right: auto;margin-bottom:10px;width:100%;\"><div class=\"fusion-separator-border sep-single\" style=\"--awb-height:20px;--awb-amount:20px;border-color:#e0dede;border-top-width:0px;\"><\/div><\/div><div class=\"fusion-sep-clear\"><\/div><div class=\"fusion-text fusion-text-1\"><h1 style=\"text-align: center;\"><span style=\"color: #ffffff;\">Meditation among vineyards in Torell\u00f3 Viticultors<\/span><\/h1>\n<h2 style=\"text-align: center;\"><span style=\"color: #ffffff;\">Meditation and mindfulness among vineyards. Visit and tasting of Torell\u00f3 wines and sparkling wines at the Can Mart\u00ed Estate. Unique experience in an exceptional environment.<\/span><\/h2>\n<\/div><\/div><\/div><div class=\"fusion-clearfix\"><\/div><\/div><\/div><\/div><\/div><div class=\"fusion-fullwidth fullwidth-box fusion-builder-row-2 hundred-percent-fullwidth non-hundred-percent-height-scrolling\" style=\"--awb-border-radius-top-left:0px;--awb-border-radius-top-right:0px;--awb-border-radius-bottom-right:0px;--awb-border-radius-bottom-left:0px;--awb-padding-top:40px;--awb-padding-right:7%;--awb-padding-bottom:20px;--awb-padding-left:7%;--awb-flex-wrap:wrap;\" ><div class=\"fusion-builder-row fusion-row\"><div class=\"fusion-layout-column fusion_builder_column fusion-builder-column-1 fusion_builder_column_1_1 1_1 fusion-one-full fusion-column-first fusion-column-last\" style=\"--awb-padding-right:10%;--awb-padding-left:10%;--awb-bg-size:cover;\"><div class=\"fusion-column-wrapper fusion-column-has-shadow fusion-flex-column-wrapper-legacy\"><div class=\"fusion-text fusion-text-2\"><h2 style=\"text-align: center;\"><span style=\"color: #333333;\">&#8220;Educating our attention allows us to free ourselves from mental noise and connect with the present moment&#8221;<\/span><\/h2>\n<\/div><div class=\"fusion-sep-clear\"><\/div><div class=\"fusion-separator fusion-full-width-sep\" style=\"margin-left: auto;margin-right: auto;margin-top:20PX;width:100%;\"><div class=\"fusion-separator-border sep-single\" style=\"--awb-height:20px;--awb-amount:20px;border-color:#e0dede;border-top-width:0px;\"><\/div><\/div><div class=\"fusion-sep-clear\"><\/div><div class=\"fusion-clearfix\"><\/div><\/div><\/div><div class=\"fusion-layout-column fusion_builder_column fusion-builder-column-2 fusion_builder_column_1_2 1_2 fusion-one-half fusion-column-first\" style=\"--awb-padding-right:20px;--awb-bg-size:cover;width:50%;width:calc(50% - ( ( 4% ) * 0.5 ) );margin-right: 4%;\"><div class=\"fusion-column-wrapper fusion-column-has-shadow fusion-flex-column-wrapper-legacy\"><div class=\"fusion-text fusion-text-3\"><h2 style=\"text-align: left;\">Goals<\/h2>\n<\/div><div class=\"fusion-text fusion-text-4\"><ul>\n<li>Conocer las causas principales que nos causan estr\u00e9s, ansiedad y ruido mental.<\/li>\n<li>Conocer y ejecutar pr\u00e1cticas basadas en conciencia plena para educar la atenci\u00f3n.<\/li>\n<li>Serenar los pensamientos y acceder a la tranquilidad y el bienestar mental interior, mediante diferentes entrenamientos y enfoques.<\/li>\n<\/ul>\n<\/div><div class=\"fusion-text fusion-text-5\"><h5 style=\"text-align: left;\"><span style=\"color: #333333;\">Precio de la jornada: 25 euros \/ persona<\/span><\/h5>\n<\/div><div class=\"fusion-alignleft\"><a class=\"fusion-button button-flat button-small button-custom fusion-button-default button-1 fusion-button-default-span fusion-button-default-type\" style=\"--button_accent_color:#000000;--button_accent_hover_color:#ffffff;--button_border_hover_color:#ffffff;--button_gradient_top_color:#937b4f;--button_gradient_bottom_color:#937b4f;--button_gradient_top_color_hover:#705938;--button_gradient_bottom_color_hover:#705938;\" target=\"_blank\" rel=\"noopener noreferrer\" href=\"mailto: maria@torello.es\"><span class=\"fusion-button-text awb-button__text awb-button__text--default\">BOOK NOW<\/span><\/a><\/div><div class=\"fusion-clearfix\"><\/div><\/div><\/div><div class=\"fusion-layout-column fusion_builder_column fusion-builder-column-3 fusion_builder_column_1_2 1_2 fusion-one-half fusion-column-last\" style=\"--awb-padding-right:20px;--awb-bg-size:cover;width:50%;width:calc(50% - ( ( 4% ) * 0.5 ) );\"><div class=\"fusion-column-wrapper fusion-column-has-shadow fusion-flex-column-wrapper-legacy\"><div class=\"fusion-text fusion-text-6\"><h2 style=\"text-align: left;\">Program<\/h2>\n<\/div><div class=\"fusion-text fusion-text-7\"><ul>\n<li><strong>9: 00-9: 30<\/strong> Arrival at Torell\u00f3. Presentation of the session. Short introductory meditation.<\/li>\n<li><strong>9: 30-10: 30h<\/strong> Explanation of the factors that generate stress and anxiety.<\/li>\n<li><strong>10: 30-10: 45h<\/strong> Break for rest and breakfast.<\/li>\n<li><strong>10: 50-11: 30h<\/strong> Proposals to connect with the present and re-educate our attention.<\/li>\n<li><strong>11:30 &#8211; 12: 00h<\/strong> Sitting meditation.<\/li>\n<li><strong>12:00 &#8211; 12: 30h.<\/strong> Exploring the different sensations, perceptions and difficulties of the meditative exercise.<\/li>\n<li><strong>12:30 &#8211; 13: 00h<\/strong> Group: questions and reflections.<\/li>\n<li><strong>13:00 &#8211; 13: 30h<\/strong> Visit and tasting of Torell\u00f3 wines.<\/li>\n<\/ul>\n<\/div><div class=\"fusion-clearfix\"><\/div><\/div><\/div><\/div><\/div><div class=\"fusion-fullwidth fullwidth-box fusion-builder-row-3 hundred-percent-fullwidth non-hundred-percent-height-scrolling\" style=\"--awb-border-radius-top-left:0px;--awb-border-radius-top-right:0px;--awb-border-radius-bottom-right:0px;--awb-border-radius-bottom-left:0px;--awb-padding-top:3%;--awb-padding-right:5%;--awb-padding-bottom:7%;--awb-padding-left:5%;--awb-flex-wrap:wrap;\" ><div class=\"fusion-builder-row fusion-row\"><div class=\"fusion-layout-column fusion_builder_column fusion-builder-column-4 fusion_builder_column_1_5 1_5 fusion-one-fifth fusion-column-first fusion-animated\" style=\"--awb-padding-right:0%;--awb-padding-left:0%;--awb-bg-size:cover;--awb-filter:saturate(100%);--awb-filter-transition:filter 0.3s ease;--awb-filter-hover:saturate(10%);\" data-animationType=\"fadeInLeft\" data-animationDuration=\"0.8\" data-animationOffset=\"top-into-view\"><div class=\"fusion-column-wrapper fusion-column-has-shadow fusion-flex-column-wrapper-legacy\"><div class=\"fusion-image-element in-legacy-container\" style=\"--awb-caption-title-font-family:var(--h2_typography-font-family);--awb-caption-title-font-weight:var(--h2_typography-font-weight);--awb-caption-title-font-style:var(--h2_typography-font-style);--awb-caption-title-size:var(--h2_typography-font-size);--awb-caption-title-transform:var(--h2_typography-text-transform);--awb-caption-title-line-height:var(--h2_typography-line-height);--awb-caption-title-letter-spacing:var(--h2_typography-letter-spacing);\"><span class=\" fusion-imageframe imageframe-none imageframe-1 hover-type-none\"><img decoding=\"async\" width=\"300\" height=\"173\" alt=\"Grup de persones meditant\" title=\"meditacio_1\" src=\"https:\/\/torello.com\/wp-content\/uploads\/2020\/09\/meditacio_1-300x173.jpg\" class=\"img-responsive wp-image-3765\" srcset=\"https:\/\/torello.com\/wp-content\/uploads\/2020\/09\/meditacio_1-200x115.jpg 200w, https:\/\/torello.com\/wp-content\/uploads\/2020\/09\/meditacio_1-400x231.jpg 400w, https:\/\/torello.com\/wp-content\/uploads\/2020\/09\/meditacio_1.jpg 600w\" sizes=\"(max-width: 1024px) 100vw, 400px\" \/><\/span><\/div><div class=\"fusion-clearfix\"><\/div><\/div><\/div><div class=\"fusion-layout-column fusion_builder_column fusion-builder-column-5 fusion_builder_column_1_5 1_5 fusion-one-fifth fusion-animated\" style=\"--awb-padding-right:0%;--awb-padding-left:0%;--awb-bg-size:cover;--awb-filter:saturate(100%);--awb-filter-transition:filter 0.3s ease;--awb-filter-hover:saturate(10%);\" data-animationType=\"fadeInLeft\" data-animationDuration=\"0.8\" data-animationOffset=\"top-into-view\"><div class=\"fusion-column-wrapper fusion-column-has-shadow fusion-flex-column-wrapper-legacy\"><div class=\"fusion-image-element in-legacy-container\" style=\"--awb-caption-title-font-family:var(--h2_typography-font-family);--awb-caption-title-font-weight:var(--h2_typography-font-weight);--awb-caption-title-font-style:var(--h2_typography-font-style);--awb-caption-title-size:var(--h2_typography-font-size);--awb-caption-title-transform:var(--h2_typography-text-transform);--awb-caption-title-line-height:var(--h2_typography-line-height);--awb-caption-title-letter-spacing:var(--h2_typography-letter-spacing);\"><span class=\" fusion-imageframe imageframe-none imageframe-2 hover-type-none\"><img decoding=\"async\" width=\"300\" height=\"173\" alt=\"Grup de persones fent exercici de meditaci\u00f3\" title=\"meditacio_3\" src=\"https:\/\/torello.com\/wp-content\/uploads\/2020\/09\/meditacio_3-300x173.jpg\" class=\"img-responsive wp-image-3771\" srcset=\"https:\/\/torello.com\/wp-content\/uploads\/2020\/09\/meditacio_3-200x115.jpg 200w, https:\/\/torello.com\/wp-content\/uploads\/2020\/09\/meditacio_3-400x231.jpg 400w, https:\/\/torello.com\/wp-content\/uploads\/2020\/09\/meditacio_3.jpg 600w\" sizes=\"(max-width: 1024px) 100vw, 400px\" \/><\/span><\/div><div class=\"fusion-clearfix\"><\/div><\/div><\/div><div class=\"fusion-layout-column fusion_builder_column fusion-builder-column-6 fusion_builder_column_1_5 1_5 fusion-one-fifth fusion-animated\" style=\"--awb-padding-right:0%;--awb-padding-left:0%;--awb-bg-size:cover;--awb-filter:saturate(100%);--awb-filter-transition:filter 0.3s ease;--awb-filter-hover:saturate(10%);\" data-animationType=\"fadeInLeft\" data-animationDuration=\"0.8\" data-animationOffset=\"top-into-view\"><div class=\"fusion-column-wrapper fusion-column-has-shadow fusion-flex-column-wrapper-legacy\"><div class=\"fusion-image-element in-legacy-container\" style=\"--awb-caption-title-font-family:var(--h2_typography-font-family);--awb-caption-title-font-weight:var(--h2_typography-font-weight);--awb-caption-title-font-style:var(--h2_typography-font-style);--awb-caption-title-size:var(--h2_typography-font-size);--awb-caption-title-transform:var(--h2_typography-text-transform);--awb-caption-title-line-height:var(--h2_typography-line-height);--awb-caption-title-letter-spacing:var(--h2_typography-letter-spacing);\"><span class=\" fusion-imageframe imageframe-none imageframe-3 hover-type-none\"><img decoding=\"async\" width=\"300\" height=\"173\" alt=\"Imatge terreny de la Finca Can Mart\u00ed\" title=\"meditacio_4\" src=\"https:\/\/torello.com\/wp-content\/uploads\/2020\/09\/meditacio_4-300x173.jpg\" class=\"img-responsive wp-image-3774\" srcset=\"https:\/\/torello.com\/wp-content\/uploads\/2020\/09\/meditacio_4-200x115.jpg 200w, https:\/\/torello.com\/wp-content\/uploads\/2020\/09\/meditacio_4-400x231.jpg 400w, https:\/\/torello.com\/wp-content\/uploads\/2020\/09\/meditacio_4.jpg 600w\" sizes=\"(max-width: 1024px) 100vw, 400px\" \/><\/span><\/div><div class=\"fusion-clearfix\"><\/div><\/div><\/div><div class=\"fusion-layout-column fusion_builder_column fusion-builder-column-7 fusion_builder_column_1_5 1_5 fusion-one-fifth fusion-animated\" style=\"--awb-padding-right:0%;--awb-padding-left:0%;--awb-bg-size:cover;--awb-filter:saturate(100%);--awb-filter-transition:filter 0.3s ease;--awb-filter-hover:saturate(10%);\" data-animationType=\"fadeInLeft\" data-animationDuration=\"0.8\" data-animationOffset=\"top-into-view\"><div class=\"fusion-column-wrapper fusion-column-has-shadow fusion-flex-column-wrapper-legacy\"><div class=\"fusion-image-element in-legacy-container\" style=\"--awb-caption-title-font-family:var(--h2_typography-font-family);--awb-caption-title-font-weight:var(--h2_typography-font-weight);--awb-caption-title-font-style:var(--h2_typography-font-style);--awb-caption-title-size:var(--h2_typography-font-size);--awb-caption-title-transform:var(--h2_typography-text-transform);--awb-caption-title-line-height:var(--h2_typography-line-height);--awb-caption-title-letter-spacing:var(--h2_typography-letter-spacing);\"><span class=\" fusion-imageframe imageframe-none imageframe-4 hover-type-none\"><img decoding=\"async\" width=\"300\" height=\"173\" alt=\"Imatge de la Finca Can Mart\u00ed\" title=\"meditacio_5\" src=\"https:\/\/torello.com\/wp-content\/uploads\/2020\/09\/meditacio_5-300x173.jpg\" class=\"img-responsive wp-image-3777\" srcset=\"https:\/\/torello.com\/wp-content\/uploads\/2020\/09\/meditacio_5-200x115.jpg 200w, https:\/\/torello.com\/wp-content\/uploads\/2020\/09\/meditacio_5-400x231.jpg 400w, https:\/\/torello.com\/wp-content\/uploads\/2020\/09\/meditacio_5.jpg 600w\" sizes=\"(max-width: 1024px) 100vw, 400px\" \/><\/span><\/div><div class=\"fusion-clearfix\"><\/div><\/div><\/div><div class=\"fusion-layout-column fusion_builder_column fusion-builder-column-8 fusion_builder_column_1_5 1_5 fusion-one-fifth fusion-column-last fusion-animated\" style=\"--awb-padding-right:0%;--awb-padding-left:0%;--awb-bg-size:cover;--awb-filter:saturate(100%);--awb-filter-transition:filter 0.3s ease;--awb-filter-hover:saturate(10%);\" data-animationType=\"fadeInLeft\" data-animationDuration=\"0.8\" data-animationOffset=\"top-into-view\"><div class=\"fusion-column-wrapper fusion-column-has-shadow fusion-flex-column-wrapper-legacy\"><div class=\"fusion-image-element in-legacy-container\" style=\"--awb-caption-title-font-family:var(--h2_typography-font-family);--awb-caption-title-font-weight:var(--h2_typography-font-weight);--awb-caption-title-font-style:var(--h2_typography-font-style);--awb-caption-title-size:var(--h2_typography-font-size);--awb-caption-title-transform:var(--h2_typography-text-transform);--awb-caption-title-line-height:var(--h2_typography-line-height);--awb-caption-title-letter-spacing:var(--h2_typography-letter-spacing);\"><span class=\" fusion-imageframe imageframe-none imageframe-5 hover-type-none\"><img decoding=\"async\" width=\"300\" height=\"173\" alt=\"Grup de persones meditant asseguts\" title=\"meditacio_2\" src=\"https:\/\/torello.com\/wp-content\/uploads\/2020\/09\/meditacio_2-300x173.jpg\" class=\"img-responsive wp-image-3768\" srcset=\"https:\/\/torello.com\/wp-content\/uploads\/2020\/09\/meditacio_2-200x115.jpg 200w, https:\/\/torello.com\/wp-content\/uploads\/2020\/09\/meditacio_2-400x231.jpg 400w, https:\/\/torello.com\/wp-content\/uploads\/2020\/09\/meditacio_2.jpg 600w\" sizes=\"(max-width: 1024px) 100vw, 400px\" \/><\/span><\/div><div class=\"fusion-clearfix\"><\/div><\/div><\/div><\/div><\/div><\/p>\n","protected":false},"excerpt":{"rendered":"","protected":false},"author":4,"featured_media":0,"parent":0,"menu_order":0,"comment_status":"closed","ping_status":"open","template":"100-width.php","meta":{"footnotes":""},"class_list":["post-5107","page","type-page","status-publish","hentry"],"yoast_head":"<!-- This site is optimized with the Yoast SEO plugin v26.7 - https:\/\/yoast.com\/wordpress\/plugins\/seo\/ -->\n<title>Meditation among vineyards | Torell\u00f3 Viticultors Grans escumosos i vins ecol\u00f2gics<\/title>\n<meta name=\"description\" content=\"Meditation and mindfulness among vineyards. Visit and tasting of Torell\u00f3 wines and sparkling wines at the Finca de Can Mart\u00ed. Unique experience in an exceptional environment.\" \/>\n<meta name=\"robots\" content=\"index, follow, max-snippet:-1, max-image-preview:large, max-video-preview:-1\" \/>\n<link rel=\"canonical\" href=\"https:\/\/torello.com\/en\/meditation-among-vineyards\/\" \/>\n<meta property=\"og:locale\" content=\"en_US\" \/>\n<meta property=\"og:type\" content=\"article\" \/>\n<meta property=\"og:title\" content=\"Meditation among vineyards | Torell\u00f3 Viticultors Grans escumosos i vins ecol\u00f2gics\" \/>\n<meta property=\"og:description\" content=\"Meditation and mindfulness among vineyards. Visit and tasting of Torell\u00f3 wines and sparkling wines at the Finca de Can Mart\u00ed. Unique experience in an exceptional environment.\" \/>\n<meta property=\"og:url\" content=\"https:\/\/torello.com\/en\/meditation-among-vineyards\/\" \/>\n<meta property=\"og:site_name\" content=\"Torell\u00f3 Viticultors Grans escumosos i vins ecol\u00f2gics\" \/>\n<meta property=\"article:publisher\" content=\"https:\/\/www.facebook.com\/TorelloViticultors\/\" \/>\n<meta property=\"article:modified_time\" content=\"2021-01-25T10:14:02+00:00\" \/>\n<meta name=\"twitter:card\" content=\"summary_large_image\" \/>\n<meta name=\"twitter:site\" content=\"@TorelloViticult\" \/>\n<meta name=\"twitter:label1\" content=\"Est. reading time\" \/>\n\t<meta name=\"twitter:data1\" content=\"7 minutes\" \/>\n<script type=\"application\/ld+json\" class=\"yoast-schema-graph\">{\"@context\":\"https:\/\/schema.org\",\"@graph\":[{\"@type\":\"WebPage\",\"@id\":\"https:\/\/torello.com\/en\/meditation-among-vineyards\/\",\"url\":\"https:\/\/torello.com\/en\/meditation-among-vineyards\/\",\"name\":\"Meditation among vineyards | Torell\u00f3 Viticultors Grans escumosos i vins ecol\u00f2gics\",\"isPartOf\":{\"@id\":\"https:\/\/torello.com\/en\/#website\"},\"datePublished\":\"2020-12-10T21:21:06+00:00\",\"dateModified\":\"2021-01-25T10:14:02+00:00\",\"description\":\"Meditation and mindfulness among vineyards. Visit and tasting of Torell\u00f3 wines and sparkling wines at the Finca de Can Mart\u00ed. Unique experience in an exceptional environment.\",\"breadcrumb\":{\"@id\":\"https:\/\/torello.com\/en\/meditation-among-vineyards\/#breadcrumb\"},\"inLanguage\":\"en-US\",\"potentialAction\":[{\"@type\":\"ReadAction\",\"target\":[\"https:\/\/torello.com\/en\/meditation-among-vineyards\/\"]}]},{\"@type\":\"BreadcrumbList\",\"@id\":\"https:\/\/torello.com\/en\/meditation-among-vineyards\/#breadcrumb\",\"itemListElement\":[{\"@type\":\"ListItem\",\"position\":1,\"name\":\"Inici\",\"item\":\"https:\/\/torello.com\/en\/\"},{\"@type\":\"ListItem\",\"position\":2,\"name\":\"Meditation among vineyards\"}]},{\"@type\":\"WebSite\",\"@id\":\"https:\/\/torello.com\/en\/#website\",\"url\":\"https:\/\/torello.com\/en\/\",\"name\":\"Torell\u00f3 Viticultors Grans escumosos i vins ecol\u00f2gics\",\"description\":\"Bodega familiar situada en el Pened\u00e9s, l\u00edder en la elaboraci\u00f3n de Cava y vinos, s\u00f3lo utiliza uva cultivada en su finca Can Mart\u00ed.\",\"publisher\":{\"@id\":\"https:\/\/torello.com\/en\/#organization\"},\"potentialAction\":[{\"@type\":\"SearchAction\",\"target\":{\"@type\":\"EntryPoint\",\"urlTemplate\":\"https:\/\/torello.com\/en\/?s={search_term_string}\"},\"query-input\":{\"@type\":\"PropertyValueSpecification\",\"valueRequired\":true,\"valueName\":\"search_term_string\"}}],\"inLanguage\":\"en-US\"},{\"@type\":\"Organization\",\"@id\":\"https:\/\/torello.com\/en\/#organization\",\"name\":\"Torell\u00f3 sparkling and ecologic wines\",\"url\":\"https:\/\/torello.com\/en\/\",\"logo\":{\"@type\":\"ImageObject\",\"inLanguage\":\"en-US\",\"@id\":\"https:\/\/torello.com\/en\/#\/schema\/logo\/image\/\",\"url\":\"https:\/\/torello.com\/wp-content\/uploads\/2020\/02\/TORELLO_LOGO_4.png\",\"contentUrl\":\"https:\/\/torello.com\/wp-content\/uploads\/2020\/02\/TORELLO_LOGO_4.png\",\"width\":278,\"height\":140,\"caption\":\"Torell\u00f3 sparkling and ecologic wines\"},\"image\":{\"@id\":\"https:\/\/torello.com\/en\/#\/schema\/logo\/image\/\"},\"sameAs\":[\"https:\/\/www.facebook.com\/TorelloViticultors\/\",\"https:\/\/x.com\/TorelloViticult\",\"https:\/\/www.instagram.com\/torelloviticultors\/\",\"https:\/\/www.youtube.com\/user\/Torello57\"]}]}<\/script>\n<!-- \/ Yoast SEO plugin. -->","yoast_head_json":{"title":"Meditation among vineyards | Torell\u00f3 Viticultors Grans escumosos i vins ecol\u00f2gics","description":"Meditation and mindfulness among vineyards. Visit and tasting of Torell\u00f3 wines and sparkling wines at the Finca de Can Mart\u00ed. Unique experience in an exceptional environment.","robots":{"index":"index","follow":"follow","max-snippet":"max-snippet:-1","max-image-preview":"max-image-preview:large","max-video-preview":"max-video-preview:-1"},"canonical":"https:\/\/torello.com\/en\/meditation-among-vineyards\/","og_locale":"en_US","og_type":"article","og_title":"Meditation among vineyards | Torell\u00f3 Viticultors Grans escumosos i vins ecol\u00f2gics","og_description":"Meditation and mindfulness among vineyards. Visit and tasting of Torell\u00f3 wines and sparkling wines at the Finca de Can Mart\u00ed. Unique experience in an exceptional environment.","og_url":"https:\/\/torello.com\/en\/meditation-among-vineyards\/","og_site_name":"Torell\u00f3 Viticultors Grans escumosos i vins ecol\u00f2gics","article_publisher":"https:\/\/www.facebook.com\/TorelloViticultors\/","article_modified_time":"2021-01-25T10:14:02+00:00","twitter_card":"summary_large_image","twitter_site":"@TorelloViticult","twitter_misc":{"Est. reading time":"7 minutes"},"schema":{"@context":"https:\/\/schema.org","@graph":[{"@type":"WebPage","@id":"https:\/\/torello.com\/en\/meditation-among-vineyards\/","url":"https:\/\/torello.com\/en\/meditation-among-vineyards\/","name":"Meditation among vineyards | Torell\u00f3 Viticultors Grans escumosos i vins ecol\u00f2gics","isPartOf":{"@id":"https:\/\/torello.com\/en\/#website"},"datePublished":"2020-12-10T21:21:06+00:00","dateModified":"2021-01-25T10:14:02+00:00","description":"Meditation and mindfulness among vineyards. Visit and tasting of Torell\u00f3 wines and sparkling wines at the Finca de Can Mart\u00ed. Unique experience in an exceptional environment.","breadcrumb":{"@id":"https:\/\/torello.com\/en\/meditation-among-vineyards\/#breadcrumb"},"inLanguage":"en-US","potentialAction":[{"@type":"ReadAction","target":["https:\/\/torello.com\/en\/meditation-among-vineyards\/"]}]},{"@type":"BreadcrumbList","@id":"https:\/\/torello.com\/en\/meditation-among-vineyards\/#breadcrumb","itemListElement":[{"@type":"ListItem","position":1,"name":"Inici","item":"https:\/\/torello.com\/en\/"},{"@type":"ListItem","position":2,"name":"Meditation among vineyards"}]},{"@type":"WebSite","@id":"https:\/\/torello.com\/en\/#website","url":"https:\/\/torello.com\/en\/","name":"Torell\u00f3 Viticultors Grans escumosos i vins ecol\u00f2gics","description":"Bodega familiar situada en el Pened\u00e9s, l\u00edder en la elaboraci\u00f3n de Cava y vinos, s\u00f3lo utiliza uva cultivada en su finca Can Mart\u00ed.","publisher":{"@id":"https:\/\/torello.com\/en\/#organization"},"potentialAction":[{"@type":"SearchAction","target":{"@type":"EntryPoint","urlTemplate":"https:\/\/torello.com\/en\/?s={search_term_string}"},"query-input":{"@type":"PropertyValueSpecification","valueRequired":true,"valueName":"search_term_string"}}],"inLanguage":"en-US"},{"@type":"Organization","@id":"https:\/\/torello.com\/en\/#organization","name":"Torell\u00f3 sparkling and ecologic wines","url":"https:\/\/torello.com\/en\/","logo":{"@type":"ImageObject","inLanguage":"en-US","@id":"https:\/\/torello.com\/en\/#\/schema\/logo\/image\/","url":"https:\/\/torello.com\/wp-content\/uploads\/2020\/02\/TORELLO_LOGO_4.png","contentUrl":"https:\/\/torello.com\/wp-content\/uploads\/2020\/02\/TORELLO_LOGO_4.png","width":278,"height":140,"caption":"Torell\u00f3 sparkling and ecologic wines"},"image":{"@id":"https:\/\/torello.com\/en\/#\/schema\/logo\/image\/"},"sameAs":["https:\/\/www.facebook.com\/TorelloViticultors\/","https:\/\/x.com\/TorelloViticult","https:\/\/www.instagram.com\/torelloviticultors\/","https:\/\/www.youtube.com\/user\/Torello57"]}]}},"_links":{"self":[{"href":"https:\/\/torello.com\/en\/wp-json\/wp\/v2\/pages\/5107","targetHints":{"allow":["GET"]}}],"collection":[{"href":"https:\/\/torello.com\/en\/wp-json\/wp\/v2\/pages"}],"about":[{"href":"https:\/\/torello.com\/en\/wp-json\/wp\/v2\/types\/page"}],"author":[{"embeddable":true,"href":"https:\/\/torello.com\/en\/wp-json\/wp\/v2\/users\/4"}],"replies":[{"embeddable":true,"href":"https:\/\/torello.com\/en\/wp-json\/wp\/v2\/comments?post=5107"}],"version-history":[{"count":0,"href":"https:\/\/torello.com\/en\/wp-json\/wp\/v2\/pages\/5107\/revisions"}],"wp:attachment":[{"href":"https:\/\/torello.com\/en\/wp-json\/wp\/v2\/media?parent=5107"}],"curies":[{"name":"wp","href":"https:\/\/api.w.org\/{rel}","templated":true}]}}