{"id":11603,"date":"2023-03-29T13:22:59","date_gmt":"2023-03-29T13:22:59","guid":{"rendered":"https:\/\/torello.com\/?post_type=product&#038;p=11603"},"modified":"2026-04-09T12:10:09","modified_gmt":"2026-04-09T10:10:09","slug":"torello-special-edition","status":"publish","type":"product","link":"https:\/\/torello.com\/en\/producto\/torello-special-edition\/","title":{"rendered":"Torell\u00f3 Special Edition Barcelona 2023"},"content":{"rendered":"<p><span style=\"color: #937b4f;\"><strong>Varieties<\/strong>:<\/span> 52% Xarel\u00b7lo, 41% Macabeo and 7% Parellada.<\/p>\n<p><span style=\"color: #937b4f;\"><strong>Ageing:<\/strong><\/span> Minimum of 24 months in bottle. Every year there is poignettage (shaking the bottle), which causes the yeasts to mix again with the wine. In this way the sparkling wine is enriched in aromas and flavors.<\/p>\n<p><span style=\"color: #937b4f;\"><strong>Tasting note:<\/strong><\/span> Yellow Straw colour. Clean, transparent, fine, and constant persistent bubbles with a rosary formation. In the nose pear aromas stand out and also a well-marked note of pastry, white flower, pastry cream, and candied fruit. Fresh and delicate mouth entry. Presence of fresh herbs, white flowers stand out with notes of brioche and cream making a pleasant mouth finish. Powerful, flavourful, good acidity, fine bead, bread dough, excellent on-the-lees fruit expression, almond, good balance, and length. A wine with great structure and evolving notes of ripe summer fruits.<\/p>\n","protected":false},"excerpt":{"rendered":"<p><span style=\"color: #937b4f;\"><strong>Varieties<\/strong>:<\/span> 52% Xarel\u00b7lo, 41% Macabeo and 7% Parellada.<\/p>\n<p><span style=\"color: #937b4f;\"><strong>Ageing:<\/strong><\/span> Minimum of 24 months in bottle. Every year there is poignettage (shaking the bottle), which causes the yeasts to mix again with the wine. In this way the sparkling wine is enriched in aromas and flavors.<\/p>\n<p><span style=\"color: #937b4f;\"><strong>Tasting note:<\/strong><\/span> Yellow Straw colour. Clean, transparent, fine, and constant persistent bubbles with a rosary formation. In the nose pear aromas stand out and also a well-marked note of pastry, white flower, pastry cream, and candied fruit. Fresh and delicate mouth entry. Presence of fresh herbs, white flowers stand out with notes of brioche and cream making a pleasant mouth finish. Powerful, flavourful, good acidity, fine bead, bread dough, excellent on-the-lees fruit expression, almond, good balance, and length. A wine with great structure and evolving notes of ripe summer fruits.<\/p>\n","protected":false},"featured_media":11378,"comment_status":"open","ping_status":"closed","template":"","meta":[],"product_brand":[],"product_cat":[895],"product_tag":[],"giftcard-category":[],"class_list":{"0":"post-11603","1":"product","2":"type-product","3":"status-publish","4":"has-post-thumbnail","6":"product_cat-corpinnat-en","8":"first","9":"instock","10":"shipping-taxable","11":"purchasable","12":"product-type-variable"},"exclude_global_add_ons":[],"addons":[],"yoast_head":"<!-- This site is optimized with the Yoast SEO plugin v26.7 - https:\/\/yoast.com\/wordpress\/plugins\/seo\/ -->\n<title>Torell\u00f3 Special Edition Barcelona 2023 | Torell\u00f3 Viticultors Grans escumosos i vins ecol\u00f2gics<\/title>\n<meta name=\"robots\" content=\"index, follow, max-snippet:-1, max-image-preview:large, max-video-preview:-1\" \/>\n<link rel=\"canonical\" href=\"https:\/\/torello.com\/en\/producto\/torello-special-edition\/\" \/>\n<meta property=\"og:locale\" content=\"en_US\" \/>\n<meta property=\"og:type\" content=\"article\" \/>\n<meta property=\"og:title\" content=\"Torell\u00f3 Special Edition Barcelona 2023 | Torell\u00f3 Viticultors Grans escumosos i vins ecol\u00f2gics\" \/>\n<meta property=\"og:description\" content=\"Varieties: 52% Xarel\u00b7lo, 41% Macabeo and 7% Parellada.  Ageing: Minimum of 24 months in bottle. Every year there is poignettage (shaking the bottle), which causes the yeasts to mix again with the wine. In this way the sparkling wine is enriched in aromas and flavors.  Tasting note: Yellow Straw colour. Clean, transparent, fine, and constant persistent bubbles with a rosary formation. In the nose pear aromas stand out and also a well-marked note of pastry, white flower, pastry cream, and candied fruit. Fresh and delicate mouth entry. Presence of fresh herbs, white flowers stand out with notes of brioche and cream making a pleasant mouth finish. Powerful, flavourful, good acidity, fine bead, bread dough, excellent on-the-lees fruit expression, almond, good balance, and length. A wine with great structure and evolving notes of ripe summer fruits.\" \/>\n<meta property=\"og:url\" content=\"https:\/\/torello.com\/en\/producto\/torello-special-edition\/\" \/>\n<meta property=\"og:site_name\" content=\"Torell\u00f3 Viticultors Grans escumosos i vins ecol\u00f2gics\" \/>\n<meta property=\"article:publisher\" content=\"https:\/\/www.facebook.com\/TorelloViticultors\/\" \/>\n<meta property=\"article:modified_time\" content=\"2026-04-09T10:10:09+00:00\" \/>\n<meta property=\"og:image\" content=\"https:\/\/torello.com\/wp-content\/uploads\/2023\/04\/Torello-Special-Edition-Brut-Reserva.jpg\" \/>\n\t<meta property=\"og:image:width\" content=\"560\" \/>\n\t<meta property=\"og:image:height\" content=\"560\" \/>\n\t<meta property=\"og:image:type\" content=\"image\/jpeg\" \/>\n<meta name=\"twitter:card\" content=\"summary_large_image\" \/>\n<meta name=\"twitter:site\" content=\"@TorelloViticult\" \/>\n<meta name=\"twitter:label1\" content=\"Est. reading time\" \/>\n\t<meta name=\"twitter:data1\" content=\"1 minute\" \/>\n<script type=\"application\/ld+json\" class=\"yoast-schema-graph\">{\"@context\":\"https:\/\/schema.org\",\"@graph\":[{\"@type\":\"WebPage\",\"@id\":\"https:\/\/torello.com\/en\/producto\/torello-special-edition\/\",\"url\":\"https:\/\/torello.com\/en\/producto\/torello-special-edition\/\",\"name\":\"Torell\u00f3 Special Edition Barcelona 2023 | Torell\u00f3 Viticultors Grans escumosos i vins ecol\u00f2gics\",\"isPartOf\":{\"@id\":\"https:\/\/torello.com\/en\/#website\"},\"primaryImageOfPage\":{\"@id\":\"https:\/\/torello.com\/en\/producto\/torello-special-edition\/#primaryimage\"},\"image\":{\"@id\":\"https:\/\/torello.com\/en\/producto\/torello-special-edition\/#primaryimage\"},\"thumbnailUrl\":\"https:\/\/torello.com\/wp-content\/uploads\/2023\/04\/Torello-Special-Edition-Brut-Reserva.jpg\",\"datePublished\":\"2023-03-29T13:22:59+00:00\",\"dateModified\":\"2026-04-09T10:10:09+00:00\",\"breadcrumb\":{\"@id\":\"https:\/\/torello.com\/en\/producto\/torello-special-edition\/#breadcrumb\"},\"inLanguage\":\"en-US\",\"potentialAction\":[{\"@type\":\"ReadAction\",\"target\":[\"https:\/\/torello.com\/en\/producto\/torello-special-edition\/\"]}]},{\"@type\":\"ImageObject\",\"inLanguage\":\"en-US\",\"@id\":\"https:\/\/torello.com\/en\/producto\/torello-special-edition\/#primaryimage\",\"url\":\"https:\/\/torello.com\/wp-content\/uploads\/2023\/04\/Torello-Special-Edition-Brut-Reserva.jpg\",\"contentUrl\":\"https:\/\/torello.com\/wp-content\/uploads\/2023\/04\/Torello-Special-Edition-Brut-Reserva.jpg\",\"width\":560,\"height\":560,\"caption\":\"Torell\u00f3 Special Edition Brut Reserva\"},{\"@type\":\"BreadcrumbList\",\"@id\":\"https:\/\/torello.com\/en\/producto\/torello-special-edition\/#breadcrumb\",\"itemListElement\":[{\"@type\":\"ListItem\",\"position\":1,\"name\":\"Inici\",\"item\":\"https:\/\/torello.com\/en\/\"},{\"@type\":\"ListItem\",\"position\":2,\"name\":\"Shop\",\"item\":\"https:\/\/torello.com\/en\/shop\/\"},{\"@type\":\"ListItem\",\"position\":3,\"name\":\"Torell\u00f3 Special Edition Barcelona 2023\"}]},{\"@type\":\"WebSite\",\"@id\":\"https:\/\/torello.com\/en\/#website\",\"url\":\"https:\/\/torello.com\/en\/\",\"name\":\"Torell\u00f3 Viticultors Grans escumosos i vins ecol\u00f2gics\",\"description\":\"Bodega familiar situada en el Pened\u00e9s, l\u00edder en la elaboraci\u00f3n de Cava y vinos, s\u00f3lo utiliza uva cultivada en su finca Can Mart\u00ed.\",\"publisher\":{\"@id\":\"https:\/\/torello.com\/en\/#organization\"},\"potentialAction\":[{\"@type\":\"SearchAction\",\"target\":{\"@type\":\"EntryPoint\",\"urlTemplate\":\"https:\/\/torello.com\/en\/?s={search_term_string}\"},\"query-input\":{\"@type\":\"PropertyValueSpecification\",\"valueRequired\":true,\"valueName\":\"search_term_string\"}}],\"inLanguage\":\"en-US\"},{\"@type\":\"Organization\",\"@id\":\"https:\/\/torello.com\/en\/#organization\",\"name\":\"Torell\u00f3 sparkling and ecologic wines\",\"url\":\"https:\/\/torello.com\/en\/\",\"logo\":{\"@type\":\"ImageObject\",\"inLanguage\":\"en-US\",\"@id\":\"https:\/\/torello.com\/en\/#\/schema\/logo\/image\/\",\"url\":\"https:\/\/torello.com\/wp-content\/uploads\/2020\/02\/TORELLO_LOGO_4.png\",\"contentUrl\":\"https:\/\/torello.com\/wp-content\/uploads\/2020\/02\/TORELLO_LOGO_4.png\",\"width\":278,\"height\":140,\"caption\":\"Torell\u00f3 sparkling and ecologic wines\"},\"image\":{\"@id\":\"https:\/\/torello.com\/en\/#\/schema\/logo\/image\/\"},\"sameAs\":[\"https:\/\/www.facebook.com\/TorelloViticultors\/\",\"https:\/\/x.com\/TorelloViticult\",\"https:\/\/www.instagram.com\/torelloviticultors\/\",\"https:\/\/www.youtube.com\/user\/Torello57\"]}]}<\/script>\n<!-- \/ Yoast SEO plugin. -->","yoast_head_json":{"title":"Torell\u00f3 Special Edition Barcelona 2023 | Torell\u00f3 Viticultors Grans escumosos i vins ecol\u00f2gics","robots":{"index":"index","follow":"follow","max-snippet":"max-snippet:-1","max-image-preview":"max-image-preview:large","max-video-preview":"max-video-preview:-1"},"canonical":"https:\/\/torello.com\/en\/producto\/torello-special-edition\/","og_locale":"en_US","og_type":"article","og_title":"Torell\u00f3 Special Edition Barcelona 2023 | Torell\u00f3 Viticultors Grans escumosos i vins ecol\u00f2gics","og_description":"Varieties: 52% Xarel\u00b7lo, 41% Macabeo and 7% Parellada.  Ageing: Minimum of 24 months in bottle. Every year there is poignettage (shaking the bottle), which causes the yeasts to mix again with the wine. In this way the sparkling wine is enriched in aromas and flavors.  Tasting note: Yellow Straw colour. Clean, transparent, fine, and constant persistent bubbles with a rosary formation. In the nose pear aromas stand out and also a well-marked note of pastry, white flower, pastry cream, and candied fruit. Fresh and delicate mouth entry. Presence of fresh herbs, white flowers stand out with notes of brioche and cream making a pleasant mouth finish. Powerful, flavourful, good acidity, fine bead, bread dough, excellent on-the-lees fruit expression, almond, good balance, and length. A wine with great structure and evolving notes of ripe summer fruits.","og_url":"https:\/\/torello.com\/en\/producto\/torello-special-edition\/","og_site_name":"Torell\u00f3 Viticultors Grans escumosos i vins ecol\u00f2gics","article_publisher":"https:\/\/www.facebook.com\/TorelloViticultors\/","article_modified_time":"2026-04-09T10:10:09+00:00","og_image":[{"width":560,"height":560,"url":"https:\/\/torello.com\/wp-content\/uploads\/2023\/04\/Torello-Special-Edition-Brut-Reserva.jpg","type":"image\/jpeg"}],"twitter_card":"summary_large_image","twitter_site":"@TorelloViticult","twitter_misc":{"Est. reading time":"1 minute"},"schema":{"@context":"https:\/\/schema.org","@graph":[{"@type":"WebPage","@id":"https:\/\/torello.com\/en\/producto\/torello-special-edition\/","url":"https:\/\/torello.com\/en\/producto\/torello-special-edition\/","name":"Torell\u00f3 Special Edition Barcelona 2023 | Torell\u00f3 Viticultors Grans escumosos i vins ecol\u00f2gics","isPartOf":{"@id":"https:\/\/torello.com\/en\/#website"},"primaryImageOfPage":{"@id":"https:\/\/torello.com\/en\/producto\/torello-special-edition\/#primaryimage"},"image":{"@id":"https:\/\/torello.com\/en\/producto\/torello-special-edition\/#primaryimage"},"thumbnailUrl":"https:\/\/torello.com\/wp-content\/uploads\/2023\/04\/Torello-Special-Edition-Brut-Reserva.jpg","datePublished":"2023-03-29T13:22:59+00:00","dateModified":"2026-04-09T10:10:09+00:00","breadcrumb":{"@id":"https:\/\/torello.com\/en\/producto\/torello-special-edition\/#breadcrumb"},"inLanguage":"en-US","potentialAction":[{"@type":"ReadAction","target":["https:\/\/torello.com\/en\/producto\/torello-special-edition\/"]}]},{"@type":"ImageObject","inLanguage":"en-US","@id":"https:\/\/torello.com\/en\/producto\/torello-special-edition\/#primaryimage","url":"https:\/\/torello.com\/wp-content\/uploads\/2023\/04\/Torello-Special-Edition-Brut-Reserva.jpg","contentUrl":"https:\/\/torello.com\/wp-content\/uploads\/2023\/04\/Torello-Special-Edition-Brut-Reserva.jpg","width":560,"height":560,"caption":"Torell\u00f3 Special Edition Brut Reserva"},{"@type":"BreadcrumbList","@id":"https:\/\/torello.com\/en\/producto\/torello-special-edition\/#breadcrumb","itemListElement":[{"@type":"ListItem","position":1,"name":"Inici","item":"https:\/\/torello.com\/en\/"},{"@type":"ListItem","position":2,"name":"Shop","item":"https:\/\/torello.com\/en\/shop\/"},{"@type":"ListItem","position":3,"name":"Torell\u00f3 Special Edition Barcelona 2023"}]},{"@type":"WebSite","@id":"https:\/\/torello.com\/en\/#website","url":"https:\/\/torello.com\/en\/","name":"Torell\u00f3 Viticultors Grans escumosos i vins ecol\u00f2gics","description":"Bodega familiar situada en el Pened\u00e9s, l\u00edder en la elaboraci\u00f3n de Cava y vinos, s\u00f3lo utiliza uva cultivada en su finca Can Mart\u00ed.","publisher":{"@id":"https:\/\/torello.com\/en\/#organization"},"potentialAction":[{"@type":"SearchAction","target":{"@type":"EntryPoint","urlTemplate":"https:\/\/torello.com\/en\/?s={search_term_string}"},"query-input":{"@type":"PropertyValueSpecification","valueRequired":true,"valueName":"search_term_string"}}],"inLanguage":"en-US"},{"@type":"Organization","@id":"https:\/\/torello.com\/en\/#organization","name":"Torell\u00f3 sparkling and ecologic wines","url":"https:\/\/torello.com\/en\/","logo":{"@type":"ImageObject","inLanguage":"en-US","@id":"https:\/\/torello.com\/en\/#\/schema\/logo\/image\/","url":"https:\/\/torello.com\/wp-content\/uploads\/2020\/02\/TORELLO_LOGO_4.png","contentUrl":"https:\/\/torello.com\/wp-content\/uploads\/2020\/02\/TORELLO_LOGO_4.png","width":278,"height":140,"caption":"Torell\u00f3 sparkling and ecologic wines"},"image":{"@id":"https:\/\/torello.com\/en\/#\/schema\/logo\/image\/"},"sameAs":["https:\/\/www.facebook.com\/TorelloViticultors\/","https:\/\/x.com\/TorelloViticult","https:\/\/www.instagram.com\/torelloviticultors\/","https:\/\/www.youtube.com\/user\/Torello57"]}]}},"_links":{"self":[{"href":"https:\/\/torello.com\/en\/wp-json\/wp\/v2\/product\/11603","targetHints":{"allow":["GET"]}}],"collection":[{"href":"https:\/\/torello.com\/en\/wp-json\/wp\/v2\/product"}],"about":[{"href":"https:\/\/torello.com\/en\/wp-json\/wp\/v2\/types\/product"}],"replies":[{"embeddable":true,"href":"https:\/\/torello.com\/en\/wp-json\/wp\/v2\/comments?post=11603"}],"wp:featuredmedia":[{"embeddable":true,"href":"https:\/\/torello.com\/en\/wp-json\/wp\/v2\/media\/11378"}],"wp:attachment":[{"href":"https:\/\/torello.com\/en\/wp-json\/wp\/v2\/media?parent=11603"}],"wp:term":[{"taxonomy":"product_brand","embeddable":true,"href":"https:\/\/torello.com\/en\/wp-json\/wp\/v2\/product_brand?post=11603"},{"taxonomy":"product_cat","embeddable":true,"href":"https:\/\/torello.com\/en\/wp-json\/wp\/v2\/product_cat?post=11603"},{"taxonomy":"product_tag","embeddable":true,"href":"https:\/\/torello.com\/en\/wp-json\/wp\/v2\/product_tag?post=11603"},{"taxonomy":"giftcard-category","embeddable":true,"href":"https:\/\/torello.com\/en\/wp-json\/wp\/v2\/giftcard-category?post=11603"}],"curies":[{"name":"wp","href":"https:\/\/api.w.org\/{rel}","templated":true}]}}