{"id":11625,"date":"2023-03-30T07:43:47","date_gmt":"2023-03-30T07:43:47","guid":{"rendered":"https:\/\/torello.com\/producte\/torello-tradicional-brut-nature-2016\/"},"modified":"2026-03-26T08:49:27","modified_gmt":"2026-03-26T07:49:27","slug":"torello-tradicional-brut-nature","status":"publish","type":"product","link":"https:\/\/torello.com\/en\/producto\/torello-tradicional-brut-nature\/","title":{"rendered":"Torell\u00f3 Tradicional Brut Nature 2021"},"content":{"rendered":"<p><span style=\"color: #937b4f;\"><strong>Varieties<\/strong>: <\/span><span style=\"color: #333333;\">48% Macabeo, 34% Xarel\u00b7lo and 18% Parellada.<\/span><\/p>\n<p><span style=\"color: #937b4f;\"><strong>Production: <\/strong><\/span>The bunches arrive whole at the cellar and, before passing all the grapes over the selection table, a separate soft pressing is done of each variety. We use the Inertys technology in our presses which protects the juice from oxidation during the pressing phase. In winter we do the assemblage of the different varieties, the bottling and afterwards the second fermentation in the bottle.<\/p>\n<p><span style=\"color: #937b4f;\"><strong>Aging: <\/strong><\/span>A minimum of 50 months in the bottle. Each year we do the poignettage &#8211; moving the bottle &#8211; with the objective of mixing the yeast with the wine again. In this way we enrich the sparkling wine with aromas and tastes. It is a Brut Nature without the addition of sugars, and the date of disgorging is indicated on the back label.<\/p>\n<p><span style=\"color: #937b4f;\"><strong>Presentation:<\/strong><\/span> 37,5 cl | 75cl | Magnum | Jeroboam<\/p>\n<p><span style=\"color: #937b4f;\"><strong>Tasting Note:<\/strong><\/span> Yellow straw color. Clean, transparent, fine and constant bubbles with rosary formation. In the nose the pear stands out as white fruit on a well-marked note of pastry, white flower, pastry cream, candied fruit. Fresh and delicate mouth entry. Presence of fresh herbs, white flowers stand out with notes of brioche and cream making a very pleasant end of mouth. Powerful, flavorful, good acidity, fine bead, bread dough, excellent on-the-lees fruit expression, almond, good balance and length.<\/p>\n","protected":false},"excerpt":{"rendered":"<p><span style=\"color: #937b4f;\"><strong>Varieties<\/strong>: <\/span><span style=\"color: #333333;\">48% Macabeo, 34% Xarel\u00b7lo and 18% Parellada.<\/span><\/p>\n<p><span style=\"color: #937b4f;\"><strong>Production: <\/strong><\/span>The bunches arrive whole at the cellar and, before passing all the grapes over the selection table, a separate soft pressing is done of each variety. We use the Inertys technology in our presses which protects the juice from oxidation during the pressing phase. In winter we do the assemblage of the different varieties, the bottling and afterwards the second fermentation in the bottle.<\/p>\n<p><span style=\"color: #937b4f;\"><strong>Aging: <\/strong><\/span>A minimum of 48 months in the bottle. Each year we do the poignettage &#8211; moving the bottle &#8211; with the objective of mixing the yeast with the wine again. In this way we enrich the sparkling wine with aromas and tastes. It is a Brut Nature without the addition of sugars, and the date of disgorging is indicated on the back label.<\/p>\n<p><span style=\"color: #937b4f;\"><strong>Presentation:<\/strong><\/span> 37,5 cl | 75cl | Magnum | Jeroboam<\/p>\n<p><span style=\"color: #937b4f;\"><strong>Tasting Note:<\/strong><\/span> Yellow straw color. Clean, transparent, fine and constant bubbles with rosary formation. In the nose the pear stands out as white fruit on a well-marked note of pastry, white flower, pastry cream, candied fruit. Fresh and delicate mouth entry. Presence of fresh herbs, white flowers stand out with notes of brioche and cream making a very pleasant end of mouth. Powerful, flavorful, good acidity, fine bead, bread dough, excellent on-the-lees fruit expression, almond, good balance and length.<\/p>\n","protected":false},"featured_media":9924,"comment_status":"open","ping_status":"closed","template":"","meta":[],"product_brand":[],"product_cat":[895],"product_tag":[958],"giftcard-category":[],"class_list":{"0":"post-11625","1":"product","2":"type-product","3":"status-publish","4":"has-post-thumbnail","6":"product_cat-corpinnat-en","7":"product_tag-brut-nature-en","9":"first","10":"instock","11":"featured","12":"shipping-taxable","13":"purchasable","14":"product-type-variable"},"exclude_global_add_ons":[],"addons":[],"yoast_head":"<!-- This site is optimized with the Yoast SEO plugin v26.7 - https:\/\/yoast.com\/wordpress\/plugins\/seo\/ -->\n<title>Torell\u00f3 Tradicional Brut Nature 2021 | Torell\u00f3 Viticultors Grans escumosos i vins ecol\u00f2gics<\/title>\n<meta name=\"robots\" content=\"index, follow, max-snippet:-1, max-image-preview:large, max-video-preview:-1\" \/>\n<link rel=\"canonical\" href=\"https:\/\/torello.com\/en\/producto\/torello-tradicional-brut-nature\/\" \/>\n<meta property=\"og:locale\" content=\"en_US\" \/>\n<meta property=\"og:type\" content=\"article\" \/>\n<meta property=\"og:title\" content=\"Torell\u00f3 Tradicional Brut Nature 2021 | Torell\u00f3 Viticultors Grans escumosos i vins ecol\u00f2gics\" \/>\n<meta property=\"og:description\" content=\"Varieties: 48% Macabeo, 34% Xarel\u00b7lo and 18% Parellada.  Production: The bunches arrive whole at the cellar and, before passing all the grapes over the selection table, a separate soft pressing is done of each variety. We use the Inertys technology in our presses which protects the juice from oxidation during the pressing phase. In winter we do the assemblage of the different varieties, the bottling and afterwards the second fermentation in the bottle.  Aging: A minimum of 48 months in the bottle. Each year we do the poignettage - moving the bottle - with the objective of mixing the yeast with the wine again. In this way we enrich the sparkling wine with aromas and tastes. It is a Brut Nature without the addition of sugars, and the date of disgorging is indicated on the back label.  Presentation: 37,5 cl | 75cl | Magnum | Jeroboam  Tasting Note: Yellow straw color. Clean, transparent, fine and constant bubbles with rosary formation. In the nose the pear stands out as white fruit on a well-marked note of pastry, white flower, pastry cream, candied fruit. Fresh and delicate mouth entry. Presence of fresh herbs, white flowers stand out with notes of brioche and cream making a very pleasant end of mouth. Powerful, flavorful, good acidity, fine bead, bread dough, excellent on-the-lees fruit expression, almond, good balance and length.\" \/>\n<meta property=\"og:url\" content=\"https:\/\/torello.com\/en\/producto\/torello-tradicional-brut-nature\/\" \/>\n<meta property=\"og:site_name\" content=\"Torell\u00f3 Viticultors Grans escumosos i vins ecol\u00f2gics\" \/>\n<meta property=\"article:publisher\" content=\"https:\/\/www.facebook.com\/TorelloViticultors\/\" \/>\n<meta property=\"article:modified_time\" content=\"2026-03-26T07:49:27+00:00\" \/>\n<meta property=\"og:image\" content=\"https:\/\/torello.com\/wp-content\/uploads\/2023\/01\/Torello-Tradicional-Brut-Nature.jpg\" \/>\n\t<meta property=\"og:image:width\" content=\"560\" \/>\n\t<meta property=\"og:image:height\" content=\"560\" \/>\n\t<meta property=\"og:image:type\" content=\"image\/jpeg\" \/>\n<meta name=\"twitter:card\" content=\"summary_large_image\" \/>\n<meta name=\"twitter:site\" content=\"@TorelloViticult\" \/>\n<meta name=\"twitter:label1\" content=\"Est. reading time\" \/>\n\t<meta name=\"twitter:data1\" content=\"2 minutes\" \/>\n<script type=\"application\/ld+json\" class=\"yoast-schema-graph\">{\"@context\":\"https:\/\/schema.org\",\"@graph\":[{\"@type\":\"WebPage\",\"@id\":\"https:\/\/torello.com\/en\/producto\/torello-tradicional-brut-nature\/\",\"url\":\"https:\/\/torello.com\/en\/producto\/torello-tradicional-brut-nature\/\",\"name\":\"Torell\u00f3 Tradicional Brut Nature 2021 | Torell\u00f3 Viticultors Grans escumosos i vins ecol\u00f2gics\",\"isPartOf\":{\"@id\":\"https:\/\/torello.com\/en\/#website\"},\"primaryImageOfPage\":{\"@id\":\"https:\/\/torello.com\/en\/producto\/torello-tradicional-brut-nature\/#primaryimage\"},\"image\":{\"@id\":\"https:\/\/torello.com\/en\/producto\/torello-tradicional-brut-nature\/#primaryimage\"},\"thumbnailUrl\":\"https:\/\/torello.com\/wp-content\/uploads\/2023\/01\/Torello-Tradicional-Brut-Nature.jpg\",\"datePublished\":\"2023-03-30T07:43:47+00:00\",\"dateModified\":\"2026-03-26T07:49:27+00:00\",\"breadcrumb\":{\"@id\":\"https:\/\/torello.com\/en\/producto\/torello-tradicional-brut-nature\/#breadcrumb\"},\"inLanguage\":\"en-US\",\"potentialAction\":[{\"@type\":\"ReadAction\",\"target\":[\"https:\/\/torello.com\/en\/producto\/torello-tradicional-brut-nature\/\"]}]},{\"@type\":\"ImageObject\",\"inLanguage\":\"en-US\",\"@id\":\"https:\/\/torello.com\/en\/producto\/torello-tradicional-brut-nature\/#primaryimage\",\"url\":\"https:\/\/torello.com\/wp-content\/uploads\/2023\/01\/Torello-Tradicional-Brut-Nature.jpg\",\"contentUrl\":\"https:\/\/torello.com\/wp-content\/uploads\/2023\/01\/Torello-Tradicional-Brut-Nature.jpg\",\"width\":560,\"height\":560,\"caption\":\"Front view of the Torell\u00f3 Tradicional Brut Nature corpinnat sparkling wine bottle\"},{\"@type\":\"BreadcrumbList\",\"@id\":\"https:\/\/torello.com\/en\/producto\/torello-tradicional-brut-nature\/#breadcrumb\",\"itemListElement\":[{\"@type\":\"ListItem\",\"position\":1,\"name\":\"Inici\",\"item\":\"https:\/\/torello.com\/en\/\"},{\"@type\":\"ListItem\",\"position\":2,\"name\":\"Shop\",\"item\":\"https:\/\/torello.com\/en\/shop\/\"},{\"@type\":\"ListItem\",\"position\":3,\"name\":\"Torell\u00f3 Tradicional Brut Nature 2021\"}]},{\"@type\":\"WebSite\",\"@id\":\"https:\/\/torello.com\/en\/#website\",\"url\":\"https:\/\/torello.com\/en\/\",\"name\":\"Torell\u00f3 Viticultors Grans escumosos i vins ecol\u00f2gics\",\"description\":\"Bodega familiar situada en el Pened\u00e9s, l\u00edder en la elaboraci\u00f3n de Cava y vinos, s\u00f3lo utiliza uva cultivada en su finca Can Mart\u00ed.\",\"publisher\":{\"@id\":\"https:\/\/torello.com\/en\/#organization\"},\"potentialAction\":[{\"@type\":\"SearchAction\",\"target\":{\"@type\":\"EntryPoint\",\"urlTemplate\":\"https:\/\/torello.com\/en\/?s={search_term_string}\"},\"query-input\":{\"@type\":\"PropertyValueSpecification\",\"valueRequired\":true,\"valueName\":\"search_term_string\"}}],\"inLanguage\":\"en-US\"},{\"@type\":\"Organization\",\"@id\":\"https:\/\/torello.com\/en\/#organization\",\"name\":\"Torell\u00f3 sparkling and ecologic wines\",\"url\":\"https:\/\/torello.com\/en\/\",\"logo\":{\"@type\":\"ImageObject\",\"inLanguage\":\"en-US\",\"@id\":\"https:\/\/torello.com\/en\/#\/schema\/logo\/image\/\",\"url\":\"https:\/\/torello.com\/wp-content\/uploads\/2020\/02\/TORELLO_LOGO_4.png\",\"contentUrl\":\"https:\/\/torello.com\/wp-content\/uploads\/2020\/02\/TORELLO_LOGO_4.png\",\"width\":278,\"height\":140,\"caption\":\"Torell\u00f3 sparkling and ecologic wines\"},\"image\":{\"@id\":\"https:\/\/torello.com\/en\/#\/schema\/logo\/image\/\"},\"sameAs\":[\"https:\/\/www.facebook.com\/TorelloViticultors\/\",\"https:\/\/x.com\/TorelloViticult\",\"https:\/\/www.instagram.com\/torelloviticultors\/\",\"https:\/\/www.youtube.com\/user\/Torello57\"]}]}<\/script>\n<!-- \/ Yoast SEO plugin. -->","yoast_head_json":{"title":"Torell\u00f3 Tradicional Brut Nature 2021 | Torell\u00f3 Viticultors Grans escumosos i vins ecol\u00f2gics","robots":{"index":"index","follow":"follow","max-snippet":"max-snippet:-1","max-image-preview":"max-image-preview:large","max-video-preview":"max-video-preview:-1"},"canonical":"https:\/\/torello.com\/en\/producto\/torello-tradicional-brut-nature\/","og_locale":"en_US","og_type":"article","og_title":"Torell\u00f3 Tradicional Brut Nature 2021 | Torell\u00f3 Viticultors Grans escumosos i vins ecol\u00f2gics","og_description":"Varieties: 48% Macabeo, 34% Xarel\u00b7lo and 18% Parellada.  Production: The bunches arrive whole at the cellar and, before passing all the grapes over the selection table, a separate soft pressing is done of each variety. We use the Inertys technology in our presses which protects the juice from oxidation during the pressing phase. In winter we do the assemblage of the different varieties, the bottling and afterwards the second fermentation in the bottle.  Aging: A minimum of 48 months in the bottle. Each year we do the poignettage - moving the bottle - with the objective of mixing the yeast with the wine again. In this way we enrich the sparkling wine with aromas and tastes. It is a Brut Nature without the addition of sugars, and the date of disgorging is indicated on the back label.  Presentation: 37,5 cl | 75cl | Magnum | Jeroboam  Tasting Note: Yellow straw color. Clean, transparent, fine and constant bubbles with rosary formation. In the nose the pear stands out as white fruit on a well-marked note of pastry, white flower, pastry cream, candied fruit. Fresh and delicate mouth entry. Presence of fresh herbs, white flowers stand out with notes of brioche and cream making a very pleasant end of mouth. Powerful, flavorful, good acidity, fine bead, bread dough, excellent on-the-lees fruit expression, almond, good balance and length.","og_url":"https:\/\/torello.com\/en\/producto\/torello-tradicional-brut-nature\/","og_site_name":"Torell\u00f3 Viticultors Grans escumosos i vins ecol\u00f2gics","article_publisher":"https:\/\/www.facebook.com\/TorelloViticultors\/","article_modified_time":"2026-03-26T07:49:27+00:00","og_image":[{"width":560,"height":560,"url":"https:\/\/torello.com\/wp-content\/uploads\/2023\/01\/Torello-Tradicional-Brut-Nature.jpg","type":"image\/jpeg"}],"twitter_card":"summary_large_image","twitter_site":"@TorelloViticult","twitter_misc":{"Est. reading time":"2 minutes"},"schema":{"@context":"https:\/\/schema.org","@graph":[{"@type":"WebPage","@id":"https:\/\/torello.com\/en\/producto\/torello-tradicional-brut-nature\/","url":"https:\/\/torello.com\/en\/producto\/torello-tradicional-brut-nature\/","name":"Torell\u00f3 Tradicional Brut Nature 2021 | Torell\u00f3 Viticultors Grans escumosos i vins ecol\u00f2gics","isPartOf":{"@id":"https:\/\/torello.com\/en\/#website"},"primaryImageOfPage":{"@id":"https:\/\/torello.com\/en\/producto\/torello-tradicional-brut-nature\/#primaryimage"},"image":{"@id":"https:\/\/torello.com\/en\/producto\/torello-tradicional-brut-nature\/#primaryimage"},"thumbnailUrl":"https:\/\/torello.com\/wp-content\/uploads\/2023\/01\/Torello-Tradicional-Brut-Nature.jpg","datePublished":"2023-03-30T07:43:47+00:00","dateModified":"2026-03-26T07:49:27+00:00","breadcrumb":{"@id":"https:\/\/torello.com\/en\/producto\/torello-tradicional-brut-nature\/#breadcrumb"},"inLanguage":"en-US","potentialAction":[{"@type":"ReadAction","target":["https:\/\/torello.com\/en\/producto\/torello-tradicional-brut-nature\/"]}]},{"@type":"ImageObject","inLanguage":"en-US","@id":"https:\/\/torello.com\/en\/producto\/torello-tradicional-brut-nature\/#primaryimage","url":"https:\/\/torello.com\/wp-content\/uploads\/2023\/01\/Torello-Tradicional-Brut-Nature.jpg","contentUrl":"https:\/\/torello.com\/wp-content\/uploads\/2023\/01\/Torello-Tradicional-Brut-Nature.jpg","width":560,"height":560,"caption":"Front view of the Torell\u00f3 Tradicional Brut Nature corpinnat sparkling wine bottle"},{"@type":"BreadcrumbList","@id":"https:\/\/torello.com\/en\/producto\/torello-tradicional-brut-nature\/#breadcrumb","itemListElement":[{"@type":"ListItem","position":1,"name":"Inici","item":"https:\/\/torello.com\/en\/"},{"@type":"ListItem","position":2,"name":"Shop","item":"https:\/\/torello.com\/en\/shop\/"},{"@type":"ListItem","position":3,"name":"Torell\u00f3 Tradicional Brut Nature 2021"}]},{"@type":"WebSite","@id":"https:\/\/torello.com\/en\/#website","url":"https:\/\/torello.com\/en\/","name":"Torell\u00f3 Viticultors Grans escumosos i vins ecol\u00f2gics","description":"Bodega familiar situada en el Pened\u00e9s, l\u00edder en la elaboraci\u00f3n de Cava y vinos, s\u00f3lo utiliza uva cultivada en su finca Can Mart\u00ed.","publisher":{"@id":"https:\/\/torello.com\/en\/#organization"},"potentialAction":[{"@type":"SearchAction","target":{"@type":"EntryPoint","urlTemplate":"https:\/\/torello.com\/en\/?s={search_term_string}"},"query-input":{"@type":"PropertyValueSpecification","valueRequired":true,"valueName":"search_term_string"}}],"inLanguage":"en-US"},{"@type":"Organization","@id":"https:\/\/torello.com\/en\/#organization","name":"Torell\u00f3 sparkling and ecologic wines","url":"https:\/\/torello.com\/en\/","logo":{"@type":"ImageObject","inLanguage":"en-US","@id":"https:\/\/torello.com\/en\/#\/schema\/logo\/image\/","url":"https:\/\/torello.com\/wp-content\/uploads\/2020\/02\/TORELLO_LOGO_4.png","contentUrl":"https:\/\/torello.com\/wp-content\/uploads\/2020\/02\/TORELLO_LOGO_4.png","width":278,"height":140,"caption":"Torell\u00f3 sparkling and ecologic wines"},"image":{"@id":"https:\/\/torello.com\/en\/#\/schema\/logo\/image\/"},"sameAs":["https:\/\/www.facebook.com\/TorelloViticultors\/","https:\/\/x.com\/TorelloViticult","https:\/\/www.instagram.com\/torelloviticultors\/","https:\/\/www.youtube.com\/user\/Torello57"]}]}},"_links":{"self":[{"href":"https:\/\/torello.com\/en\/wp-json\/wp\/v2\/product\/11625","targetHints":{"allow":["GET"]}}],"collection":[{"href":"https:\/\/torello.com\/en\/wp-json\/wp\/v2\/product"}],"about":[{"href":"https:\/\/torello.com\/en\/wp-json\/wp\/v2\/types\/product"}],"replies":[{"embeddable":true,"href":"https:\/\/torello.com\/en\/wp-json\/wp\/v2\/comments?post=11625"}],"wp:featuredmedia":[{"embeddable":true,"href":"https:\/\/torello.com\/en\/wp-json\/wp\/v2\/media\/9924"}],"wp:attachment":[{"href":"https:\/\/torello.com\/en\/wp-json\/wp\/v2\/media?parent=11625"}],"wp:term":[{"taxonomy":"product_brand","embeddable":true,"href":"https:\/\/torello.com\/en\/wp-json\/wp\/v2\/product_brand?post=11625"},{"taxonomy":"product_cat","embeddable":true,"href":"https:\/\/torello.com\/en\/wp-json\/wp\/v2\/product_cat?post=11625"},{"taxonomy":"product_tag","embeddable":true,"href":"https:\/\/torello.com\/en\/wp-json\/wp\/v2\/product_tag?post=11625"},{"taxonomy":"giftcard-category","embeddable":true,"href":"https:\/\/torello.com\/en\/wp-json\/wp\/v2\/giftcard-category?post=11625"}],"curies":[{"name":"wp","href":"https:\/\/api.w.org\/{rel}","templated":true}]}}