{"id":11659,"date":"2023-04-21T10:29:18","date_gmt":"2023-04-21T10:29:18","guid":{"rendered":"https:\/\/torello.com\/producte\/gran-torello-brut-nature-2015\/"},"modified":"2026-03-26T07:53:41","modified_gmt":"2026-03-26T06:53:41","slug":"gran-torello-brut-nature-2016","status":"publish","type":"product","link":"https:\/\/torello.com\/en\/producto\/gran-torello-brut-nature-2016\/","title":{"rendered":"Gran Torell\u00f3 Brut Nature 2016"},"content":{"rendered":"<p><span style=\"color: #937b4f;\"><strong>Varieties<\/strong>: <\/span>48% Xarel.lo, 47% Macabeo and 5% Parellada from our vines in Can Mart\u00ed.<\/p>\n<p><span style=\"color: #937b4f;\"><strong>Production:<\/strong><\/span>The grapes from selected vineyards for this sparkling wine, arrives whole at the cellar and, before passing all the grapes over the selection table, a separate soft pressing is done of each variety. We use the Inertys technology in our presses which protects the juice from oxidation during the pressing phase. In winter we do the assemblage of the different varieties, the bottling and afterwards the second fermentation in the bottle that takes place with natural cork.<\/p>\n<p><span style=\"color: #937b4f;\"><strong>Aging:<\/strong><\/span>aged on lees for more than 72 months with natural cork. Every year we do the<em> poignettage<\/em> (agitation of the bottle), which makes that the yeasts mix again with the wine. Due to that, the sparkling wine is being enriched in aromas and flavors. Manual clarification in <em>pupitres.<\/em> Disgorging without sugar addition.<\/p>\n<p><span style=\"color: #937b4f;\"><strong>Presentation:<\/strong><\/span> 75cl, Magnum and Jeroboam.<\/p>\n<p><span style=\"color: #937b4f;\"><strong>Tasting Note:<\/strong><\/span> \u201cThe nose of the 2016 Gran Torell\u00f3 Brut Nature was like entering a bakery with aromas of freshly baked brioche, bread dough, toasted bread and a mixture of flowers, herbs and white fruit. It\u2019s attractive, clean and elegant, with a balanced palate and very fine bubbles from the over 80 months the wine spent with lees in bottles closed with natural cork after re-fermenting. It\u2019s complex and delicious.\u201d Lu\u00eds Guti\u00e9rrez, Spanish Wine Taster for Robert Parker \u2013 The Wine Advocate.<\/p>\n<p><span style=\"color: #937b4f;\"><strong>Awards:<\/strong><\/span><\/p>\n<ul>\n<li>Robert Parker 94 points.<\/li>\n<li>James Suckling 91 points.<\/li>\n<li>Gu\u00eda Pe\u00f1\u00edn 94 points.<\/li>\n<li>Gu\u00eda Semana Vitivin\u00edcola 95 points.<\/li>\n<li>Gu\u00eda Vivir el Vino 95 points.<\/li>\n<\/ul>\n","protected":false},"excerpt":{"rendered":"<p><span style=\"color: #937b4f;\"><strong>Varieties<\/strong>: <\/span>48% Xarel.lo, 47% Macabeo and 5% Parellada from our vines in Can Mart\u00ed.<\/p>\n<p><span style=\"color: #937b4f;\"><strong>Production:<\/strong><\/span>The grapes from selected vineyards for this sparkling wine, arrives whole at the cellar and, before passing all the grapes over the selection table, a separate soft pressing is done of each variety. We use the Inertys technology in our presses which protects the juice from oxidation during the pressing phase. In winter we do the assemblage of the different varieties, the bottling and afterwards the second fermentation in the bottle that takes place with natural cork.<\/p>\n<p><span style=\"color: #937b4f;\"><strong>Aging:<\/strong><\/span>aged on lees for more than 72 months with natural cork. Every year we do the<em> poignettage<\/em> (agitation of the bottle), which makes that the yeasts mix again with the wine. Due to that, the sparkling wine is being enriched in aromas and flavors. Manual clarification in <em>pupitres.<\/em> Disgorging without sugar addition.<\/p>\n<p><span style=\"color: #937b4f;\"><strong>Presentation:<\/strong><\/span> 75cl, Magnum and Jeroboam.<\/p>\n<p><span style=\"color: #937b4f;\"><strong>Tasting Note:<\/strong><\/span> \u201cThe nose of the 2016 Gran Torell\u00f3 Brut Nature was like entering a bakery with aromas of freshly baked brioche, bread dough, toasted bread and a mixture of flowers, herbs and white fruit. It\u2019s attractive, clean and elegant, with a balanced palate and very fine bubbles from the over 80 months the wine spent with lees in bottles closed with natural cork after re-fermenting. It\u2019s complex and delicious.\u201d Lu\u00eds Guti\u00e9rrez, Spanish Wine Taster for Robert Parker \u2013 The Wine Advocate.<\/p>\n<p><span style=\"color: #937b4f;\"><strong>Awards:<\/strong><\/span><\/p>\n<ul>\n<li>Robert Parker 94 points.<\/li>\n<li>James Suckling 91 points.<\/li>\n<li>Gu\u00eda Pe\u00f1\u00edn 94 points.<\/li>\n<li>Gu\u00eda Semana Vitivin\u00edcola 95 points.<\/li>\n<li>Gu\u00eda Vivir el Vino 95 points.<\/li>\n<\/ul>\n","protected":false},"featured_media":17999,"comment_status":"open","ping_status":"closed","template":"","meta":[],"product_brand":[],"product_cat":[895],"product_tag":[],"giftcard-category":[],"class_list":{"0":"post-11659","1":"product","2":"type-product","3":"status-publish","4":"has-post-thumbnail","6":"product_cat-corpinnat-en","8":"first","9":"instock","10":"shipping-taxable","11":"purchasable","12":"product-type-variable"},"exclude_global_add_ons":[],"addons":[],"yoast_head":"<!-- This site is optimized with the Yoast SEO plugin v26.7 - https:\/\/yoast.com\/wordpress\/plugins\/seo\/ -->\n<title>Gran Torell\u00f3 Brut Nature 2016<\/title>\n<meta name=\"robots\" content=\"index, follow, max-snippet:-1, max-image-preview:large, max-video-preview:-1\" \/>\n<link rel=\"canonical\" href=\"https:\/\/torello.com\/en\/producto\/gran-torello-brut-nature-2016\/\" \/>\n<meta property=\"og:locale\" content=\"en_US\" \/>\n<meta property=\"og:type\" content=\"article\" \/>\n<meta property=\"og:title\" content=\"Gran Torell\u00f3 Brut Nature 2016\" \/>\n<meta property=\"og:description\" content=\"Varieties: 48% Xarel.lo, 47% Macabeo and 5% Parellada from our vines in Can Mart\u00ed.  Production:The grapes from selected vineyards for this sparkling wine, arrives whole at the cellar and, before passing all the grapes over the selection table, a separate soft pressing is done of each variety. We use the Inertys technology in our presses which protects the juice from oxidation during the pressing phase. In winter we do the assemblage of the different varieties, the bottling and afterwards the second fermentation in the bottle that takes place with natural cork.  Aging:aged on lees for more than 72 months with natural cork. Every year we do the poignettage (agitation of the bottle), which makes that the yeasts mix again with the wine. Due to that, the sparkling wine is being enriched in aromas and flavors. Manual clarification in pupitres. Disgorging without sugar addition.  Presentation: 75cl, Magnum and Jeroboam.  Tasting Note: \u201cThe nose of the 2016 Gran Torell\u00f3 Brut Nature was like entering a bakery with aromas of freshly baked brioche, bread dough, toasted bread and a mixture of flowers, herbs and white fruit. It\u2019s attractive, clean and elegant, with a balanced palate and very fine bubbles from the over 80 months the wine spent with lees in bottles closed with natural cork after re-fermenting. It\u2019s complex and delicious.\u201d Lu\u00eds Guti\u00e9rrez, Spanish Wine Taster for Robert Parker \u2013 The Wine Advocate.  Awards:   Robert Parker 94 points.  James Suckling 91 points.  Gu\u00eda Pe\u00f1\u00edn 94 points.  Gu\u00eda Semana Vitivin\u00edcola 95 points.  Gu\u00eda Vivir el Vino 95 points.\" \/>\n<meta property=\"og:url\" content=\"https:\/\/torello.com\/en\/producto\/gran-torello-brut-nature-2016\/\" \/>\n<meta property=\"og:site_name\" content=\"Torell\u00f3 Viticultors Grans escumosos i vins ecol\u00f2gics\" \/>\n<meta property=\"article:publisher\" content=\"https:\/\/www.facebook.com\/TorelloViticultors\/\" \/>\n<meta property=\"article:modified_time\" content=\"2026-03-26T06:53:41+00:00\" \/>\n<meta property=\"og:image\" content=\"https:\/\/torello.com\/wp-content\/uploads\/2024\/01\/Gran-Torello-Brut-Nature-075-CL.jpg\" \/>\n\t<meta property=\"og:image:width\" content=\"560\" \/>\n\t<meta property=\"og:image:height\" content=\"560\" \/>\n\t<meta property=\"og:image:type\" content=\"image\/jpeg\" \/>\n<meta name=\"twitter:card\" content=\"summary_large_image\" \/>\n<meta name=\"twitter:site\" content=\"@TorelloViticult\" \/>\n<meta name=\"twitter:label1\" content=\"Est. reading time\" \/>\n\t<meta name=\"twitter:data1\" content=\"2 minutes\" \/>\n<script type=\"application\/ld+json\" class=\"yoast-schema-graph\">{\"@context\":\"https:\/\/schema.org\",\"@graph\":[{\"@type\":\"WebPage\",\"@id\":\"https:\/\/torello.com\/en\/producto\/gran-torello-brut-nature-2016\/\",\"url\":\"https:\/\/torello.com\/en\/producto\/gran-torello-brut-nature-2016\/\",\"name\":\"Gran Torell\u00f3 Brut Nature 2016\",\"isPartOf\":{\"@id\":\"https:\/\/torello.com\/en\/#website\"},\"primaryImageOfPage\":{\"@id\":\"https:\/\/torello.com\/en\/producto\/gran-torello-brut-nature-2016\/#primaryimage\"},\"image\":{\"@id\":\"https:\/\/torello.com\/en\/producto\/gran-torello-brut-nature-2016\/#primaryimage\"},\"thumbnailUrl\":\"https:\/\/torello.com\/wp-content\/uploads\/2024\/01\/Gran-Torello-Brut-Nature-075-CL.jpg\",\"datePublished\":\"2023-04-21T10:29:18+00:00\",\"dateModified\":\"2026-03-26T06:53:41+00:00\",\"breadcrumb\":{\"@id\":\"https:\/\/torello.com\/en\/producto\/gran-torello-brut-nature-2016\/#breadcrumb\"},\"inLanguage\":\"en-US\",\"potentialAction\":[{\"@type\":\"ReadAction\",\"target\":[\"https:\/\/torello.com\/en\/producto\/gran-torello-brut-nature-2016\/\"]}]},{\"@type\":\"ImageObject\",\"inLanguage\":\"en-US\",\"@id\":\"https:\/\/torello.com\/en\/producto\/gran-torello-brut-nature-2016\/#primaryimage\",\"url\":\"https:\/\/torello.com\/wp-content\/uploads\/2024\/01\/Gran-Torello-Brut-Nature-075-CL.jpg\",\"contentUrl\":\"https:\/\/torello.com\/wp-content\/uploads\/2024\/01\/Gran-Torello-Brut-Nature-075-CL.jpg\",\"width\":560,\"height\":560,\"caption\":\"Imatge ampolla vi escum\u00f3s corpinnat Gran Torell\u00f3 Brut Nature 075 CL\"},{\"@type\":\"BreadcrumbList\",\"@id\":\"https:\/\/torello.com\/en\/producto\/gran-torello-brut-nature-2016\/#breadcrumb\",\"itemListElement\":[{\"@type\":\"ListItem\",\"position\":1,\"name\":\"Inici\",\"item\":\"https:\/\/torello.com\/en\/\"},{\"@type\":\"ListItem\",\"position\":2,\"name\":\"Shop\",\"item\":\"https:\/\/torello.com\/en\/shop\/\"},{\"@type\":\"ListItem\",\"position\":3,\"name\":\"Gran Torell\u00f3 Brut Nature 2016\"}]},{\"@type\":\"WebSite\",\"@id\":\"https:\/\/torello.com\/en\/#website\",\"url\":\"https:\/\/torello.com\/en\/\",\"name\":\"Torell\u00f3 Viticultors Grans escumosos i vins ecol\u00f2gics\",\"description\":\"Bodega familiar situada en el Pened\u00e9s, l\u00edder en la elaboraci\u00f3n de Cava y vinos, s\u00f3lo utiliza uva cultivada en su finca Can Mart\u00ed.\",\"publisher\":{\"@id\":\"https:\/\/torello.com\/en\/#organization\"},\"potentialAction\":[{\"@type\":\"SearchAction\",\"target\":{\"@type\":\"EntryPoint\",\"urlTemplate\":\"https:\/\/torello.com\/en\/?s={search_term_string}\"},\"query-input\":{\"@type\":\"PropertyValueSpecification\",\"valueRequired\":true,\"valueName\":\"search_term_string\"}}],\"inLanguage\":\"en-US\"},{\"@type\":\"Organization\",\"@id\":\"https:\/\/torello.com\/en\/#organization\",\"name\":\"Torell\u00f3 sparkling and ecologic wines\",\"url\":\"https:\/\/torello.com\/en\/\",\"logo\":{\"@type\":\"ImageObject\",\"inLanguage\":\"en-US\",\"@id\":\"https:\/\/torello.com\/en\/#\/schema\/logo\/image\/\",\"url\":\"https:\/\/torello.com\/wp-content\/uploads\/2020\/02\/TORELLO_LOGO_4.png\",\"contentUrl\":\"https:\/\/torello.com\/wp-content\/uploads\/2020\/02\/TORELLO_LOGO_4.png\",\"width\":278,\"height\":140,\"caption\":\"Torell\u00f3 sparkling and ecologic wines\"},\"image\":{\"@id\":\"https:\/\/torello.com\/en\/#\/schema\/logo\/image\/\"},\"sameAs\":[\"https:\/\/www.facebook.com\/TorelloViticultors\/\",\"https:\/\/x.com\/TorelloViticult\",\"https:\/\/www.instagram.com\/torelloviticultors\/\",\"https:\/\/www.youtube.com\/user\/Torello57\"]}]}<\/script>\n<!-- \/ Yoast SEO plugin. -->","yoast_head_json":{"title":"Gran Torell\u00f3 Brut Nature 2016","robots":{"index":"index","follow":"follow","max-snippet":"max-snippet:-1","max-image-preview":"max-image-preview:large","max-video-preview":"max-video-preview:-1"},"canonical":"https:\/\/torello.com\/en\/producto\/gran-torello-brut-nature-2016\/","og_locale":"en_US","og_type":"article","og_title":"Gran Torell\u00f3 Brut Nature 2016","og_description":"Varieties: 48% Xarel.lo, 47% Macabeo and 5% Parellada from our vines in Can Mart\u00ed.  Production:The grapes from selected vineyards for this sparkling wine, arrives whole at the cellar and, before passing all the grapes over the selection table, a separate soft pressing is done of each variety. We use the Inertys technology in our presses which protects the juice from oxidation during the pressing phase. In winter we do the assemblage of the different varieties, the bottling and afterwards the second fermentation in the bottle that takes place with natural cork.  Aging:aged on lees for more than 72 months with natural cork. Every year we do the poignettage (agitation of the bottle), which makes that the yeasts mix again with the wine. Due to that, the sparkling wine is being enriched in aromas and flavors. Manual clarification in pupitres. Disgorging without sugar addition.  Presentation: 75cl, Magnum and Jeroboam.  Tasting Note: \u201cThe nose of the 2016 Gran Torell\u00f3 Brut Nature was like entering a bakery with aromas of freshly baked brioche, bread dough, toasted bread and a mixture of flowers, herbs and white fruit. It\u2019s attractive, clean and elegant, with a balanced palate and very fine bubbles from the over 80 months the wine spent with lees in bottles closed with natural cork after re-fermenting. It\u2019s complex and delicious.\u201d Lu\u00eds Guti\u00e9rrez, Spanish Wine Taster for Robert Parker \u2013 The Wine Advocate.  Awards:   Robert Parker 94 points.  James Suckling 91 points.  Gu\u00eda Pe\u00f1\u00edn 94 points.  Gu\u00eda Semana Vitivin\u00edcola 95 points.  Gu\u00eda Vivir el Vino 95 points.","og_url":"https:\/\/torello.com\/en\/producto\/gran-torello-brut-nature-2016\/","og_site_name":"Torell\u00f3 Viticultors Grans escumosos i vins ecol\u00f2gics","article_publisher":"https:\/\/www.facebook.com\/TorelloViticultors\/","article_modified_time":"2026-03-26T06:53:41+00:00","og_image":[{"width":560,"height":560,"url":"https:\/\/torello.com\/wp-content\/uploads\/2024\/01\/Gran-Torello-Brut-Nature-075-CL.jpg","type":"image\/jpeg"}],"twitter_card":"summary_large_image","twitter_site":"@TorelloViticult","twitter_misc":{"Est. reading time":"2 minutes"},"schema":{"@context":"https:\/\/schema.org","@graph":[{"@type":"WebPage","@id":"https:\/\/torello.com\/en\/producto\/gran-torello-brut-nature-2016\/","url":"https:\/\/torello.com\/en\/producto\/gran-torello-brut-nature-2016\/","name":"Gran Torell\u00f3 Brut Nature 2016","isPartOf":{"@id":"https:\/\/torello.com\/en\/#website"},"primaryImageOfPage":{"@id":"https:\/\/torello.com\/en\/producto\/gran-torello-brut-nature-2016\/#primaryimage"},"image":{"@id":"https:\/\/torello.com\/en\/producto\/gran-torello-brut-nature-2016\/#primaryimage"},"thumbnailUrl":"https:\/\/torello.com\/wp-content\/uploads\/2024\/01\/Gran-Torello-Brut-Nature-075-CL.jpg","datePublished":"2023-04-21T10:29:18+00:00","dateModified":"2026-03-26T06:53:41+00:00","breadcrumb":{"@id":"https:\/\/torello.com\/en\/producto\/gran-torello-brut-nature-2016\/#breadcrumb"},"inLanguage":"en-US","potentialAction":[{"@type":"ReadAction","target":["https:\/\/torello.com\/en\/producto\/gran-torello-brut-nature-2016\/"]}]},{"@type":"ImageObject","inLanguage":"en-US","@id":"https:\/\/torello.com\/en\/producto\/gran-torello-brut-nature-2016\/#primaryimage","url":"https:\/\/torello.com\/wp-content\/uploads\/2024\/01\/Gran-Torello-Brut-Nature-075-CL.jpg","contentUrl":"https:\/\/torello.com\/wp-content\/uploads\/2024\/01\/Gran-Torello-Brut-Nature-075-CL.jpg","width":560,"height":560,"caption":"Imatge ampolla vi escum\u00f3s corpinnat Gran Torell\u00f3 Brut Nature 075 CL"},{"@type":"BreadcrumbList","@id":"https:\/\/torello.com\/en\/producto\/gran-torello-brut-nature-2016\/#breadcrumb","itemListElement":[{"@type":"ListItem","position":1,"name":"Inici","item":"https:\/\/torello.com\/en\/"},{"@type":"ListItem","position":2,"name":"Shop","item":"https:\/\/torello.com\/en\/shop\/"},{"@type":"ListItem","position":3,"name":"Gran Torell\u00f3 Brut Nature 2016"}]},{"@type":"WebSite","@id":"https:\/\/torello.com\/en\/#website","url":"https:\/\/torello.com\/en\/","name":"Torell\u00f3 Viticultors Grans escumosos i vins ecol\u00f2gics","description":"Bodega familiar situada en el Pened\u00e9s, l\u00edder en la elaboraci\u00f3n de Cava y vinos, s\u00f3lo utiliza uva cultivada en su finca Can Mart\u00ed.","publisher":{"@id":"https:\/\/torello.com\/en\/#organization"},"potentialAction":[{"@type":"SearchAction","target":{"@type":"EntryPoint","urlTemplate":"https:\/\/torello.com\/en\/?s={search_term_string}"},"query-input":{"@type":"PropertyValueSpecification","valueRequired":true,"valueName":"search_term_string"}}],"inLanguage":"en-US"},{"@type":"Organization","@id":"https:\/\/torello.com\/en\/#organization","name":"Torell\u00f3 sparkling and ecologic wines","url":"https:\/\/torello.com\/en\/","logo":{"@type":"ImageObject","inLanguage":"en-US","@id":"https:\/\/torello.com\/en\/#\/schema\/logo\/image\/","url":"https:\/\/torello.com\/wp-content\/uploads\/2020\/02\/TORELLO_LOGO_4.png","contentUrl":"https:\/\/torello.com\/wp-content\/uploads\/2020\/02\/TORELLO_LOGO_4.png","width":278,"height":140,"caption":"Torell\u00f3 sparkling and ecologic wines"},"image":{"@id":"https:\/\/torello.com\/en\/#\/schema\/logo\/image\/"},"sameAs":["https:\/\/www.facebook.com\/TorelloViticultors\/","https:\/\/x.com\/TorelloViticult","https:\/\/www.instagram.com\/torelloviticultors\/","https:\/\/www.youtube.com\/user\/Torello57"]}]}},"_links":{"self":[{"href":"https:\/\/torello.com\/en\/wp-json\/wp\/v2\/product\/11659","targetHints":{"allow":["GET"]}}],"collection":[{"href":"https:\/\/torello.com\/en\/wp-json\/wp\/v2\/product"}],"about":[{"href":"https:\/\/torello.com\/en\/wp-json\/wp\/v2\/types\/product"}],"replies":[{"embeddable":true,"href":"https:\/\/torello.com\/en\/wp-json\/wp\/v2\/comments?post=11659"}],"wp:featuredmedia":[{"embeddable":true,"href":"https:\/\/torello.com\/en\/wp-json\/wp\/v2\/media\/17999"}],"wp:attachment":[{"href":"https:\/\/torello.com\/en\/wp-json\/wp\/v2\/media?parent=11659"}],"wp:term":[{"taxonomy":"product_brand","embeddable":true,"href":"https:\/\/torello.com\/en\/wp-json\/wp\/v2\/product_brand?post=11659"},{"taxonomy":"product_cat","embeddable":true,"href":"https:\/\/torello.com\/en\/wp-json\/wp\/v2\/product_cat?post=11659"},{"taxonomy":"product_tag","embeddable":true,"href":"https:\/\/torello.com\/en\/wp-json\/wp\/v2\/product_tag?post=11659"},{"taxonomy":"giftcard-category","embeddable":true,"href":"https:\/\/torello.com\/en\/wp-json\/wp\/v2\/giftcard-category?post=11659"}],"curies":[{"name":"wp","href":"https:\/\/api.w.org\/{rel}","templated":true}]}}