{"id":11664,"date":"2023-04-21T11:22:21","date_gmt":"2023-04-21T11:22:21","guid":{"rendered":"https:\/\/torello.com\/producte\/gran-torello-grans-anyades-brut-nature-2013\/"},"modified":"2026-03-25T15:47:21","modified_gmt":"2026-03-25T14:47:21","slug":"gran-torello-grandes-anadas-brut-nature-2014","status":"publish","type":"product","link":"https:\/\/torello.com\/en\/producto\/gran-torello-grandes-anadas-brut-nature-2014\/","title":{"rendered":"Gran Torell\u00f3 Grandes A\u00f1adas Brut Nature 2014"},"content":{"rendered":"<h3 class=\"fusion-responsive-typography-calculated\" style=\"--fontsize: 32; line-height: 1.5;\" data-fontsize=\"32\" data-lineheight=\"48px\"><strong><em>A corpinnat with great expression of maturity and complexity.<\/em><\/strong><\/h3>\n<h4><strong><span style=\"color: #937b4f;\">Grape Varieties<\/span><\/strong><\/h4>\n<p>57% Xarel\u00b7lo, 25% Macabeu and 18% Parellada, from our vines in Can Mart\u00ed<\/p>\n<h4><span style=\"color: #937b4f;\"><strong>Production <\/strong><\/span><\/h4>\n<p>The bunches arrive whole at the cellar and, before passing all the grapes over the selection table, a separate soft pressing is done of each variety. We use the Inertys technology in our presses which protects the juice from oxidation during the pressing phase. In winter we do the assemblage of the different varieties, the bottling and afterwards the second fermentation in the bottle that takes place with natural cork.<\/p>\n<h4><span style=\"color: #937b4f;\"><strong>Ageing <\/strong><\/span><\/h4>\n<p>More than 120 months on the lees. Every year we do the<em> poignettage<\/em> (agitation of the bottle), which makes that the yeasts mix again with the wine. Due to that, the sparkling wine is being enriched in aromas and flavors. Manual clarification in <em>pupitres.<\/em> Disgorging without sugar addition.<\/p>\n<h4><span style=\"color: #937b4f;\"><strong>Presentation<\/strong><\/span><\/h4>\n<p>75cl | Magnum<\/p>\n<h4><span style=\"color: #937b4f;\"><strong>Alcoholic degree<\/strong><\/span><\/h4>\n<p>12\u00ba<\/p>\n<h4><span style=\"color: #937b4f;\">Lu\u00eds Guti\u00e9rrez &#8211; Robert Parker &#8211; The Wine Advocate &#8211; Tasting note<\/span><\/h4>\n<p><em>The 2014 Gran Torell\u00f3 Brut Nature \u201cGrandes A\u00f1adas\u201d was produced with 57% Xarel.lo, 25% Macabeo and 18% Parellada from their estate. It aged in bottle with lees and is closed with a cork stopper. It\u2019s toasty and yeasty with notes of freshly baked brioche with a Mediterranean core of aromatic herbs and flowers. It\u2019s aging slowly and gaining complexity. The bubbles are abundant but small and integrated, and the finish is long and dry, with a bitter twist. 3,080 bottles and 359 magnums produced. It was disgorged in October 2024, 10 years after the harvest. <a href=\"https:\/\/www.robertparker.com\/wines\/8dN4bAApPLYtZFgDh\/gran-torell-brut-nature-grandes-aadas-2014\" target=\"_blank\" rel=\"noopener\">Link to the Luis Guti\u00e9rrez tasting note published in Robert Parker &#8211; The Wine Advocate<\/a>.<\/em><\/p>\n<h4><span style=\"color: #937b4f;\">Awards<\/span><\/h4>\n<ul>\n<li><em>Robert Parker &#8211; The Wine Advocate: 95 points.<\/em><\/li>\n<li><em>Gu\u00eda Pe\u00f1\u00edn 2026: 94 points.<\/em><\/li>\n<\/ul>\n","protected":false},"excerpt":{"rendered":"<h3 class=\"fusion-responsive-typography-calculated\" style=\"--fontsize: 32; line-height: 1.5;\" data-fontsize=\"32\" data-lineheight=\"48px\"><strong><em>A corpinnat with great expression of maturity and complexity.<\/em><\/strong><\/h3>\n<h4><strong><span style=\"color: #937b4f;\">Grape Varieties<\/span><\/strong><\/h4>\n<p>57% Xarel\u00b7lo, 25% Macabeu and 18% Parellada, from our vines in Can Mart\u00ed<\/p>\n<h4><span style=\"color: #937b4f;\"><strong>Production <\/strong><\/span><\/h4>\n<p>The bunches arrive whole at the cellar and, before passing all the grapes over the selection table, a separate soft pressing is done of each variety. We use the Inertys technology in our presses which protects the juice from oxidation during the pressing phase. In winter we do the assemblage of the different varieties, the bottling and afterwards the second fermentation in the bottle that takes place with natural cork.<\/p>\n<h4><span style=\"color: #937b4f;\"><strong>Ageing <\/strong><\/span><\/h4>\n<p>More than 120 months on the lees. Every year we do the<em> poignettage<\/em> (agitation of the bottle), which makes that the yeasts mix again with the wine. Due to that, the sparkling wine is being enriched in aromas and flavors. Manual clarification in <em>pupitres.<\/em> Disgorging without sugar addition.<\/p>\n<h4><span style=\"color: #937b4f;\"><strong>Presentation<\/strong><\/span><\/h4>\n<p>75cl | Magnum<\/p>\n<h4><span style=\"color: #937b4f;\"><strong>Alcoholic degree<\/strong><\/span><\/h4>\n<p>12\u00ba<\/p>\n<h4><span style=\"color: #937b4f;\">Lu\u00eds Guti\u00e9rrez &#8211; Robert Parker &#8211; The Wine Advocate &#8211; Tasting note<\/span><\/h4>\n<p><em>The 2014 Gran Torell\u00f3 Brut Nature \u201cGrandes A\u00f1adas\u201d was produced with 57% Xarel.lo, 25% Macabeo and 18% Parellada from their estate. It aged in bottle with lees and is closed with a cork stopper. It\u2019s toasty and yeasty with notes of freshly baked brioche with a Mediterranean core of aromatic herbs and flowers. It\u2019s aging slowly and gaining complexity. The bubbles are abundant but small and integrated, and the finish is long and dry, with a bitter twist. 3,080 bottles and 359 magnums produced. It was disgorged in October 2024, 10 years after the harvest. <a href=\"https:\/\/www.robertparker.com\/wines\/8dN4bAApPLYtZFgDh\/gran-torell-brut-nature-grandes-aadas-2014\" target=\"_blank\" rel=\"noopener\">Link to the Luis Guti\u00e9rrez tasting note published in Robert Parker &#8211; The Wine Advocate<\/a>.<\/em><\/p>\n<h4><span style=\"color: #937b4f;\">Awards<\/span><\/h4>\n<ul>\n<li><em>Robert Parker &#8211; The Wine Advocate: 95 points.<\/em><\/li>\n<li><em>Gu\u00eda Pe\u00f1\u00edn 2026: 94 points.<\/em><\/li>\n<\/ul>\n","protected":false},"featured_media":22942,"comment_status":"open","ping_status":"closed","template":"","meta":[],"product_brand":[],"product_cat":[895],"product_tag":[],"giftcard-category":[],"class_list":{"0":"post-11664","1":"product","2":"type-product","3":"status-publish","4":"has-post-thumbnail","6":"product_cat-corpinnat-en","8":"first","9":"instock","10":"shipping-taxable","11":"purchasable","12":"product-type-simple"},"exclude_global_add_ons":[],"addons":[],"yoast_head":"<!-- This site is optimized with the Yoast SEO plugin v26.7 - https:\/\/yoast.com\/wordpress\/plugins\/seo\/ -->\n<title>Gran Torell\u00f3 Grandes A\u00f1adas Brut Nature 2014 | Torell\u00f3 Viticultors Grans escumosos i vins ecol\u00f2gics<\/title>\n<meta name=\"robots\" content=\"index, follow, max-snippet:-1, max-image-preview:large, max-video-preview:-1\" \/>\n<link rel=\"canonical\" href=\"https:\/\/torello.com\/en\/producto\/gran-torello-grandes-anadas-brut-nature-2014\/\" \/>\n<meta property=\"og:locale\" content=\"en_US\" \/>\n<meta property=\"og:type\" content=\"article\" \/>\n<meta property=\"og:title\" content=\"Gran Torell\u00f3 Grandes A\u00f1adas Brut Nature 2014 | Torell\u00f3 Viticultors Grans escumosos i vins ecol\u00f2gics\" \/>\n<meta property=\"og:description\" content=\"A corpinnat with great expression of maturity and complexity. Grape Varieties 57% Xarel\u00b7lo, 25% Macabeu and 18% Parellada, from our vines in Can Mart\u00ed Production  The bunches arrive whole at the cellar and, before passing all the grapes over the selection table, a separate soft pressing is done of each variety. We use the Inertys technology in our presses which protects the juice from oxidation during the pressing phase. In winter we do the assemblage of the different varieties, the bottling and afterwards the second fermentation in the bottle that takes place with natural cork. Ageing  More than 120 months on the lees. Every year we do the poignettage (agitation of the bottle), which makes that the yeasts mix again with the wine. Due to that, the sparkling wine is being enriched in aromas and flavors. Manual clarification in pupitres. Disgorging without sugar addition. Presentation 75cl | Magnum Alcoholic degree 12\u00ba Lu\u00eds Guti\u00e9rrez - Robert Parker - The Wine Advocate - Tasting note The 2014 Gran Torell\u00f3 Brut Nature \u201cGrandes A\u00f1adas\u201d was produced with 57% Xarel.lo, 25% Macabeo and 18% Parellada from their estate. It aged in bottle with lees and is closed with a cork stopper. It\u2019s toasty and yeasty with notes of freshly baked brioche with a Mediterranean core of aromatic herbs and flowers. It\u2019s aging slowly and gaining complexity. The bubbles are abundant but small and integrated, and the finish is long and dry, with a bitter twist. 3,080 bottles and 359 magnums produced. It was disgorged in October 2024, 10 years after the harvest. Link to the Luis Guti\u00e9rrez tasting note published in Robert Parker - The Wine Advocate. Awards   Robert Parker - The Wine Advocate: 95 points.  Gu\u00eda Pe\u00f1\u00edn 2026: 94 points.\" \/>\n<meta property=\"og:url\" content=\"https:\/\/torello.com\/en\/producto\/gran-torello-grandes-anadas-brut-nature-2014\/\" \/>\n<meta property=\"og:site_name\" content=\"Torell\u00f3 Viticultors Grans escumosos i vins ecol\u00f2gics\" \/>\n<meta property=\"article:publisher\" content=\"https:\/\/www.facebook.com\/TorelloViticultors\/\" \/>\n<meta property=\"article:modified_time\" content=\"2026-03-25T14:47:21+00:00\" \/>\n<meta property=\"og:image\" content=\"https:\/\/torello.com\/wp-content\/uploads\/2023\/04\/Gran-Torello-Grans-Anyades-2014-75-CL-amb-estoig.jpg\" \/>\n\t<meta property=\"og:image:width\" content=\"560\" \/>\n\t<meta property=\"og:image:height\" content=\"560\" \/>\n\t<meta property=\"og:image:type\" content=\"image\/jpeg\" \/>\n<meta name=\"twitter:card\" content=\"summary_large_image\" \/>\n<meta name=\"twitter:site\" content=\"@TorelloViticult\" \/>\n<meta name=\"twitter:label1\" content=\"Est. reading time\" \/>\n\t<meta name=\"twitter:data1\" content=\"2 minutes\" \/>\n<script type=\"application\/ld+json\" class=\"yoast-schema-graph\">{\"@context\":\"https:\/\/schema.org\",\"@graph\":[{\"@type\":\"WebPage\",\"@id\":\"https:\/\/torello.com\/en\/producto\/gran-torello-grandes-anadas-brut-nature-2014\/\",\"url\":\"https:\/\/torello.com\/en\/producto\/gran-torello-grandes-anadas-brut-nature-2014\/\",\"name\":\"Gran Torell\u00f3 Grandes A\u00f1adas Brut Nature 2014 | Torell\u00f3 Viticultors Grans escumosos i vins ecol\u00f2gics\",\"isPartOf\":{\"@id\":\"https:\/\/torello.com\/en\/#website\"},\"primaryImageOfPage\":{\"@id\":\"https:\/\/torello.com\/en\/producto\/gran-torello-grandes-anadas-brut-nature-2014\/#primaryimage\"},\"image\":{\"@id\":\"https:\/\/torello.com\/en\/producto\/gran-torello-grandes-anadas-brut-nature-2014\/#primaryimage\"},\"thumbnailUrl\":\"https:\/\/torello.com\/wp-content\/uploads\/2023\/04\/Gran-Torello-Grans-Anyades-2014-75-CL-amb-estoig.jpg\",\"datePublished\":\"2023-04-21T11:22:21+00:00\",\"dateModified\":\"2026-03-25T14:47:21+00:00\",\"breadcrumb\":{\"@id\":\"https:\/\/torello.com\/en\/producto\/gran-torello-grandes-anadas-brut-nature-2014\/#breadcrumb\"},\"inLanguage\":\"en-US\",\"potentialAction\":[{\"@type\":\"ReadAction\",\"target\":[\"https:\/\/torello.com\/en\/producto\/gran-torello-grandes-anadas-brut-nature-2014\/\"]}]},{\"@type\":\"ImageObject\",\"inLanguage\":\"en-US\",\"@id\":\"https:\/\/torello.com\/en\/producto\/gran-torello-grandes-anadas-brut-nature-2014\/#primaryimage\",\"url\":\"https:\/\/torello.com\/wp-content\/uploads\/2023\/04\/Gran-Torello-Grans-Anyades-2014-75-CL-amb-estoig.jpg\",\"contentUrl\":\"https:\/\/torello.com\/wp-content\/uploads\/2023\/04\/Gran-Torello-Grans-Anyades-2014-75-CL-amb-estoig.jpg\",\"width\":560,\"height\":560,\"caption\":\"Gran Torell\u00f3 Grans Anyades 2014 75 CL amb estoig\"},{\"@type\":\"BreadcrumbList\",\"@id\":\"https:\/\/torello.com\/en\/producto\/gran-torello-grandes-anadas-brut-nature-2014\/#breadcrumb\",\"itemListElement\":[{\"@type\":\"ListItem\",\"position\":1,\"name\":\"Inici\",\"item\":\"https:\/\/torello.com\/en\/\"},{\"@type\":\"ListItem\",\"position\":2,\"name\":\"Shop\",\"item\":\"https:\/\/torello.com\/en\/shop\/\"},{\"@type\":\"ListItem\",\"position\":3,\"name\":\"Gran Torell\u00f3 Grandes A\u00f1adas Brut Nature 2014\"}]},{\"@type\":\"WebSite\",\"@id\":\"https:\/\/torello.com\/en\/#website\",\"url\":\"https:\/\/torello.com\/en\/\",\"name\":\"Torell\u00f3 Viticultors Grans escumosos i vins ecol\u00f2gics\",\"description\":\"Bodega familiar situada en el Pened\u00e9s, l\u00edder en la elaboraci\u00f3n de Cava y vinos, s\u00f3lo utiliza uva cultivada en su finca Can Mart\u00ed.\",\"publisher\":{\"@id\":\"https:\/\/torello.com\/en\/#organization\"},\"potentialAction\":[{\"@type\":\"SearchAction\",\"target\":{\"@type\":\"EntryPoint\",\"urlTemplate\":\"https:\/\/torello.com\/en\/?s={search_term_string}\"},\"query-input\":{\"@type\":\"PropertyValueSpecification\",\"valueRequired\":true,\"valueName\":\"search_term_string\"}}],\"inLanguage\":\"en-US\"},{\"@type\":\"Organization\",\"@id\":\"https:\/\/torello.com\/en\/#organization\",\"name\":\"Torell\u00f3 sparkling and ecologic wines\",\"url\":\"https:\/\/torello.com\/en\/\",\"logo\":{\"@type\":\"ImageObject\",\"inLanguage\":\"en-US\",\"@id\":\"https:\/\/torello.com\/en\/#\/schema\/logo\/image\/\",\"url\":\"https:\/\/torello.com\/wp-content\/uploads\/2020\/02\/TORELLO_LOGO_4.png\",\"contentUrl\":\"https:\/\/torello.com\/wp-content\/uploads\/2020\/02\/TORELLO_LOGO_4.png\",\"width\":278,\"height\":140,\"caption\":\"Torell\u00f3 sparkling and ecologic wines\"},\"image\":{\"@id\":\"https:\/\/torello.com\/en\/#\/schema\/logo\/image\/\"},\"sameAs\":[\"https:\/\/www.facebook.com\/TorelloViticultors\/\",\"https:\/\/x.com\/TorelloViticult\",\"https:\/\/www.instagram.com\/torelloviticultors\/\",\"https:\/\/www.youtube.com\/user\/Torello57\"]}]}<\/script>\n<!-- \/ Yoast SEO plugin. -->","yoast_head_json":{"title":"Gran Torell\u00f3 Grandes A\u00f1adas Brut Nature 2014 | Torell\u00f3 Viticultors Grans escumosos i vins ecol\u00f2gics","robots":{"index":"index","follow":"follow","max-snippet":"max-snippet:-1","max-image-preview":"max-image-preview:large","max-video-preview":"max-video-preview:-1"},"canonical":"https:\/\/torello.com\/en\/producto\/gran-torello-grandes-anadas-brut-nature-2014\/","og_locale":"en_US","og_type":"article","og_title":"Gran Torell\u00f3 Grandes A\u00f1adas Brut Nature 2014 | Torell\u00f3 Viticultors Grans escumosos i vins ecol\u00f2gics","og_description":"A corpinnat with great expression of maturity and complexity. Grape Varieties 57% Xarel\u00b7lo, 25% Macabeu and 18% Parellada, from our vines in Can Mart\u00ed Production  The bunches arrive whole at the cellar and, before passing all the grapes over the selection table, a separate soft pressing is done of each variety. We use the Inertys technology in our presses which protects the juice from oxidation during the pressing phase. In winter we do the assemblage of the different varieties, the bottling and afterwards the second fermentation in the bottle that takes place with natural cork. Ageing  More than 120 months on the lees. Every year we do the poignettage (agitation of the bottle), which makes that the yeasts mix again with the wine. Due to that, the sparkling wine is being enriched in aromas and flavors. Manual clarification in pupitres. Disgorging without sugar addition. Presentation 75cl | Magnum Alcoholic degree 12\u00ba Lu\u00eds Guti\u00e9rrez - Robert Parker - The Wine Advocate - Tasting note The 2014 Gran Torell\u00f3 Brut Nature \u201cGrandes A\u00f1adas\u201d was produced with 57% Xarel.lo, 25% Macabeo and 18% Parellada from their estate. It aged in bottle with lees and is closed with a cork stopper. It\u2019s toasty and yeasty with notes of freshly baked brioche with a Mediterranean core of aromatic herbs and flowers. It\u2019s aging slowly and gaining complexity. The bubbles are abundant but small and integrated, and the finish is long and dry, with a bitter twist. 3,080 bottles and 359 magnums produced. It was disgorged in October 2024, 10 years after the harvest. Link to the Luis Guti\u00e9rrez tasting note published in Robert Parker - The Wine Advocate. Awards   Robert Parker - The Wine Advocate: 95 points.  Gu\u00eda Pe\u00f1\u00edn 2026: 94 points.","og_url":"https:\/\/torello.com\/en\/producto\/gran-torello-grandes-anadas-brut-nature-2014\/","og_site_name":"Torell\u00f3 Viticultors Grans escumosos i vins ecol\u00f2gics","article_publisher":"https:\/\/www.facebook.com\/TorelloViticultors\/","article_modified_time":"2026-03-25T14:47:21+00:00","og_image":[{"width":560,"height":560,"url":"https:\/\/torello.com\/wp-content\/uploads\/2023\/04\/Gran-Torello-Grans-Anyades-2014-75-CL-amb-estoig.jpg","type":"image\/jpeg"}],"twitter_card":"summary_large_image","twitter_site":"@TorelloViticult","twitter_misc":{"Est. reading time":"2 minutes"},"schema":{"@context":"https:\/\/schema.org","@graph":[{"@type":"WebPage","@id":"https:\/\/torello.com\/en\/producto\/gran-torello-grandes-anadas-brut-nature-2014\/","url":"https:\/\/torello.com\/en\/producto\/gran-torello-grandes-anadas-brut-nature-2014\/","name":"Gran Torell\u00f3 Grandes A\u00f1adas Brut Nature 2014 | Torell\u00f3 Viticultors Grans escumosos i vins ecol\u00f2gics","isPartOf":{"@id":"https:\/\/torello.com\/en\/#website"},"primaryImageOfPage":{"@id":"https:\/\/torello.com\/en\/producto\/gran-torello-grandes-anadas-brut-nature-2014\/#primaryimage"},"image":{"@id":"https:\/\/torello.com\/en\/producto\/gran-torello-grandes-anadas-brut-nature-2014\/#primaryimage"},"thumbnailUrl":"https:\/\/torello.com\/wp-content\/uploads\/2023\/04\/Gran-Torello-Grans-Anyades-2014-75-CL-amb-estoig.jpg","datePublished":"2023-04-21T11:22:21+00:00","dateModified":"2026-03-25T14:47:21+00:00","breadcrumb":{"@id":"https:\/\/torello.com\/en\/producto\/gran-torello-grandes-anadas-brut-nature-2014\/#breadcrumb"},"inLanguage":"en-US","potentialAction":[{"@type":"ReadAction","target":["https:\/\/torello.com\/en\/producto\/gran-torello-grandes-anadas-brut-nature-2014\/"]}]},{"@type":"ImageObject","inLanguage":"en-US","@id":"https:\/\/torello.com\/en\/producto\/gran-torello-grandes-anadas-brut-nature-2014\/#primaryimage","url":"https:\/\/torello.com\/wp-content\/uploads\/2023\/04\/Gran-Torello-Grans-Anyades-2014-75-CL-amb-estoig.jpg","contentUrl":"https:\/\/torello.com\/wp-content\/uploads\/2023\/04\/Gran-Torello-Grans-Anyades-2014-75-CL-amb-estoig.jpg","width":560,"height":560,"caption":"Gran Torell\u00f3 Grans Anyades 2014 75 CL amb estoig"},{"@type":"BreadcrumbList","@id":"https:\/\/torello.com\/en\/producto\/gran-torello-grandes-anadas-brut-nature-2014\/#breadcrumb","itemListElement":[{"@type":"ListItem","position":1,"name":"Inici","item":"https:\/\/torello.com\/en\/"},{"@type":"ListItem","position":2,"name":"Shop","item":"https:\/\/torello.com\/en\/shop\/"},{"@type":"ListItem","position":3,"name":"Gran Torell\u00f3 Grandes A\u00f1adas Brut Nature 2014"}]},{"@type":"WebSite","@id":"https:\/\/torello.com\/en\/#website","url":"https:\/\/torello.com\/en\/","name":"Torell\u00f3 Viticultors Grans escumosos i vins ecol\u00f2gics","description":"Bodega familiar situada en el Pened\u00e9s, l\u00edder en la elaboraci\u00f3n de Cava y vinos, s\u00f3lo utiliza uva cultivada en su finca Can Mart\u00ed.","publisher":{"@id":"https:\/\/torello.com\/en\/#organization"},"potentialAction":[{"@type":"SearchAction","target":{"@type":"EntryPoint","urlTemplate":"https:\/\/torello.com\/en\/?s={search_term_string}"},"query-input":{"@type":"PropertyValueSpecification","valueRequired":true,"valueName":"search_term_string"}}],"inLanguage":"en-US"},{"@type":"Organization","@id":"https:\/\/torello.com\/en\/#organization","name":"Torell\u00f3 sparkling and ecologic wines","url":"https:\/\/torello.com\/en\/","logo":{"@type":"ImageObject","inLanguage":"en-US","@id":"https:\/\/torello.com\/en\/#\/schema\/logo\/image\/","url":"https:\/\/torello.com\/wp-content\/uploads\/2020\/02\/TORELLO_LOGO_4.png","contentUrl":"https:\/\/torello.com\/wp-content\/uploads\/2020\/02\/TORELLO_LOGO_4.png","width":278,"height":140,"caption":"Torell\u00f3 sparkling and ecologic wines"},"image":{"@id":"https:\/\/torello.com\/en\/#\/schema\/logo\/image\/"},"sameAs":["https:\/\/www.facebook.com\/TorelloViticultors\/","https:\/\/x.com\/TorelloViticult","https:\/\/www.instagram.com\/torelloviticultors\/","https:\/\/www.youtube.com\/user\/Torello57"]}]}},"_links":{"self":[{"href":"https:\/\/torello.com\/en\/wp-json\/wp\/v2\/product\/11664","targetHints":{"allow":["GET"]}}],"collection":[{"href":"https:\/\/torello.com\/en\/wp-json\/wp\/v2\/product"}],"about":[{"href":"https:\/\/torello.com\/en\/wp-json\/wp\/v2\/types\/product"}],"replies":[{"embeddable":true,"href":"https:\/\/torello.com\/en\/wp-json\/wp\/v2\/comments?post=11664"}],"wp:featuredmedia":[{"embeddable":true,"href":"https:\/\/torello.com\/en\/wp-json\/wp\/v2\/media\/22942"}],"wp:attachment":[{"href":"https:\/\/torello.com\/en\/wp-json\/wp\/v2\/media?parent=11664"}],"wp:term":[{"taxonomy":"product_brand","embeddable":true,"href":"https:\/\/torello.com\/en\/wp-json\/wp\/v2\/product_brand?post=11664"},{"taxonomy":"product_cat","embeddable":true,"href":"https:\/\/torello.com\/en\/wp-json\/wp\/v2\/product_cat?post=11664"},{"taxonomy":"product_tag","embeddable":true,"href":"https:\/\/torello.com\/en\/wp-json\/wp\/v2\/product_tag?post=11664"},{"taxonomy":"giftcard-category","embeddable":true,"href":"https:\/\/torello.com\/en\/wp-json\/wp\/v2\/giftcard-category?post=11664"}],"curies":[{"name":"wp","href":"https:\/\/api.w.org\/{rel}","templated":true}]}}