{"id":11674,"date":"2023-04-26T13:39:41","date_gmt":"2023-04-26T13:39:41","guid":{"rendered":"https:\/\/torello.com\/producte\/mas-de-la-torrevella-2022\/"},"modified":"2026-03-25T14:59:26","modified_gmt":"2026-03-25T13:59:26","slug":"mas-de-la-torrevella","status":"publish","type":"product","link":"https:\/\/torello.com\/en\/producto\/mas-de-la-torrevella\/","title":{"rendered":"Mas de la Torrevella 2024"},"content":{"rendered":"<p><span style=\"color: #937b4f;\"><strong>Varieties<\/strong>: <\/span>100% organic Chardonnay.<\/p>\n<p><span style=\"color: #937b4f;\"><strong>The harvest<\/strong>: <\/span>2024 has been a year when we have had a little more rain than in recent years, 469 litres per square metre (still lower than the average of 530 litres of the last 8 years). The harvest of the 11 varieties of grape on our Can Mart\u00ed estate started on the very early morning of the 5th of August and finished on the 18th of September. As in the last few years, the harvest started at 04:30 in the morning, this strategy better preserves the colour and the aromas of the must. In general, the production of grapes on our estate has been similar to that of last year, though the grapes are smaller than other years due to the drought. We can say that it has been a very good campaign, with fresh and aromatic still wines, with typical quality aromas for each variety, and corpinnat base wines with good acidity which will bring aging capacity for our sparkling wines. In years of drought, we buy grapes from local growers.<\/p>\n<p><span style=\"color: #937b4f;\"><strong>Production<\/strong>: <\/span>The grapes go through the selection table and then they are pressed, with finesse, on pneumatic presses. Only the first fraction of the pressing (also called \u201cMosto Flor\u201d) is used, the highest quality. We incorporated the Inertys Technology in the presses, with the aim of protecting the must from any oxidation, during the pressing phase.<\/p>\n<p><span style=\"color: #937b4f;\"><strong>Tasting note:<\/strong><\/span>\u00a0 75cl.<\/p>\n<p><span style=\"color: #937b4f;\"><strong>Presentation:<\/strong><\/span>Very clean greenish yellow color. Intense aroma of tropical fruit and exotic ripe, where in evolution appear citrus notes. The palate has a pleasant entrance, good acidity, it is fleshy and with sweet notes. The notes of delicate tropical fruit are confirmed and appear of ripe white fruit.<\/p>\n","protected":false},"excerpt":{"rendered":"<p><span style=\"color: #937b4f;\"><strong>Varieties<\/strong>: <\/span>100% organic Chardonnay.<\/p>\n<p><span style=\"color: #937b4f;\"><strong>The harvest<\/strong>: <\/span>2024 has been a year when we have had a little more rain than in recent years, 469 litres per square metre (still lower than the average of 530 litres of the last 8 years). The harvest of the 11 varieties of grape on our Can Mart\u00ed estate started on the very early morning of the 5th of August and finished on the 18th of September. As in the last few years, the harvest started at 04:30 in the morning, this strategy better preserves the colour and the aromas of the must. In general, the production of grapes on our estate has been similar to that of last year, though the grapes are smaller than other years due to the drought. We can say that it has been a very good campaign, with fresh and aromatic still wines, with typical quality aromas for each variety, and corpinnat base wines with good acidity which will bring aging capacity for our sparkling wines. In years of drought, we buy grapes from local growers.<\/p>\n<p><span style=\"color: #937b4f;\"><strong>Production<\/strong>: <\/span>The grapes go through the selection table and then they are pressed, with finesse, on pneumatic presses. Only the first fraction of the pressing (also called \u201cMosto Flor\u201d) is used, the highest quality. We incorporated the Inertys Technology in the presses, with the aim of protecting the must from any oxidation, during the pressing phase.<\/p>\n<p><span style=\"color: #937b4f;\"><strong>Tasting note:<\/strong><\/span>\u00a0 75cl.<\/p>\n<p><span style=\"color: #937b4f;\"><strong>Presentation:<\/strong><\/span>Very clean greenish yellow color. Intense aroma of tropical fruit and exotic ripe, where in evolution appear citrus notes. The palate has a pleasant entrance, good acidity, it is fleshy and with sweet notes. The notes of delicate tropical fruit are confirmed and appear of ripe white fruit.<\/p>\n","protected":false},"featured_media":11514,"comment_status":"open","ping_status":"closed","template":"","meta":[],"product_brand":[],"product_cat":[897],"product_tag":[],"giftcard-category":[],"class_list":{"0":"post-11674","1":"product","2":"type-product","3":"status-publish","4":"has-post-thumbnail","6":"product_cat-penedes-en","8":"first","9":"instock","10":"shipping-taxable","11":"purchasable","12":"product-type-variable"},"exclude_global_add_ons":[],"addons":[],"yoast_head":"<!-- This site is optimized with the Yoast SEO plugin v26.7 - https:\/\/yoast.com\/wordpress\/plugins\/seo\/ -->\n<title>Torell\u00f3 Mas de la Torrevella<\/title>\n<meta name=\"description\" content=\"Mas de la Torrevella is a DO Pened\u00e8s white wine 100% Chardonnay, grapes cultivated folowing the rules of the organic farming\" \/>\n<meta name=\"robots\" content=\"index, follow, max-snippet:-1, max-image-preview:large, max-video-preview:-1\" \/>\n<link rel=\"canonical\" href=\"https:\/\/torello.com\/en\/producto\/mas-de-la-torrevella\/\" \/>\n<meta property=\"og:locale\" content=\"en_US\" \/>\n<meta property=\"og:type\" content=\"article\" \/>\n<meta property=\"og:title\" content=\"Torell\u00f3 Mas de la Torrevella\" \/>\n<meta property=\"og:description\" content=\"Mas de la Torrevella is a DO Pened\u00e8s white wine 100% Chardonnay, grapes cultivated folowing the rules of the organic farming\" \/>\n<meta property=\"og:url\" content=\"https:\/\/torello.com\/en\/producto\/mas-de-la-torrevella\/\" \/>\n<meta property=\"og:site_name\" content=\"Torell\u00f3 Viticultors Grans escumosos i vins ecol\u00f2gics\" \/>\n<meta property=\"article:publisher\" content=\"https:\/\/www.facebook.com\/TorelloViticultors\/\" \/>\n<meta property=\"article:modified_time\" content=\"2026-03-25T13:59:26+00:00\" \/>\n<meta property=\"og:image\" content=\"https:\/\/torello.com\/wp-content\/uploads\/2023\/04\/Mas-de-la-Torrevella-075-cl.jpg\" \/>\n\t<meta property=\"og:image:width\" content=\"560\" \/>\n\t<meta property=\"og:image:height\" content=\"560\" \/>\n\t<meta property=\"og:image:type\" content=\"image\/jpeg\" \/>\n<meta name=\"twitter:card\" content=\"summary_large_image\" \/>\n<meta name=\"twitter:site\" content=\"@TorelloViticult\" \/>\n<meta name=\"twitter:label1\" content=\"Est. reading time\" \/>\n\t<meta name=\"twitter:data1\" content=\"2 minutes\" \/>\n<script type=\"application\/ld+json\" class=\"yoast-schema-graph\">{\"@context\":\"https:\/\/schema.org\",\"@graph\":[{\"@type\":\"WebPage\",\"@id\":\"https:\/\/torello.com\/en\/producto\/mas-de-la-torrevella\/\",\"url\":\"https:\/\/torello.com\/en\/producto\/mas-de-la-torrevella\/\",\"name\":\"Torell\u00f3 Mas de la Torrevella\",\"isPartOf\":{\"@id\":\"https:\/\/torello.com\/en\/#website\"},\"primaryImageOfPage\":{\"@id\":\"https:\/\/torello.com\/en\/producto\/mas-de-la-torrevella\/#primaryimage\"},\"image\":{\"@id\":\"https:\/\/torello.com\/en\/producto\/mas-de-la-torrevella\/#primaryimage\"},\"thumbnailUrl\":\"https:\/\/torello.com\/wp-content\/uploads\/2023\/04\/Mas-de-la-Torrevella-075-cl.jpg\",\"datePublished\":\"2023-04-26T13:39:41+00:00\",\"dateModified\":\"2026-03-25T13:59:26+00:00\",\"description\":\"Mas de la Torrevella is a DO Pened\u00e8s white wine 100% Chardonnay, grapes cultivated folowing the rules of the organic farming\",\"breadcrumb\":{\"@id\":\"https:\/\/torello.com\/en\/producto\/mas-de-la-torrevella\/#breadcrumb\"},\"inLanguage\":\"en-US\",\"potentialAction\":[{\"@type\":\"ReadAction\",\"target\":[\"https:\/\/torello.com\/en\/producto\/mas-de-la-torrevella\/\"]}]},{\"@type\":\"ImageObject\",\"inLanguage\":\"en-US\",\"@id\":\"https:\/\/torello.com\/en\/producto\/mas-de-la-torrevella\/#primaryimage\",\"url\":\"https:\/\/torello.com\/wp-content\/uploads\/2023\/04\/Mas-de-la-Torrevella-075-cl.jpg\",\"contentUrl\":\"https:\/\/torello.com\/wp-content\/uploads\/2023\/04\/Mas-de-la-Torrevella-075-cl.jpg\",\"width\":560,\"height\":560,\"caption\":\"Mas de la Torrevella 0,75 cl\"},{\"@type\":\"BreadcrumbList\",\"@id\":\"https:\/\/torello.com\/en\/producto\/mas-de-la-torrevella\/#breadcrumb\",\"itemListElement\":[{\"@type\":\"ListItem\",\"position\":1,\"name\":\"Inici\",\"item\":\"https:\/\/torello.com\/en\/\"},{\"@type\":\"ListItem\",\"position\":2,\"name\":\"Shop\",\"item\":\"https:\/\/torello.com\/en\/shop\/\"},{\"@type\":\"ListItem\",\"position\":3,\"name\":\"Mas de la Torrevella 2024\"}]},{\"@type\":\"WebSite\",\"@id\":\"https:\/\/torello.com\/en\/#website\",\"url\":\"https:\/\/torello.com\/en\/\",\"name\":\"Torell\u00f3 Viticultors Grans escumosos i vins ecol\u00f2gics\",\"description\":\"Bodega familiar situada en el Pened\u00e9s, l\u00edder en la elaboraci\u00f3n de Cava y vinos, s\u00f3lo utiliza uva cultivada en su finca Can Mart\u00ed.\",\"publisher\":{\"@id\":\"https:\/\/torello.com\/en\/#organization\"},\"potentialAction\":[{\"@type\":\"SearchAction\",\"target\":{\"@type\":\"EntryPoint\",\"urlTemplate\":\"https:\/\/torello.com\/en\/?s={search_term_string}\"},\"query-input\":{\"@type\":\"PropertyValueSpecification\",\"valueRequired\":true,\"valueName\":\"search_term_string\"}}],\"inLanguage\":\"en-US\"},{\"@type\":\"Organization\",\"@id\":\"https:\/\/torello.com\/en\/#organization\",\"name\":\"Torell\u00f3 sparkling and ecologic wines\",\"url\":\"https:\/\/torello.com\/en\/\",\"logo\":{\"@type\":\"ImageObject\",\"inLanguage\":\"en-US\",\"@id\":\"https:\/\/torello.com\/en\/#\/schema\/logo\/image\/\",\"url\":\"https:\/\/torello.com\/wp-content\/uploads\/2020\/02\/TORELLO_LOGO_4.png\",\"contentUrl\":\"https:\/\/torello.com\/wp-content\/uploads\/2020\/02\/TORELLO_LOGO_4.png\",\"width\":278,\"height\":140,\"caption\":\"Torell\u00f3 sparkling and ecologic wines\"},\"image\":{\"@id\":\"https:\/\/torello.com\/en\/#\/schema\/logo\/image\/\"},\"sameAs\":[\"https:\/\/www.facebook.com\/TorelloViticultors\/\",\"https:\/\/x.com\/TorelloViticult\",\"https:\/\/www.instagram.com\/torelloviticultors\/\",\"https:\/\/www.youtube.com\/user\/Torello57\"]}]}<\/script>\n<!-- \/ Yoast SEO plugin. -->","yoast_head_json":{"title":"Torell\u00f3 Mas de la Torrevella","description":"Mas de la Torrevella is a DO Pened\u00e8s white wine 100% Chardonnay, grapes cultivated folowing the rules of the organic farming","robots":{"index":"index","follow":"follow","max-snippet":"max-snippet:-1","max-image-preview":"max-image-preview:large","max-video-preview":"max-video-preview:-1"},"canonical":"https:\/\/torello.com\/en\/producto\/mas-de-la-torrevella\/","og_locale":"en_US","og_type":"article","og_title":"Torell\u00f3 Mas de la Torrevella","og_description":"Mas de la Torrevella is a DO Pened\u00e8s white wine 100% Chardonnay, grapes cultivated folowing the rules of the organic farming","og_url":"https:\/\/torello.com\/en\/producto\/mas-de-la-torrevella\/","og_site_name":"Torell\u00f3 Viticultors Grans escumosos i vins ecol\u00f2gics","article_publisher":"https:\/\/www.facebook.com\/TorelloViticultors\/","article_modified_time":"2026-03-25T13:59:26+00:00","og_image":[{"width":560,"height":560,"url":"https:\/\/torello.com\/wp-content\/uploads\/2023\/04\/Mas-de-la-Torrevella-075-cl.jpg","type":"image\/jpeg"}],"twitter_card":"summary_large_image","twitter_site":"@TorelloViticult","twitter_misc":{"Est. reading time":"2 minutes"},"schema":{"@context":"https:\/\/schema.org","@graph":[{"@type":"WebPage","@id":"https:\/\/torello.com\/en\/producto\/mas-de-la-torrevella\/","url":"https:\/\/torello.com\/en\/producto\/mas-de-la-torrevella\/","name":"Torell\u00f3 Mas de la Torrevella","isPartOf":{"@id":"https:\/\/torello.com\/en\/#website"},"primaryImageOfPage":{"@id":"https:\/\/torello.com\/en\/producto\/mas-de-la-torrevella\/#primaryimage"},"image":{"@id":"https:\/\/torello.com\/en\/producto\/mas-de-la-torrevella\/#primaryimage"},"thumbnailUrl":"https:\/\/torello.com\/wp-content\/uploads\/2023\/04\/Mas-de-la-Torrevella-075-cl.jpg","datePublished":"2023-04-26T13:39:41+00:00","dateModified":"2026-03-25T13:59:26+00:00","description":"Mas de la Torrevella is a DO Pened\u00e8s white wine 100% Chardonnay, grapes cultivated folowing the rules of the organic farming","breadcrumb":{"@id":"https:\/\/torello.com\/en\/producto\/mas-de-la-torrevella\/#breadcrumb"},"inLanguage":"en-US","potentialAction":[{"@type":"ReadAction","target":["https:\/\/torello.com\/en\/producto\/mas-de-la-torrevella\/"]}]},{"@type":"ImageObject","inLanguage":"en-US","@id":"https:\/\/torello.com\/en\/producto\/mas-de-la-torrevella\/#primaryimage","url":"https:\/\/torello.com\/wp-content\/uploads\/2023\/04\/Mas-de-la-Torrevella-075-cl.jpg","contentUrl":"https:\/\/torello.com\/wp-content\/uploads\/2023\/04\/Mas-de-la-Torrevella-075-cl.jpg","width":560,"height":560,"caption":"Mas de la Torrevella 0,75 cl"},{"@type":"BreadcrumbList","@id":"https:\/\/torello.com\/en\/producto\/mas-de-la-torrevella\/#breadcrumb","itemListElement":[{"@type":"ListItem","position":1,"name":"Inici","item":"https:\/\/torello.com\/en\/"},{"@type":"ListItem","position":2,"name":"Shop","item":"https:\/\/torello.com\/en\/shop\/"},{"@type":"ListItem","position":3,"name":"Mas de la Torrevella 2024"}]},{"@type":"WebSite","@id":"https:\/\/torello.com\/en\/#website","url":"https:\/\/torello.com\/en\/","name":"Torell\u00f3 Viticultors Grans escumosos i vins ecol\u00f2gics","description":"Bodega familiar situada en el Pened\u00e9s, l\u00edder en la elaboraci\u00f3n de Cava y vinos, s\u00f3lo utiliza uva cultivada en su finca Can Mart\u00ed.","publisher":{"@id":"https:\/\/torello.com\/en\/#organization"},"potentialAction":[{"@type":"SearchAction","target":{"@type":"EntryPoint","urlTemplate":"https:\/\/torello.com\/en\/?s={search_term_string}"},"query-input":{"@type":"PropertyValueSpecification","valueRequired":true,"valueName":"search_term_string"}}],"inLanguage":"en-US"},{"@type":"Organization","@id":"https:\/\/torello.com\/en\/#organization","name":"Torell\u00f3 sparkling and ecologic wines","url":"https:\/\/torello.com\/en\/","logo":{"@type":"ImageObject","inLanguage":"en-US","@id":"https:\/\/torello.com\/en\/#\/schema\/logo\/image\/","url":"https:\/\/torello.com\/wp-content\/uploads\/2020\/02\/TORELLO_LOGO_4.png","contentUrl":"https:\/\/torello.com\/wp-content\/uploads\/2020\/02\/TORELLO_LOGO_4.png","width":278,"height":140,"caption":"Torell\u00f3 sparkling and ecologic wines"},"image":{"@id":"https:\/\/torello.com\/en\/#\/schema\/logo\/image\/"},"sameAs":["https:\/\/www.facebook.com\/TorelloViticultors\/","https:\/\/x.com\/TorelloViticult","https:\/\/www.instagram.com\/torelloviticultors\/","https:\/\/www.youtube.com\/user\/Torello57"]}]}},"_links":{"self":[{"href":"https:\/\/torello.com\/en\/wp-json\/wp\/v2\/product\/11674","targetHints":{"allow":["GET"]}}],"collection":[{"href":"https:\/\/torello.com\/en\/wp-json\/wp\/v2\/product"}],"about":[{"href":"https:\/\/torello.com\/en\/wp-json\/wp\/v2\/types\/product"}],"replies":[{"embeddable":true,"href":"https:\/\/torello.com\/en\/wp-json\/wp\/v2\/comments?post=11674"}],"wp:featuredmedia":[{"embeddable":true,"href":"https:\/\/torello.com\/en\/wp-json\/wp\/v2\/media\/11514"}],"wp:attachment":[{"href":"https:\/\/torello.com\/en\/wp-json\/wp\/v2\/media?parent=11674"}],"wp:term":[{"taxonomy":"product_brand","embeddable":true,"href":"https:\/\/torello.com\/en\/wp-json\/wp\/v2\/product_brand?post=11674"},{"taxonomy":"product_cat","embeddable":true,"href":"https:\/\/torello.com\/en\/wp-json\/wp\/v2\/product_cat?post=11674"},{"taxonomy":"product_tag","embeddable":true,"href":"https:\/\/torello.com\/en\/wp-json\/wp\/v2\/product_tag?post=11674"},{"taxonomy":"giftcard-category","embeddable":true,"href":"https:\/\/torello.com\/en\/wp-json\/wp\/v2\/giftcard-category?post=11674"}],"curies":[{"name":"wp","href":"https:\/\/api.w.org\/{rel}","templated":true}]}}