{"id":11680,"date":"2023-04-26T14:04:03","date_gmt":"2023-04-26T14:04:03","guid":{"rendered":"https:\/\/torello.com\/producte\/50-lliures-2022\/"},"modified":"2026-03-25T14:45:42","modified_gmt":"2026-03-25T13:45:42","slug":"50-lliures-2023","status":"publish","type":"product","link":"https:\/\/torello.com\/en\/producto\/50-lliures-2023\/","title":{"rendered":"50 Lliures 2023"},"content":{"rendered":"<p><span style=\"color: #937b4f;\"><strong>Grape varieties<\/strong>:<\/span> 100% xarel\u00b7lo.<\/p>\n<p><span style=\"color: #937b4f;\"><strong>Production<\/strong>:<\/span> This wine is made in five different containers before bottling: amphora, demijohn, cement egg, stainless steel tank and oak and acacia barrels. These give the wine a whole range of aromatic and gustatory nuances that make it very special and with the vocation of maturing in the bottle.<\/p>\n<p><span style=\"color: #937b4f;\"><strong>Presentation:<\/strong><\/span>\u00a0 75cl<\/p>\n<p><span style=\"color: #937b4f;\"><strong>Tasting note:<\/strong><\/span>\u00a0 A clean, bright yellow wine with hints of new gold and green reflections. The nose is intense and complex. Notes of ripe fruit and floral notes appear, such as fennel and camomile, typical of the variety. Also, due to the passage of the wine through various containers of different textures, earthy, toasted and vanilla notes appear. In the mouth it is unctuous, silky, with good acidity that gives it freshness. The freshness of the stainless steel, the minerality of the cement egg, the creaminess of the barrel, the earthiness of the amphora and the reduction of the demijohn are noticeable. Ripe fruit notes, such as apricot, are also confirmed on the palate. It is a very Mediterranean wine.<\/p>\n<p><span style=\"color: #937b4f;\"><strong>Awards:<\/strong><\/span><\/p>\n<ul>\n<li>91 points Guia Pe\u00f1\u00edn 2026.<\/li>\n<li>92 points &#8220;Catalonia whites&#8221; article Decanter. July 2025.<\/li>\n<\/ul>\n","protected":false},"excerpt":{"rendered":"<p><span style=\"color: #937b4f;\"><strong>Grape varieties<\/strong>:<\/span> 100% xarel\u00b7lo.<\/p>\n<p><span style=\"color: #937b4f;\"><strong>Production<\/strong>:<\/span> This wine is made in five different containers before bottling: amphora, demijohn, cement egg, stainless steel tank and oak and acacia barrels. These give the wine a whole range of aromatic and gustatory nuances that make it very special and with the vocation of maturing in the bottle.<\/p>\n<p><span style=\"color: #937b4f;\"><strong>Presentation:<\/strong><\/span>\u00a0 75cl<\/p>\n<p><span style=\"color: #937b4f;\"><strong>Tasting note:<\/strong><\/span>\u00a0 A clean, bright yellow wine with hints of new gold and green reflections. The nose is intense and complex. Notes of ripe fruit and floral notes appear, such as fennel and camomile, typical of the variety. Also, due to the passage of the wine through various containers of different textures, earthy, toasted and vanilla notes appear. In the mouth it is unctuous, silky, with good acidity that gives it freshness. The freshness of the stainless steel, the minerality of the cement egg, the creaminess of the barrel, the earthiness of the amphora and the reduction of the demijohn are noticeable. Ripe fruit notes, such as apricot, are also confirmed on the palate. It is a very Mediterranean wine.<\/p>\n<p><span style=\"color: #937b4f;\"><strong>Awards:<\/strong><\/span><\/p>\n<ul>\n<li>91 points Guia Pe\u00f1\u00edn 2026.<\/li>\n<li>92 points &#8220;Catalonia whites&#8221; article Decanter. July 2025.<\/li>\n<li><\/li>\n<\/ul>\n","protected":false},"featured_media":11517,"comment_status":"open","ping_status":"closed","template":"","meta":[],"product_brand":[],"product_cat":[897],"product_tag":[],"giftcard-category":[],"class_list":{"0":"post-11680","1":"product","2":"type-product","3":"status-publish","4":"has-post-thumbnail","6":"product_cat-penedes-en","8":"first","9":"instock","10":"shipping-taxable","11":"purchasable","12":"product-type-variable"},"exclude_global_add_ons":[],"addons":[],"yoast_head":"<!-- This site is optimized with the Yoast SEO plugin v26.7 - https:\/\/yoast.com\/wordpress\/plugins\/seo\/ -->\n<title>50 Lliures 2023 | Torell\u00f3 Viticultors Grans escumosos i vins ecol\u00f2gics<\/title>\n<meta name=\"robots\" content=\"index, follow, max-snippet:-1, max-image-preview:large, max-video-preview:-1\" \/>\n<link rel=\"canonical\" href=\"https:\/\/torello.com\/en\/producto\/50-lliures-2023\/\" \/>\n<meta property=\"og:locale\" content=\"en_US\" \/>\n<meta property=\"og:type\" content=\"article\" \/>\n<meta property=\"og:title\" content=\"50 Lliures 2023 | Torell\u00f3 Viticultors Grans escumosos i vins ecol\u00f2gics\" \/>\n<meta property=\"og:description\" content=\"Grape varieties: 100% xarel\u00b7lo.  Production: This wine is made in five different containers before bottling: amphora, demijohn, cement egg, stainless steel tank and oak and acacia barrels. These give the wine a whole range of aromatic and gustatory nuances that make it very special and with the vocation of maturing in the bottle.  Presentation:\u00a0 75cl  Tasting note:\u00a0 A clean, bright yellow wine with hints of new gold and green reflections. The nose is intense and complex. Notes of ripe fruit and floral notes appear, such as fennel and camomile, typical of the variety. Also, due to the passage of the wine through various containers of different textures, earthy, toasted and vanilla notes appear. In the mouth it is unctuous, silky, with good acidity that gives it freshness. The freshness of the stainless steel, the minerality of the cement egg, the creaminess of the barrel, the earthiness of the amphora and the reduction of the demijohn are noticeable. Ripe fruit notes, such as apricot, are also confirmed on the palate. It is a very Mediterranean wine.  Awards:   91 points Guia Pe\u00f1\u00edn 2026.  92 points &quot;Catalonia whites&quot; article Decanter. July 2025.\" \/>\n<meta property=\"og:url\" content=\"https:\/\/torello.com\/en\/producto\/50-lliures-2023\/\" \/>\n<meta property=\"og:site_name\" content=\"Torell\u00f3 Viticultors Grans escumosos i vins ecol\u00f2gics\" \/>\n<meta property=\"article:publisher\" content=\"https:\/\/www.facebook.com\/TorelloViticultors\/\" \/>\n<meta property=\"article:modified_time\" content=\"2026-03-25T13:45:42+00:00\" \/>\n<meta property=\"og:image\" content=\"https:\/\/torello.com\/wp-content\/uploads\/2023\/04\/50-Llliures-2022-075-cl.jpg\" \/>\n\t<meta property=\"og:image:width\" content=\"560\" \/>\n\t<meta property=\"og:image:height\" content=\"560\" \/>\n\t<meta property=\"og:image:type\" content=\"image\/jpeg\" \/>\n<meta name=\"twitter:card\" content=\"summary_large_image\" \/>\n<meta name=\"twitter:site\" content=\"@TorelloViticult\" \/>\n<meta name=\"twitter:label1\" content=\"Est. reading time\" \/>\n\t<meta name=\"twitter:data1\" content=\"2 minutes\" \/>\n<script type=\"application\/ld+json\" class=\"yoast-schema-graph\">{\"@context\":\"https:\/\/schema.org\",\"@graph\":[{\"@type\":\"WebPage\",\"@id\":\"https:\/\/torello.com\/en\/producto\/50-lliures-2023\/\",\"url\":\"https:\/\/torello.com\/en\/producto\/50-lliures-2023\/\",\"name\":\"50 Lliures 2023 | Torell\u00f3 Viticultors Grans escumosos i vins ecol\u00f2gics\",\"isPartOf\":{\"@id\":\"https:\/\/torello.com\/en\/#website\"},\"primaryImageOfPage\":{\"@id\":\"https:\/\/torello.com\/en\/producto\/50-lliures-2023\/#primaryimage\"},\"image\":{\"@id\":\"https:\/\/torello.com\/en\/producto\/50-lliures-2023\/#primaryimage\"},\"thumbnailUrl\":\"https:\/\/torello.com\/wp-content\/uploads\/2023\/04\/50-Llliures-2022-075-cl.jpg\",\"datePublished\":\"2023-04-26T14:04:03+00:00\",\"dateModified\":\"2026-03-25T13:45:42+00:00\",\"breadcrumb\":{\"@id\":\"https:\/\/torello.com\/en\/producto\/50-lliures-2023\/#breadcrumb\"},\"inLanguage\":\"en-US\",\"potentialAction\":[{\"@type\":\"ReadAction\",\"target\":[\"https:\/\/torello.com\/en\/producto\/50-lliures-2023\/\"]}]},{\"@type\":\"ImageObject\",\"inLanguage\":\"en-US\",\"@id\":\"https:\/\/torello.com\/en\/producto\/50-lliures-2023\/#primaryimage\",\"url\":\"https:\/\/torello.com\/wp-content\/uploads\/2023\/04\/50-Llliures-2022-075-cl.jpg\",\"contentUrl\":\"https:\/\/torello.com\/wp-content\/uploads\/2023\/04\/50-Llliures-2022-075-cl.jpg\",\"width\":560,\"height\":560,\"caption\":\"50 Llliures 2022 0,75 cl\"},{\"@type\":\"BreadcrumbList\",\"@id\":\"https:\/\/torello.com\/en\/producto\/50-lliures-2023\/#breadcrumb\",\"itemListElement\":[{\"@type\":\"ListItem\",\"position\":1,\"name\":\"Inici\",\"item\":\"https:\/\/torello.com\/en\/\"},{\"@type\":\"ListItem\",\"position\":2,\"name\":\"Shop\",\"item\":\"https:\/\/torello.com\/en\/shop\/\"},{\"@type\":\"ListItem\",\"position\":3,\"name\":\"50 Lliures 2023\"}]},{\"@type\":\"WebSite\",\"@id\":\"https:\/\/torello.com\/en\/#website\",\"url\":\"https:\/\/torello.com\/en\/\",\"name\":\"Torell\u00f3 Viticultors Grans escumosos i vins ecol\u00f2gics\",\"description\":\"Bodega familiar situada en el Pened\u00e9s, l\u00edder en la elaboraci\u00f3n de Cava y vinos, s\u00f3lo utiliza uva cultivada en su finca Can Mart\u00ed.\",\"publisher\":{\"@id\":\"https:\/\/torello.com\/en\/#organization\"},\"potentialAction\":[{\"@type\":\"SearchAction\",\"target\":{\"@type\":\"EntryPoint\",\"urlTemplate\":\"https:\/\/torello.com\/en\/?s={search_term_string}\"},\"query-input\":{\"@type\":\"PropertyValueSpecification\",\"valueRequired\":true,\"valueName\":\"search_term_string\"}}],\"inLanguage\":\"en-US\"},{\"@type\":\"Organization\",\"@id\":\"https:\/\/torello.com\/en\/#organization\",\"name\":\"Torell\u00f3 sparkling and ecologic wines\",\"url\":\"https:\/\/torello.com\/en\/\",\"logo\":{\"@type\":\"ImageObject\",\"inLanguage\":\"en-US\",\"@id\":\"https:\/\/torello.com\/en\/#\/schema\/logo\/image\/\",\"url\":\"https:\/\/torello.com\/wp-content\/uploads\/2020\/02\/TORELLO_LOGO_4.png\",\"contentUrl\":\"https:\/\/torello.com\/wp-content\/uploads\/2020\/02\/TORELLO_LOGO_4.png\",\"width\":278,\"height\":140,\"caption\":\"Torell\u00f3 sparkling and ecologic wines\"},\"image\":{\"@id\":\"https:\/\/torello.com\/en\/#\/schema\/logo\/image\/\"},\"sameAs\":[\"https:\/\/www.facebook.com\/TorelloViticultors\/\",\"https:\/\/x.com\/TorelloViticult\",\"https:\/\/www.instagram.com\/torelloviticultors\/\",\"https:\/\/www.youtube.com\/user\/Torello57\"]}]}<\/script>\n<!-- \/ Yoast SEO plugin. -->","yoast_head_json":{"title":"50 Lliures 2023 | Torell\u00f3 Viticultors Grans escumosos i vins ecol\u00f2gics","robots":{"index":"index","follow":"follow","max-snippet":"max-snippet:-1","max-image-preview":"max-image-preview:large","max-video-preview":"max-video-preview:-1"},"canonical":"https:\/\/torello.com\/en\/producto\/50-lliures-2023\/","og_locale":"en_US","og_type":"article","og_title":"50 Lliures 2023 | Torell\u00f3 Viticultors Grans escumosos i vins ecol\u00f2gics","og_description":"Grape varieties: 100% xarel\u00b7lo.  Production: This wine is made in five different containers before bottling: amphora, demijohn, cement egg, stainless steel tank and oak and acacia barrels. These give the wine a whole range of aromatic and gustatory nuances that make it very special and with the vocation of maturing in the bottle.  Presentation:\u00a0 75cl  Tasting note:\u00a0 A clean, bright yellow wine with hints of new gold and green reflections. The nose is intense and complex. Notes of ripe fruit and floral notes appear, such as fennel and camomile, typical of the variety. Also, due to the passage of the wine through various containers of different textures, earthy, toasted and vanilla notes appear. In the mouth it is unctuous, silky, with good acidity that gives it freshness. The freshness of the stainless steel, the minerality of the cement egg, the creaminess of the barrel, the earthiness of the amphora and the reduction of the demijohn are noticeable. Ripe fruit notes, such as apricot, are also confirmed on the palate. It is a very Mediterranean wine.  Awards:   91 points Guia Pe\u00f1\u00edn 2026.  92 points \"Catalonia whites\" article Decanter. July 2025.","og_url":"https:\/\/torello.com\/en\/producto\/50-lliures-2023\/","og_site_name":"Torell\u00f3 Viticultors Grans escumosos i vins ecol\u00f2gics","article_publisher":"https:\/\/www.facebook.com\/TorelloViticultors\/","article_modified_time":"2026-03-25T13:45:42+00:00","og_image":[{"width":560,"height":560,"url":"https:\/\/torello.com\/wp-content\/uploads\/2023\/04\/50-Llliures-2022-075-cl.jpg","type":"image\/jpeg"}],"twitter_card":"summary_large_image","twitter_site":"@TorelloViticult","twitter_misc":{"Est. reading time":"2 minutes"},"schema":{"@context":"https:\/\/schema.org","@graph":[{"@type":"WebPage","@id":"https:\/\/torello.com\/en\/producto\/50-lliures-2023\/","url":"https:\/\/torello.com\/en\/producto\/50-lliures-2023\/","name":"50 Lliures 2023 | Torell\u00f3 Viticultors Grans escumosos i vins ecol\u00f2gics","isPartOf":{"@id":"https:\/\/torello.com\/en\/#website"},"primaryImageOfPage":{"@id":"https:\/\/torello.com\/en\/producto\/50-lliures-2023\/#primaryimage"},"image":{"@id":"https:\/\/torello.com\/en\/producto\/50-lliures-2023\/#primaryimage"},"thumbnailUrl":"https:\/\/torello.com\/wp-content\/uploads\/2023\/04\/50-Llliures-2022-075-cl.jpg","datePublished":"2023-04-26T14:04:03+00:00","dateModified":"2026-03-25T13:45:42+00:00","breadcrumb":{"@id":"https:\/\/torello.com\/en\/producto\/50-lliures-2023\/#breadcrumb"},"inLanguage":"en-US","potentialAction":[{"@type":"ReadAction","target":["https:\/\/torello.com\/en\/producto\/50-lliures-2023\/"]}]},{"@type":"ImageObject","inLanguage":"en-US","@id":"https:\/\/torello.com\/en\/producto\/50-lliures-2023\/#primaryimage","url":"https:\/\/torello.com\/wp-content\/uploads\/2023\/04\/50-Llliures-2022-075-cl.jpg","contentUrl":"https:\/\/torello.com\/wp-content\/uploads\/2023\/04\/50-Llliures-2022-075-cl.jpg","width":560,"height":560,"caption":"50 Llliures 2022 0,75 cl"},{"@type":"BreadcrumbList","@id":"https:\/\/torello.com\/en\/producto\/50-lliures-2023\/#breadcrumb","itemListElement":[{"@type":"ListItem","position":1,"name":"Inici","item":"https:\/\/torello.com\/en\/"},{"@type":"ListItem","position":2,"name":"Shop","item":"https:\/\/torello.com\/en\/shop\/"},{"@type":"ListItem","position":3,"name":"50 Lliures 2023"}]},{"@type":"WebSite","@id":"https:\/\/torello.com\/en\/#website","url":"https:\/\/torello.com\/en\/","name":"Torell\u00f3 Viticultors Grans escumosos i vins ecol\u00f2gics","description":"Bodega familiar situada en el Pened\u00e9s, l\u00edder en la elaboraci\u00f3n de Cava y vinos, s\u00f3lo utiliza uva cultivada en su finca Can Mart\u00ed.","publisher":{"@id":"https:\/\/torello.com\/en\/#organization"},"potentialAction":[{"@type":"SearchAction","target":{"@type":"EntryPoint","urlTemplate":"https:\/\/torello.com\/en\/?s={search_term_string}"},"query-input":{"@type":"PropertyValueSpecification","valueRequired":true,"valueName":"search_term_string"}}],"inLanguage":"en-US"},{"@type":"Organization","@id":"https:\/\/torello.com\/en\/#organization","name":"Torell\u00f3 sparkling and ecologic wines","url":"https:\/\/torello.com\/en\/","logo":{"@type":"ImageObject","inLanguage":"en-US","@id":"https:\/\/torello.com\/en\/#\/schema\/logo\/image\/","url":"https:\/\/torello.com\/wp-content\/uploads\/2020\/02\/TORELLO_LOGO_4.png","contentUrl":"https:\/\/torello.com\/wp-content\/uploads\/2020\/02\/TORELLO_LOGO_4.png","width":278,"height":140,"caption":"Torell\u00f3 sparkling and ecologic wines"},"image":{"@id":"https:\/\/torello.com\/en\/#\/schema\/logo\/image\/"},"sameAs":["https:\/\/www.facebook.com\/TorelloViticultors\/","https:\/\/x.com\/TorelloViticult","https:\/\/www.instagram.com\/torelloviticultors\/","https:\/\/www.youtube.com\/user\/Torello57"]}]}},"_links":{"self":[{"href":"https:\/\/torello.com\/en\/wp-json\/wp\/v2\/product\/11680","targetHints":{"allow":["GET"]}}],"collection":[{"href":"https:\/\/torello.com\/en\/wp-json\/wp\/v2\/product"}],"about":[{"href":"https:\/\/torello.com\/en\/wp-json\/wp\/v2\/types\/product"}],"replies":[{"embeddable":true,"href":"https:\/\/torello.com\/en\/wp-json\/wp\/v2\/comments?post=11680"}],"wp:featuredmedia":[{"embeddable":true,"href":"https:\/\/torello.com\/en\/wp-json\/wp\/v2\/media\/11517"}],"wp:attachment":[{"href":"https:\/\/torello.com\/en\/wp-json\/wp\/v2\/media?parent=11680"}],"wp:term":[{"taxonomy":"product_brand","embeddable":true,"href":"https:\/\/torello.com\/en\/wp-json\/wp\/v2\/product_brand?post=11680"},{"taxonomy":"product_cat","embeddable":true,"href":"https:\/\/torello.com\/en\/wp-json\/wp\/v2\/product_cat?post=11680"},{"taxonomy":"product_tag","embeddable":true,"href":"https:\/\/torello.com\/en\/wp-json\/wp\/v2\/product_tag?post=11680"},{"taxonomy":"giftcard-category","embeddable":true,"href":"https:\/\/torello.com\/en\/wp-json\/wp\/v2\/giftcard-category?post=11680"}],"curies":[{"name":"wp","href":"https:\/\/api.w.org\/{rel}","templated":true}]}}