{"id":11686,"date":"2023-04-27T13:53:31","date_gmt":"2023-04-27T13:53:31","guid":{"rendered":"https:\/\/torello.com\/producte\/gran-crisalys-2020\/"},"modified":"2026-03-25T14:33:47","modified_gmt":"2026-03-25T13:33:47","slug":"gran-crisalys","status":"publish","type":"product","link":"https:\/\/torello.com\/en\/producto\/gran-crisalys\/","title":{"rendered":"Gran Crisalys 2024"},"content":{"rendered":"<p><span style=\"color: #937b4f;\"><strong>Varieties<\/strong>:<\/span> 50% Xarel\u00b7lo and 50% Chardonnay.<\/p>\n<p><span style=\"color: #937b4f;\"><strong>Production:<\/strong><\/span> The grapes pass through the sorting table and are then gently pressed in pneumatic presses. Only the first fraction of the pressing (also called \u201cflower must\u201d), the highest quality, is used. We use Inertys technology in the presses to protect the must from oxidation during this phase. Fermented and aged in oak barrel and battonage. Aged in bottle.<\/p>\n<p><span style=\"color: #937b4f;\"><strong>Presentation:<\/strong><\/span>\u00a075cl and Magnum.<\/p>\n<p><span style=\"color: #937b4f;\"><strong>Tasting Note:<\/strong><\/span>\u00a0Old gold coloured white wine with golden green reflections, clean and transparent, with a medium density in the glass. The nose gives off clean fragrance, with white flowers and ripe vine fruit, on a penetrating mineral aroma. In the mouth it is enveloping, with a firm and balanced step, and with an apple touch and an unctuous memory of pastries. Vegetable finish, it is a complex and pleasant round wine.<\/p>\n","protected":false},"excerpt":{"rendered":"<p><span style=\"color: #937b4f;\"><strong>Varieties<\/strong>:<\/span> 50% Xarel\u00b7lo and 50% Chardonnay.<\/p>\n<p><span style=\"color: #937b4f;\"><strong>Production:<\/strong><\/span> The grapes pass through the sorting table and are then gently pressed in pneumatic presses. Only the first fraction of the pressing (also called \u201cflower must\u201d), the highest quality, is used. We use Inertys technology in the presses to protect the must from oxidation during this phase. Fermented and aged in oak barrel and battonage. Aged in bottle.<\/p>\n<p><span style=\"color: #937b4f;\"><strong>Presentation:<\/strong><\/span>\u00a075cl and Magnum.<\/p>\n<p><span style=\"color: #937b4f;\"><strong>Tasting Note:<\/strong><\/span>\u00a0Old gold coloured white wine with golden green reflections, clean and transparent, with a medium density in the glass. The nose gives off clean fragrance, with white flowers and ripe vine fruit, on a penetrating mineral aroma. In the mouth it is enveloping, with a firm and balanced step, and with an apple touch and an unctuous memory of pastries. Vegetable finish, it is a complex and pleasant round wine.<\/p>\n","protected":false},"featured_media":11531,"comment_status":"open","ping_status":"closed","template":"","meta":[],"product_brand":[],"product_cat":[897],"product_tag":[],"giftcard-category":[],"class_list":{"0":"post-11686","1":"product","2":"type-product","3":"status-publish","4":"has-post-thumbnail","6":"product_cat-penedes-en","8":"first","9":"instock","10":"shipping-taxable","11":"purchasable","12":"product-type-variable"},"exclude_global_add_ons":[],"addons":[],"yoast_head":"<!-- This site is optimized with the Yoast SEO plugin v26.7 - https:\/\/yoast.com\/wordpress\/plugins\/seo\/ -->\n<title>Gran Crisalys 2024 | Torell\u00f3 Viticultors Grans escumosos i vins ecol\u00f2gics<\/title>\n<meta name=\"robots\" content=\"index, follow, max-snippet:-1, max-image-preview:large, max-video-preview:-1\" \/>\n<link rel=\"canonical\" href=\"https:\/\/torello.com\/en\/producto\/gran-crisalys\/\" \/>\n<meta property=\"og:locale\" content=\"en_US\" \/>\n<meta property=\"og:type\" content=\"article\" \/>\n<meta property=\"og:title\" content=\"Gran Crisalys 2024 | Torell\u00f3 Viticultors Grans escumosos i vins ecol\u00f2gics\" \/>\n<meta property=\"og:description\" content=\"Varieties: 50% Xarel\u00b7lo and 50% Chardonnay.  Production: The grapes pass through the sorting table and are then gently pressed in pneumatic presses. Only the first fraction of the pressing (also called \u201cflower must\u201d), the highest quality, is used. We use Inertys technology in the presses to protect the must from oxidation during this phase. Fermented and aged in oak barrel and battonage. Aged in bottle.  Presentation:\u00a075cl and Magnum.  Tasting Note:\u00a0Old gold coloured white wine with golden green reflections, clean and transparent, with a medium density in the glass. The nose gives off clean fragrance, with white flowers and ripe vine fruit, on a penetrating mineral aroma. In the mouth it is enveloping, with a firm and balanced step, and with an apple touch and an unctuous memory of pastries. Vegetable finish, it is a complex and pleasant round wine.\" \/>\n<meta property=\"og:url\" content=\"https:\/\/torello.com\/en\/producto\/gran-crisalys\/\" \/>\n<meta property=\"og:site_name\" content=\"Torell\u00f3 Viticultors Grans escumosos i vins ecol\u00f2gics\" \/>\n<meta property=\"article:publisher\" content=\"https:\/\/www.facebook.com\/TorelloViticultors\/\" \/>\n<meta property=\"article:modified_time\" content=\"2026-03-25T13:33:47+00:00\" \/>\n<meta property=\"og:image\" content=\"https:\/\/torello.com\/wp-content\/uploads\/2023\/04\/Gran-Crisalys-2020-075-cl.jpg\" \/>\n\t<meta property=\"og:image:width\" content=\"560\" \/>\n\t<meta property=\"og:image:height\" content=\"560\" \/>\n\t<meta property=\"og:image:type\" content=\"image\/jpeg\" \/>\n<meta name=\"twitter:card\" content=\"summary_large_image\" \/>\n<meta name=\"twitter:site\" content=\"@TorelloViticult\" \/>\n<meta name=\"twitter:label1\" content=\"Est. reading time\" \/>\n\t<meta name=\"twitter:data1\" content=\"1 minute\" \/>\n<script type=\"application\/ld+json\" class=\"yoast-schema-graph\">{\"@context\":\"https:\/\/schema.org\",\"@graph\":[{\"@type\":\"WebPage\",\"@id\":\"https:\/\/torello.com\/en\/producto\/gran-crisalys\/\",\"url\":\"https:\/\/torello.com\/en\/producto\/gran-crisalys\/\",\"name\":\"Gran Crisalys 2024 | Torell\u00f3 Viticultors Grans escumosos i vins ecol\u00f2gics\",\"isPartOf\":{\"@id\":\"https:\/\/torello.com\/en\/#website\"},\"primaryImageOfPage\":{\"@id\":\"https:\/\/torello.com\/en\/producto\/gran-crisalys\/#primaryimage\"},\"image\":{\"@id\":\"https:\/\/torello.com\/en\/producto\/gran-crisalys\/#primaryimage\"},\"thumbnailUrl\":\"https:\/\/torello.com\/wp-content\/uploads\/2023\/04\/Gran-Crisalys-2020-075-cl.jpg\",\"datePublished\":\"2023-04-27T13:53:31+00:00\",\"dateModified\":\"2026-03-25T13:33:47+00:00\",\"breadcrumb\":{\"@id\":\"https:\/\/torello.com\/en\/producto\/gran-crisalys\/#breadcrumb\"},\"inLanguage\":\"en-US\",\"potentialAction\":[{\"@type\":\"ReadAction\",\"target\":[\"https:\/\/torello.com\/en\/producto\/gran-crisalys\/\"]}]},{\"@type\":\"ImageObject\",\"inLanguage\":\"en-US\",\"@id\":\"https:\/\/torello.com\/en\/producto\/gran-crisalys\/#primaryimage\",\"url\":\"https:\/\/torello.com\/wp-content\/uploads\/2023\/04\/Gran-Crisalys-2020-075-cl.jpg\",\"contentUrl\":\"https:\/\/torello.com\/wp-content\/uploads\/2023\/04\/Gran-Crisalys-2020-075-cl.jpg\",\"width\":560,\"height\":560,\"caption\":\"Gran Crisalys 2020 0,75 cl\"},{\"@type\":\"BreadcrumbList\",\"@id\":\"https:\/\/torello.com\/en\/producto\/gran-crisalys\/#breadcrumb\",\"itemListElement\":[{\"@type\":\"ListItem\",\"position\":1,\"name\":\"Inici\",\"item\":\"https:\/\/torello.com\/en\/\"},{\"@type\":\"ListItem\",\"position\":2,\"name\":\"Shop\",\"item\":\"https:\/\/torello.com\/en\/shop\/\"},{\"@type\":\"ListItem\",\"position\":3,\"name\":\"Gran Crisalys 2024\"}]},{\"@type\":\"WebSite\",\"@id\":\"https:\/\/torello.com\/en\/#website\",\"url\":\"https:\/\/torello.com\/en\/\",\"name\":\"Torell\u00f3 Viticultors Grans escumosos i vins ecol\u00f2gics\",\"description\":\"Bodega familiar situada en el Pened\u00e9s, l\u00edder en la elaboraci\u00f3n de Cava y vinos, s\u00f3lo utiliza uva cultivada en su finca Can Mart\u00ed.\",\"publisher\":{\"@id\":\"https:\/\/torello.com\/en\/#organization\"},\"potentialAction\":[{\"@type\":\"SearchAction\",\"target\":{\"@type\":\"EntryPoint\",\"urlTemplate\":\"https:\/\/torello.com\/en\/?s={search_term_string}\"},\"query-input\":{\"@type\":\"PropertyValueSpecification\",\"valueRequired\":true,\"valueName\":\"search_term_string\"}}],\"inLanguage\":\"en-US\"},{\"@type\":\"Organization\",\"@id\":\"https:\/\/torello.com\/en\/#organization\",\"name\":\"Torell\u00f3 sparkling and ecologic wines\",\"url\":\"https:\/\/torello.com\/en\/\",\"logo\":{\"@type\":\"ImageObject\",\"inLanguage\":\"en-US\",\"@id\":\"https:\/\/torello.com\/en\/#\/schema\/logo\/image\/\",\"url\":\"https:\/\/torello.com\/wp-content\/uploads\/2020\/02\/TORELLO_LOGO_4.png\",\"contentUrl\":\"https:\/\/torello.com\/wp-content\/uploads\/2020\/02\/TORELLO_LOGO_4.png\",\"width\":278,\"height\":140,\"caption\":\"Torell\u00f3 sparkling and ecologic wines\"},\"image\":{\"@id\":\"https:\/\/torello.com\/en\/#\/schema\/logo\/image\/\"},\"sameAs\":[\"https:\/\/www.facebook.com\/TorelloViticultors\/\",\"https:\/\/x.com\/TorelloViticult\",\"https:\/\/www.instagram.com\/torelloviticultors\/\",\"https:\/\/www.youtube.com\/user\/Torello57\"]}]}<\/script>\n<!-- \/ Yoast SEO plugin. -->","yoast_head_json":{"title":"Gran Crisalys 2024 | Torell\u00f3 Viticultors Grans escumosos i vins ecol\u00f2gics","robots":{"index":"index","follow":"follow","max-snippet":"max-snippet:-1","max-image-preview":"max-image-preview:large","max-video-preview":"max-video-preview:-1"},"canonical":"https:\/\/torello.com\/en\/producto\/gran-crisalys\/","og_locale":"en_US","og_type":"article","og_title":"Gran Crisalys 2024 | Torell\u00f3 Viticultors Grans escumosos i vins ecol\u00f2gics","og_description":"Varieties: 50% Xarel\u00b7lo and 50% Chardonnay.  Production: The grapes pass through the sorting table and are then gently pressed in pneumatic presses. Only the first fraction of the pressing (also called \u201cflower must\u201d), the highest quality, is used. We use Inertys technology in the presses to protect the must from oxidation during this phase. Fermented and aged in oak barrel and battonage. Aged in bottle.  Presentation:\u00a075cl and Magnum.  Tasting Note:\u00a0Old gold coloured white wine with golden green reflections, clean and transparent, with a medium density in the glass. The nose gives off clean fragrance, with white flowers and ripe vine fruit, on a penetrating mineral aroma. In the mouth it is enveloping, with a firm and balanced step, and with an apple touch and an unctuous memory of pastries. Vegetable finish, it is a complex and pleasant round wine.","og_url":"https:\/\/torello.com\/en\/producto\/gran-crisalys\/","og_site_name":"Torell\u00f3 Viticultors Grans escumosos i vins ecol\u00f2gics","article_publisher":"https:\/\/www.facebook.com\/TorelloViticultors\/","article_modified_time":"2026-03-25T13:33:47+00:00","og_image":[{"width":560,"height":560,"url":"https:\/\/torello.com\/wp-content\/uploads\/2023\/04\/Gran-Crisalys-2020-075-cl.jpg","type":"image\/jpeg"}],"twitter_card":"summary_large_image","twitter_site":"@TorelloViticult","twitter_misc":{"Est. reading time":"1 minute"},"schema":{"@context":"https:\/\/schema.org","@graph":[{"@type":"WebPage","@id":"https:\/\/torello.com\/en\/producto\/gran-crisalys\/","url":"https:\/\/torello.com\/en\/producto\/gran-crisalys\/","name":"Gran Crisalys 2024 | Torell\u00f3 Viticultors Grans escumosos i vins ecol\u00f2gics","isPartOf":{"@id":"https:\/\/torello.com\/en\/#website"},"primaryImageOfPage":{"@id":"https:\/\/torello.com\/en\/producto\/gran-crisalys\/#primaryimage"},"image":{"@id":"https:\/\/torello.com\/en\/producto\/gran-crisalys\/#primaryimage"},"thumbnailUrl":"https:\/\/torello.com\/wp-content\/uploads\/2023\/04\/Gran-Crisalys-2020-075-cl.jpg","datePublished":"2023-04-27T13:53:31+00:00","dateModified":"2026-03-25T13:33:47+00:00","breadcrumb":{"@id":"https:\/\/torello.com\/en\/producto\/gran-crisalys\/#breadcrumb"},"inLanguage":"en-US","potentialAction":[{"@type":"ReadAction","target":["https:\/\/torello.com\/en\/producto\/gran-crisalys\/"]}]},{"@type":"ImageObject","inLanguage":"en-US","@id":"https:\/\/torello.com\/en\/producto\/gran-crisalys\/#primaryimage","url":"https:\/\/torello.com\/wp-content\/uploads\/2023\/04\/Gran-Crisalys-2020-075-cl.jpg","contentUrl":"https:\/\/torello.com\/wp-content\/uploads\/2023\/04\/Gran-Crisalys-2020-075-cl.jpg","width":560,"height":560,"caption":"Gran Crisalys 2020 0,75 cl"},{"@type":"BreadcrumbList","@id":"https:\/\/torello.com\/en\/producto\/gran-crisalys\/#breadcrumb","itemListElement":[{"@type":"ListItem","position":1,"name":"Inici","item":"https:\/\/torello.com\/en\/"},{"@type":"ListItem","position":2,"name":"Shop","item":"https:\/\/torello.com\/en\/shop\/"},{"@type":"ListItem","position":3,"name":"Gran Crisalys 2024"}]},{"@type":"WebSite","@id":"https:\/\/torello.com\/en\/#website","url":"https:\/\/torello.com\/en\/","name":"Torell\u00f3 Viticultors Grans escumosos i vins ecol\u00f2gics","description":"Bodega familiar situada en el Pened\u00e9s, l\u00edder en la elaboraci\u00f3n de Cava y vinos, s\u00f3lo utiliza uva cultivada en su finca Can Mart\u00ed.","publisher":{"@id":"https:\/\/torello.com\/en\/#organization"},"potentialAction":[{"@type":"SearchAction","target":{"@type":"EntryPoint","urlTemplate":"https:\/\/torello.com\/en\/?s={search_term_string}"},"query-input":{"@type":"PropertyValueSpecification","valueRequired":true,"valueName":"search_term_string"}}],"inLanguage":"en-US"},{"@type":"Organization","@id":"https:\/\/torello.com\/en\/#organization","name":"Torell\u00f3 sparkling and ecologic wines","url":"https:\/\/torello.com\/en\/","logo":{"@type":"ImageObject","inLanguage":"en-US","@id":"https:\/\/torello.com\/en\/#\/schema\/logo\/image\/","url":"https:\/\/torello.com\/wp-content\/uploads\/2020\/02\/TORELLO_LOGO_4.png","contentUrl":"https:\/\/torello.com\/wp-content\/uploads\/2020\/02\/TORELLO_LOGO_4.png","width":278,"height":140,"caption":"Torell\u00f3 sparkling and ecologic wines"},"image":{"@id":"https:\/\/torello.com\/en\/#\/schema\/logo\/image\/"},"sameAs":["https:\/\/www.facebook.com\/TorelloViticultors\/","https:\/\/x.com\/TorelloViticult","https:\/\/www.instagram.com\/torelloviticultors\/","https:\/\/www.youtube.com\/user\/Torello57"]}]}},"_links":{"self":[{"href":"https:\/\/torello.com\/en\/wp-json\/wp\/v2\/product\/11686","targetHints":{"allow":["GET"]}}],"collection":[{"href":"https:\/\/torello.com\/en\/wp-json\/wp\/v2\/product"}],"about":[{"href":"https:\/\/torello.com\/en\/wp-json\/wp\/v2\/types\/product"}],"replies":[{"embeddable":true,"href":"https:\/\/torello.com\/en\/wp-json\/wp\/v2\/comments?post=11686"}],"wp:featuredmedia":[{"embeddable":true,"href":"https:\/\/torello.com\/en\/wp-json\/wp\/v2\/media\/11531"}],"wp:attachment":[{"href":"https:\/\/torello.com\/en\/wp-json\/wp\/v2\/media?parent=11686"}],"wp:term":[{"taxonomy":"product_brand","embeddable":true,"href":"https:\/\/torello.com\/en\/wp-json\/wp\/v2\/product_brand?post=11686"},{"taxonomy":"product_cat","embeddable":true,"href":"https:\/\/torello.com\/en\/wp-json\/wp\/v2\/product_cat?post=11686"},{"taxonomy":"product_tag","embeddable":true,"href":"https:\/\/torello.com\/en\/wp-json\/wp\/v2\/product_tag?post=11686"},{"taxonomy":"giftcard-category","embeddable":true,"href":"https:\/\/torello.com\/en\/wp-json\/wp\/v2\/giftcard-category?post=11686"}],"curies":[{"name":"wp","href":"https:\/\/api.w.org\/{rel}","templated":true}]}}