{"id":11692,"date":"2023-04-27T14:20:37","date_gmt":"2023-04-27T14:20:37","guid":{"rendered":"https:\/\/torello.com\/producte\/petjades-2022\/"},"modified":"2026-03-26T10:35:08","modified_gmt":"2026-03-26T09:35:08","slug":"petjades","status":"publish","type":"product","link":"https:\/\/torello.com\/en\/producto\/petjades\/","title":{"rendered":"Petjades 2025"},"content":{"rendered":"<p><span style=\"color: #937b4f;\"><strong>Grape varieties<\/strong>: <\/span>100% Merlot.<\/p>\n<p><span style=\"color: #937b4f;\"><strong>Production:<\/strong><\/span>\u00a0 A maceration has been carried out for 12 hours, to extract the desired color and aromas. Very soft pressing, in pneumatic Inertys presses, in nitrogen atmosphere to avoid any oxidation of color and aromas. The grape juice was clarified statically and for 24 hours in concrete tanks.<\/p>\n<p><span style=\"color: #937b4f;\"><strong>Presentation:<\/strong><\/span>\u00a0 75 cl.<\/p>\n<p><span style=\"color: #937b4f;\"><strong>Tasting note:<\/strong><\/span>\u00a0 Cherry colour wine, dense appearance in the glass, clean, bright, carmine reflections, very seductive and with personality. On the nose, it has a pleasant aromatic intensity, clean and complex, with details that provide fragrance. You can identify a mix of fresh red fruits, with acid touches, vegetables of fruit tree stem, aromas that persist. The entrance in the mouth is present, with firm step. Acidity plays an important role that brings freshness and structure. The sweet balance of the red fruit, the acidity of the green fruit and the bitterness of the stem gives personality.<\/p>\n","protected":false},"excerpt":{"rendered":"<p><span style=\"color: #937b4f;\"><strong>Grape varieties<\/strong>: <\/span>100% Merlot.<\/p>\n<p><span style=\"color: #937b4f;\"><strong>Production:<\/strong><\/span>\u00a0 A maceration has been carried out for 12 hours, to extract the desired color and aromas. Very soft pressing, in pneumatic Inertys presses, in nitrogen atmosphere to avoid any oxidation of color and aromas. The grape juice was clarified statically and for 24 hours in concrete tanks.<\/p>\n<p><span style=\"color: #937b4f;\"><strong>Presentation:<\/strong><\/span>\u00a0 75 cl.<\/p>\n<p><span style=\"color: #937b4f;\"><strong>Tasting note:<\/strong><\/span>\u00a0 Cherry colour wine, dense appearance in the glass, clean, bright, carmine reflections, very seductive and with personality. On the nose, it has a pleasant aromatic intensity, clean and complex, with details that provide fragrance. You can identify a mix of fresh red fruits, with acid touches, vegetables of fruit tree stem, aromas that persist. The entrance in the mouth is present, with firm step. Acidity plays an important role that brings freshness and structure. The sweet balance of the red fruit, the acidity of the green fruit and the bitterness of the stem gives personality.<\/p>\n","protected":false},"featured_media":11537,"comment_status":"open","ping_status":"closed","template":"","meta":[],"product_brand":[],"product_cat":[897],"product_tag":[],"giftcard-category":[],"class_list":{"0":"post-11692","1":"product","2":"type-product","3":"status-publish","4":"has-post-thumbnail","6":"product_cat-penedes-en","8":"first","9":"instock","10":"shipping-taxable","11":"purchasable","12":"product-type-variable"},"exclude_global_add_ons":[],"addons":[],"yoast_head":"<!-- This site is optimized with the Yoast SEO plugin v26.7 - https:\/\/yoast.com\/wordpress\/plugins\/seo\/ -->\n<title>Petjades 2025 | Torell\u00f3 Viticultors Grans escumosos i vins ecol\u00f2gics<\/title>\n<meta name=\"robots\" content=\"index, follow, max-snippet:-1, max-image-preview:large, max-video-preview:-1\" \/>\n<link rel=\"canonical\" href=\"https:\/\/torello.com\/en\/producto\/petjades\/\" \/>\n<meta property=\"og:locale\" content=\"en_US\" \/>\n<meta property=\"og:type\" content=\"article\" \/>\n<meta property=\"og:title\" content=\"Petjades 2025 | Torell\u00f3 Viticultors Grans escumosos i vins ecol\u00f2gics\" \/>\n<meta property=\"og:description\" content=\"Grape varieties: 100% Merlot.  Production:\u00a0 A maceration has been carried out for 12 hours, to extract the desired color and aromas. Very soft pressing, in pneumatic Inertys presses, in nitrogen atmosphere to avoid any oxidation of color and aromas. The grape juice was clarified statically and for 24 hours in concrete tanks.  Presentation:\u00a0 75 cl.  Tasting note:\u00a0 Cherry colour wine, dense appearance in the glass, clean, bright, carmine reflections, very seductive and with personality. On the nose, it has a pleasant aromatic intensity, clean and complex, with details that provide fragrance. You can identify a mix of fresh red fruits, with acid touches, vegetables of fruit tree stem, aromas that persist. The entrance in the mouth is present, with firm step. Acidity plays an important role that brings freshness and structure. The sweet balance of the red fruit, the acidity of the green fruit and the bitterness of the stem gives personality.\" \/>\n<meta property=\"og:url\" content=\"https:\/\/torello.com\/en\/producto\/petjades\/\" \/>\n<meta property=\"og:site_name\" content=\"Torell\u00f3 Viticultors Grans escumosos i vins ecol\u00f2gics\" \/>\n<meta property=\"article:publisher\" content=\"https:\/\/www.facebook.com\/TorelloViticultors\/\" \/>\n<meta property=\"article:modified_time\" content=\"2026-03-26T09:35:08+00:00\" \/>\n<meta property=\"og:image\" content=\"https:\/\/torello.com\/wp-content\/uploads\/2023\/04\/Ampolla-de-Petjades-2022-075-cl.jpg\" \/>\n\t<meta property=\"og:image:width\" content=\"560\" \/>\n\t<meta property=\"og:image:height\" content=\"560\" \/>\n\t<meta property=\"og:image:type\" content=\"image\/jpeg\" \/>\n<meta name=\"twitter:card\" content=\"summary_large_image\" \/>\n<meta name=\"twitter:site\" content=\"@TorelloViticult\" \/>\n<meta name=\"twitter:label1\" content=\"Est. reading time\" \/>\n\t<meta name=\"twitter:data1\" content=\"2 minutes\" \/>\n<script type=\"application\/ld+json\" class=\"yoast-schema-graph\">{\"@context\":\"https:\/\/schema.org\",\"@graph\":[{\"@type\":\"WebPage\",\"@id\":\"https:\/\/torello.com\/en\/producto\/petjades\/\",\"url\":\"https:\/\/torello.com\/en\/producto\/petjades\/\",\"name\":\"Petjades 2025 | Torell\u00f3 Viticultors Grans escumosos i vins ecol\u00f2gics\",\"isPartOf\":{\"@id\":\"https:\/\/torello.com\/en\/#website\"},\"primaryImageOfPage\":{\"@id\":\"https:\/\/torello.com\/en\/producto\/petjades\/#primaryimage\"},\"image\":{\"@id\":\"https:\/\/torello.com\/en\/producto\/petjades\/#primaryimage\"},\"thumbnailUrl\":\"https:\/\/torello.com\/wp-content\/uploads\/2023\/04\/Ampolla-de-Petjades-2022-075-cl.jpg\",\"datePublished\":\"2023-04-27T14:20:37+00:00\",\"dateModified\":\"2026-03-26T09:35:08+00:00\",\"breadcrumb\":{\"@id\":\"https:\/\/torello.com\/en\/producto\/petjades\/#breadcrumb\"},\"inLanguage\":\"en-US\",\"potentialAction\":[{\"@type\":\"ReadAction\",\"target\":[\"https:\/\/torello.com\/en\/producto\/petjades\/\"]}]},{\"@type\":\"ImageObject\",\"inLanguage\":\"en-US\",\"@id\":\"https:\/\/torello.com\/en\/producto\/petjades\/#primaryimage\",\"url\":\"https:\/\/torello.com\/wp-content\/uploads\/2023\/04\/Ampolla-de-Petjades-2022-075-cl.jpg\",\"contentUrl\":\"https:\/\/torello.com\/wp-content\/uploads\/2023\/04\/Ampolla-de-Petjades-2022-075-cl.jpg\",\"width\":560,\"height\":560,\"caption\":\"Ampolla de Petjades 2022 0,75 cl\"},{\"@type\":\"BreadcrumbList\",\"@id\":\"https:\/\/torello.com\/en\/producto\/petjades\/#breadcrumb\",\"itemListElement\":[{\"@type\":\"ListItem\",\"position\":1,\"name\":\"Inici\",\"item\":\"https:\/\/torello.com\/en\/\"},{\"@type\":\"ListItem\",\"position\":2,\"name\":\"Shop\",\"item\":\"https:\/\/torello.com\/en\/shop\/\"},{\"@type\":\"ListItem\",\"position\":3,\"name\":\"Petjades 2025\"}]},{\"@type\":\"WebSite\",\"@id\":\"https:\/\/torello.com\/en\/#website\",\"url\":\"https:\/\/torello.com\/en\/\",\"name\":\"Torell\u00f3 Viticultors Grans escumosos i vins ecol\u00f2gics\",\"description\":\"Bodega familiar situada en el Pened\u00e9s, l\u00edder en la elaboraci\u00f3n de Cava y vinos, s\u00f3lo utiliza uva cultivada en su finca Can Mart\u00ed.\",\"publisher\":{\"@id\":\"https:\/\/torello.com\/en\/#organization\"},\"potentialAction\":[{\"@type\":\"SearchAction\",\"target\":{\"@type\":\"EntryPoint\",\"urlTemplate\":\"https:\/\/torello.com\/en\/?s={search_term_string}\"},\"query-input\":{\"@type\":\"PropertyValueSpecification\",\"valueRequired\":true,\"valueName\":\"search_term_string\"}}],\"inLanguage\":\"en-US\"},{\"@type\":\"Organization\",\"@id\":\"https:\/\/torello.com\/en\/#organization\",\"name\":\"Torell\u00f3 sparkling and ecologic wines\",\"url\":\"https:\/\/torello.com\/en\/\",\"logo\":{\"@type\":\"ImageObject\",\"inLanguage\":\"en-US\",\"@id\":\"https:\/\/torello.com\/en\/#\/schema\/logo\/image\/\",\"url\":\"https:\/\/torello.com\/wp-content\/uploads\/2020\/02\/TORELLO_LOGO_4.png\",\"contentUrl\":\"https:\/\/torello.com\/wp-content\/uploads\/2020\/02\/TORELLO_LOGO_4.png\",\"width\":278,\"height\":140,\"caption\":\"Torell\u00f3 sparkling and ecologic wines\"},\"image\":{\"@id\":\"https:\/\/torello.com\/en\/#\/schema\/logo\/image\/\"},\"sameAs\":[\"https:\/\/www.facebook.com\/TorelloViticultors\/\",\"https:\/\/x.com\/TorelloViticult\",\"https:\/\/www.instagram.com\/torelloviticultors\/\",\"https:\/\/www.youtube.com\/user\/Torello57\"]}]}<\/script>\n<!-- \/ Yoast SEO plugin. -->","yoast_head_json":{"title":"Petjades 2025 | Torell\u00f3 Viticultors Grans escumosos i vins ecol\u00f2gics","robots":{"index":"index","follow":"follow","max-snippet":"max-snippet:-1","max-image-preview":"max-image-preview:large","max-video-preview":"max-video-preview:-1"},"canonical":"https:\/\/torello.com\/en\/producto\/petjades\/","og_locale":"en_US","og_type":"article","og_title":"Petjades 2025 | Torell\u00f3 Viticultors Grans escumosos i vins ecol\u00f2gics","og_description":"Grape varieties: 100% Merlot.  Production:\u00a0 A maceration has been carried out for 12 hours, to extract the desired color and aromas. Very soft pressing, in pneumatic Inertys presses, in nitrogen atmosphere to avoid any oxidation of color and aromas. The grape juice was clarified statically and for 24 hours in concrete tanks.  Presentation:\u00a0 75 cl.  Tasting note:\u00a0 Cherry colour wine, dense appearance in the glass, clean, bright, carmine reflections, very seductive and with personality. On the nose, it has a pleasant aromatic intensity, clean and complex, with details that provide fragrance. You can identify a mix of fresh red fruits, with acid touches, vegetables of fruit tree stem, aromas that persist. The entrance in the mouth is present, with firm step. Acidity plays an important role that brings freshness and structure. The sweet balance of the red fruit, the acidity of the green fruit and the bitterness of the stem gives personality.","og_url":"https:\/\/torello.com\/en\/producto\/petjades\/","og_site_name":"Torell\u00f3 Viticultors Grans escumosos i vins ecol\u00f2gics","article_publisher":"https:\/\/www.facebook.com\/TorelloViticultors\/","article_modified_time":"2026-03-26T09:35:08+00:00","og_image":[{"width":560,"height":560,"url":"https:\/\/torello.com\/wp-content\/uploads\/2023\/04\/Ampolla-de-Petjades-2022-075-cl.jpg","type":"image\/jpeg"}],"twitter_card":"summary_large_image","twitter_site":"@TorelloViticult","twitter_misc":{"Est. reading time":"2 minutes"},"schema":{"@context":"https:\/\/schema.org","@graph":[{"@type":"WebPage","@id":"https:\/\/torello.com\/en\/producto\/petjades\/","url":"https:\/\/torello.com\/en\/producto\/petjades\/","name":"Petjades 2025 | Torell\u00f3 Viticultors Grans escumosos i vins ecol\u00f2gics","isPartOf":{"@id":"https:\/\/torello.com\/en\/#website"},"primaryImageOfPage":{"@id":"https:\/\/torello.com\/en\/producto\/petjades\/#primaryimage"},"image":{"@id":"https:\/\/torello.com\/en\/producto\/petjades\/#primaryimage"},"thumbnailUrl":"https:\/\/torello.com\/wp-content\/uploads\/2023\/04\/Ampolla-de-Petjades-2022-075-cl.jpg","datePublished":"2023-04-27T14:20:37+00:00","dateModified":"2026-03-26T09:35:08+00:00","breadcrumb":{"@id":"https:\/\/torello.com\/en\/producto\/petjades\/#breadcrumb"},"inLanguage":"en-US","potentialAction":[{"@type":"ReadAction","target":["https:\/\/torello.com\/en\/producto\/petjades\/"]}]},{"@type":"ImageObject","inLanguage":"en-US","@id":"https:\/\/torello.com\/en\/producto\/petjades\/#primaryimage","url":"https:\/\/torello.com\/wp-content\/uploads\/2023\/04\/Ampolla-de-Petjades-2022-075-cl.jpg","contentUrl":"https:\/\/torello.com\/wp-content\/uploads\/2023\/04\/Ampolla-de-Petjades-2022-075-cl.jpg","width":560,"height":560,"caption":"Ampolla de Petjades 2022 0,75 cl"},{"@type":"BreadcrumbList","@id":"https:\/\/torello.com\/en\/producto\/petjades\/#breadcrumb","itemListElement":[{"@type":"ListItem","position":1,"name":"Inici","item":"https:\/\/torello.com\/en\/"},{"@type":"ListItem","position":2,"name":"Shop","item":"https:\/\/torello.com\/en\/shop\/"},{"@type":"ListItem","position":3,"name":"Petjades 2025"}]},{"@type":"WebSite","@id":"https:\/\/torello.com\/en\/#website","url":"https:\/\/torello.com\/en\/","name":"Torell\u00f3 Viticultors Grans escumosos i vins ecol\u00f2gics","description":"Bodega familiar situada en el Pened\u00e9s, l\u00edder en la elaboraci\u00f3n de Cava y vinos, s\u00f3lo utiliza uva cultivada en su finca Can Mart\u00ed.","publisher":{"@id":"https:\/\/torello.com\/en\/#organization"},"potentialAction":[{"@type":"SearchAction","target":{"@type":"EntryPoint","urlTemplate":"https:\/\/torello.com\/en\/?s={search_term_string}"},"query-input":{"@type":"PropertyValueSpecification","valueRequired":true,"valueName":"search_term_string"}}],"inLanguage":"en-US"},{"@type":"Organization","@id":"https:\/\/torello.com\/en\/#organization","name":"Torell\u00f3 sparkling and ecologic wines","url":"https:\/\/torello.com\/en\/","logo":{"@type":"ImageObject","inLanguage":"en-US","@id":"https:\/\/torello.com\/en\/#\/schema\/logo\/image\/","url":"https:\/\/torello.com\/wp-content\/uploads\/2020\/02\/TORELLO_LOGO_4.png","contentUrl":"https:\/\/torello.com\/wp-content\/uploads\/2020\/02\/TORELLO_LOGO_4.png","width":278,"height":140,"caption":"Torell\u00f3 sparkling and ecologic wines"},"image":{"@id":"https:\/\/torello.com\/en\/#\/schema\/logo\/image\/"},"sameAs":["https:\/\/www.facebook.com\/TorelloViticultors\/","https:\/\/x.com\/TorelloViticult","https:\/\/www.instagram.com\/torelloviticultors\/","https:\/\/www.youtube.com\/user\/Torello57"]}]}},"_links":{"self":[{"href":"https:\/\/torello.com\/en\/wp-json\/wp\/v2\/product\/11692","targetHints":{"allow":["GET"]}}],"collection":[{"href":"https:\/\/torello.com\/en\/wp-json\/wp\/v2\/product"}],"about":[{"href":"https:\/\/torello.com\/en\/wp-json\/wp\/v2\/types\/product"}],"replies":[{"embeddable":true,"href":"https:\/\/torello.com\/en\/wp-json\/wp\/v2\/comments?post=11692"}],"wp:featuredmedia":[{"embeddable":true,"href":"https:\/\/torello.com\/en\/wp-json\/wp\/v2\/media\/11537"}],"wp:attachment":[{"href":"https:\/\/torello.com\/en\/wp-json\/wp\/v2\/media?parent=11692"}],"wp:term":[{"taxonomy":"product_brand","embeddable":true,"href":"https:\/\/torello.com\/en\/wp-json\/wp\/v2\/product_brand?post=11692"},{"taxonomy":"product_cat","embeddable":true,"href":"https:\/\/torello.com\/en\/wp-json\/wp\/v2\/product_cat?post=11692"},{"taxonomy":"product_tag","embeddable":true,"href":"https:\/\/torello.com\/en\/wp-json\/wp\/v2\/product_tag?post=11692"},{"taxonomy":"giftcard-category","embeddable":true,"href":"https:\/\/torello.com\/en\/wp-json\/wp\/v2\/giftcard-category?post=11692"}],"curies":[{"name":"wp","href":"https:\/\/api.w.org\/{rel}","templated":true}]}}