{"id":11698,"date":"2023-04-27T14:48:45","date_gmt":"2023-04-27T14:48:45","guid":{"rendered":"https:\/\/torello.com\/producte\/rosa-dabril-2022\/"},"modified":"2026-04-14T12:52:34","modified_gmt":"2026-04-14T10:52:34","slug":"rosa-dabril","status":"publish","type":"product","link":"https:\/\/torello.com\/en\/producto\/rosa-dabril\/","title":{"rendered":"Rosa d&#8217;Abril 2025"},"content":{"rendered":"<p><span style=\"color: #937b4f;\"><strong>Varieties<\/strong>:<\/span> 51% Macabeu, 25% Syrah and 24% Malvasia from our Can Mart\u00ed estate.<\/p>\n<p><span style=\"color: #937b4f;\"><strong>Presentations<\/strong><\/span>: Available in 75 cl.<\/p>\n<p><span style=\"color: #937b4f;\"><strong>Production:<\/strong><\/span> The three grape varieties share a similar vegetative cycle, which allows them to be harvested on the same day and pressed together. All the grapes pass through the sorting table and are then delicately pressed in the pneumatic presses. Only the first fraction of the pressing (also called \u201cmosto flor\u201d), the highest quality, is used. Inertys technology is used in the presses to protect the must from oxidation during this phase. Fermentation takes place in stainless steel tanks at low temperature to preserve all the varietal aromas. All the grapes pass through the sorting table and are then delicately pressed in the pneumatic presses. Only the first fraction of the pressing (also called \u201cmosto flor\u201d), the highest quality, is used. Inertys technology is used in the presses to protect the must from oxidation during this phase. Fermentation takes place in stainless steel tanks at low temperature to preserve all the varietal aromas.<\/p>\n<p><span style=\"color: #937b4f;\"><strong>Tasting note<\/strong><\/span>: Pale pink colour, with amber tones, clean and bright. In nose, delicate aroma, persistent and sweet tooth. With light touches, that remember the red fruit just harvested. Rich and fresh. Light tropical memories of lychee and mango. Spring floral background, for the month of April. Nice, fresh and dry on entry to the palate. In continuity with the olfactory part, fresh and balanced, good acidity, long. Pleasant and elegant.<\/p>\n","protected":false},"excerpt":{"rendered":"<p><span style=\"color: #937b4f;\"><strong>Varieties<\/strong>:<\/span> 51% Macabeu, 25% Syrah and 24% Malvasia from our Can Mart\u00ed estate.<\/p>\n<p><span style=\"color: #937b4f;\"><strong>Presentations<\/strong><\/span>: Available in 75 cl.<\/p>\n<p><span style=\"color: #937b4f;\"><strong>Production<\/strong><\/span>: The three grape varieties share a similar vegetative cycle, which allows them to be harvested on the same day and pressed together. All the grapes pass through the sorting table and are then delicately pressed in the pneumatic presses. Only the first fraction of the pressing (also called \u201cmosto flor\u201d), the highest quality, is used. Inertys technology is used in the presses to protect the must from oxidation during this phase. Fermentation takes place in stainless steel tanks at low temperature to preserve all the varietal aromas.<\/p>\n<p><span style=\"color: #937b4f;\"><strong>Tasting note<\/strong><\/span>: Pale pink colour, with amber tones, clean and bright. In nose, delicate aroma, persistent and sweet tooth. With light touches, that remember the red fruit just harvested. Rich and fresh. Light tropical memories of lychee and mango. Spring floral background, for the month of April. Nice, fresh and dry on entry to the palate. In continuity with the olfactory part, fresh and balanced, good acidity, long. Pleasant and elegant.<\/p>\n","protected":false},"featured_media":11544,"comment_status":"open","ping_status":"closed","template":"","meta":[],"product_brand":[],"product_cat":[897],"product_tag":[],"giftcard-category":[],"class_list":{"0":"post-11698","1":"product","2":"type-product","3":"status-publish","4":"has-post-thumbnail","6":"product_cat-penedes-en","8":"first","9":"instock","10":"shipping-taxable","11":"purchasable","12":"product-type-variable"},"exclude_global_add_ons":[],"addons":[],"yoast_head":"<!-- This site is optimized with the Yoast SEO plugin v26.7 - https:\/\/yoast.com\/wordpress\/plugins\/seo\/ -->\n<title>Rosa d&#039;Abril 2025 | Torell\u00f3 Viticultors Grans escumosos i vins ecol\u00f2gics<\/title>\n<meta name=\"robots\" content=\"index, follow, max-snippet:-1, max-image-preview:large, max-video-preview:-1\" \/>\n<link rel=\"canonical\" href=\"https:\/\/torello.com\/en\/producto\/rosa-dabril\/\" \/>\n<meta property=\"og:locale\" content=\"en_US\" \/>\n<meta property=\"og:type\" content=\"article\" \/>\n<meta property=\"og:title\" content=\"Rosa d&#039;Abril 2025 | Torell\u00f3 Viticultors Grans escumosos i vins ecol\u00f2gics\" \/>\n<meta property=\"og:description\" content=\"Varieties: 51% Macabeu, 25% Syrah and 24% Malvasia from our Can Mart\u00ed estate.  Presentations: Available in 75 cl.  Production: The three grape varieties share a similar vegetative cycle, which allows them to be harvested on the same day and pressed together. All the grapes pass through the sorting table and are then delicately pressed in the pneumatic presses. Only the first fraction of the pressing (also called \u201cmosto flor\u201d), the highest quality, is used. Inertys technology is used in the presses to protect the must from oxidation during this phase. Fermentation takes place in stainless steel tanks at low temperature to preserve all the varietal aromas.  Tasting note: Pale pink colour, with amber tones, clean and bright. In nose, delicate aroma, persistent and sweet tooth. With light touches, that remember the red fruit just harvested. Rich and fresh. Light tropical memories of lychee and mango. Spring floral background, for the month of April. Nice, fresh and dry on entry to the palate. In continuity with the olfactory part, fresh and balanced, good acidity, long. Pleasant and elegant.\" \/>\n<meta property=\"og:url\" content=\"https:\/\/torello.com\/en\/producto\/rosa-dabril\/\" \/>\n<meta property=\"og:site_name\" content=\"Torell\u00f3 Viticultors Grans escumosos i vins ecol\u00f2gics\" \/>\n<meta property=\"article:publisher\" content=\"https:\/\/www.facebook.com\/TorelloViticultors\/\" \/>\n<meta property=\"article:modified_time\" content=\"2026-04-14T10:52:34+00:00\" \/>\n<meta property=\"og:image\" content=\"https:\/\/torello.com\/wp-content\/uploads\/2023\/04\/Ampolla-de-Rosa-dAbril-2022-075-cl.jpg\" \/>\n\t<meta property=\"og:image:width\" content=\"560\" \/>\n\t<meta property=\"og:image:height\" content=\"560\" \/>\n\t<meta property=\"og:image:type\" content=\"image\/jpeg\" \/>\n<meta name=\"twitter:card\" content=\"summary_large_image\" \/>\n<meta name=\"twitter:site\" content=\"@TorelloViticult\" \/>\n<meta name=\"twitter:label1\" content=\"Est. reading time\" \/>\n\t<meta name=\"twitter:data1\" content=\"2 minutes\" \/>\n<script type=\"application\/ld+json\" class=\"yoast-schema-graph\">{\"@context\":\"https:\/\/schema.org\",\"@graph\":[{\"@type\":\"WebPage\",\"@id\":\"https:\/\/torello.com\/en\/producto\/rosa-dabril\/\",\"url\":\"https:\/\/torello.com\/en\/producto\/rosa-dabril\/\",\"name\":\"Rosa d'Abril 2025 | Torell\u00f3 Viticultors Grans escumosos i vins ecol\u00f2gics\",\"isPartOf\":{\"@id\":\"https:\/\/torello.com\/en\/#website\"},\"primaryImageOfPage\":{\"@id\":\"https:\/\/torello.com\/en\/producto\/rosa-dabril\/#primaryimage\"},\"image\":{\"@id\":\"https:\/\/torello.com\/en\/producto\/rosa-dabril\/#primaryimage\"},\"thumbnailUrl\":\"https:\/\/torello.com\/wp-content\/uploads\/2023\/04\/Ampolla-de-Rosa-dAbril-2022-075-cl.jpg\",\"datePublished\":\"2023-04-27T14:48:45+00:00\",\"dateModified\":\"2026-04-14T10:52:34+00:00\",\"breadcrumb\":{\"@id\":\"https:\/\/torello.com\/en\/producto\/rosa-dabril\/#breadcrumb\"},\"inLanguage\":\"en-US\",\"potentialAction\":[{\"@type\":\"ReadAction\",\"target\":[\"https:\/\/torello.com\/en\/producto\/rosa-dabril\/\"]}]},{\"@type\":\"ImageObject\",\"inLanguage\":\"en-US\",\"@id\":\"https:\/\/torello.com\/en\/producto\/rosa-dabril\/#primaryimage\",\"url\":\"https:\/\/torello.com\/wp-content\/uploads\/2023\/04\/Ampolla-de-Rosa-dAbril-2022-075-cl.jpg\",\"contentUrl\":\"https:\/\/torello.com\/wp-content\/uploads\/2023\/04\/Ampolla-de-Rosa-dAbril-2022-075-cl.jpg\",\"width\":560,\"height\":560,\"caption\":\"Ampolla de Rosa d'Abril 2022 0,75 cl\"},{\"@type\":\"BreadcrumbList\",\"@id\":\"https:\/\/torello.com\/en\/producto\/rosa-dabril\/#breadcrumb\",\"itemListElement\":[{\"@type\":\"ListItem\",\"position\":1,\"name\":\"Inici\",\"item\":\"https:\/\/torello.com\/en\/\"},{\"@type\":\"ListItem\",\"position\":2,\"name\":\"Shop\",\"item\":\"https:\/\/torello.com\/en\/shop\/\"},{\"@type\":\"ListItem\",\"position\":3,\"name\":\"Rosa d&#8217;Abril 2025\"}]},{\"@type\":\"WebSite\",\"@id\":\"https:\/\/torello.com\/en\/#website\",\"url\":\"https:\/\/torello.com\/en\/\",\"name\":\"Torell\u00f3 Viticultors Grans escumosos i vins ecol\u00f2gics\",\"description\":\"Bodega familiar situada en el Pened\u00e9s, l\u00edder en la elaboraci\u00f3n de Cava y vinos, s\u00f3lo utiliza uva cultivada en su finca Can Mart\u00ed.\",\"publisher\":{\"@id\":\"https:\/\/torello.com\/en\/#organization\"},\"potentialAction\":[{\"@type\":\"SearchAction\",\"target\":{\"@type\":\"EntryPoint\",\"urlTemplate\":\"https:\/\/torello.com\/en\/?s={search_term_string}\"},\"query-input\":{\"@type\":\"PropertyValueSpecification\",\"valueRequired\":true,\"valueName\":\"search_term_string\"}}],\"inLanguage\":\"en-US\"},{\"@type\":\"Organization\",\"@id\":\"https:\/\/torello.com\/en\/#organization\",\"name\":\"Torell\u00f3 sparkling and ecologic wines\",\"url\":\"https:\/\/torello.com\/en\/\",\"logo\":{\"@type\":\"ImageObject\",\"inLanguage\":\"en-US\",\"@id\":\"https:\/\/torello.com\/en\/#\/schema\/logo\/image\/\",\"url\":\"https:\/\/torello.com\/wp-content\/uploads\/2020\/02\/TORELLO_LOGO_4.png\",\"contentUrl\":\"https:\/\/torello.com\/wp-content\/uploads\/2020\/02\/TORELLO_LOGO_4.png\",\"width\":278,\"height\":140,\"caption\":\"Torell\u00f3 sparkling and ecologic wines\"},\"image\":{\"@id\":\"https:\/\/torello.com\/en\/#\/schema\/logo\/image\/\"},\"sameAs\":[\"https:\/\/www.facebook.com\/TorelloViticultors\/\",\"https:\/\/x.com\/TorelloViticult\",\"https:\/\/www.instagram.com\/torelloviticultors\/\",\"https:\/\/www.youtube.com\/user\/Torello57\"]}]}<\/script>\n<!-- \/ Yoast SEO plugin. -->","yoast_head_json":{"title":"Rosa d'Abril 2025 | Torell\u00f3 Viticultors Grans escumosos i vins ecol\u00f2gics","robots":{"index":"index","follow":"follow","max-snippet":"max-snippet:-1","max-image-preview":"max-image-preview:large","max-video-preview":"max-video-preview:-1"},"canonical":"https:\/\/torello.com\/en\/producto\/rosa-dabril\/","og_locale":"en_US","og_type":"article","og_title":"Rosa d'Abril 2025 | Torell\u00f3 Viticultors Grans escumosos i vins ecol\u00f2gics","og_description":"Varieties: 51% Macabeu, 25% Syrah and 24% Malvasia from our Can Mart\u00ed estate.  Presentations: Available in 75 cl.  Production: The three grape varieties share a similar vegetative cycle, which allows them to be harvested on the same day and pressed together. All the grapes pass through the sorting table and are then delicately pressed in the pneumatic presses. Only the first fraction of the pressing (also called \u201cmosto flor\u201d), the highest quality, is used. Inertys technology is used in the presses to protect the must from oxidation during this phase. Fermentation takes place in stainless steel tanks at low temperature to preserve all the varietal aromas.  Tasting note: Pale pink colour, with amber tones, clean and bright. In nose, delicate aroma, persistent and sweet tooth. With light touches, that remember the red fruit just harvested. Rich and fresh. Light tropical memories of lychee and mango. Spring floral background, for the month of April. Nice, fresh and dry on entry to the palate. In continuity with the olfactory part, fresh and balanced, good acidity, long. Pleasant and elegant.","og_url":"https:\/\/torello.com\/en\/producto\/rosa-dabril\/","og_site_name":"Torell\u00f3 Viticultors Grans escumosos i vins ecol\u00f2gics","article_publisher":"https:\/\/www.facebook.com\/TorelloViticultors\/","article_modified_time":"2026-04-14T10:52:34+00:00","og_image":[{"width":560,"height":560,"url":"https:\/\/torello.com\/wp-content\/uploads\/2023\/04\/Ampolla-de-Rosa-dAbril-2022-075-cl.jpg","type":"image\/jpeg"}],"twitter_card":"summary_large_image","twitter_site":"@TorelloViticult","twitter_misc":{"Est. reading time":"2 minutes"},"schema":{"@context":"https:\/\/schema.org","@graph":[{"@type":"WebPage","@id":"https:\/\/torello.com\/en\/producto\/rosa-dabril\/","url":"https:\/\/torello.com\/en\/producto\/rosa-dabril\/","name":"Rosa d'Abril 2025 | Torell\u00f3 Viticultors Grans escumosos i vins ecol\u00f2gics","isPartOf":{"@id":"https:\/\/torello.com\/en\/#website"},"primaryImageOfPage":{"@id":"https:\/\/torello.com\/en\/producto\/rosa-dabril\/#primaryimage"},"image":{"@id":"https:\/\/torello.com\/en\/producto\/rosa-dabril\/#primaryimage"},"thumbnailUrl":"https:\/\/torello.com\/wp-content\/uploads\/2023\/04\/Ampolla-de-Rosa-dAbril-2022-075-cl.jpg","datePublished":"2023-04-27T14:48:45+00:00","dateModified":"2026-04-14T10:52:34+00:00","breadcrumb":{"@id":"https:\/\/torello.com\/en\/producto\/rosa-dabril\/#breadcrumb"},"inLanguage":"en-US","potentialAction":[{"@type":"ReadAction","target":["https:\/\/torello.com\/en\/producto\/rosa-dabril\/"]}]},{"@type":"ImageObject","inLanguage":"en-US","@id":"https:\/\/torello.com\/en\/producto\/rosa-dabril\/#primaryimage","url":"https:\/\/torello.com\/wp-content\/uploads\/2023\/04\/Ampolla-de-Rosa-dAbril-2022-075-cl.jpg","contentUrl":"https:\/\/torello.com\/wp-content\/uploads\/2023\/04\/Ampolla-de-Rosa-dAbril-2022-075-cl.jpg","width":560,"height":560,"caption":"Ampolla de Rosa d'Abril 2022 0,75 cl"},{"@type":"BreadcrumbList","@id":"https:\/\/torello.com\/en\/producto\/rosa-dabril\/#breadcrumb","itemListElement":[{"@type":"ListItem","position":1,"name":"Inici","item":"https:\/\/torello.com\/en\/"},{"@type":"ListItem","position":2,"name":"Shop","item":"https:\/\/torello.com\/en\/shop\/"},{"@type":"ListItem","position":3,"name":"Rosa d&#8217;Abril 2025"}]},{"@type":"WebSite","@id":"https:\/\/torello.com\/en\/#website","url":"https:\/\/torello.com\/en\/","name":"Torell\u00f3 Viticultors Grans escumosos i vins ecol\u00f2gics","description":"Bodega familiar situada en el Pened\u00e9s, l\u00edder en la elaboraci\u00f3n de Cava y vinos, s\u00f3lo utiliza uva cultivada en su finca Can Mart\u00ed.","publisher":{"@id":"https:\/\/torello.com\/en\/#organization"},"potentialAction":[{"@type":"SearchAction","target":{"@type":"EntryPoint","urlTemplate":"https:\/\/torello.com\/en\/?s={search_term_string}"},"query-input":{"@type":"PropertyValueSpecification","valueRequired":true,"valueName":"search_term_string"}}],"inLanguage":"en-US"},{"@type":"Organization","@id":"https:\/\/torello.com\/en\/#organization","name":"Torell\u00f3 sparkling and ecologic wines","url":"https:\/\/torello.com\/en\/","logo":{"@type":"ImageObject","inLanguage":"en-US","@id":"https:\/\/torello.com\/en\/#\/schema\/logo\/image\/","url":"https:\/\/torello.com\/wp-content\/uploads\/2020\/02\/TORELLO_LOGO_4.png","contentUrl":"https:\/\/torello.com\/wp-content\/uploads\/2020\/02\/TORELLO_LOGO_4.png","width":278,"height":140,"caption":"Torell\u00f3 sparkling and ecologic wines"},"image":{"@id":"https:\/\/torello.com\/en\/#\/schema\/logo\/image\/"},"sameAs":["https:\/\/www.facebook.com\/TorelloViticultors\/","https:\/\/x.com\/TorelloViticult","https:\/\/www.instagram.com\/torelloviticultors\/","https:\/\/www.youtube.com\/user\/Torello57"]}]}},"_links":{"self":[{"href":"https:\/\/torello.com\/en\/wp-json\/wp\/v2\/product\/11698","targetHints":{"allow":["GET"]}}],"collection":[{"href":"https:\/\/torello.com\/en\/wp-json\/wp\/v2\/product"}],"about":[{"href":"https:\/\/torello.com\/en\/wp-json\/wp\/v2\/types\/product"}],"replies":[{"embeddable":true,"href":"https:\/\/torello.com\/en\/wp-json\/wp\/v2\/comments?post=11698"}],"wp:featuredmedia":[{"embeddable":true,"href":"https:\/\/torello.com\/en\/wp-json\/wp\/v2\/media\/11544"}],"wp:attachment":[{"href":"https:\/\/torello.com\/en\/wp-json\/wp\/v2\/media?parent=11698"}],"wp:term":[{"taxonomy":"product_brand","embeddable":true,"href":"https:\/\/torello.com\/en\/wp-json\/wp\/v2\/product_brand?post=11698"},{"taxonomy":"product_cat","embeddable":true,"href":"https:\/\/torello.com\/en\/wp-json\/wp\/v2\/product_cat?post=11698"},{"taxonomy":"product_tag","embeddable":true,"href":"https:\/\/torello.com\/en\/wp-json\/wp\/v2\/product_tag?post=11698"},{"taxonomy":"giftcard-category","embeddable":true,"href":"https:\/\/torello.com\/en\/wp-json\/wp\/v2\/giftcard-category?post=11698"}],"curies":[{"name":"wp","href":"https:\/\/api.w.org\/{rel}","templated":true}]}}