{"id":19938,"date":"2024-09-17T11:24:02","date_gmt":"2024-09-17T11:24:02","guid":{"rendered":"https:\/\/torello.com\/producto\/caixa-de-fusta-amb-ampolla-de-torello-tradicional-brut-nature-i-ampolla-de-raimonda\/"},"modified":"2026-03-25T12:49:05","modified_gmt":"2026-03-25T11:49:05","slug":"caixa-de-fusta-amb-ampolla-de-torello-tradicional-brut-nature-i-ampolla-de-raimonda","status":"publish","type":"product","link":"https:\/\/torello.com\/en\/producto\/caixa-de-fusta-amb-ampolla-de-torello-tradicional-brut-nature-i-ampolla-de-raimonda\/","title":{"rendered":"Wooden box with a bottle of Torell\u00f3 Tradicional Brut Nature and Raimonda."},"content":{"rendered":"<p>Wooden box with a bottle of Torell\u00f3 Tradicional Brut Nature and Raimonda.<\/p>\n","protected":false},"excerpt":{"rendered":"<p>Wooden box with a bottle of Torell\u00f3 Tradicional Brut Nature and Raimonda.<\/p>\n","protected":false},"featured_media":19936,"comment_status":"open","ping_status":"closed","template":"","meta":[],"product_brand":[],"product_cat":[898],"product_tag":[958,1157,1158,1159],"giftcard-category":[],"class_list":{"0":"post-19938","1":"product","2":"type-product","3":"status-publish","4":"has-post-thumbnail","6":"product_cat-special-presentations","7":"product_tag-brut-nature-en","8":"product_tag-corpinnat-en","9":"product_tag-do-penedes-en","10":"product_tag-vi-negre-en","12":"first","13":"instock","14":"shipping-taxable","15":"purchasable","16":"product-type-simple"},"exclude_global_add_ons":[],"addons":[],"yoast_head":"<!-- This site is optimized with the Yoast SEO plugin v26.7 - https:\/\/yoast.com\/wordpress\/plugins\/seo\/ -->\n<title>Wooden box with a bottle of Torell\u00f3 Tradicional Brut Nature and Raimonda. | Torell\u00f3 Viticultors Grans escumosos i vins ecol\u00f2gics<\/title>\n<meta name=\"description\" content=\"Wooden box with a bottle of Torell\u00f3 Tradicional Brut Nature and Raimonda.\" \/>\n<meta name=\"robots\" content=\"index, follow, max-snippet:-1, max-image-preview:large, max-video-preview:-1\" \/>\n<link rel=\"canonical\" href=\"https:\/\/torello.com\/en\/producto\/caixa-de-fusta-amb-ampolla-de-torello-tradicional-brut-nature-i-ampolla-de-raimonda\/\" \/>\n<meta property=\"og:locale\" content=\"en_US\" \/>\n<meta property=\"og:type\" content=\"article\" \/>\n<meta property=\"og:title\" content=\"Wooden box with a bottle of Torell\u00f3 Tradicional Brut Nature and Raimonda. | Torell\u00f3 Viticultors Grans escumosos i vins ecol\u00f2gics\" \/>\n<meta property=\"og:description\" content=\"Wooden box with a bottle of Torell\u00f3 Tradicional Brut Nature and Raimonda.\" \/>\n<meta property=\"og:url\" content=\"https:\/\/torello.com\/en\/producto\/caixa-de-fusta-amb-ampolla-de-torello-tradicional-brut-nature-i-ampolla-de-raimonda\/\" \/>\n<meta property=\"og:site_name\" content=\"Torell\u00f3 Viticultors Grans escumosos i vins ecol\u00f2gics\" \/>\n<meta property=\"article:publisher\" content=\"https:\/\/www.facebook.com\/TorelloViticultors\/\" \/>\n<meta property=\"article:modified_time\" content=\"2026-03-25T11:49:05+00:00\" \/>\n<meta property=\"og:image\" content=\"https:\/\/torello.com\/wp-content\/uploads\/2024\/09\/Duo-Caixa-de-fusta-amb-ampolla-Brut-Nature-i-Raimonda.jpg\" \/>\n\t<meta property=\"og:image:width\" content=\"560\" \/>\n\t<meta property=\"og:image:height\" content=\"560\" \/>\n\t<meta property=\"og:image:type\" content=\"image\/jpeg\" \/>\n<meta name=\"twitter:card\" content=\"summary_large_image\" \/>\n<meta name=\"twitter:site\" content=\"@TorelloViticult\" \/>\n<meta name=\"twitter:label1\" content=\"Est. reading time\" \/>\n\t<meta name=\"twitter:data1\" content=\"1 minute\" \/>\n<script type=\"application\/ld+json\" class=\"yoast-schema-graph\">{\"@context\":\"https:\/\/schema.org\",\"@graph\":[{\"@type\":\"WebPage\",\"@id\":\"https:\/\/torello.com\/en\/producto\/caixa-de-fusta-amb-ampolla-de-torello-tradicional-brut-nature-i-ampolla-de-raimonda\/\",\"url\":\"https:\/\/torello.com\/en\/producto\/caixa-de-fusta-amb-ampolla-de-torello-tradicional-brut-nature-i-ampolla-de-raimonda\/\",\"name\":\"Wooden box with a bottle of Torell\u00f3 Tradicional Brut Nature and Raimonda. | Torell\u00f3 Viticultors Grans escumosos i vins ecol\u00f2gics\",\"isPartOf\":{\"@id\":\"https:\/\/torello.com\/en\/#website\"},\"primaryImageOfPage\":{\"@id\":\"https:\/\/torello.com\/en\/producto\/caixa-de-fusta-amb-ampolla-de-torello-tradicional-brut-nature-i-ampolla-de-raimonda\/#primaryimage\"},\"image\":{\"@id\":\"https:\/\/torello.com\/en\/producto\/caixa-de-fusta-amb-ampolla-de-torello-tradicional-brut-nature-i-ampolla-de-raimonda\/#primaryimage\"},\"thumbnailUrl\":\"https:\/\/torello.com\/wp-content\/uploads\/2024\/09\/Duo-Caixa-de-fusta-amb-ampolla-Brut-Nature-i-Raimonda.jpg\",\"datePublished\":\"2024-09-17T11:24:02+00:00\",\"dateModified\":\"2026-03-25T11:49:05+00:00\",\"description\":\"Wooden box with a bottle of Torell\u00f3 Tradicional Brut Nature and Raimonda.\",\"breadcrumb\":{\"@id\":\"https:\/\/torello.com\/en\/producto\/caixa-de-fusta-amb-ampolla-de-torello-tradicional-brut-nature-i-ampolla-de-raimonda\/#breadcrumb\"},\"inLanguage\":\"en-US\",\"potentialAction\":[{\"@type\":\"ReadAction\",\"target\":[\"https:\/\/torello.com\/en\/producto\/caixa-de-fusta-amb-ampolla-de-torello-tradicional-brut-nature-i-ampolla-de-raimonda\/\"]}]},{\"@type\":\"ImageObject\",\"inLanguage\":\"en-US\",\"@id\":\"https:\/\/torello.com\/en\/producto\/caixa-de-fusta-amb-ampolla-de-torello-tradicional-brut-nature-i-ampolla-de-raimonda\/#primaryimage\",\"url\":\"https:\/\/torello.com\/wp-content\/uploads\/2024\/09\/Duo-Caixa-de-fusta-amb-ampolla-Brut-Nature-i-Raimonda.jpg\",\"contentUrl\":\"https:\/\/torello.com\/wp-content\/uploads\/2024\/09\/Duo-Caixa-de-fusta-amb-ampolla-Brut-Nature-i-Raimonda.jpg\",\"width\":560,\"height\":560,\"caption\":\"Caixa de fusta amb ampolla Brut Nature i Raimonda\"},{\"@type\":\"BreadcrumbList\",\"@id\":\"https:\/\/torello.com\/en\/producto\/caixa-de-fusta-amb-ampolla-de-torello-tradicional-brut-nature-i-ampolla-de-raimonda\/#breadcrumb\",\"itemListElement\":[{\"@type\":\"ListItem\",\"position\":1,\"name\":\"Inici\",\"item\":\"https:\/\/torello.com\/en\/\"},{\"@type\":\"ListItem\",\"position\":2,\"name\":\"Shop\",\"item\":\"https:\/\/torello.com\/en\/shop\/\"},{\"@type\":\"ListItem\",\"position\":3,\"name\":\"Wooden box with a bottle of Torell\u00f3 Tradicional Brut Nature and Raimonda.\"}]},{\"@type\":\"WebSite\",\"@id\":\"https:\/\/torello.com\/en\/#website\",\"url\":\"https:\/\/torello.com\/en\/\",\"name\":\"Torell\u00f3 Viticultors Grans escumosos i vins ecol\u00f2gics\",\"description\":\"Bodega familiar situada en el Pened\u00e9s, l\u00edder en la elaboraci\u00f3n de Cava y vinos, s\u00f3lo utiliza uva cultivada en su finca Can Mart\u00ed.\",\"publisher\":{\"@id\":\"https:\/\/torello.com\/en\/#organization\"},\"potentialAction\":[{\"@type\":\"SearchAction\",\"target\":{\"@type\":\"EntryPoint\",\"urlTemplate\":\"https:\/\/torello.com\/en\/?s={search_term_string}\"},\"query-input\":{\"@type\":\"PropertyValueSpecification\",\"valueRequired\":true,\"valueName\":\"search_term_string\"}}],\"inLanguage\":\"en-US\"},{\"@type\":\"Organization\",\"@id\":\"https:\/\/torello.com\/en\/#organization\",\"name\":\"Torell\u00f3 sparkling and ecologic wines\",\"url\":\"https:\/\/torello.com\/en\/\",\"logo\":{\"@type\":\"ImageObject\",\"inLanguage\":\"en-US\",\"@id\":\"https:\/\/torello.com\/en\/#\/schema\/logo\/image\/\",\"url\":\"https:\/\/torello.com\/wp-content\/uploads\/2020\/02\/TORELLO_LOGO_4.png\",\"contentUrl\":\"https:\/\/torello.com\/wp-content\/uploads\/2020\/02\/TORELLO_LOGO_4.png\",\"width\":278,\"height\":140,\"caption\":\"Torell\u00f3 sparkling and ecologic wines\"},\"image\":{\"@id\":\"https:\/\/torello.com\/en\/#\/schema\/logo\/image\/\"},\"sameAs\":[\"https:\/\/www.facebook.com\/TorelloViticultors\/\",\"https:\/\/x.com\/TorelloViticult\",\"https:\/\/www.instagram.com\/torelloviticultors\/\",\"https:\/\/www.youtube.com\/user\/Torello57\"]}]}<\/script>\n<!-- \/ Yoast SEO plugin. -->","yoast_head_json":{"title":"Wooden box with a bottle of Torell\u00f3 Tradicional Brut Nature and Raimonda. | Torell\u00f3 Viticultors Grans escumosos i vins ecol\u00f2gics","description":"Wooden box with a bottle of Torell\u00f3 Tradicional Brut Nature and Raimonda.","robots":{"index":"index","follow":"follow","max-snippet":"max-snippet:-1","max-image-preview":"max-image-preview:large","max-video-preview":"max-video-preview:-1"},"canonical":"https:\/\/torello.com\/en\/producto\/caixa-de-fusta-amb-ampolla-de-torello-tradicional-brut-nature-i-ampolla-de-raimonda\/","og_locale":"en_US","og_type":"article","og_title":"Wooden box with a bottle of Torell\u00f3 Tradicional Brut Nature and Raimonda. | Torell\u00f3 Viticultors Grans escumosos i vins ecol\u00f2gics","og_description":"Wooden box with a bottle of Torell\u00f3 Tradicional Brut Nature and Raimonda.","og_url":"https:\/\/torello.com\/en\/producto\/caixa-de-fusta-amb-ampolla-de-torello-tradicional-brut-nature-i-ampolla-de-raimonda\/","og_site_name":"Torell\u00f3 Viticultors Grans escumosos i vins ecol\u00f2gics","article_publisher":"https:\/\/www.facebook.com\/TorelloViticultors\/","article_modified_time":"2026-03-25T11:49:05+00:00","og_image":[{"width":560,"height":560,"url":"https:\/\/torello.com\/wp-content\/uploads\/2024\/09\/Duo-Caixa-de-fusta-amb-ampolla-Brut-Nature-i-Raimonda.jpg","type":"image\/jpeg"}],"twitter_card":"summary_large_image","twitter_site":"@TorelloViticult","twitter_misc":{"Est. reading time":"1 minute"},"schema":{"@context":"https:\/\/schema.org","@graph":[{"@type":"WebPage","@id":"https:\/\/torello.com\/en\/producto\/caixa-de-fusta-amb-ampolla-de-torello-tradicional-brut-nature-i-ampolla-de-raimonda\/","url":"https:\/\/torello.com\/en\/producto\/caixa-de-fusta-amb-ampolla-de-torello-tradicional-brut-nature-i-ampolla-de-raimonda\/","name":"Wooden box with a bottle of Torell\u00f3 Tradicional Brut Nature and Raimonda. | Torell\u00f3 Viticultors Grans escumosos i vins ecol\u00f2gics","isPartOf":{"@id":"https:\/\/torello.com\/en\/#website"},"primaryImageOfPage":{"@id":"https:\/\/torello.com\/en\/producto\/caixa-de-fusta-amb-ampolla-de-torello-tradicional-brut-nature-i-ampolla-de-raimonda\/#primaryimage"},"image":{"@id":"https:\/\/torello.com\/en\/producto\/caixa-de-fusta-amb-ampolla-de-torello-tradicional-brut-nature-i-ampolla-de-raimonda\/#primaryimage"},"thumbnailUrl":"https:\/\/torello.com\/wp-content\/uploads\/2024\/09\/Duo-Caixa-de-fusta-amb-ampolla-Brut-Nature-i-Raimonda.jpg","datePublished":"2024-09-17T11:24:02+00:00","dateModified":"2026-03-25T11:49:05+00:00","description":"Wooden box with a bottle of Torell\u00f3 Tradicional Brut Nature and Raimonda.","breadcrumb":{"@id":"https:\/\/torello.com\/en\/producto\/caixa-de-fusta-amb-ampolla-de-torello-tradicional-brut-nature-i-ampolla-de-raimonda\/#breadcrumb"},"inLanguage":"en-US","potentialAction":[{"@type":"ReadAction","target":["https:\/\/torello.com\/en\/producto\/caixa-de-fusta-amb-ampolla-de-torello-tradicional-brut-nature-i-ampolla-de-raimonda\/"]}]},{"@type":"ImageObject","inLanguage":"en-US","@id":"https:\/\/torello.com\/en\/producto\/caixa-de-fusta-amb-ampolla-de-torello-tradicional-brut-nature-i-ampolla-de-raimonda\/#primaryimage","url":"https:\/\/torello.com\/wp-content\/uploads\/2024\/09\/Duo-Caixa-de-fusta-amb-ampolla-Brut-Nature-i-Raimonda.jpg","contentUrl":"https:\/\/torello.com\/wp-content\/uploads\/2024\/09\/Duo-Caixa-de-fusta-amb-ampolla-Brut-Nature-i-Raimonda.jpg","width":560,"height":560,"caption":"Caixa de fusta amb ampolla Brut Nature i Raimonda"},{"@type":"BreadcrumbList","@id":"https:\/\/torello.com\/en\/producto\/caixa-de-fusta-amb-ampolla-de-torello-tradicional-brut-nature-i-ampolla-de-raimonda\/#breadcrumb","itemListElement":[{"@type":"ListItem","position":1,"name":"Inici","item":"https:\/\/torello.com\/en\/"},{"@type":"ListItem","position":2,"name":"Shop","item":"https:\/\/torello.com\/en\/shop\/"},{"@type":"ListItem","position":3,"name":"Wooden box with a bottle of Torell\u00f3 Tradicional Brut Nature and Raimonda."}]},{"@type":"WebSite","@id":"https:\/\/torello.com\/en\/#website","url":"https:\/\/torello.com\/en\/","name":"Torell\u00f3 Viticultors Grans escumosos i vins ecol\u00f2gics","description":"Bodega familiar situada en el Pened\u00e9s, l\u00edder en la elaboraci\u00f3n de Cava y vinos, s\u00f3lo utiliza uva cultivada en su finca Can Mart\u00ed.","publisher":{"@id":"https:\/\/torello.com\/en\/#organization"},"potentialAction":[{"@type":"SearchAction","target":{"@type":"EntryPoint","urlTemplate":"https:\/\/torello.com\/en\/?s={search_term_string}"},"query-input":{"@type":"PropertyValueSpecification","valueRequired":true,"valueName":"search_term_string"}}],"inLanguage":"en-US"},{"@type":"Organization","@id":"https:\/\/torello.com\/en\/#organization","name":"Torell\u00f3 sparkling and ecologic wines","url":"https:\/\/torello.com\/en\/","logo":{"@type":"ImageObject","inLanguage":"en-US","@id":"https:\/\/torello.com\/en\/#\/schema\/logo\/image\/","url":"https:\/\/torello.com\/wp-content\/uploads\/2020\/02\/TORELLO_LOGO_4.png","contentUrl":"https:\/\/torello.com\/wp-content\/uploads\/2020\/02\/TORELLO_LOGO_4.png","width":278,"height":140,"caption":"Torell\u00f3 sparkling and ecologic wines"},"image":{"@id":"https:\/\/torello.com\/en\/#\/schema\/logo\/image\/"},"sameAs":["https:\/\/www.facebook.com\/TorelloViticultors\/","https:\/\/x.com\/TorelloViticult","https:\/\/www.instagram.com\/torelloviticultors\/","https:\/\/www.youtube.com\/user\/Torello57"]}]}},"_links":{"self":[{"href":"https:\/\/torello.com\/en\/wp-json\/wp\/v2\/product\/19938","targetHints":{"allow":["GET"]}}],"collection":[{"href":"https:\/\/torello.com\/en\/wp-json\/wp\/v2\/product"}],"about":[{"href":"https:\/\/torello.com\/en\/wp-json\/wp\/v2\/types\/product"}],"replies":[{"embeddable":true,"href":"https:\/\/torello.com\/en\/wp-json\/wp\/v2\/comments?post=19938"}],"wp:featuredmedia":[{"embeddable":true,"href":"https:\/\/torello.com\/en\/wp-json\/wp\/v2\/media\/19936"}],"wp:attachment":[{"href":"https:\/\/torello.com\/en\/wp-json\/wp\/v2\/media?parent=19938"}],"wp:term":[{"taxonomy":"product_brand","embeddable":true,"href":"https:\/\/torello.com\/en\/wp-json\/wp\/v2\/product_brand?post=19938"},{"taxonomy":"product_cat","embeddable":true,"href":"https:\/\/torello.com\/en\/wp-json\/wp\/v2\/product_cat?post=19938"},{"taxonomy":"product_tag","embeddable":true,"href":"https:\/\/torello.com\/en\/wp-json\/wp\/v2\/product_tag?post=19938"},{"taxonomy":"giftcard-category","embeddable":true,"href":"https:\/\/torello.com\/en\/wp-json\/wp\/v2\/giftcard-category?post=19938"}],"curies":[{"name":"wp","href":"https:\/\/api.w.org\/{rel}","templated":true}]}}