{"id":20507,"date":"2024-10-24T11:38:31","date_gmt":"2024-10-24T11:38:31","guid":{"rendered":"https:\/\/torello.com\/producto\/torello-brut-rose-2022\/"},"modified":"2026-04-07T11:06:55","modified_gmt":"2026-04-07T09:06:55","slug":"torello-brut-rose","status":"publish","type":"product","link":"https:\/\/torello.com\/en\/producto\/torello-brut-rose\/","title":{"rendered":"Torell\u00f3 Brut Ros\u00e9 2023"},"content":{"rendered":"<p><span style=\"color: #937b4f;\"><strong>Varieties<\/strong>:<\/span> 51% Red Grenache and 49% Macabeo.<\/p>\n<p><span style=\"color: #937b4f;\"><strong>Aging:<\/strong><\/span> More than 18 months on the lees.<\/p>\n<p><span style=\"color: #937b4f;\"><strong>Tasting note:<\/strong><\/span> Ros\u00e9 sparkling, with orange highlights. Clean, transparent, with a constant bubble. The nose is clean, pleasantly reminiscent of red fruit, like strawberry and purple fruit, like cassis. With fresh balsamic touches, of mint and garden flowers, such as carnation or chrysanthemum. Sweet and paused nose, where it is opened giving way to new aromas of fruit of the vineyard, such as peach. The palate is firm, where the tickling of the bubble goes hand in hand with greedy acidity. Sensation of freshness and sweetness well balanced, providing complexity and personality.<\/p>\n","protected":false},"excerpt":{"rendered":"<p><span style=\"color: #937b4f;\"><strong>Varieties<\/strong>:<\/span> 51% Red Grenache and 49% Macabeo.<\/p>\n<p><span style=\"color: #937b4f;\"><strong>Aging:<\/strong><\/span> More than 18 months on the lees.<\/p>\n<p><span style=\"color: #937b4f;\"><strong>Tasting note:<\/strong><\/span> Ros\u00e9 sparkling, with orange highlights. Clean, transparent, with a constant bubble. The nose is clean, pleasantly reminiscent of red fruit, like strawberry and purple fruit, like cassis. With fresh balsamic touches, of mint and garden flowers, such as carnation or chrysanthemum. Sweet and paused nose, where it is opened giving way to new aromas of fruit of the vineyard, such as peach. The palate is firm, where the tickling of the bubble goes hand in hand with greedy acidity. Sensation of freshness and sweetness well balanced, providing complexity and personality.<\/p>\n","protected":false},"featured_media":20497,"comment_status":"open","ping_status":"closed","template":"","meta":[],"product_brand":[],"product_cat":[895],"product_tag":[],"giftcard-category":[],"class_list":{"0":"post-20507","1":"product","2":"type-product","3":"status-publish","4":"has-post-thumbnail","6":"product_cat-corpinnat-en","8":"first","9":"instock","10":"shipping-taxable","11":"purchasable","12":"product-type-variable"},"exclude_global_add_ons":[],"addons":[],"yoast_head":"<!-- This site is optimized with the Yoast SEO plugin v26.7 - https:\/\/yoast.com\/wordpress\/plugins\/seo\/ -->\n<title>Torell\u00f3 Brut Ros\u00e9 2023 | Torell\u00f3 Viticultors Grans escumosos i vins ecol\u00f2gics<\/title>\n<meta name=\"robots\" content=\"index, follow, max-snippet:-1, max-image-preview:large, max-video-preview:-1\" \/>\n<link rel=\"canonical\" href=\"https:\/\/torello.com\/en\/producto\/torello-brut-rose\/\" \/>\n<meta property=\"og:locale\" content=\"en_US\" \/>\n<meta property=\"og:type\" content=\"article\" \/>\n<meta property=\"og:title\" content=\"Torell\u00f3 Brut Ros\u00e9 2023 | Torell\u00f3 Viticultors Grans escumosos i vins ecol\u00f2gics\" \/>\n<meta property=\"og:description\" content=\"Varieties: 51% Red Grenache and 49% Macabeo.  Aging: More than 18 months on the lees.  Tasting note: Ros\u00e9 sparkling, with orange highlights. Clean, transparent, with a constant bubble. The nose is clean, pleasantly reminiscent of red fruit, like strawberry and purple fruit, like cassis. With fresh balsamic touches, of mint and garden flowers, such as carnation or chrysanthemum. Sweet and paused nose, where it is opened giving way to new aromas of fruit of the vineyard, such as peach. The palate is firm, where the tickling of the bubble goes hand in hand with greedy acidity. Sensation of freshness and sweetness well balanced, providing complexity and personality.\" \/>\n<meta property=\"og:url\" content=\"https:\/\/torello.com\/en\/producto\/torello-brut-rose\/\" \/>\n<meta property=\"og:site_name\" content=\"Torell\u00f3 Viticultors Grans escumosos i vins ecol\u00f2gics\" \/>\n<meta property=\"article:publisher\" content=\"https:\/\/www.facebook.com\/TorelloViticultors\/\" \/>\n<meta property=\"article:modified_time\" content=\"2026-04-07T09:06:55+00:00\" \/>\n<meta property=\"og:image\" content=\"https:\/\/torello.com\/wp-content\/uploads\/2024\/10\/Torello-Brut-Rose.jpg\" \/>\n\t<meta property=\"og:image:width\" content=\"560\" \/>\n\t<meta property=\"og:image:height\" content=\"560\" \/>\n\t<meta property=\"og:image:type\" content=\"image\/jpeg\" \/>\n<meta name=\"twitter:card\" content=\"summary_large_image\" \/>\n<meta name=\"twitter:site\" content=\"@TorelloViticult\" \/>\n<meta name=\"twitter:label1\" content=\"Est. reading time\" \/>\n\t<meta name=\"twitter:data1\" content=\"1 minute\" \/>\n<script type=\"application\/ld+json\" class=\"yoast-schema-graph\">{\"@context\":\"https:\/\/schema.org\",\"@graph\":[{\"@type\":\"WebPage\",\"@id\":\"https:\/\/torello.com\/en\/producto\/torello-brut-rose\/\",\"url\":\"https:\/\/torello.com\/en\/producto\/torello-brut-rose\/\",\"name\":\"Torell\u00f3 Brut Ros\u00e9 2023 | Torell\u00f3 Viticultors Grans escumosos i vins ecol\u00f2gics\",\"isPartOf\":{\"@id\":\"https:\/\/torello.com\/en\/#website\"},\"primaryImageOfPage\":{\"@id\":\"https:\/\/torello.com\/en\/producto\/torello-brut-rose\/#primaryimage\"},\"image\":{\"@id\":\"https:\/\/torello.com\/en\/producto\/torello-brut-rose\/#primaryimage\"},\"thumbnailUrl\":\"https:\/\/torello.com\/wp-content\/uploads\/2024\/10\/Torello-Brut-Rose.jpg\",\"datePublished\":\"2024-10-24T11:38:31+00:00\",\"dateModified\":\"2026-04-07T09:06:55+00:00\",\"breadcrumb\":{\"@id\":\"https:\/\/torello.com\/en\/producto\/torello-brut-rose\/#breadcrumb\"},\"inLanguage\":\"en-US\",\"potentialAction\":[{\"@type\":\"ReadAction\",\"target\":[\"https:\/\/torello.com\/en\/producto\/torello-brut-rose\/\"]}]},{\"@type\":\"ImageObject\",\"inLanguage\":\"en-US\",\"@id\":\"https:\/\/torello.com\/en\/producto\/torello-brut-rose\/#primaryimage\",\"url\":\"https:\/\/torello.com\/wp-content\/uploads\/2024\/10\/Torello-Brut-Rose.jpg\",\"contentUrl\":\"https:\/\/torello.com\/wp-content\/uploads\/2024\/10\/Torello-Brut-Rose.jpg\",\"width\":560,\"height\":560,\"caption\":\"Ampolla de vi escum\u00f3s corpinnat Torell\u00f3 Brut Ros\u00e9\"},{\"@type\":\"BreadcrumbList\",\"@id\":\"https:\/\/torello.com\/en\/producto\/torello-brut-rose\/#breadcrumb\",\"itemListElement\":[{\"@type\":\"ListItem\",\"position\":1,\"name\":\"Inici\",\"item\":\"https:\/\/torello.com\/en\/\"},{\"@type\":\"ListItem\",\"position\":2,\"name\":\"Shop\",\"item\":\"https:\/\/torello.com\/en\/shop\/\"},{\"@type\":\"ListItem\",\"position\":3,\"name\":\"Torell\u00f3 Brut Ros\u00e9 2023\"}]},{\"@type\":\"WebSite\",\"@id\":\"https:\/\/torello.com\/en\/#website\",\"url\":\"https:\/\/torello.com\/en\/\",\"name\":\"Torell\u00f3 Viticultors Grans escumosos i vins ecol\u00f2gics\",\"description\":\"Bodega familiar situada en el Pened\u00e9s, l\u00edder en la elaboraci\u00f3n de Cava y vinos, s\u00f3lo utiliza uva cultivada en su finca Can Mart\u00ed.\",\"publisher\":{\"@id\":\"https:\/\/torello.com\/en\/#organization\"},\"potentialAction\":[{\"@type\":\"SearchAction\",\"target\":{\"@type\":\"EntryPoint\",\"urlTemplate\":\"https:\/\/torello.com\/en\/?s={search_term_string}\"},\"query-input\":{\"@type\":\"PropertyValueSpecification\",\"valueRequired\":true,\"valueName\":\"search_term_string\"}}],\"inLanguage\":\"en-US\"},{\"@type\":\"Organization\",\"@id\":\"https:\/\/torello.com\/en\/#organization\",\"name\":\"Torell\u00f3 sparkling and ecologic wines\",\"url\":\"https:\/\/torello.com\/en\/\",\"logo\":{\"@type\":\"ImageObject\",\"inLanguage\":\"en-US\",\"@id\":\"https:\/\/torello.com\/en\/#\/schema\/logo\/image\/\",\"url\":\"https:\/\/torello.com\/wp-content\/uploads\/2020\/02\/TORELLO_LOGO_4.png\",\"contentUrl\":\"https:\/\/torello.com\/wp-content\/uploads\/2020\/02\/TORELLO_LOGO_4.png\",\"width\":278,\"height\":140,\"caption\":\"Torell\u00f3 sparkling and ecologic wines\"},\"image\":{\"@id\":\"https:\/\/torello.com\/en\/#\/schema\/logo\/image\/\"},\"sameAs\":[\"https:\/\/www.facebook.com\/TorelloViticultors\/\",\"https:\/\/x.com\/TorelloViticult\",\"https:\/\/www.instagram.com\/torelloviticultors\/\",\"https:\/\/www.youtube.com\/user\/Torello57\"]}]}<\/script>\n<!-- \/ Yoast SEO plugin. -->","yoast_head_json":{"title":"Torell\u00f3 Brut Ros\u00e9 2023 | Torell\u00f3 Viticultors Grans escumosos i vins ecol\u00f2gics","robots":{"index":"index","follow":"follow","max-snippet":"max-snippet:-1","max-image-preview":"max-image-preview:large","max-video-preview":"max-video-preview:-1"},"canonical":"https:\/\/torello.com\/en\/producto\/torello-brut-rose\/","og_locale":"en_US","og_type":"article","og_title":"Torell\u00f3 Brut Ros\u00e9 2023 | Torell\u00f3 Viticultors Grans escumosos i vins ecol\u00f2gics","og_description":"Varieties: 51% Red Grenache and 49% Macabeo.  Aging: More than 18 months on the lees.  Tasting note: Ros\u00e9 sparkling, with orange highlights. Clean, transparent, with a constant bubble. The nose is clean, pleasantly reminiscent of red fruit, like strawberry and purple fruit, like cassis. With fresh balsamic touches, of mint and garden flowers, such as carnation or chrysanthemum. Sweet and paused nose, where it is opened giving way to new aromas of fruit of the vineyard, such as peach. The palate is firm, where the tickling of the bubble goes hand in hand with greedy acidity. Sensation of freshness and sweetness well balanced, providing complexity and personality.","og_url":"https:\/\/torello.com\/en\/producto\/torello-brut-rose\/","og_site_name":"Torell\u00f3 Viticultors Grans escumosos i vins ecol\u00f2gics","article_publisher":"https:\/\/www.facebook.com\/TorelloViticultors\/","article_modified_time":"2026-04-07T09:06:55+00:00","og_image":[{"width":560,"height":560,"url":"https:\/\/torello.com\/wp-content\/uploads\/2024\/10\/Torello-Brut-Rose.jpg","type":"image\/jpeg"}],"twitter_card":"summary_large_image","twitter_site":"@TorelloViticult","twitter_misc":{"Est. reading time":"1 minute"},"schema":{"@context":"https:\/\/schema.org","@graph":[{"@type":"WebPage","@id":"https:\/\/torello.com\/en\/producto\/torello-brut-rose\/","url":"https:\/\/torello.com\/en\/producto\/torello-brut-rose\/","name":"Torell\u00f3 Brut Ros\u00e9 2023 | Torell\u00f3 Viticultors Grans escumosos i vins ecol\u00f2gics","isPartOf":{"@id":"https:\/\/torello.com\/en\/#website"},"primaryImageOfPage":{"@id":"https:\/\/torello.com\/en\/producto\/torello-brut-rose\/#primaryimage"},"image":{"@id":"https:\/\/torello.com\/en\/producto\/torello-brut-rose\/#primaryimage"},"thumbnailUrl":"https:\/\/torello.com\/wp-content\/uploads\/2024\/10\/Torello-Brut-Rose.jpg","datePublished":"2024-10-24T11:38:31+00:00","dateModified":"2026-04-07T09:06:55+00:00","breadcrumb":{"@id":"https:\/\/torello.com\/en\/producto\/torello-brut-rose\/#breadcrumb"},"inLanguage":"en-US","potentialAction":[{"@type":"ReadAction","target":["https:\/\/torello.com\/en\/producto\/torello-brut-rose\/"]}]},{"@type":"ImageObject","inLanguage":"en-US","@id":"https:\/\/torello.com\/en\/producto\/torello-brut-rose\/#primaryimage","url":"https:\/\/torello.com\/wp-content\/uploads\/2024\/10\/Torello-Brut-Rose.jpg","contentUrl":"https:\/\/torello.com\/wp-content\/uploads\/2024\/10\/Torello-Brut-Rose.jpg","width":560,"height":560,"caption":"Ampolla de vi escum\u00f3s corpinnat Torell\u00f3 Brut Ros\u00e9"},{"@type":"BreadcrumbList","@id":"https:\/\/torello.com\/en\/producto\/torello-brut-rose\/#breadcrumb","itemListElement":[{"@type":"ListItem","position":1,"name":"Inici","item":"https:\/\/torello.com\/en\/"},{"@type":"ListItem","position":2,"name":"Shop","item":"https:\/\/torello.com\/en\/shop\/"},{"@type":"ListItem","position":3,"name":"Torell\u00f3 Brut Ros\u00e9 2023"}]},{"@type":"WebSite","@id":"https:\/\/torello.com\/en\/#website","url":"https:\/\/torello.com\/en\/","name":"Torell\u00f3 Viticultors Grans escumosos i vins ecol\u00f2gics","description":"Bodega familiar situada en el Pened\u00e9s, l\u00edder en la elaboraci\u00f3n de Cava y vinos, s\u00f3lo utiliza uva cultivada en su finca Can Mart\u00ed.","publisher":{"@id":"https:\/\/torello.com\/en\/#organization"},"potentialAction":[{"@type":"SearchAction","target":{"@type":"EntryPoint","urlTemplate":"https:\/\/torello.com\/en\/?s={search_term_string}"},"query-input":{"@type":"PropertyValueSpecification","valueRequired":true,"valueName":"search_term_string"}}],"inLanguage":"en-US"},{"@type":"Organization","@id":"https:\/\/torello.com\/en\/#organization","name":"Torell\u00f3 sparkling and ecologic wines","url":"https:\/\/torello.com\/en\/","logo":{"@type":"ImageObject","inLanguage":"en-US","@id":"https:\/\/torello.com\/en\/#\/schema\/logo\/image\/","url":"https:\/\/torello.com\/wp-content\/uploads\/2020\/02\/TORELLO_LOGO_4.png","contentUrl":"https:\/\/torello.com\/wp-content\/uploads\/2020\/02\/TORELLO_LOGO_4.png","width":278,"height":140,"caption":"Torell\u00f3 sparkling and ecologic wines"},"image":{"@id":"https:\/\/torello.com\/en\/#\/schema\/logo\/image\/"},"sameAs":["https:\/\/www.facebook.com\/TorelloViticultors\/","https:\/\/x.com\/TorelloViticult","https:\/\/www.instagram.com\/torelloviticultors\/","https:\/\/www.youtube.com\/user\/Torello57"]}]}},"_links":{"self":[{"href":"https:\/\/torello.com\/en\/wp-json\/wp\/v2\/product\/20507","targetHints":{"allow":["GET"]}}],"collection":[{"href":"https:\/\/torello.com\/en\/wp-json\/wp\/v2\/product"}],"about":[{"href":"https:\/\/torello.com\/en\/wp-json\/wp\/v2\/types\/product"}],"replies":[{"embeddable":true,"href":"https:\/\/torello.com\/en\/wp-json\/wp\/v2\/comments?post=20507"}],"wp:featuredmedia":[{"embeddable":true,"href":"https:\/\/torello.com\/en\/wp-json\/wp\/v2\/media\/20497"}],"wp:attachment":[{"href":"https:\/\/torello.com\/en\/wp-json\/wp\/v2\/media?parent=20507"}],"wp:term":[{"taxonomy":"product_brand","embeddable":true,"href":"https:\/\/torello.com\/en\/wp-json\/wp\/v2\/product_brand?post=20507"},{"taxonomy":"product_cat","embeddable":true,"href":"https:\/\/torello.com\/en\/wp-json\/wp\/v2\/product_cat?post=20507"},{"taxonomy":"product_tag","embeddable":true,"href":"https:\/\/torello.com\/en\/wp-json\/wp\/v2\/product_tag?post=20507"},{"taxonomy":"giftcard-category","embeddable":true,"href":"https:\/\/torello.com\/en\/wp-json\/wp\/v2\/giftcard-category?post=20507"}],"curies":[{"name":"wp","href":"https:\/\/api.w.org\/{rel}","templated":true}]}}