{"id":22041,"date":"2025-04-22T09:21:58","date_gmt":"2025-04-22T09:21:58","guid":{"rendered":"https:\/\/torello.com\/?post_type=product&#038;p=22041"},"modified":"2026-03-25T11:05:50","modified_gmt":"2026-03-25T10:05:50","slug":"malvarello","status":"publish","type":"product","link":"https:\/\/torello.com\/en\/producto\/malvarello\/","title":{"rendered":"Malvarel\u00b7lo"},"content":{"rendered":"<h2>A fresh white wine, smooth, fruity and very aromatic<\/h2>\n<p><strong>Varieties<\/strong>: 51% Xarel\u00b7lo and 49% Malavasia, grape varieties of our Can Mart\u00ed estate.<\/p>\n<p><strong>Production<\/strong>: The two grape varieties share a similar vegetative cycle, which allows them to be harvested on the same day and pressed together. Inertys technology is used in the presses to protect the must from oxidation during this phase. Fermentation takes place in stainless steel tanks at low temperature to preserve all the varietal aromas.<\/p>\n<p><strong>Tasting Note<\/strong>: Bright straw yellow, with golden reflections. The nose is suggestive, with fruity and sweet aromas, honey like. Floral notes, delicate, but with intensity. Fruity fullness with a good dose of bone fruits, exotic notes of apricot, peach, plum and water pear. The palate is very fruity, with white fruit and bone fruit. Citrus freshness, good acidity. It is a very pleasant and tasty wine.<\/p>\n","protected":false},"excerpt":{"rendered":"<h2>A fresh white wine, smooth, fruity and very aromatic<\/h2>\n<p><strong>Varieties<\/strong>: 51% Xarel\u00b7lo and 49% Malavasia, grape varieties of our Can Mart\u00ed estate.<\/p>\n<p><strong>Production<\/strong>: The two grape varieties share a similar vegetative cycle, which allows them to be harvested on the same day and pressed together. Inertys technology is used in the presses to protect the must from oxidation during this phase. Fermentation takes place in stainless steel tanks at low temperature to preserve all the varietal aromas.<\/p>\n<p><strong>Tasting Note<\/strong>: Bright straw yellow, with golden reflections. The nose is suggestive, with fruity and sweet aromas, honey like. Floral notes, delicate, but with intensity. Fruity fullness with a good dose of bone fruits, exotic notes of apricot, peach, plum and water pear. The palate is very fruity, with white fruit and bone fruit. Citrus freshness, good acidity. It is a very pleasant and tasty wine.<\/p>\n","protected":false},"featured_media":22033,"comment_status":"open","ping_status":"closed","template":"","meta":[],"product_brand":[],"product_cat":[897],"product_tag":[],"giftcard-category":[],"class_list":{"0":"post-22041","1":"product","2":"type-product","3":"status-publish","4":"has-post-thumbnail","6":"product_cat-penedes-en","8":"first","9":"instock","10":"shipping-taxable","11":"purchasable","12":"product-type-variable"},"exclude_global_add_ons":[],"addons":[],"yoast_head":"<!-- This site is optimized with the Yoast SEO plugin v26.7 - https:\/\/yoast.com\/wordpress\/plugins\/seo\/ -->\n<title>Malvarel\u00b7lo<\/title>\n<meta name=\"description\" content=\"Malvarel\u00b7lo is a DO Pened\u00e8s organic white wine, made with Xarel\u00b7lo and Malvasia grape varieties. The two grape varieties share a similar vegetative cycle.\" \/>\n<meta name=\"robots\" content=\"index, follow, max-snippet:-1, max-image-preview:large, max-video-preview:-1\" \/>\n<link rel=\"canonical\" href=\"https:\/\/torello.com\/en\/producto\/malvarello\/\" \/>\n<meta property=\"og:locale\" content=\"en_US\" \/>\n<meta property=\"og:type\" content=\"article\" \/>\n<meta property=\"og:title\" content=\"Malvarel\u00b7lo\" \/>\n<meta property=\"og:description\" content=\"Malvarel\u00b7lo is a DO Pened\u00e8s organic white wine, made with Xarel\u00b7lo and Malvasia grape varieties. The two grape varieties share a similar vegetative cycle.\" \/>\n<meta property=\"og:url\" content=\"https:\/\/torello.com\/en\/producto\/malvarello\/\" \/>\n<meta property=\"og:site_name\" content=\"Torell\u00f3 Viticultors Grans escumosos i vins ecol\u00f2gics\" \/>\n<meta property=\"article:publisher\" content=\"https:\/\/www.facebook.com\/TorelloViticultors\/\" \/>\n<meta property=\"article:modified_time\" content=\"2026-03-25T10:05:50+00:00\" \/>\n<meta property=\"og:image\" content=\"https:\/\/torello.com\/wp-content\/uploads\/2025\/04\/Malvarello.jpg\" \/>\n\t<meta property=\"og:image:width\" content=\"560\" \/>\n\t<meta property=\"og:image:height\" content=\"560\" \/>\n\t<meta property=\"og:image:type\" content=\"image\/jpeg\" \/>\n<meta name=\"twitter:card\" content=\"summary_large_image\" \/>\n<meta name=\"twitter:site\" content=\"@TorelloViticult\" \/>\n<meta name=\"twitter:label1\" content=\"Est. reading time\" \/>\n\t<meta name=\"twitter:data1\" content=\"1 minute\" \/>\n<script type=\"application\/ld+json\" class=\"yoast-schema-graph\">{\"@context\":\"https:\/\/schema.org\",\"@graph\":[{\"@type\":\"WebPage\",\"@id\":\"https:\/\/torello.com\/en\/producto\/malvarello\/\",\"url\":\"https:\/\/torello.com\/en\/producto\/malvarello\/\",\"name\":\"Malvarel\u00b7lo\",\"isPartOf\":{\"@id\":\"https:\/\/torello.com\/en\/#website\"},\"primaryImageOfPage\":{\"@id\":\"https:\/\/torello.com\/en\/producto\/malvarello\/#primaryimage\"},\"image\":{\"@id\":\"https:\/\/torello.com\/en\/producto\/malvarello\/#primaryimage\"},\"thumbnailUrl\":\"https:\/\/torello.com\/wp-content\/uploads\/2025\/04\/Malvarello.jpg\",\"datePublished\":\"2025-04-22T09:21:58+00:00\",\"dateModified\":\"2026-03-25T10:05:50+00:00\",\"description\":\"Malvarel\u00b7lo is a DO Pened\u00e8s organic white wine, made with Xarel\u00b7lo and Malvasia grape varieties. The two grape varieties share a similar vegetative cycle.\",\"breadcrumb\":{\"@id\":\"https:\/\/torello.com\/en\/producto\/malvarello\/#breadcrumb\"},\"inLanguage\":\"en-US\",\"potentialAction\":[{\"@type\":\"ReadAction\",\"target\":[\"https:\/\/torello.com\/en\/producto\/malvarello\/\"]}]},{\"@type\":\"ImageObject\",\"inLanguage\":\"en-US\",\"@id\":\"https:\/\/torello.com\/en\/producto\/malvarello\/#primaryimage\",\"url\":\"https:\/\/torello.com\/wp-content\/uploads\/2025\/04\/Malvarello.jpg\",\"contentUrl\":\"https:\/\/torello.com\/wp-content\/uploads\/2025\/04\/Malvarello.jpg\",\"width\":560,\"height\":560,\"caption\":\"vi blanc de la D.O. Pened\u00e8s Malvare\u00b7lo de Torell\u00f3 Viticultors\"},{\"@type\":\"BreadcrumbList\",\"@id\":\"https:\/\/torello.com\/en\/producto\/malvarello\/#breadcrumb\",\"itemListElement\":[{\"@type\":\"ListItem\",\"position\":1,\"name\":\"Inici\",\"item\":\"https:\/\/torello.com\/en\/\"},{\"@type\":\"ListItem\",\"position\":2,\"name\":\"Shop\",\"item\":\"https:\/\/torello.com\/en\/shop\/\"},{\"@type\":\"ListItem\",\"position\":3,\"name\":\"Malvarel\u00b7lo\"}]},{\"@type\":\"WebSite\",\"@id\":\"https:\/\/torello.com\/en\/#website\",\"url\":\"https:\/\/torello.com\/en\/\",\"name\":\"Torell\u00f3 Viticultors Grans escumosos i vins ecol\u00f2gics\",\"description\":\"Bodega familiar situada en el Pened\u00e9s, l\u00edder en la elaboraci\u00f3n de Cava y vinos, s\u00f3lo utiliza uva cultivada en su finca Can Mart\u00ed.\",\"publisher\":{\"@id\":\"https:\/\/torello.com\/en\/#organization\"},\"potentialAction\":[{\"@type\":\"SearchAction\",\"target\":{\"@type\":\"EntryPoint\",\"urlTemplate\":\"https:\/\/torello.com\/en\/?s={search_term_string}\"},\"query-input\":{\"@type\":\"PropertyValueSpecification\",\"valueRequired\":true,\"valueName\":\"search_term_string\"}}],\"inLanguage\":\"en-US\"},{\"@type\":\"Organization\",\"@id\":\"https:\/\/torello.com\/en\/#organization\",\"name\":\"Torell\u00f3 sparkling and ecologic wines\",\"url\":\"https:\/\/torello.com\/en\/\",\"logo\":{\"@type\":\"ImageObject\",\"inLanguage\":\"en-US\",\"@id\":\"https:\/\/torello.com\/en\/#\/schema\/logo\/image\/\",\"url\":\"https:\/\/torello.com\/wp-content\/uploads\/2020\/02\/TORELLO_LOGO_4.png\",\"contentUrl\":\"https:\/\/torello.com\/wp-content\/uploads\/2020\/02\/TORELLO_LOGO_4.png\",\"width\":278,\"height\":140,\"caption\":\"Torell\u00f3 sparkling and ecologic wines\"},\"image\":{\"@id\":\"https:\/\/torello.com\/en\/#\/schema\/logo\/image\/\"},\"sameAs\":[\"https:\/\/www.facebook.com\/TorelloViticultors\/\",\"https:\/\/x.com\/TorelloViticult\",\"https:\/\/www.instagram.com\/torelloviticultors\/\",\"https:\/\/www.youtube.com\/user\/Torello57\"]}]}<\/script>\n<!-- \/ Yoast SEO plugin. -->","yoast_head_json":{"title":"Malvarel\u00b7lo","description":"Malvarel\u00b7lo is a DO Pened\u00e8s organic white wine, made with Xarel\u00b7lo and Malvasia grape varieties. The two grape varieties share a similar vegetative cycle.","robots":{"index":"index","follow":"follow","max-snippet":"max-snippet:-1","max-image-preview":"max-image-preview:large","max-video-preview":"max-video-preview:-1"},"canonical":"https:\/\/torello.com\/en\/producto\/malvarello\/","og_locale":"en_US","og_type":"article","og_title":"Malvarel\u00b7lo","og_description":"Malvarel\u00b7lo is a DO Pened\u00e8s organic white wine, made with Xarel\u00b7lo and Malvasia grape varieties. The two grape varieties share a similar vegetative cycle.","og_url":"https:\/\/torello.com\/en\/producto\/malvarello\/","og_site_name":"Torell\u00f3 Viticultors Grans escumosos i vins ecol\u00f2gics","article_publisher":"https:\/\/www.facebook.com\/TorelloViticultors\/","article_modified_time":"2026-03-25T10:05:50+00:00","og_image":[{"width":560,"height":560,"url":"https:\/\/torello.com\/wp-content\/uploads\/2025\/04\/Malvarello.jpg","type":"image\/jpeg"}],"twitter_card":"summary_large_image","twitter_site":"@TorelloViticult","twitter_misc":{"Est. reading time":"1 minute"},"schema":{"@context":"https:\/\/schema.org","@graph":[{"@type":"WebPage","@id":"https:\/\/torello.com\/en\/producto\/malvarello\/","url":"https:\/\/torello.com\/en\/producto\/malvarello\/","name":"Malvarel\u00b7lo","isPartOf":{"@id":"https:\/\/torello.com\/en\/#website"},"primaryImageOfPage":{"@id":"https:\/\/torello.com\/en\/producto\/malvarello\/#primaryimage"},"image":{"@id":"https:\/\/torello.com\/en\/producto\/malvarello\/#primaryimage"},"thumbnailUrl":"https:\/\/torello.com\/wp-content\/uploads\/2025\/04\/Malvarello.jpg","datePublished":"2025-04-22T09:21:58+00:00","dateModified":"2026-03-25T10:05:50+00:00","description":"Malvarel\u00b7lo is a DO Pened\u00e8s organic white wine, made with Xarel\u00b7lo and Malvasia grape varieties. The two grape varieties share a similar vegetative cycle.","breadcrumb":{"@id":"https:\/\/torello.com\/en\/producto\/malvarello\/#breadcrumb"},"inLanguage":"en-US","potentialAction":[{"@type":"ReadAction","target":["https:\/\/torello.com\/en\/producto\/malvarello\/"]}]},{"@type":"ImageObject","inLanguage":"en-US","@id":"https:\/\/torello.com\/en\/producto\/malvarello\/#primaryimage","url":"https:\/\/torello.com\/wp-content\/uploads\/2025\/04\/Malvarello.jpg","contentUrl":"https:\/\/torello.com\/wp-content\/uploads\/2025\/04\/Malvarello.jpg","width":560,"height":560,"caption":"vi blanc de la D.O. Pened\u00e8s Malvare\u00b7lo de Torell\u00f3 Viticultors"},{"@type":"BreadcrumbList","@id":"https:\/\/torello.com\/en\/producto\/malvarello\/#breadcrumb","itemListElement":[{"@type":"ListItem","position":1,"name":"Inici","item":"https:\/\/torello.com\/en\/"},{"@type":"ListItem","position":2,"name":"Shop","item":"https:\/\/torello.com\/en\/shop\/"},{"@type":"ListItem","position":3,"name":"Malvarel\u00b7lo"}]},{"@type":"WebSite","@id":"https:\/\/torello.com\/en\/#website","url":"https:\/\/torello.com\/en\/","name":"Torell\u00f3 Viticultors Grans escumosos i vins ecol\u00f2gics","description":"Bodega familiar situada en el Pened\u00e9s, l\u00edder en la elaboraci\u00f3n de Cava y vinos, s\u00f3lo utiliza uva cultivada en su finca Can Mart\u00ed.","publisher":{"@id":"https:\/\/torello.com\/en\/#organization"},"potentialAction":[{"@type":"SearchAction","target":{"@type":"EntryPoint","urlTemplate":"https:\/\/torello.com\/en\/?s={search_term_string}"},"query-input":{"@type":"PropertyValueSpecification","valueRequired":true,"valueName":"search_term_string"}}],"inLanguage":"en-US"},{"@type":"Organization","@id":"https:\/\/torello.com\/en\/#organization","name":"Torell\u00f3 sparkling and ecologic wines","url":"https:\/\/torello.com\/en\/","logo":{"@type":"ImageObject","inLanguage":"en-US","@id":"https:\/\/torello.com\/en\/#\/schema\/logo\/image\/","url":"https:\/\/torello.com\/wp-content\/uploads\/2020\/02\/TORELLO_LOGO_4.png","contentUrl":"https:\/\/torello.com\/wp-content\/uploads\/2020\/02\/TORELLO_LOGO_4.png","width":278,"height":140,"caption":"Torell\u00f3 sparkling and ecologic wines"},"image":{"@id":"https:\/\/torello.com\/en\/#\/schema\/logo\/image\/"},"sameAs":["https:\/\/www.facebook.com\/TorelloViticultors\/","https:\/\/x.com\/TorelloViticult","https:\/\/www.instagram.com\/torelloviticultors\/","https:\/\/www.youtube.com\/user\/Torello57"]}]}},"_links":{"self":[{"href":"https:\/\/torello.com\/en\/wp-json\/wp\/v2\/product\/22041","targetHints":{"allow":["GET"]}}],"collection":[{"href":"https:\/\/torello.com\/en\/wp-json\/wp\/v2\/product"}],"about":[{"href":"https:\/\/torello.com\/en\/wp-json\/wp\/v2\/types\/product"}],"replies":[{"embeddable":true,"href":"https:\/\/torello.com\/en\/wp-json\/wp\/v2\/comments?post=22041"}],"wp:featuredmedia":[{"embeddable":true,"href":"https:\/\/torello.com\/en\/wp-json\/wp\/v2\/media\/22033"}],"wp:attachment":[{"href":"https:\/\/torello.com\/en\/wp-json\/wp\/v2\/media?parent=22041"}],"wp:term":[{"taxonomy":"product_brand","embeddable":true,"href":"https:\/\/torello.com\/en\/wp-json\/wp\/v2\/product_brand?post=22041"},{"taxonomy":"product_cat","embeddable":true,"href":"https:\/\/torello.com\/en\/wp-json\/wp\/v2\/product_cat?post=22041"},{"taxonomy":"product_tag","embeddable":true,"href":"https:\/\/torello.com\/en\/wp-json\/wp\/v2\/product_tag?post=22041"},{"taxonomy":"giftcard-category","embeddable":true,"href":"https:\/\/torello.com\/en\/wp-json\/wp\/v2\/giftcard-category?post=22041"}],"curies":[{"name":"wp","href":"https:\/\/api.w.org\/{rel}","templated":true}]}}