{"id":22664,"date":"2025-06-09T13:57:28","date_gmt":"2025-06-09T13:57:28","guid":{"rendered":"https:\/\/torello.com\/?post_type=product&#038;p=22664"},"modified":"2025-06-13T10:39:32","modified_gmt":"2025-06-13T10:39:32","slug":"caixa-de-6-vins-ecologics-per-aquest-estiu","status":"publish","type":"product","link":"https:\/\/torello.com\/en\/producto\/caixa-de-6-vins-ecologics-per-aquest-estiu\/","title":{"rendered":"Caixa de 6 vins ecol\u00f2gics per aquest estiu"},"content":{"rendered":"<h2>Fes que aquest estiu sigui memorable!<\/h2>\n<h3>T\u2019acompanyem amb els nostres vins!<\/h3>\n<p>Els <strong>dinars i sopars que celebrareu<\/strong> aquest estiu sempre seran ben recordats! A la piscina, terrassa o al jard\u00ed; amb amics, fam\u00edlia o parella!<\/p>\n<p>Per aix\u00f2, Torell\u00f3 et proposa <strong>els vins que t\u2019acompanyaran aquest estiu!<\/strong><\/p>\n<p>Una selecci\u00f3 de <strong>6 vins ecol\u00f2gics<\/strong> elaborats amb ra\u00efm, majorit\u00e0riament, de la nostra Finca Can Mart\u00ed, veremats a m\u00e0, vinificats al nostre celler, i&#8230; molt mediterranis!<\/p>\n<p>Tot per 75\u20ac i l&#8217;enviament gratu\u00eft!<\/p>\n<ul>\n<li><strong>Malvarel\u00b7lo 2024<\/strong>: Un vi blanc, jove, fresc i afruitat. Malvasia i Xarel\u00b7lo de la nosta Finca Can Mart\u00ed, premsades conjuntament.<\/li>\n<li><strong>Mas de la Torrevella 2024<\/strong>: Un vi blanc lleuger, de grau moderat i amb un punt mineral. Elaborat amb la varietat Chardonnay que li aporta notes de fruita tropical. Microvinificaci\u00f3.<\/li>\n<li><strong>Petjades 2024<\/strong>: Un vi rosat que \u00e9s un cl\u00e0ssic de la casa, potent i gastron\u00f2mic. Elaborat amb la varietat Merlot.<\/li>\n<li><strong>Rosa d&#8217;Abril 2024<\/strong>: Un vi rosat fresc i elegant. Macabeu, Syrah i Malvasia, premsades conjuntament.<\/li>\n<li><strong>50 Lliures 2023<\/strong>: Un vi blanc elegant i complex. 5 textures de la fermentaci\u00f3 en ciment, gerra, barrica, damajoana i inoxidable. 100% Xarel\u00b7lo. Microvinificaci\u00f3.<\/li>\n<li><strong>Gran Crisalys 2023<\/strong>: Un vi blanc, potent, complex i estructurat. Xarel\u00b7lo i Chardonnay, amb crian\u00e7a de 3 mesos en barrica de roure franc\u00e8s i un any en ampolla. Microvinificaci\u00f3.<\/li>\n<\/ul>\n","protected":false},"excerpt":{"rendered":"<h2>Fes que aquest estiu sigui memorable!<\/h2>\n<h3>T\u2019acompanyem amb els nostres vins!<\/h3>\n<h4>Tot per 75\u20ac i enviament gratu\u00eft!<\/h4>\n<p>Els <strong>dinars i sopars que celebrareu<\/strong> aquest estiu sempre seran ben recordats! A la piscina, terrassa o al jard\u00ed; amb amics, fam\u00edlia o parella!<\/p>\n[caption id=\"attachment_22709\" align=\"alignnone\" width=\"500\"]<img decoding=\"async\" class=\"size-full wp-image-22709\" src=\"https:\/\/torello.com\/wp-content\/uploads\/2025\/06\/vins-per-lestiu-1.jpg\" alt=\"vins per lestiu 1\" width=\"500\" height=\"500\" srcset=\"https:\/\/torello.com\/wp-content\/uploads\/2025\/06\/vins-per-lestiu-1-66x66.jpg 66w, https:\/\/torello.com\/wp-content\/uploads\/2025\/06\/vins-per-lestiu-1-150x150.jpg 150w, https:\/\/torello.com\/wp-content\/uploads\/2025\/06\/vins-per-lestiu-1-196x196.jpg 196w, https:\/\/torello.com\/wp-content\/uploads\/2025\/06\/vins-per-lestiu-1-200x200.jpg 200w, https:\/\/torello.com\/wp-content\/uploads\/2025\/06\/vins-per-lestiu-1-300x300.jpg 300w, https:\/\/torello.com\/wp-content\/uploads\/2025\/06\/vins-per-lestiu-1-400x400.jpg 400w, https:\/\/torello.com\/wp-content\/uploads\/2025\/06\/vins-per-lestiu-1.jpg 500w\" sizes=\"(max-width: 500px) 100vw, 500px\" \/> Malvarel\u00b7lo, Petjades i Mas de la Torrevella.[\/caption]\n<p>Per aix\u00f2, Torell\u00f3 et proposa <strong>els vins que t\u2019acompanyaran aquest estiu!<\/strong><\/p>\n<p>Una selecci\u00f3 de <strong>6 vins ecol\u00f2gics<\/strong> elaborats amb ra\u00efm, majorit\u00e0riament, de la nostra Finca Can Mart\u00ed, veremats a m\u00e0, vinificats al nostre celler, i&#8230; molt mediterranis!<\/p>\n<ul>\n<li><strong>Malvarel\u00b7lo 2024<\/strong>: Un vi blanc, jove, fresc i afruitat. Malvasia i Xarel\u00b7lo de la nosta Finca Can Mart\u00ed, premsades conjuntament.<\/li>\n<li><strong>Mas de la Torrevella 2024<\/strong>: Un vi blanc lleuger, de grau moderat i amb un punt mineral. Elaborat amb la varietat Chardonnay que li aporta notes de fruita tropical. Microvinificaci\u00f3.<\/li>\n<li><strong>Petjades 2024<\/strong>: Un vi rosat que \u00e9s un cl\u00e0ssic de la casa, potent i gastron\u00f2mic. Elaborat amb la varietat Merlot.<\/li>\n<li><strong>Rosa d&#8217;Abril 2024<\/strong>: Un vi rosat fresc i elegant. Macabeu, Syrah i Malvasia, premsades conjuntament.<\/li>\n<li><strong>50 Lliures 2023<\/strong>: Un vi blanc elegant i complex. 5 textures de la fermentaci\u00f3 en ciment, gerra, barrica, damajoana i inoxidable. 100% Xarel\u00b7lo. Microvinificaci\u00f3.<\/li>\n<li><strong>Gran Crisalys 2023<\/strong>: Un vi blanc, potent, complex i estructurat. Xarel\u00b7lo i Chardonnay, amb crian\u00e7a de 3 mesos en barrica de roure franc\u00e8s i un any en ampolla. Microvinificaci\u00f3.<\/li>\n<\/ul>\n[caption id=\"attachment_22712\" align=\"alignnone\" width=\"500\"]<img decoding=\"async\" class=\"size-full wp-image-22712\" src=\"https:\/\/torello.com\/wp-content\/uploads\/2025\/06\/vins-per-lestiu-2.jpg\" alt=\"Gran Crisalys, Rosa d'Abril o 50 Lliures.\" width=\"500\" height=\"500\" srcset=\"https:\/\/torello.com\/wp-content\/uploads\/2025\/06\/vins-per-lestiu-2-66x66.jpg 66w, https:\/\/torello.com\/wp-content\/uploads\/2025\/06\/vins-per-lestiu-2-150x150.jpg 150w, https:\/\/torello.com\/wp-content\/uploads\/2025\/06\/vins-per-lestiu-2-196x196.jpg 196w, https:\/\/torello.com\/wp-content\/uploads\/2025\/06\/vins-per-lestiu-2-200x200.jpg 200w, https:\/\/torello.com\/wp-content\/uploads\/2025\/06\/vins-per-lestiu-2-300x300.jpg 300w, https:\/\/torello.com\/wp-content\/uploads\/2025\/06\/vins-per-lestiu-2-400x400.jpg 400w, https:\/\/torello.com\/wp-content\/uploads\/2025\/06\/vins-per-lestiu-2.jpg 500w\" sizes=\"(max-width: 500px) 100vw, 500px\" \/> Gran Crisalys, Rosa d&#8217;Abril o 50 Lliures.[\/caption]\n","protected":false},"featured_media":22706,"comment_status":"open","ping_status":"closed","template":"","meta":[],"product_brand":[],"product_cat":[879],"product_tag":[],"giftcard-category":[],"class_list":{"0":"post-22664","1":"product","2":"type-product","3":"status-publish","4":"has-post-thumbnail","6":"product_cat-penedes","7":"product_shipping_class-enviament-gratuit-productes","9":"first","10":"instock","11":"shipping-taxable","12":"purchasable","13":"product-type-simple"},"exclude_global_add_ons":[],"addons":[],"yoast_head":"<!-- This site is optimized with the Yoast SEO plugin v26.7 - https:\/\/yoast.com\/wordpress\/plugins\/seo\/ -->\n<title>Caixa de 6 vins ecol\u00f2gics per aquest estiu | Torell\u00f3 Viticultors Grans escumosos i vins ecol\u00f2gics<\/title>\n<meta name=\"robots\" content=\"index, follow, max-snippet:-1, max-image-preview:large, max-video-preview:-1\" \/>\n<link rel=\"canonical\" href=\"https:\/\/torello.com\/en\/producto\/caixa-de-6-vins-ecologics-per-aquest-estiu\/\" \/>\n<meta property=\"og:locale\" content=\"en_US\" \/>\n<meta property=\"og:type\" content=\"article\" \/>\n<meta property=\"og:title\" content=\"Caixa de 6 vins ecol\u00f2gics per aquest estiu | Torell\u00f3 Viticultors Grans escumosos i vins ecol\u00f2gics\" \/>\n<meta property=\"og:description\" content=\"Fes que aquest estiu sigui memorable! T\u2019acompanyem amb els nostres vins! Tot per 75\u20ac i enviament gratu\u00eft! Els dinars i sopars que celebrareu aquest estiu sempre seran ben recordats! A la piscina, terrassa o al jard\u00ed; amb amics, fam\u00edlia o parella!    Per aix\u00f2, Torell\u00f3 et proposa els vins que t\u2019acompanyaran aquest estiu!  Una selecci\u00f3 de 6 vins ecol\u00f2gics elaborats amb ra\u00efm, majorit\u00e0riament, de la nostra Finca Can Mart\u00ed, veremats a m\u00e0, vinificats al nostre celler, i... molt mediterranis!   Malvarel\u00b7lo 2024: Un vi blanc, jove, fresc i afruitat. Malvasia i Xarel\u00b7lo de la nosta Finca Can Mart\u00ed, premsades conjuntament.  Mas de la Torrevella 2024: Un vi blanc lleuger, de grau moderat i amb un punt mineral. Elaborat amb la varietat Chardonnay que li aporta notes de fruita tropical. Microvinificaci\u00f3.  Petjades 2024: Un vi rosat que \u00e9s un cl\u00e0ssic de la casa, potent i gastron\u00f2mic. Elaborat amb la varietat Merlot.  Rosa d&#039;Abril 2024: Un vi rosat fresc i elegant. Macabeu, Syrah i Malvasia, premsades conjuntament.  50 Lliures 2023: Un vi blanc elegant i complex. 5 textures de la fermentaci\u00f3 en ciment, gerra, barrica, damajoana i inoxidable. 100% Xarel\u00b7lo. Microvinificaci\u00f3.  Gran Crisalys 2023: Un vi blanc, potent, complex i estructurat. Xarel\u00b7lo i Chardonnay, amb crian\u00e7a de 3 mesos en barrica de roure franc\u00e8s i un any en ampolla. Microvinificaci\u00f3.\" \/>\n<meta property=\"og:url\" content=\"https:\/\/torello.com\/en\/producto\/caixa-de-6-vins-ecologics-per-aquest-estiu\/\" \/>\n<meta property=\"og:site_name\" content=\"Torell\u00f3 Viticultors Grans escumosos i vins ecol\u00f2gics\" \/>\n<meta property=\"article:publisher\" content=\"https:\/\/www.facebook.com\/TorelloViticultors\/\" \/>\n<meta property=\"article:modified_time\" content=\"2025-06-13T10:39:32+00:00\" \/>\n<meta property=\"og:image\" content=\"https:\/\/torello.com\/wp-content\/uploads\/2025\/06\/6-VINS-PER-AQUEST-ESTIU.jpg\" \/>\n\t<meta property=\"og:image:width\" content=\"500\" \/>\n\t<meta property=\"og:image:height\" content=\"500\" \/>\n\t<meta property=\"og:image:type\" content=\"image\/jpeg\" \/>\n<meta name=\"twitter:card\" content=\"summary_large_image\" \/>\n<meta name=\"twitter:site\" content=\"@TorelloViticult\" \/>\n<meta name=\"twitter:label1\" content=\"Est. reading time\" \/>\n\t<meta name=\"twitter:data1\" content=\"2 minutes\" \/>\n<script type=\"application\/ld+json\" class=\"yoast-schema-graph\">{\"@context\":\"https:\/\/schema.org\",\"@graph\":[{\"@type\":\"WebPage\",\"@id\":\"https:\/\/torello.com\/en\/producto\/caixa-de-6-vins-ecologics-per-aquest-estiu\/\",\"url\":\"https:\/\/torello.com\/en\/producto\/caixa-de-6-vins-ecologics-per-aquest-estiu\/\",\"name\":\"Caixa de 6 vins ecol\u00f2gics per aquest estiu | Torell\u00f3 Viticultors Grans escumosos i vins ecol\u00f2gics\",\"isPartOf\":{\"@id\":\"https:\/\/torello.com\/en\/#website\"},\"primaryImageOfPage\":{\"@id\":\"https:\/\/torello.com\/en\/producto\/caixa-de-6-vins-ecologics-per-aquest-estiu\/#primaryimage\"},\"image\":{\"@id\":\"https:\/\/torello.com\/en\/producto\/caixa-de-6-vins-ecologics-per-aquest-estiu\/#primaryimage\"},\"thumbnailUrl\":\"https:\/\/torello.com\/wp-content\/uploads\/2025\/06\/6-VINS-PER-AQUEST-ESTIU.jpg\",\"datePublished\":\"2025-06-09T13:57:28+00:00\",\"dateModified\":\"2025-06-13T10:39:32+00:00\",\"breadcrumb\":{\"@id\":\"https:\/\/torello.com\/en\/producto\/caixa-de-6-vins-ecologics-per-aquest-estiu\/#breadcrumb\"},\"inLanguage\":\"en-US\",\"potentialAction\":[{\"@type\":\"ReadAction\",\"target\":[\"https:\/\/torello.com\/en\/producto\/caixa-de-6-vins-ecologics-per-aquest-estiu\/\"]}]},{\"@type\":\"ImageObject\",\"inLanguage\":\"en-US\",\"@id\":\"https:\/\/torello.com\/en\/producto\/caixa-de-6-vins-ecologics-per-aquest-estiu\/#primaryimage\",\"url\":\"https:\/\/torello.com\/wp-content\/uploads\/2025\/06\/6-VINS-PER-AQUEST-ESTIU.jpg\",\"contentUrl\":\"https:\/\/torello.com\/wp-content\/uploads\/2025\/06\/6-VINS-PER-AQUEST-ESTIU.jpg\",\"width\":500,\"height\":500,\"caption\":\"6 VINS PER AQUEST ESTIU\"},{\"@type\":\"BreadcrumbList\",\"@id\":\"https:\/\/torello.com\/en\/producto\/caixa-de-6-vins-ecologics-per-aquest-estiu\/#breadcrumb\",\"itemListElement\":[{\"@type\":\"ListItem\",\"position\":1,\"name\":\"Inici\",\"item\":\"https:\/\/torello.com\/en\/\"},{\"@type\":\"ListItem\",\"position\":2,\"name\":\"Shop\",\"item\":\"https:\/\/torello.com\/en\/shop\/\"},{\"@type\":\"ListItem\",\"position\":3,\"name\":\"Caixa de 6 vins ecol\u00f2gics per aquest estiu\"}]},{\"@type\":\"WebSite\",\"@id\":\"https:\/\/torello.com\/en\/#website\",\"url\":\"https:\/\/torello.com\/en\/\",\"name\":\"Torell\u00f3 Viticultors Grans escumosos i vins ecol\u00f2gics\",\"description\":\"Bodega familiar situada en el Pened\u00e9s, l\u00edder en la elaboraci\u00f3n de Cava y vinos, s\u00f3lo utiliza uva cultivada en su finca Can Mart\u00ed.\",\"publisher\":{\"@id\":\"https:\/\/torello.com\/en\/#organization\"},\"potentialAction\":[{\"@type\":\"SearchAction\",\"target\":{\"@type\":\"EntryPoint\",\"urlTemplate\":\"https:\/\/torello.com\/en\/?s={search_term_string}\"},\"query-input\":{\"@type\":\"PropertyValueSpecification\",\"valueRequired\":true,\"valueName\":\"search_term_string\"}}],\"inLanguage\":\"en-US\"},{\"@type\":\"Organization\",\"@id\":\"https:\/\/torello.com\/en\/#organization\",\"name\":\"Torell\u00f3 sparkling and ecologic wines\",\"url\":\"https:\/\/torello.com\/en\/\",\"logo\":{\"@type\":\"ImageObject\",\"inLanguage\":\"en-US\",\"@id\":\"https:\/\/torello.com\/en\/#\/schema\/logo\/image\/\",\"url\":\"https:\/\/torello.com\/wp-content\/uploads\/2020\/02\/TORELLO_LOGO_4.png\",\"contentUrl\":\"https:\/\/torello.com\/wp-content\/uploads\/2020\/02\/TORELLO_LOGO_4.png\",\"width\":278,\"height\":140,\"caption\":\"Torell\u00f3 sparkling and ecologic wines\"},\"image\":{\"@id\":\"https:\/\/torello.com\/en\/#\/schema\/logo\/image\/\"},\"sameAs\":[\"https:\/\/www.facebook.com\/TorelloViticultors\/\",\"https:\/\/x.com\/TorelloViticult\",\"https:\/\/www.instagram.com\/torelloviticultors\/\",\"https:\/\/www.youtube.com\/user\/Torello57\"]}]}<\/script>\n<!-- \/ Yoast SEO plugin. -->","yoast_head_json":{"title":"Caixa de 6 vins ecol\u00f2gics per aquest estiu | Torell\u00f3 Viticultors Grans escumosos i vins ecol\u00f2gics","robots":{"index":"index","follow":"follow","max-snippet":"max-snippet:-1","max-image-preview":"max-image-preview:large","max-video-preview":"max-video-preview:-1"},"canonical":"https:\/\/torello.com\/en\/producto\/caixa-de-6-vins-ecologics-per-aquest-estiu\/","og_locale":"en_US","og_type":"article","og_title":"Caixa de 6 vins ecol\u00f2gics per aquest estiu | Torell\u00f3 Viticultors Grans escumosos i vins ecol\u00f2gics","og_description":"Fes que aquest estiu sigui memorable! T\u2019acompanyem amb els nostres vins! Tot per 75\u20ac i enviament gratu\u00eft! Els dinars i sopars que celebrareu aquest estiu sempre seran ben recordats! A la piscina, terrassa o al jard\u00ed; amb amics, fam\u00edlia o parella!    Per aix\u00f2, Torell\u00f3 et proposa els vins que t\u2019acompanyaran aquest estiu!  Una selecci\u00f3 de 6 vins ecol\u00f2gics elaborats amb ra\u00efm, majorit\u00e0riament, de la nostra Finca Can Mart\u00ed, veremats a m\u00e0, vinificats al nostre celler, i... molt mediterranis!   Malvarel\u00b7lo 2024: Un vi blanc, jove, fresc i afruitat. Malvasia i Xarel\u00b7lo de la nosta Finca Can Mart\u00ed, premsades conjuntament.  Mas de la Torrevella 2024: Un vi blanc lleuger, de grau moderat i amb un punt mineral. Elaborat amb la varietat Chardonnay que li aporta notes de fruita tropical. Microvinificaci\u00f3.  Petjades 2024: Un vi rosat que \u00e9s un cl\u00e0ssic de la casa, potent i gastron\u00f2mic. Elaborat amb la varietat Merlot.  Rosa d'Abril 2024: Un vi rosat fresc i elegant. Macabeu, Syrah i Malvasia, premsades conjuntament.  50 Lliures 2023: Un vi blanc elegant i complex. 5 textures de la fermentaci\u00f3 en ciment, gerra, barrica, damajoana i inoxidable. 100% Xarel\u00b7lo. Microvinificaci\u00f3.  Gran Crisalys 2023: Un vi blanc, potent, complex i estructurat. Xarel\u00b7lo i Chardonnay, amb crian\u00e7a de 3 mesos en barrica de roure franc\u00e8s i un any en ampolla. Microvinificaci\u00f3.","og_url":"https:\/\/torello.com\/en\/producto\/caixa-de-6-vins-ecologics-per-aquest-estiu\/","og_site_name":"Torell\u00f3 Viticultors Grans escumosos i vins ecol\u00f2gics","article_publisher":"https:\/\/www.facebook.com\/TorelloViticultors\/","article_modified_time":"2025-06-13T10:39:32+00:00","og_image":[{"width":500,"height":500,"url":"https:\/\/torello.com\/wp-content\/uploads\/2025\/06\/6-VINS-PER-AQUEST-ESTIU.jpg","type":"image\/jpeg"}],"twitter_card":"summary_large_image","twitter_site":"@TorelloViticult","twitter_misc":{"Est. reading time":"2 minutes"},"schema":{"@context":"https:\/\/schema.org","@graph":[{"@type":"WebPage","@id":"https:\/\/torello.com\/en\/producto\/caixa-de-6-vins-ecologics-per-aquest-estiu\/","url":"https:\/\/torello.com\/en\/producto\/caixa-de-6-vins-ecologics-per-aquest-estiu\/","name":"Caixa de 6 vins ecol\u00f2gics per aquest estiu | Torell\u00f3 Viticultors Grans escumosos i vins ecol\u00f2gics","isPartOf":{"@id":"https:\/\/torello.com\/en\/#website"},"primaryImageOfPage":{"@id":"https:\/\/torello.com\/en\/producto\/caixa-de-6-vins-ecologics-per-aquest-estiu\/#primaryimage"},"image":{"@id":"https:\/\/torello.com\/en\/producto\/caixa-de-6-vins-ecologics-per-aquest-estiu\/#primaryimage"},"thumbnailUrl":"https:\/\/torello.com\/wp-content\/uploads\/2025\/06\/6-VINS-PER-AQUEST-ESTIU.jpg","datePublished":"2025-06-09T13:57:28+00:00","dateModified":"2025-06-13T10:39:32+00:00","breadcrumb":{"@id":"https:\/\/torello.com\/en\/producto\/caixa-de-6-vins-ecologics-per-aquest-estiu\/#breadcrumb"},"inLanguage":"en-US","potentialAction":[{"@type":"ReadAction","target":["https:\/\/torello.com\/en\/producto\/caixa-de-6-vins-ecologics-per-aquest-estiu\/"]}]},{"@type":"ImageObject","inLanguage":"en-US","@id":"https:\/\/torello.com\/en\/producto\/caixa-de-6-vins-ecologics-per-aquest-estiu\/#primaryimage","url":"https:\/\/torello.com\/wp-content\/uploads\/2025\/06\/6-VINS-PER-AQUEST-ESTIU.jpg","contentUrl":"https:\/\/torello.com\/wp-content\/uploads\/2025\/06\/6-VINS-PER-AQUEST-ESTIU.jpg","width":500,"height":500,"caption":"6 VINS PER AQUEST ESTIU"},{"@type":"BreadcrumbList","@id":"https:\/\/torello.com\/en\/producto\/caixa-de-6-vins-ecologics-per-aquest-estiu\/#breadcrumb","itemListElement":[{"@type":"ListItem","position":1,"name":"Inici","item":"https:\/\/torello.com\/en\/"},{"@type":"ListItem","position":2,"name":"Shop","item":"https:\/\/torello.com\/en\/shop\/"},{"@type":"ListItem","position":3,"name":"Caixa de 6 vins ecol\u00f2gics per aquest estiu"}]},{"@type":"WebSite","@id":"https:\/\/torello.com\/en\/#website","url":"https:\/\/torello.com\/en\/","name":"Torell\u00f3 Viticultors Grans escumosos i vins ecol\u00f2gics","description":"Bodega familiar situada en el Pened\u00e9s, l\u00edder en la elaboraci\u00f3n de Cava y vinos, s\u00f3lo utiliza uva cultivada en su finca Can Mart\u00ed.","publisher":{"@id":"https:\/\/torello.com\/en\/#organization"},"potentialAction":[{"@type":"SearchAction","target":{"@type":"EntryPoint","urlTemplate":"https:\/\/torello.com\/en\/?s={search_term_string}"},"query-input":{"@type":"PropertyValueSpecification","valueRequired":true,"valueName":"search_term_string"}}],"inLanguage":"en-US"},{"@type":"Organization","@id":"https:\/\/torello.com\/en\/#organization","name":"Torell\u00f3 sparkling and ecologic wines","url":"https:\/\/torello.com\/en\/","logo":{"@type":"ImageObject","inLanguage":"en-US","@id":"https:\/\/torello.com\/en\/#\/schema\/logo\/image\/","url":"https:\/\/torello.com\/wp-content\/uploads\/2020\/02\/TORELLO_LOGO_4.png","contentUrl":"https:\/\/torello.com\/wp-content\/uploads\/2020\/02\/TORELLO_LOGO_4.png","width":278,"height":140,"caption":"Torell\u00f3 sparkling and ecologic wines"},"image":{"@id":"https:\/\/torello.com\/en\/#\/schema\/logo\/image\/"},"sameAs":["https:\/\/www.facebook.com\/TorelloViticultors\/","https:\/\/x.com\/TorelloViticult","https:\/\/www.instagram.com\/torelloviticultors\/","https:\/\/www.youtube.com\/user\/Torello57"]}]}},"_links":{"self":[{"href":"https:\/\/torello.com\/en\/wp-json\/wp\/v2\/product\/22664","targetHints":{"allow":["GET"]}}],"collection":[{"href":"https:\/\/torello.com\/en\/wp-json\/wp\/v2\/product"}],"about":[{"href":"https:\/\/torello.com\/en\/wp-json\/wp\/v2\/types\/product"}],"replies":[{"embeddable":true,"href":"https:\/\/torello.com\/en\/wp-json\/wp\/v2\/comments?post=22664"}],"wp:featuredmedia":[{"embeddable":true,"href":"https:\/\/torello.com\/en\/wp-json\/wp\/v2\/media\/22706"}],"wp:attachment":[{"href":"https:\/\/torello.com\/en\/wp-json\/wp\/v2\/media?parent=22664"}],"wp:term":[{"taxonomy":"product_brand","embeddable":true,"href":"https:\/\/torello.com\/en\/wp-json\/wp\/v2\/product_brand?post=22664"},{"taxonomy":"product_cat","embeddable":true,"href":"https:\/\/torello.com\/en\/wp-json\/wp\/v2\/product_cat?post=22664"},{"taxonomy":"product_tag","embeddable":true,"href":"https:\/\/torello.com\/en\/wp-json\/wp\/v2\/product_tag?post=22664"},{"taxonomy":"giftcard-category","embeddable":true,"href":"https:\/\/torello.com\/en\/wp-json\/wp\/v2\/giftcard-category?post=22664"}],"curies":[{"name":"wp","href":"https:\/\/api.w.org\/{rel}","templated":true}]}}