{"id":23645,"date":"2025-08-28T17:36:54","date_gmt":"2025-08-28T15:36:54","guid":{"rendered":"https:\/\/torello.com\/?post_type=product&#038;p=23645"},"modified":"2025-09-24T14:26:07","modified_gmt":"2025-09-24T12:26:07","slug":"gift-voucher","status":"publish","type":"product","link":"https:\/\/torello.com\/en\/producto\/gift-voucher\/","title":{"rendered":"Gift Voucher"},"content":{"rendered":"","protected":false},"excerpt":{"rendered":"<p>Give the gift of Torell\u00f3 <a href=\"https:\/\/torello.com\/en\/do-penedes-wines\/\">wines<\/a> and <a href=\"https:\/\/torello.com\/en\/corpinnat-sparklings-wines\/\">Corpinnats<\/a> with our Gift Voucher!<\/p>\n<p>The lucky recipient will receive an email with a code and the amount you have selected. When they wish to redeem their gift voucher, they simply choose their favourite wines and Corpinnats, apply the code, and they\u2019ll receive them conveniently at home!<\/p>\n<p>With the Gift Voucher, you\u2019re also gifting:<\/p>\n<ul>\n<li>Can Mart\u00ed estate.<\/li>\n<li>Organic Farming.<\/li>\n<li>Manual harvesting.<\/li>\n<li>Estate vinification.<\/li>\n<li>Long ageing.<\/li>\n<\/ul>\n<p>Give excellence and passion, give Torell\u00f3!<\/p>\n","protected":false},"featured_media":23560,"comment_status":"open","ping_status":"closed","template":"","meta":[],"product_brand":[],"product_cat":[895,897],"product_tag":[],"giftcard-category":[],"class_list":{"0":"post-23645","1":"product","2":"type-product","3":"status-publish","4":"has-post-thumbnail","6":"product_cat-corpinnat-en","7":"product_cat-penedes-en","9":"first","10":"instock","11":"virtual","12":"purchasable","13":"product-type-gift-card"},"exclude_global_add_ons":[],"addons":[],"yoast_head":"<!-- This site is optimized with the Yoast SEO plugin v26.7 - https:\/\/yoast.com\/wordpress\/plugins\/seo\/ -->\n<title>Gift Voucher | Torell\u00f3 Viticultors Grans escumosos i vins ecol\u00f2gics<\/title>\n<meta name=\"description\" content=\"With the Gift Voucher, you can give Torell\u00f3 wines and Corpinnat sparkling wines to your loved ones. They can redeem the voucher in our online shop.\" \/>\n<meta name=\"robots\" content=\"index, follow, max-snippet:-1, max-image-preview:large, max-video-preview:-1\" \/>\n<link rel=\"canonical\" href=\"https:\/\/torello.com\/en\/producto\/gift-voucher\/\" \/>\n<meta property=\"og:locale\" content=\"en_US\" \/>\n<meta property=\"og:type\" content=\"article\" \/>\n<meta property=\"og:title\" content=\"Gift Voucher | Torell\u00f3 Viticultors Grans escumosos i vins ecol\u00f2gics\" \/>\n<meta property=\"og:description\" content=\"With the Gift Voucher, you can give Torell\u00f3 wines and Corpinnat sparkling wines to your loved ones. They can redeem the voucher in our online shop.\" \/>\n<meta property=\"og:url\" content=\"https:\/\/torello.com\/en\/producto\/gift-voucher\/\" \/>\n<meta property=\"og:site_name\" content=\"Torell\u00f3 Viticultors Grans escumosos i vins ecol\u00f2gics\" \/>\n<meta property=\"article:publisher\" content=\"https:\/\/www.facebook.com\/TorelloViticultors\/\" \/>\n<meta property=\"article:modified_time\" content=\"2025-09-24T12:26:07+00:00\" \/>\n<meta property=\"og:image\" content=\"https:\/\/torello.com\/wp-content\/uploads\/2025\/09\/Xec-Regal-Torello.jpg\" \/>\n\t<meta property=\"og:image:width\" content=\"1500\" \/>\n\t<meta property=\"og:image:height\" content=\"1064\" \/>\n\t<meta property=\"og:image:type\" content=\"image\/jpeg\" \/>\n<meta name=\"twitter:card\" content=\"summary_large_image\" \/>\n<meta name=\"twitter:site\" content=\"@TorelloViticult\" \/>\n<meta name=\"twitter:label1\" content=\"Est. reading time\" \/>\n\t<meta name=\"twitter:data1\" content=\"1 minute\" \/>\n<script type=\"application\/ld+json\" class=\"yoast-schema-graph\">{\"@context\":\"https:\/\/schema.org\",\"@graph\":[{\"@type\":\"WebPage\",\"@id\":\"https:\/\/torello.com\/en\/producto\/gift-voucher\/\",\"url\":\"https:\/\/torello.com\/en\/producto\/gift-voucher\/\",\"name\":\"Gift Voucher | Torell\u00f3 Viticultors Grans escumosos i vins ecol\u00f2gics\",\"isPartOf\":{\"@id\":\"https:\/\/torello.com\/en\/#website\"},\"primaryImageOfPage\":{\"@id\":\"https:\/\/torello.com\/en\/producto\/gift-voucher\/#primaryimage\"},\"image\":{\"@id\":\"https:\/\/torello.com\/en\/producto\/gift-voucher\/#primaryimage\"},\"thumbnailUrl\":\"https:\/\/torello.com\/wp-content\/uploads\/2025\/09\/Xec-Regal-Torello.jpg\",\"datePublished\":\"2025-08-28T15:36:54+00:00\",\"dateModified\":\"2025-09-24T12:26:07+00:00\",\"description\":\"With the Gift Voucher, you can give Torell\u00f3 wines and Corpinnat sparkling wines to your loved ones. They can redeem the voucher in our online shop.\",\"breadcrumb\":{\"@id\":\"https:\/\/torello.com\/en\/producto\/gift-voucher\/#breadcrumb\"},\"inLanguage\":\"en-US\",\"potentialAction\":[{\"@type\":\"ReadAction\",\"target\":[\"https:\/\/torello.com\/en\/producto\/gift-voucher\/\"]}]},{\"@type\":\"ImageObject\",\"inLanguage\":\"en-US\",\"@id\":\"https:\/\/torello.com\/en\/producto\/gift-voucher\/#primaryimage\",\"url\":\"https:\/\/torello.com\/wp-content\/uploads\/2025\/09\/Xec-Regal-Torello.jpg\",\"contentUrl\":\"https:\/\/torello.com\/wp-content\/uploads\/2025\/09\/Xec-Regal-Torello.jpg\",\"width\":1500,\"height\":1064,\"caption\":\"Xec Regal Torell\u00f3\"},{\"@type\":\"BreadcrumbList\",\"@id\":\"https:\/\/torello.com\/en\/producto\/gift-voucher\/#breadcrumb\",\"itemListElement\":[{\"@type\":\"ListItem\",\"position\":1,\"name\":\"Inici\",\"item\":\"https:\/\/torello.com\/en\/\"},{\"@type\":\"ListItem\",\"position\":2,\"name\":\"Shop\",\"item\":\"https:\/\/torello.com\/en\/shop\/\"},{\"@type\":\"ListItem\",\"position\":3,\"name\":\"Gift Voucher\"}]},{\"@type\":\"WebSite\",\"@id\":\"https:\/\/torello.com\/en\/#website\",\"url\":\"https:\/\/torello.com\/en\/\",\"name\":\"Torell\u00f3 Viticultors Grans escumosos i vins ecol\u00f2gics\",\"description\":\"Bodega familiar situada en el Pened\u00e9s, l\u00edder en la elaboraci\u00f3n de Cava y vinos, s\u00f3lo utiliza uva cultivada en su finca Can Mart\u00ed.\",\"publisher\":{\"@id\":\"https:\/\/torello.com\/en\/#organization\"},\"potentialAction\":[{\"@type\":\"SearchAction\",\"target\":{\"@type\":\"EntryPoint\",\"urlTemplate\":\"https:\/\/torello.com\/en\/?s={search_term_string}\"},\"query-input\":{\"@type\":\"PropertyValueSpecification\",\"valueRequired\":true,\"valueName\":\"search_term_string\"}}],\"inLanguage\":\"en-US\"},{\"@type\":\"Organization\",\"@id\":\"https:\/\/torello.com\/en\/#organization\",\"name\":\"Torell\u00f3 sparkling and ecologic wines\",\"url\":\"https:\/\/torello.com\/en\/\",\"logo\":{\"@type\":\"ImageObject\",\"inLanguage\":\"en-US\",\"@id\":\"https:\/\/torello.com\/en\/#\/schema\/logo\/image\/\",\"url\":\"https:\/\/torello.com\/wp-content\/uploads\/2020\/02\/TORELLO_LOGO_4.png\",\"contentUrl\":\"https:\/\/torello.com\/wp-content\/uploads\/2020\/02\/TORELLO_LOGO_4.png\",\"width\":278,\"height\":140,\"caption\":\"Torell\u00f3 sparkling and ecologic wines\"},\"image\":{\"@id\":\"https:\/\/torello.com\/en\/#\/schema\/logo\/image\/\"},\"sameAs\":[\"https:\/\/www.facebook.com\/TorelloViticultors\/\",\"https:\/\/x.com\/TorelloViticult\",\"https:\/\/www.instagram.com\/torelloviticultors\/\",\"https:\/\/www.youtube.com\/user\/Torello57\"]}]}<\/script>\n<!-- \/ Yoast SEO plugin. -->","yoast_head_json":{"title":"Gift Voucher | Torell\u00f3 Viticultors Grans escumosos i vins ecol\u00f2gics","description":"With the Gift Voucher, you can give Torell\u00f3 wines and Corpinnat sparkling wines to your loved ones. They can redeem the voucher in our online shop.","robots":{"index":"index","follow":"follow","max-snippet":"max-snippet:-1","max-image-preview":"max-image-preview:large","max-video-preview":"max-video-preview:-1"},"canonical":"https:\/\/torello.com\/en\/producto\/gift-voucher\/","og_locale":"en_US","og_type":"article","og_title":"Gift Voucher | Torell\u00f3 Viticultors Grans escumosos i vins ecol\u00f2gics","og_description":"With the Gift Voucher, you can give Torell\u00f3 wines and Corpinnat sparkling wines to your loved ones. They can redeem the voucher in our online shop.","og_url":"https:\/\/torello.com\/en\/producto\/gift-voucher\/","og_site_name":"Torell\u00f3 Viticultors Grans escumosos i vins ecol\u00f2gics","article_publisher":"https:\/\/www.facebook.com\/TorelloViticultors\/","article_modified_time":"2025-09-24T12:26:07+00:00","og_image":[{"width":1500,"height":1064,"url":"https:\/\/torello.com\/wp-content\/uploads\/2025\/09\/Xec-Regal-Torello.jpg","type":"image\/jpeg"}],"twitter_card":"summary_large_image","twitter_site":"@TorelloViticult","twitter_misc":{"Est. reading time":"1 minute"},"schema":{"@context":"https:\/\/schema.org","@graph":[{"@type":"WebPage","@id":"https:\/\/torello.com\/en\/producto\/gift-voucher\/","url":"https:\/\/torello.com\/en\/producto\/gift-voucher\/","name":"Gift Voucher | Torell\u00f3 Viticultors Grans escumosos i vins ecol\u00f2gics","isPartOf":{"@id":"https:\/\/torello.com\/en\/#website"},"primaryImageOfPage":{"@id":"https:\/\/torello.com\/en\/producto\/gift-voucher\/#primaryimage"},"image":{"@id":"https:\/\/torello.com\/en\/producto\/gift-voucher\/#primaryimage"},"thumbnailUrl":"https:\/\/torello.com\/wp-content\/uploads\/2025\/09\/Xec-Regal-Torello.jpg","datePublished":"2025-08-28T15:36:54+00:00","dateModified":"2025-09-24T12:26:07+00:00","description":"With the Gift Voucher, you can give Torell\u00f3 wines and Corpinnat sparkling wines to your loved ones. They can redeem the voucher in our online shop.","breadcrumb":{"@id":"https:\/\/torello.com\/en\/producto\/gift-voucher\/#breadcrumb"},"inLanguage":"en-US","potentialAction":[{"@type":"ReadAction","target":["https:\/\/torello.com\/en\/producto\/gift-voucher\/"]}]},{"@type":"ImageObject","inLanguage":"en-US","@id":"https:\/\/torello.com\/en\/producto\/gift-voucher\/#primaryimage","url":"https:\/\/torello.com\/wp-content\/uploads\/2025\/09\/Xec-Regal-Torello.jpg","contentUrl":"https:\/\/torello.com\/wp-content\/uploads\/2025\/09\/Xec-Regal-Torello.jpg","width":1500,"height":1064,"caption":"Xec Regal Torell\u00f3"},{"@type":"BreadcrumbList","@id":"https:\/\/torello.com\/en\/producto\/gift-voucher\/#breadcrumb","itemListElement":[{"@type":"ListItem","position":1,"name":"Inici","item":"https:\/\/torello.com\/en\/"},{"@type":"ListItem","position":2,"name":"Shop","item":"https:\/\/torello.com\/en\/shop\/"},{"@type":"ListItem","position":3,"name":"Gift Voucher"}]},{"@type":"WebSite","@id":"https:\/\/torello.com\/en\/#website","url":"https:\/\/torello.com\/en\/","name":"Torell\u00f3 Viticultors Grans escumosos i vins ecol\u00f2gics","description":"Bodega familiar situada en el Pened\u00e9s, l\u00edder en la elaboraci\u00f3n de Cava y vinos, s\u00f3lo utiliza uva cultivada en su finca Can Mart\u00ed.","publisher":{"@id":"https:\/\/torello.com\/en\/#organization"},"potentialAction":[{"@type":"SearchAction","target":{"@type":"EntryPoint","urlTemplate":"https:\/\/torello.com\/en\/?s={search_term_string}"},"query-input":{"@type":"PropertyValueSpecification","valueRequired":true,"valueName":"search_term_string"}}],"inLanguage":"en-US"},{"@type":"Organization","@id":"https:\/\/torello.com\/en\/#organization","name":"Torell\u00f3 sparkling and ecologic wines","url":"https:\/\/torello.com\/en\/","logo":{"@type":"ImageObject","inLanguage":"en-US","@id":"https:\/\/torello.com\/en\/#\/schema\/logo\/image\/","url":"https:\/\/torello.com\/wp-content\/uploads\/2020\/02\/TORELLO_LOGO_4.png","contentUrl":"https:\/\/torello.com\/wp-content\/uploads\/2020\/02\/TORELLO_LOGO_4.png","width":278,"height":140,"caption":"Torell\u00f3 sparkling and ecologic wines"},"image":{"@id":"https:\/\/torello.com\/en\/#\/schema\/logo\/image\/"},"sameAs":["https:\/\/www.facebook.com\/TorelloViticultors\/","https:\/\/x.com\/TorelloViticult","https:\/\/www.instagram.com\/torelloviticultors\/","https:\/\/www.youtube.com\/user\/Torello57"]}]}},"_links":{"self":[{"href":"https:\/\/torello.com\/en\/wp-json\/wp\/v2\/product\/23645","targetHints":{"allow":["GET"]}}],"collection":[{"href":"https:\/\/torello.com\/en\/wp-json\/wp\/v2\/product"}],"about":[{"href":"https:\/\/torello.com\/en\/wp-json\/wp\/v2\/types\/product"}],"replies":[{"embeddable":true,"href":"https:\/\/torello.com\/en\/wp-json\/wp\/v2\/comments?post=23645"}],"wp:featuredmedia":[{"embeddable":true,"href":"https:\/\/torello.com\/en\/wp-json\/wp\/v2\/media\/23560"}],"wp:attachment":[{"href":"https:\/\/torello.com\/en\/wp-json\/wp\/v2\/media?parent=23645"}],"wp:term":[{"taxonomy":"product_brand","embeddable":true,"href":"https:\/\/torello.com\/en\/wp-json\/wp\/v2\/product_brand?post=23645"},{"taxonomy":"product_cat","embeddable":true,"href":"https:\/\/torello.com\/en\/wp-json\/wp\/v2\/product_cat?post=23645"},{"taxonomy":"product_tag","embeddable":true,"href":"https:\/\/torello.com\/en\/wp-json\/wp\/v2\/product_tag?post=23645"},{"taxonomy":"giftcard-category","embeddable":true,"href":"https:\/\/torello.com\/en\/wp-json\/wp\/v2\/giftcard-category?post=23645"}],"curies":[{"name":"wp","href":"https:\/\/api.w.org\/{rel}","templated":true}]}}