{"id":23863,"date":"2025-10-13T15:40:49","date_gmt":"2025-10-13T13:40:49","guid":{"rendered":"https:\/\/torello.com\/?post_type=product&#038;p=23863"},"modified":"2025-10-13T17:24:18","modified_gmt":"2025-10-13T15:24:18","slug":"torello-225-enoteca-2015","status":"publish","type":"product","link":"https:\/\/torello.com\/en\/producto\/torello-225-enoteca-2015\/","title":{"rendered":"Torell\u00f3 225 Enoteca 2015 Brut Nature"},"content":{"rendered":"<p><span style=\"color: #937b4f;\"><strong>Varieties<\/strong>: <\/span>47% Xarel\u00b7lo, 33% Macabeu and 20% Parellada from our Can Mart\u00ed estate.<\/p>\n<p><span style=\"color: #937b4f;\"><strong>Production:<\/strong><\/span> Once all the grapes have passed over the sorting table, we press each variety separately, softly, making use of just the first pressing, the \u201cmosto flor\u201d (free run juice). We have incorporated Inertys technology into our presses, which protects the must from oxidations during the grape-pressing phase. Wine matured in 225 litres Allier oak barrel. Second fermentation in bottle.<\/p>\n<p><span style=\"color: #937b4f;\"><strong>Aging:<\/strong><\/span> More of nine years in the bottle. Each year we do the poignettage &#8211; moving the bottle &#8211; with the objective of mixing the yeast with the wine again. In this way we enrich the sparkling wine with aromas and tastes. It is a Brut Nature without the addition of sugars, and the date of disgorging is indicated on the back label.<\/p>\n<p><span style=\"color: #937b4f;\"><strong>Presentations:<\/strong><\/span> 75 cl.<\/p>\n<p><span style=\"color: #937b4f;\"><strong>Tasting note:<\/strong><\/span> The library release 2015 225 Enoteca Brut Nature comes from a powerful year that delivered very healthy grapes after a long summer and an early harvest. This had over nine years in bottle with lees. It was produced with 47% Xarel\u00b7lo, 33% Macabeo and 20% Parellada. It has more complexity and yeast, toast and smoky notes, apple-tart aromas and a fresh and balanced palate with pungent flavors and a dry finish. Lu\u00eds Guti\u00e9rrez &#8211; Robert Parker\/The Wine Advocate.<\/p>\n<p><span style=\"color: #937b4f;\"><strong>Awards:<\/strong><\/span><\/p>\n<ul>\n<li>Robert Parker: 94 points.<\/li>\n<li>Gu\u00eda Pe\u00f1\u00edn: 93 points.<\/li>\n<li>Gu\u00eda de Vins de Catalunya: 9,92 points. Best sparkling wine of the guide.<\/li>\n<\/ul>\n","protected":false},"excerpt":{"rendered":"<p><span style=\"color: #937b4f;\"><strong>Varieties<\/strong>: <\/span>47% Xarel\u00b7lo, 33% Macabeu and 20% Parellada from our Can Mart\u00ed estate.<\/p>\n<p><span style=\"color: #937b4f;\"><strong>Production:<\/strong><\/span> Once all the grapes have passed over the sorting table, we press each variety separately, softly, making use of just the first pressing, the \u201cmosto flor\u201d (free run juice). We have incorporated Inertys technology into our presses, which protects the must from oxidations during the grape-pressing phase. Wine matured in 225 litres Allier oak barrel. Second fermentation in bottle.<\/p>\n<p><span style=\"color: #937b4f;\"><strong>Aging:<\/strong><\/span> More of nine years in the bottle. Each year we do the poignettage &#8211; moving the bottle &#8211; with the objective of mixing the yeast with the wine again. In this way we enrich the sparkling wine with aromas and tastes. It is a Brut Nature without the addition of sugars, and the date of disgorging is indicated on the back label.<\/p>\n<p><span style=\"color: #937b4f;\"><strong>Presentations:<\/strong><\/span> 75 cl.<\/p>\n<p><span style=\"color: #937b4f;\"><strong>Tasting note:<\/strong><\/span> The library release 2015 225 Enoteca Brut Nature comes from a powerful year that delivered very healthy grapes after a long summer and an early harvest. This had over nine years in bottle with lees. It was produced with 47% Xarel\u00b7lo, 33% Macabeo and 20% Parellada. It has more complexity and yeast, toast and smoky notes, apple-tart aromas and a fresh and balanced palate with pungent flavors and a dry finish. Lu\u00eds Guti\u00e9rrez &#8211; Robert Parker\/The Wine Advocate.<\/p>\n<p><span style=\"color: #937b4f;\"><strong>Awards:<\/strong><\/span><\/p>\n<ul>\n<li>Robert Parker: 94 points.<\/li>\n<li>Gu\u00eda Pe\u00f1\u00edn: 93 points.<\/li>\n<li>Gu\u00eda de Vins de Catalunya: 9,92 points. Best sparkling wine of the guide.<\/li>\n<\/ul>\n","protected":false},"featured_media":23817,"comment_status":"open","ping_status":"closed","template":"","meta":[],"product_brand":[],"product_cat":[895],"product_tag":[],"giftcard-category":[],"class_list":{"0":"post-23863","1":"product","2":"type-product","3":"status-publish","4":"has-post-thumbnail","6":"product_cat-corpinnat-en","8":"first","9":"instock","10":"shipping-taxable","11":"purchasable","12":"product-type-simple"},"exclude_global_add_ons":[],"addons":[],"yoast_head":"<!-- This site is optimized with the Yoast SEO plugin v26.7 - https:\/\/yoast.com\/wordpress\/plugins\/seo\/ -->\n<title>Torell\u00f3 225 Enoteca 2015 Brut Nature | Torell\u00f3 Viticultors Grans escumosos i vins ecol\u00f2gics<\/title>\n<meta name=\"robots\" content=\"index, follow, max-snippet:-1, max-image-preview:large, max-video-preview:-1\" \/>\n<link rel=\"canonical\" href=\"https:\/\/torello.com\/en\/producto\/torello-225-enoteca-2015\/\" \/>\n<meta property=\"og:locale\" content=\"en_US\" \/>\n<meta property=\"og:type\" content=\"article\" \/>\n<meta property=\"og:title\" content=\"Torell\u00f3 225 Enoteca 2015 Brut Nature | Torell\u00f3 Viticultors Grans escumosos i vins ecol\u00f2gics\" \/>\n<meta property=\"og:description\" content=\"Varieties: 47% Xarel\u00b7lo, 33% Macabeu and 20% Parellada from our Can Mart\u00ed estate.  Production: Once all the grapes have passed over the sorting table, we press each variety separately, softly, making use of just the first pressing, the \u201cmosto flor\u201d (free run juice). We have incorporated Inertys technology into our presses, which protects the must from oxidations during the grape-pressing phase. Wine matured in 225 litres Allier oak barrel. Second fermentation in bottle.  Aging: More of nine years in the bottle. Each year we do the poignettage - moving the bottle - with the objective of mixing the yeast with the wine again. In this way we enrich the sparkling wine with aromas and tastes. It is a Brut Nature without the addition of sugars, and the date of disgorging is indicated on the back label.  Presentations: 75 cl.  Tasting note: The library release 2015 225 Enoteca Brut Nature comes from a powerful year that delivered very healthy grapes after a long summer and an early harvest. This had over nine years in bottle with lees. It was produced with 47% Xarel\u00b7lo, 33% Macabeo and 20% Parellada. It has more complexity and yeast, toast and smoky notes, apple-tart aromas and a fresh and balanced palate with pungent flavors and a dry finish. Lu\u00eds Guti\u00e9rrez - Robert Parker\/The Wine Advocate.  Awards:   Robert Parker: 94 points.  Gu\u00eda Pe\u00f1\u00edn: 93 points.  Gu\u00eda de Vins de Catalunya: 9,92 points. Best sparkling wine of the guide.\" \/>\n<meta property=\"og:url\" content=\"https:\/\/torello.com\/en\/producto\/torello-225-enoteca-2015\/\" \/>\n<meta property=\"og:site_name\" content=\"Torell\u00f3 Viticultors Grans escumosos i vins ecol\u00f2gics\" \/>\n<meta property=\"article:publisher\" content=\"https:\/\/www.facebook.com\/TorelloViticultors\/\" \/>\n<meta property=\"article:modified_time\" content=\"2025-10-13T15:24:18+00:00\" \/>\n<meta property=\"og:image\" content=\"https:\/\/torello.com\/wp-content\/uploads\/2025\/10\/Torello-225-Enoteca-2015.jpg\" \/>\n\t<meta property=\"og:image:width\" content=\"560\" \/>\n\t<meta property=\"og:image:height\" content=\"560\" \/>\n\t<meta property=\"og:image:type\" content=\"image\/jpeg\" \/>\n<meta name=\"twitter:card\" content=\"summary_large_image\" \/>\n<meta name=\"twitter:site\" content=\"@TorelloViticult\" \/>\n<meta name=\"twitter:label1\" content=\"Est. reading time\" \/>\n\t<meta name=\"twitter:data1\" content=\"2 minutes\" \/>\n<script type=\"application\/ld+json\" class=\"yoast-schema-graph\">{\"@context\":\"https:\/\/schema.org\",\"@graph\":[{\"@type\":\"WebPage\",\"@id\":\"https:\/\/torello.com\/en\/producto\/torello-225-enoteca-2015\/\",\"url\":\"https:\/\/torello.com\/en\/producto\/torello-225-enoteca-2015\/\",\"name\":\"Torell\u00f3 225 Enoteca 2015 Brut Nature | Torell\u00f3 Viticultors Grans escumosos i vins ecol\u00f2gics\",\"isPartOf\":{\"@id\":\"https:\/\/torello.com\/en\/#website\"},\"primaryImageOfPage\":{\"@id\":\"https:\/\/torello.com\/en\/producto\/torello-225-enoteca-2015\/#primaryimage\"},\"image\":{\"@id\":\"https:\/\/torello.com\/en\/producto\/torello-225-enoteca-2015\/#primaryimage\"},\"thumbnailUrl\":\"https:\/\/torello.com\/wp-content\/uploads\/2025\/10\/Torello-225-Enoteca-2015.jpg\",\"datePublished\":\"2025-10-13T13:40:49+00:00\",\"dateModified\":\"2025-10-13T15:24:18+00:00\",\"breadcrumb\":{\"@id\":\"https:\/\/torello.com\/en\/producto\/torello-225-enoteca-2015\/#breadcrumb\"},\"inLanguage\":\"en-US\",\"potentialAction\":[{\"@type\":\"ReadAction\",\"target\":[\"https:\/\/torello.com\/en\/producto\/torello-225-enoteca-2015\/\"]}]},{\"@type\":\"ImageObject\",\"inLanguage\":\"en-US\",\"@id\":\"https:\/\/torello.com\/en\/producto\/torello-225-enoteca-2015\/#primaryimage\",\"url\":\"https:\/\/torello.com\/wp-content\/uploads\/2025\/10\/Torello-225-Enoteca-2015.jpg\",\"contentUrl\":\"https:\/\/torello.com\/wp-content\/uploads\/2025\/10\/Torello-225-Enoteca-2015.jpg\",\"width\":560,\"height\":560,\"caption\":\"Torell\u00f3 225 Enoteca 2015 Brut Nature\"},{\"@type\":\"BreadcrumbList\",\"@id\":\"https:\/\/torello.com\/en\/producto\/torello-225-enoteca-2015\/#breadcrumb\",\"itemListElement\":[{\"@type\":\"ListItem\",\"position\":1,\"name\":\"Inici\",\"item\":\"https:\/\/torello.com\/en\/\"},{\"@type\":\"ListItem\",\"position\":2,\"name\":\"Shop\",\"item\":\"https:\/\/torello.com\/en\/shop\/\"},{\"@type\":\"ListItem\",\"position\":3,\"name\":\"Torell\u00f3 225 Enoteca 2015 Brut Nature\"}]},{\"@type\":\"WebSite\",\"@id\":\"https:\/\/torello.com\/en\/#website\",\"url\":\"https:\/\/torello.com\/en\/\",\"name\":\"Torell\u00f3 Viticultors Grans escumosos i vins ecol\u00f2gics\",\"description\":\"Bodega familiar situada en el Pened\u00e9s, l\u00edder en la elaboraci\u00f3n de Cava y vinos, s\u00f3lo utiliza uva cultivada en su finca Can Mart\u00ed.\",\"publisher\":{\"@id\":\"https:\/\/torello.com\/en\/#organization\"},\"potentialAction\":[{\"@type\":\"SearchAction\",\"target\":{\"@type\":\"EntryPoint\",\"urlTemplate\":\"https:\/\/torello.com\/en\/?s={search_term_string}\"},\"query-input\":{\"@type\":\"PropertyValueSpecification\",\"valueRequired\":true,\"valueName\":\"search_term_string\"}}],\"inLanguage\":\"en-US\"},{\"@type\":\"Organization\",\"@id\":\"https:\/\/torello.com\/en\/#organization\",\"name\":\"Torell\u00f3 sparkling and ecologic wines\",\"url\":\"https:\/\/torello.com\/en\/\",\"logo\":{\"@type\":\"ImageObject\",\"inLanguage\":\"en-US\",\"@id\":\"https:\/\/torello.com\/en\/#\/schema\/logo\/image\/\",\"url\":\"https:\/\/torello.com\/wp-content\/uploads\/2020\/02\/TORELLO_LOGO_4.png\",\"contentUrl\":\"https:\/\/torello.com\/wp-content\/uploads\/2020\/02\/TORELLO_LOGO_4.png\",\"width\":278,\"height\":140,\"caption\":\"Torell\u00f3 sparkling and ecologic wines\"},\"image\":{\"@id\":\"https:\/\/torello.com\/en\/#\/schema\/logo\/image\/\"},\"sameAs\":[\"https:\/\/www.facebook.com\/TorelloViticultors\/\",\"https:\/\/x.com\/TorelloViticult\",\"https:\/\/www.instagram.com\/torelloviticultors\/\",\"https:\/\/www.youtube.com\/user\/Torello57\"]}]}<\/script>\n<!-- \/ Yoast SEO plugin. -->","yoast_head_json":{"title":"Torell\u00f3 225 Enoteca 2015 Brut Nature | Torell\u00f3 Viticultors Grans escumosos i vins ecol\u00f2gics","robots":{"index":"index","follow":"follow","max-snippet":"max-snippet:-1","max-image-preview":"max-image-preview:large","max-video-preview":"max-video-preview:-1"},"canonical":"https:\/\/torello.com\/en\/producto\/torello-225-enoteca-2015\/","og_locale":"en_US","og_type":"article","og_title":"Torell\u00f3 225 Enoteca 2015 Brut Nature | Torell\u00f3 Viticultors Grans escumosos i vins ecol\u00f2gics","og_description":"Varieties: 47% Xarel\u00b7lo, 33% Macabeu and 20% Parellada from our Can Mart\u00ed estate.  Production: Once all the grapes have passed over the sorting table, we press each variety separately, softly, making use of just the first pressing, the \u201cmosto flor\u201d (free run juice). We have incorporated Inertys technology into our presses, which protects the must from oxidations during the grape-pressing phase. Wine matured in 225 litres Allier oak barrel. Second fermentation in bottle.  Aging: More of nine years in the bottle. Each year we do the poignettage - moving the bottle - with the objective of mixing the yeast with the wine again. In this way we enrich the sparkling wine with aromas and tastes. It is a Brut Nature without the addition of sugars, and the date of disgorging is indicated on the back label.  Presentations: 75 cl.  Tasting note: The library release 2015 225 Enoteca Brut Nature comes from a powerful year that delivered very healthy grapes after a long summer and an early harvest. This had over nine years in bottle with lees. It was produced with 47% Xarel\u00b7lo, 33% Macabeo and 20% Parellada. It has more complexity and yeast, toast and smoky notes, apple-tart aromas and a fresh and balanced palate with pungent flavors and a dry finish. Lu\u00eds Guti\u00e9rrez - Robert Parker\/The Wine Advocate.  Awards:   Robert Parker: 94 points.  Gu\u00eda Pe\u00f1\u00edn: 93 points.  Gu\u00eda de Vins de Catalunya: 9,92 points. Best sparkling wine of the guide.","og_url":"https:\/\/torello.com\/en\/producto\/torello-225-enoteca-2015\/","og_site_name":"Torell\u00f3 Viticultors Grans escumosos i vins ecol\u00f2gics","article_publisher":"https:\/\/www.facebook.com\/TorelloViticultors\/","article_modified_time":"2025-10-13T15:24:18+00:00","og_image":[{"width":560,"height":560,"url":"https:\/\/torello.com\/wp-content\/uploads\/2025\/10\/Torello-225-Enoteca-2015.jpg","type":"image\/jpeg"}],"twitter_card":"summary_large_image","twitter_site":"@TorelloViticult","twitter_misc":{"Est. reading time":"2 minutes"},"schema":{"@context":"https:\/\/schema.org","@graph":[{"@type":"WebPage","@id":"https:\/\/torello.com\/en\/producto\/torello-225-enoteca-2015\/","url":"https:\/\/torello.com\/en\/producto\/torello-225-enoteca-2015\/","name":"Torell\u00f3 225 Enoteca 2015 Brut Nature | Torell\u00f3 Viticultors Grans escumosos i vins ecol\u00f2gics","isPartOf":{"@id":"https:\/\/torello.com\/en\/#website"},"primaryImageOfPage":{"@id":"https:\/\/torello.com\/en\/producto\/torello-225-enoteca-2015\/#primaryimage"},"image":{"@id":"https:\/\/torello.com\/en\/producto\/torello-225-enoteca-2015\/#primaryimage"},"thumbnailUrl":"https:\/\/torello.com\/wp-content\/uploads\/2025\/10\/Torello-225-Enoteca-2015.jpg","datePublished":"2025-10-13T13:40:49+00:00","dateModified":"2025-10-13T15:24:18+00:00","breadcrumb":{"@id":"https:\/\/torello.com\/en\/producto\/torello-225-enoteca-2015\/#breadcrumb"},"inLanguage":"en-US","potentialAction":[{"@type":"ReadAction","target":["https:\/\/torello.com\/en\/producto\/torello-225-enoteca-2015\/"]}]},{"@type":"ImageObject","inLanguage":"en-US","@id":"https:\/\/torello.com\/en\/producto\/torello-225-enoteca-2015\/#primaryimage","url":"https:\/\/torello.com\/wp-content\/uploads\/2025\/10\/Torello-225-Enoteca-2015.jpg","contentUrl":"https:\/\/torello.com\/wp-content\/uploads\/2025\/10\/Torello-225-Enoteca-2015.jpg","width":560,"height":560,"caption":"Torell\u00f3 225 Enoteca 2015 Brut Nature"},{"@type":"BreadcrumbList","@id":"https:\/\/torello.com\/en\/producto\/torello-225-enoteca-2015\/#breadcrumb","itemListElement":[{"@type":"ListItem","position":1,"name":"Inici","item":"https:\/\/torello.com\/en\/"},{"@type":"ListItem","position":2,"name":"Shop","item":"https:\/\/torello.com\/en\/shop\/"},{"@type":"ListItem","position":3,"name":"Torell\u00f3 225 Enoteca 2015 Brut Nature"}]},{"@type":"WebSite","@id":"https:\/\/torello.com\/en\/#website","url":"https:\/\/torello.com\/en\/","name":"Torell\u00f3 Viticultors Grans escumosos i vins ecol\u00f2gics","description":"Bodega familiar situada en el Pened\u00e9s, l\u00edder en la elaboraci\u00f3n de Cava y vinos, s\u00f3lo utiliza uva cultivada en su finca Can Mart\u00ed.","publisher":{"@id":"https:\/\/torello.com\/en\/#organization"},"potentialAction":[{"@type":"SearchAction","target":{"@type":"EntryPoint","urlTemplate":"https:\/\/torello.com\/en\/?s={search_term_string}"},"query-input":{"@type":"PropertyValueSpecification","valueRequired":true,"valueName":"search_term_string"}}],"inLanguage":"en-US"},{"@type":"Organization","@id":"https:\/\/torello.com\/en\/#organization","name":"Torell\u00f3 sparkling and ecologic wines","url":"https:\/\/torello.com\/en\/","logo":{"@type":"ImageObject","inLanguage":"en-US","@id":"https:\/\/torello.com\/en\/#\/schema\/logo\/image\/","url":"https:\/\/torello.com\/wp-content\/uploads\/2020\/02\/TORELLO_LOGO_4.png","contentUrl":"https:\/\/torello.com\/wp-content\/uploads\/2020\/02\/TORELLO_LOGO_4.png","width":278,"height":140,"caption":"Torell\u00f3 sparkling and ecologic wines"},"image":{"@id":"https:\/\/torello.com\/en\/#\/schema\/logo\/image\/"},"sameAs":["https:\/\/www.facebook.com\/TorelloViticultors\/","https:\/\/x.com\/TorelloViticult","https:\/\/www.instagram.com\/torelloviticultors\/","https:\/\/www.youtube.com\/user\/Torello57"]}]}},"_links":{"self":[{"href":"https:\/\/torello.com\/en\/wp-json\/wp\/v2\/product\/23863","targetHints":{"allow":["GET"]}}],"collection":[{"href":"https:\/\/torello.com\/en\/wp-json\/wp\/v2\/product"}],"about":[{"href":"https:\/\/torello.com\/en\/wp-json\/wp\/v2\/types\/product"}],"replies":[{"embeddable":true,"href":"https:\/\/torello.com\/en\/wp-json\/wp\/v2\/comments?post=23863"}],"wp:featuredmedia":[{"embeddable":true,"href":"https:\/\/torello.com\/en\/wp-json\/wp\/v2\/media\/23817"}],"wp:attachment":[{"href":"https:\/\/torello.com\/en\/wp-json\/wp\/v2\/media?parent=23863"}],"wp:term":[{"taxonomy":"product_brand","embeddable":true,"href":"https:\/\/torello.com\/en\/wp-json\/wp\/v2\/product_brand?post=23863"},{"taxonomy":"product_cat","embeddable":true,"href":"https:\/\/torello.com\/en\/wp-json\/wp\/v2\/product_cat?post=23863"},{"taxonomy":"product_tag","embeddable":true,"href":"https:\/\/torello.com\/en\/wp-json\/wp\/v2\/product_tag?post=23863"},{"taxonomy":"giftcard-category","embeddable":true,"href":"https:\/\/torello.com\/en\/wp-json\/wp\/v2\/giftcard-category?post=23863"}],"curies":[{"name":"wp","href":"https:\/\/api.w.org\/{rel}","templated":true}]}}