{"id":24479,"date":"2026-02-25T12:32:43","date_gmt":"2026-02-25T11:32:43","guid":{"rendered":"https:\/\/torello.com\/producto\/torello-ancestral-2023\/"},"modified":"2026-03-26T14:35:04","modified_gmt":"2026-03-26T13:35:04","slug":"torello-ancestral-2023","status":"publish","type":"product","link":"https:\/\/torello.com\/en\/producto\/torello-ancestral-2023\/","title":{"rendered":"Torell\u00f3 Ancestral 2023"},"content":{"rendered":"<p><strong>Varieties<\/strong>: 88% Xarel\u00b7lo and 12% Macabeu.<\/p>\n<p><strong>Production<\/strong>: The bunches arrive whole at the cellar and, before passing all the grapes over the selection table, a separate soft pressing is done of each variety. We use the Inertys technology in our presses which protects the juice from oxidation during the pressing phase. Before bottle fermentation, the two grape varieties are blended.<\/p>\n<p>This fermentation begins in a stainless steel tank with indigenous yeasts from Finca Can Mart\u00ed and, once a specific density is reached, it is bottled so that the first and only fermentation can finish in the bottle.<\/p>\n<p><strong>Aging:<\/strong>: More of 30 months in the bottle. Every year there is poignettage (shaking the bottle), which causes the yeasts to mix again with the wine. In this way the sparkling wine is enriched in aromas and flavors. Manually clarified on traditional riddling racks. It is a Brut, and the disgorgement date is indicated on the back label.<\/p>\n<p><strong>Tasting note:<\/strong> It appears clean and brilliant to the eye, with a pale gold colour, and has a constant emission of microbubbles which form a rosary. To the nose it is aromatically rich, highlighting Mediterranean herbs, notes of aniseed, mature apple and a depth of fine-yeast brioche. On the palate it is dry, with a marked refreshing acidity, citric notes and lemon pear. In the mouth, the bubbles give the sensation of well-integrated mousse. An ancestral that is long and elegant in the mouth.<\/p>\n","protected":false},"excerpt":{"rendered":"<p><strong>Varieties<\/strong>: 88% Xarel\u00b7lo and 12% Macabeu.<\/p>\n<p><strong>Production<\/strong>: The bunches arrive whole at the cellar and, before passing all the grapes over the selection table, a separate soft pressing is done of each variety. We use the Inertys technology in our presses which protects the juice from oxidation during the pressing phase. Before bottle fermentation, the two grape varieties are blended.<\/p>\n<p>This fermentation begins in a stainless steel tank with indigenous yeasts from Finca Can Mart\u00ed and, once a specific density is reached, it is bottled so that the first and only fermentation can finish in the bottle.<\/p>\n<p><strong>Aging<\/strong>: More of 30 months in the bottle. Every year there is poignettage (shaking the bottle), which causes the yeasts to mix again with the wine. In this way the sparkling wine is enriched in aromas and flavors. Manually clarified on traditional riddling racks. It is a Brut, and the disgorgement date is indicated on the back label.<\/p>\n<p><strong>Tasting note:<\/strong> It appears clean and brilliant to the eye, with a pale gold colour, and has a constant emission of microbubbles which form a rosary. To the nose it is aromatically rich, highlighting Mediterranean herbs, notes of aniseed, mature apple and a depth of fine-yeast brioche. On the palate it is dry, with a marked refreshing acidity, citric notes and lemon pear. In the mouth, the bubbles give the sensation of well-integrated mousse. An ancestral that is long and elegant in the mouth.<\/p>\n","protected":false},"featured_media":24486,"comment_status":"open","ping_status":"closed","template":"","meta":[],"product_brand":[],"product_cat":[895],"product_tag":[],"giftcard-category":[],"class_list":{"0":"post-24479","1":"product","2":"type-product","3":"status-publish","4":"has-post-thumbnail","6":"product_cat-corpinnat-en","8":"first","9":"instock","10":"shipping-taxable","11":"purchasable","12":"product-type-variable"},"exclude_global_add_ons":[],"addons":[],"yoast_head":"<!-- This site is optimized with the Yoast SEO plugin v26.7 - https:\/\/yoast.com\/wordpress\/plugins\/seo\/ -->\n<title>Torell\u00f3 Ancestral 2023 | Torell\u00f3 Viticultors Grans escumosos i vins ecol\u00f2gics<\/title>\n<meta name=\"description\" content=\"Torell\u00f3 Ancestral. Fermentation begins in a stainless steel tank and, once it reaches a specific density, the wine is bottled so that fermentation can finish in the bottle.\" \/>\n<meta name=\"robots\" content=\"index, follow, max-snippet:-1, max-image-preview:large, max-video-preview:-1\" \/>\n<link rel=\"canonical\" href=\"https:\/\/torello.com\/en\/producto\/torello-ancestral-2023\/\" \/>\n<meta property=\"og:locale\" content=\"en_US\" \/>\n<meta property=\"og:type\" content=\"article\" \/>\n<meta property=\"og:title\" content=\"Torell\u00f3 Ancestral 2023 | Torell\u00f3 Viticultors Grans escumosos i vins ecol\u00f2gics\" \/>\n<meta property=\"og:description\" content=\"Torell\u00f3 Ancestral. Fermentation begins in a stainless steel tank and, once it reaches a specific density, the wine is bottled so that fermentation can finish in the bottle.\" \/>\n<meta property=\"og:url\" content=\"https:\/\/torello.com\/en\/producto\/torello-ancestral-2023\/\" \/>\n<meta property=\"og:site_name\" content=\"Torell\u00f3 Viticultors Grans escumosos i vins ecol\u00f2gics\" \/>\n<meta property=\"article:publisher\" content=\"https:\/\/www.facebook.com\/TorelloViticultors\/\" \/>\n<meta property=\"article:modified_time\" content=\"2026-03-26T13:35:04+00:00\" \/>\n<meta property=\"og:image\" content=\"https:\/\/torello.com\/wp-content\/uploads\/2026\/02\/Ampolla-75-cl-Torello-Ancestral.jpg\" \/>\n\t<meta property=\"og:image:width\" content=\"560\" \/>\n\t<meta property=\"og:image:height\" content=\"560\" \/>\n\t<meta property=\"og:image:type\" content=\"image\/jpeg\" \/>\n<meta name=\"twitter:card\" content=\"summary_large_image\" \/>\n<meta name=\"twitter:site\" content=\"@TorelloViticult\" \/>\n<meta name=\"twitter:label1\" content=\"Est. reading time\" \/>\n\t<meta name=\"twitter:data1\" content=\"2 minutes\" \/>\n<script type=\"application\/ld+json\" class=\"yoast-schema-graph\">{\"@context\":\"https:\/\/schema.org\",\"@graph\":[{\"@type\":\"WebPage\",\"@id\":\"https:\/\/torello.com\/en\/producto\/torello-ancestral-2023\/\",\"url\":\"https:\/\/torello.com\/en\/producto\/torello-ancestral-2023\/\",\"name\":\"Torell\u00f3 Ancestral 2023 | Torell\u00f3 Viticultors Grans escumosos i vins ecol\u00f2gics\",\"isPartOf\":{\"@id\":\"https:\/\/torello.com\/en\/#website\"},\"primaryImageOfPage\":{\"@id\":\"https:\/\/torello.com\/en\/producto\/torello-ancestral-2023\/#primaryimage\"},\"image\":{\"@id\":\"https:\/\/torello.com\/en\/producto\/torello-ancestral-2023\/#primaryimage\"},\"thumbnailUrl\":\"https:\/\/torello.com\/wp-content\/uploads\/2026\/02\/Ampolla-75-cl-Torello-Ancestral.jpg\",\"datePublished\":\"2026-02-25T11:32:43+00:00\",\"dateModified\":\"2026-03-26T13:35:04+00:00\",\"description\":\"Torell\u00f3 Ancestral. Fermentation begins in a stainless steel tank and, once it reaches a specific density, the wine is bottled so that fermentation can finish in the bottle.\",\"breadcrumb\":{\"@id\":\"https:\/\/torello.com\/en\/producto\/torello-ancestral-2023\/#breadcrumb\"},\"inLanguage\":\"en-US\",\"potentialAction\":[{\"@type\":\"ReadAction\",\"target\":[\"https:\/\/torello.com\/en\/producto\/torello-ancestral-2023\/\"]}]},{\"@type\":\"ImageObject\",\"inLanguage\":\"en-US\",\"@id\":\"https:\/\/torello.com\/en\/producto\/torello-ancestral-2023\/#primaryimage\",\"url\":\"https:\/\/torello.com\/wp-content\/uploads\/2026\/02\/Ampolla-75-cl-Torello-Ancestral.jpg\",\"contentUrl\":\"https:\/\/torello.com\/wp-content\/uploads\/2026\/02\/Ampolla-75-cl-Torello-Ancestral.jpg\",\"width\":560,\"height\":560,\"caption\":\"Ampolla de 75 cl de vi escum\u00f3s corpinnat Torell\u00f3 Ancestral anyada 2023\"},{\"@type\":\"BreadcrumbList\",\"@id\":\"https:\/\/torello.com\/en\/producto\/torello-ancestral-2023\/#breadcrumb\",\"itemListElement\":[{\"@type\":\"ListItem\",\"position\":1,\"name\":\"Inici\",\"item\":\"https:\/\/torello.com\/en\/\"},{\"@type\":\"ListItem\",\"position\":2,\"name\":\"Shop\",\"item\":\"https:\/\/torello.com\/en\/shop\/\"},{\"@type\":\"ListItem\",\"position\":3,\"name\":\"Torell\u00f3 Ancestral 2023\"}]},{\"@type\":\"WebSite\",\"@id\":\"https:\/\/torello.com\/en\/#website\",\"url\":\"https:\/\/torello.com\/en\/\",\"name\":\"Torell\u00f3 Viticultors Grans escumosos i vins ecol\u00f2gics\",\"description\":\"Bodega familiar situada en el Pened\u00e9s, l\u00edder en la elaboraci\u00f3n de Cava y vinos, s\u00f3lo utiliza uva cultivada en su finca Can Mart\u00ed.\",\"publisher\":{\"@id\":\"https:\/\/torello.com\/en\/#organization\"},\"potentialAction\":[{\"@type\":\"SearchAction\",\"target\":{\"@type\":\"EntryPoint\",\"urlTemplate\":\"https:\/\/torello.com\/en\/?s={search_term_string}\"},\"query-input\":{\"@type\":\"PropertyValueSpecification\",\"valueRequired\":true,\"valueName\":\"search_term_string\"}}],\"inLanguage\":\"en-US\"},{\"@type\":\"Organization\",\"@id\":\"https:\/\/torello.com\/en\/#organization\",\"name\":\"Torell\u00f3 sparkling and ecologic wines\",\"url\":\"https:\/\/torello.com\/en\/\",\"logo\":{\"@type\":\"ImageObject\",\"inLanguage\":\"en-US\",\"@id\":\"https:\/\/torello.com\/en\/#\/schema\/logo\/image\/\",\"url\":\"https:\/\/torello.com\/wp-content\/uploads\/2020\/02\/TORELLO_LOGO_4.png\",\"contentUrl\":\"https:\/\/torello.com\/wp-content\/uploads\/2020\/02\/TORELLO_LOGO_4.png\",\"width\":278,\"height\":140,\"caption\":\"Torell\u00f3 sparkling and ecologic wines\"},\"image\":{\"@id\":\"https:\/\/torello.com\/en\/#\/schema\/logo\/image\/\"},\"sameAs\":[\"https:\/\/www.facebook.com\/TorelloViticultors\/\",\"https:\/\/x.com\/TorelloViticult\",\"https:\/\/www.instagram.com\/torelloviticultors\/\",\"https:\/\/www.youtube.com\/user\/Torello57\"]}]}<\/script>\n<!-- \/ Yoast SEO plugin. -->","yoast_head_json":{"title":"Torell\u00f3 Ancestral 2023 | Torell\u00f3 Viticultors Grans escumosos i vins ecol\u00f2gics","description":"Torell\u00f3 Ancestral. Fermentation begins in a stainless steel tank and, once it reaches a specific density, the wine is bottled so that fermentation can finish in the bottle.","robots":{"index":"index","follow":"follow","max-snippet":"max-snippet:-1","max-image-preview":"max-image-preview:large","max-video-preview":"max-video-preview:-1"},"canonical":"https:\/\/torello.com\/en\/producto\/torello-ancestral-2023\/","og_locale":"en_US","og_type":"article","og_title":"Torell\u00f3 Ancestral 2023 | Torell\u00f3 Viticultors Grans escumosos i vins ecol\u00f2gics","og_description":"Torell\u00f3 Ancestral. Fermentation begins in a stainless steel tank and, once it reaches a specific density, the wine is bottled so that fermentation can finish in the bottle.","og_url":"https:\/\/torello.com\/en\/producto\/torello-ancestral-2023\/","og_site_name":"Torell\u00f3 Viticultors Grans escumosos i vins ecol\u00f2gics","article_publisher":"https:\/\/www.facebook.com\/TorelloViticultors\/","article_modified_time":"2026-03-26T13:35:04+00:00","og_image":[{"width":560,"height":560,"url":"https:\/\/torello.com\/wp-content\/uploads\/2026\/02\/Ampolla-75-cl-Torello-Ancestral.jpg","type":"image\/jpeg"}],"twitter_card":"summary_large_image","twitter_site":"@TorelloViticult","twitter_misc":{"Est. reading time":"2 minutes"},"schema":{"@context":"https:\/\/schema.org","@graph":[{"@type":"WebPage","@id":"https:\/\/torello.com\/en\/producto\/torello-ancestral-2023\/","url":"https:\/\/torello.com\/en\/producto\/torello-ancestral-2023\/","name":"Torell\u00f3 Ancestral 2023 | Torell\u00f3 Viticultors Grans escumosos i vins ecol\u00f2gics","isPartOf":{"@id":"https:\/\/torello.com\/en\/#website"},"primaryImageOfPage":{"@id":"https:\/\/torello.com\/en\/producto\/torello-ancestral-2023\/#primaryimage"},"image":{"@id":"https:\/\/torello.com\/en\/producto\/torello-ancestral-2023\/#primaryimage"},"thumbnailUrl":"https:\/\/torello.com\/wp-content\/uploads\/2026\/02\/Ampolla-75-cl-Torello-Ancestral.jpg","datePublished":"2026-02-25T11:32:43+00:00","dateModified":"2026-03-26T13:35:04+00:00","description":"Torell\u00f3 Ancestral. Fermentation begins in a stainless steel tank and, once it reaches a specific density, the wine is bottled so that fermentation can finish in the bottle.","breadcrumb":{"@id":"https:\/\/torello.com\/en\/producto\/torello-ancestral-2023\/#breadcrumb"},"inLanguage":"en-US","potentialAction":[{"@type":"ReadAction","target":["https:\/\/torello.com\/en\/producto\/torello-ancestral-2023\/"]}]},{"@type":"ImageObject","inLanguage":"en-US","@id":"https:\/\/torello.com\/en\/producto\/torello-ancestral-2023\/#primaryimage","url":"https:\/\/torello.com\/wp-content\/uploads\/2026\/02\/Ampolla-75-cl-Torello-Ancestral.jpg","contentUrl":"https:\/\/torello.com\/wp-content\/uploads\/2026\/02\/Ampolla-75-cl-Torello-Ancestral.jpg","width":560,"height":560,"caption":"Ampolla de 75 cl de vi escum\u00f3s corpinnat Torell\u00f3 Ancestral anyada 2023"},{"@type":"BreadcrumbList","@id":"https:\/\/torello.com\/en\/producto\/torello-ancestral-2023\/#breadcrumb","itemListElement":[{"@type":"ListItem","position":1,"name":"Inici","item":"https:\/\/torello.com\/en\/"},{"@type":"ListItem","position":2,"name":"Shop","item":"https:\/\/torello.com\/en\/shop\/"},{"@type":"ListItem","position":3,"name":"Torell\u00f3 Ancestral 2023"}]},{"@type":"WebSite","@id":"https:\/\/torello.com\/en\/#website","url":"https:\/\/torello.com\/en\/","name":"Torell\u00f3 Viticultors Grans escumosos i vins ecol\u00f2gics","description":"Bodega familiar situada en el Pened\u00e9s, l\u00edder en la elaboraci\u00f3n de Cava y vinos, s\u00f3lo utiliza uva cultivada en su finca Can Mart\u00ed.","publisher":{"@id":"https:\/\/torello.com\/en\/#organization"},"potentialAction":[{"@type":"SearchAction","target":{"@type":"EntryPoint","urlTemplate":"https:\/\/torello.com\/en\/?s={search_term_string}"},"query-input":{"@type":"PropertyValueSpecification","valueRequired":true,"valueName":"search_term_string"}}],"inLanguage":"en-US"},{"@type":"Organization","@id":"https:\/\/torello.com\/en\/#organization","name":"Torell\u00f3 sparkling and ecologic wines","url":"https:\/\/torello.com\/en\/","logo":{"@type":"ImageObject","inLanguage":"en-US","@id":"https:\/\/torello.com\/en\/#\/schema\/logo\/image\/","url":"https:\/\/torello.com\/wp-content\/uploads\/2020\/02\/TORELLO_LOGO_4.png","contentUrl":"https:\/\/torello.com\/wp-content\/uploads\/2020\/02\/TORELLO_LOGO_4.png","width":278,"height":140,"caption":"Torell\u00f3 sparkling and ecologic wines"},"image":{"@id":"https:\/\/torello.com\/en\/#\/schema\/logo\/image\/"},"sameAs":["https:\/\/www.facebook.com\/TorelloViticultors\/","https:\/\/x.com\/TorelloViticult","https:\/\/www.instagram.com\/torelloviticultors\/","https:\/\/www.youtube.com\/user\/Torello57"]}]}},"_links":{"self":[{"href":"https:\/\/torello.com\/en\/wp-json\/wp\/v2\/product\/24479","targetHints":{"allow":["GET"]}}],"collection":[{"href":"https:\/\/torello.com\/en\/wp-json\/wp\/v2\/product"}],"about":[{"href":"https:\/\/torello.com\/en\/wp-json\/wp\/v2\/types\/product"}],"replies":[{"embeddable":true,"href":"https:\/\/torello.com\/en\/wp-json\/wp\/v2\/comments?post=24479"}],"wp:featuredmedia":[{"embeddable":true,"href":"https:\/\/torello.com\/en\/wp-json\/wp\/v2\/media\/24486"}],"wp:attachment":[{"href":"https:\/\/torello.com\/en\/wp-json\/wp\/v2\/media?parent=24479"}],"wp:term":[{"taxonomy":"product_brand","embeddable":true,"href":"https:\/\/torello.com\/en\/wp-json\/wp\/v2\/product_brand?post=24479"},{"taxonomy":"product_cat","embeddable":true,"href":"https:\/\/torello.com\/en\/wp-json\/wp\/v2\/product_cat?post=24479"},{"taxonomy":"product_tag","embeddable":true,"href":"https:\/\/torello.com\/en\/wp-json\/wp\/v2\/product_tag?post=24479"},{"taxonomy":"giftcard-category","embeddable":true,"href":"https:\/\/torello.com\/en\/wp-json\/wp\/v2\/giftcard-category?post=24479"}],"curies":[{"name":"wp","href":"https:\/\/api.w.org\/{rel}","templated":true}]}}