{"id":24734,"date":"2026-03-19T18:10:25","date_gmt":"2026-03-19T17:10:25","guid":{"rendered":"https:\/\/torello.com\/producto\/oli-doliva-verge-extra\/"},"modified":"2026-03-25T10:23:42","modified_gmt":"2026-03-25T09:23:42","slug":"extra-virgin-olive-oil","status":"publish","type":"product","link":"https:\/\/torello.com\/en\/producto\/extra-virgin-olive-oil\/","title":{"rendered":"Extra virgin olive oil"},"content":{"rendered":"<p>It is an extra virgin olive oil, of superior category, obtained directly from mechanical processes, where no refining process has been carried out or any additives have been used. In addition, extra virgin olive oil is an oil with an unbeatable taste and smell, free of defects. Its maximum acidity is 0.8%.  <\/p>\n<p><strong>Varieties<\/strong>: Arbequina, Sabatera, Picual, and Arbosana olives from our Can Mart\u00ed estate. Arbequina is the most widely cultivated variety in Catalonia, Picual is one of the most common varieties on the Iberian Peninsula, and Sabatera and Arbosana are practically limited to the Pened\u00e8s region. <\/p>\n<p><strong>Presentation<\/strong>: 500 ml bottles.<\/p>\n<p><strong>Tasting Note<\/strong>: Marked citrus, pungent, white pepper, green fruit, ripe apple, balsamic herbs, spicy in the mouth.<\/p>\n","protected":false},"excerpt":{"rendered":"<p>It is an extra virgin olive oil, of superior category, obtained directly from mechanical processes, where no refining process has been carried out or any additives have been used. In addition, extra virgin olive oil is an oil with an unbeatable taste and smell, free of defects. Its maximum acidity is 0.8%.  <\/p>\n<p><strong>Varieties<\/strong>: Arbequina, Sabatera, Picual, and Arbosana olives from our Can Mart\u00ed estate. Arbequina is the most widely cultivated variety in Catalonia, Picual is one of the most common varieties on the Iberian Peninsula, and Sabatera and Arbosana are practically limited to the Pened\u00e8s region. <\/p>\n<p><strong>Presentation<\/strong>: 500 ml bottles.<\/p>\n<p><strong>Tasting Note<\/strong>: Marked citrus, pungent, white pepper, green fruit, ripe apple, balsamic herbs, spicy in the mouth.<\/p>\n","protected":false},"featured_media":24729,"comment_status":"open","ping_status":"closed","template":"","meta":[],"product_brand":[],"product_cat":[1417],"product_tag":[],"giftcard-category":[],"class_list":{"0":"post-24734","1":"product","2":"type-product","3":"status-publish","4":"has-post-thumbnail","6":"product_cat-olive-oil","8":"first","9":"instock","10":"shipping-taxable","11":"purchasable","12":"product-type-simple"},"exclude_global_add_ons":[],"addons":[],"yoast_head":"<!-- This site is optimized with the Yoast SEO plugin v26.7 - https:\/\/yoast.com\/wordpress\/plugins\/seo\/ -->\n<title>Extra virgin olive oil | Torell\u00f3 Viticultors Grans escumosos i vins ecol\u00f2gics<\/title>\n<meta name=\"description\" content=\"Extra virgin olive oil It is an extra virgin olive oil, of superior category, obtained directly from mechanical processes, where...\" \/>\n<meta name=\"robots\" content=\"index, follow, max-snippet:-1, max-image-preview:large, max-video-preview:-1\" \/>\n<link rel=\"canonical\" href=\"https:\/\/torello.com\/en\/producto\/extra-virgin-olive-oil\/\" \/>\n<meta property=\"og:locale\" content=\"en_US\" \/>\n<meta property=\"og:type\" content=\"article\" \/>\n<meta property=\"og:title\" content=\"Extra virgin olive oil | Torell\u00f3 Viticultors Grans escumosos i vins ecol\u00f2gics\" \/>\n<meta property=\"og:description\" content=\"Extra virgin olive oil It is an extra virgin olive oil, of superior category, obtained directly from mechanical processes, where...\" \/>\n<meta property=\"og:url\" content=\"https:\/\/torello.com\/en\/producto\/extra-virgin-olive-oil\/\" \/>\n<meta property=\"og:site_name\" content=\"Torell\u00f3 Viticultors Grans escumosos i vins ecol\u00f2gics\" \/>\n<meta property=\"article:publisher\" content=\"https:\/\/www.facebook.com\/TorelloViticultors\/\" \/>\n<meta property=\"article:modified_time\" content=\"2026-03-25T09:23:42+00:00\" \/>\n<meta property=\"og:image\" content=\"https:\/\/torello.com\/wp-content\/uploads\/2026\/03\/Oli-Oliva-Verge-Extra-Torello.png\" \/>\n\t<meta property=\"og:image:width\" content=\"560\" \/>\n\t<meta property=\"og:image:height\" content=\"560\" \/>\n\t<meta property=\"og:image:type\" content=\"image\/png\" \/>\n<meta name=\"twitter:card\" content=\"summary_large_image\" \/>\n<meta name=\"twitter:site\" content=\"@TorelloViticult\" \/>\n<meta name=\"twitter:label1\" content=\"Est. reading time\" \/>\n\t<meta name=\"twitter:data1\" content=\"1 minute\" \/>\n<script type=\"application\/ld+json\" class=\"yoast-schema-graph\">{\"@context\":\"https:\/\/schema.org\",\"@graph\":[{\"@type\":\"WebPage\",\"@id\":\"https:\/\/torello.com\/en\/producto\/extra-virgin-olive-oil\/\",\"url\":\"https:\/\/torello.com\/en\/producto\/extra-virgin-olive-oil\/\",\"name\":\"Extra virgin olive oil | Torell\u00f3 Viticultors Grans escumosos i vins ecol\u00f2gics\",\"isPartOf\":{\"@id\":\"https:\/\/torello.com\/en\/#website\"},\"primaryImageOfPage\":{\"@id\":\"https:\/\/torello.com\/en\/producto\/extra-virgin-olive-oil\/#primaryimage\"},\"image\":{\"@id\":\"https:\/\/torello.com\/en\/producto\/extra-virgin-olive-oil\/#primaryimage\"},\"thumbnailUrl\":\"https:\/\/torello.com\/wp-content\/uploads\/2026\/03\/Oli-Oliva-Verge-Extra-Torello.png\",\"datePublished\":\"2026-03-19T17:10:25+00:00\",\"dateModified\":\"2026-03-25T09:23:42+00:00\",\"description\":\"Extra virgin olive oil It is an extra virgin olive oil, of superior category, obtained directly from mechanical processes, where...\",\"breadcrumb\":{\"@id\":\"https:\/\/torello.com\/en\/producto\/extra-virgin-olive-oil\/#breadcrumb\"},\"inLanguage\":\"en-US\",\"potentialAction\":[{\"@type\":\"ReadAction\",\"target\":[\"https:\/\/torello.com\/en\/producto\/extra-virgin-olive-oil\/\"]}]},{\"@type\":\"ImageObject\",\"inLanguage\":\"en-US\",\"@id\":\"https:\/\/torello.com\/en\/producto\/extra-virgin-olive-oil\/#primaryimage\",\"url\":\"https:\/\/torello.com\/wp-content\/uploads\/2026\/03\/Oli-Oliva-Verge-Extra-Torello.png\",\"contentUrl\":\"https:\/\/torello.com\/wp-content\/uploads\/2026\/03\/Oli-Oliva-Verge-Extra-Torello.png\",\"width\":560,\"height\":560,\"caption\":\"Oli Oliva Verge Extra Torell\u00f3\"},{\"@type\":\"BreadcrumbList\",\"@id\":\"https:\/\/torello.com\/en\/producto\/extra-virgin-olive-oil\/#breadcrumb\",\"itemListElement\":[{\"@type\":\"ListItem\",\"position\":1,\"name\":\"Inici\",\"item\":\"https:\/\/torello.com\/en\/\"},{\"@type\":\"ListItem\",\"position\":2,\"name\":\"Shop\",\"item\":\"https:\/\/torello.com\/en\/shop\/\"},{\"@type\":\"ListItem\",\"position\":3,\"name\":\"Extra virgin olive oil\"}]},{\"@type\":\"WebSite\",\"@id\":\"https:\/\/torello.com\/en\/#website\",\"url\":\"https:\/\/torello.com\/en\/\",\"name\":\"Torell\u00f3 Viticultors Grans escumosos i vins ecol\u00f2gics\",\"description\":\"Bodega familiar situada en el Pened\u00e9s, l\u00edder en la elaboraci\u00f3n de Cava y vinos, s\u00f3lo utiliza uva cultivada en su finca Can Mart\u00ed.\",\"publisher\":{\"@id\":\"https:\/\/torello.com\/en\/#organization\"},\"potentialAction\":[{\"@type\":\"SearchAction\",\"target\":{\"@type\":\"EntryPoint\",\"urlTemplate\":\"https:\/\/torello.com\/en\/?s={search_term_string}\"},\"query-input\":{\"@type\":\"PropertyValueSpecification\",\"valueRequired\":true,\"valueName\":\"search_term_string\"}}],\"inLanguage\":\"en-US\"},{\"@type\":\"Organization\",\"@id\":\"https:\/\/torello.com\/en\/#organization\",\"name\":\"Torell\u00f3 sparkling and ecologic wines\",\"url\":\"https:\/\/torello.com\/en\/\",\"logo\":{\"@type\":\"ImageObject\",\"inLanguage\":\"en-US\",\"@id\":\"https:\/\/torello.com\/en\/#\/schema\/logo\/image\/\",\"url\":\"https:\/\/torello.com\/wp-content\/uploads\/2020\/02\/TORELLO_LOGO_4.png\",\"contentUrl\":\"https:\/\/torello.com\/wp-content\/uploads\/2020\/02\/TORELLO_LOGO_4.png\",\"width\":278,\"height\":140,\"caption\":\"Torell\u00f3 sparkling and ecologic wines\"},\"image\":{\"@id\":\"https:\/\/torello.com\/en\/#\/schema\/logo\/image\/\"},\"sameAs\":[\"https:\/\/www.facebook.com\/TorelloViticultors\/\",\"https:\/\/x.com\/TorelloViticult\",\"https:\/\/www.instagram.com\/torelloviticultors\/\",\"https:\/\/www.youtube.com\/user\/Torello57\"]}]}<\/script>\n<!-- \/ Yoast SEO plugin. -->","yoast_head_json":{"title":"Extra virgin olive oil | Torell\u00f3 Viticultors Grans escumosos i vins ecol\u00f2gics","description":"Extra virgin olive oil It is an extra virgin olive oil, of superior category, obtained directly from mechanical processes, where...","robots":{"index":"index","follow":"follow","max-snippet":"max-snippet:-1","max-image-preview":"max-image-preview:large","max-video-preview":"max-video-preview:-1"},"canonical":"https:\/\/torello.com\/en\/producto\/extra-virgin-olive-oil\/","og_locale":"en_US","og_type":"article","og_title":"Extra virgin olive oil | Torell\u00f3 Viticultors Grans escumosos i vins ecol\u00f2gics","og_description":"Extra virgin olive oil It is an extra virgin olive oil, of superior category, obtained directly from mechanical processes, where...","og_url":"https:\/\/torello.com\/en\/producto\/extra-virgin-olive-oil\/","og_site_name":"Torell\u00f3 Viticultors Grans escumosos i vins ecol\u00f2gics","article_publisher":"https:\/\/www.facebook.com\/TorelloViticultors\/","article_modified_time":"2026-03-25T09:23:42+00:00","og_image":[{"width":560,"height":560,"url":"https:\/\/torello.com\/wp-content\/uploads\/2026\/03\/Oli-Oliva-Verge-Extra-Torello.png","type":"image\/png"}],"twitter_card":"summary_large_image","twitter_site":"@TorelloViticult","twitter_misc":{"Est. reading time":"1 minute"},"schema":{"@context":"https:\/\/schema.org","@graph":[{"@type":"WebPage","@id":"https:\/\/torello.com\/en\/producto\/extra-virgin-olive-oil\/","url":"https:\/\/torello.com\/en\/producto\/extra-virgin-olive-oil\/","name":"Extra virgin olive oil | Torell\u00f3 Viticultors Grans escumosos i vins ecol\u00f2gics","isPartOf":{"@id":"https:\/\/torello.com\/en\/#website"},"primaryImageOfPage":{"@id":"https:\/\/torello.com\/en\/producto\/extra-virgin-olive-oil\/#primaryimage"},"image":{"@id":"https:\/\/torello.com\/en\/producto\/extra-virgin-olive-oil\/#primaryimage"},"thumbnailUrl":"https:\/\/torello.com\/wp-content\/uploads\/2026\/03\/Oli-Oliva-Verge-Extra-Torello.png","datePublished":"2026-03-19T17:10:25+00:00","dateModified":"2026-03-25T09:23:42+00:00","description":"Extra virgin olive oil It is an extra virgin olive oil, of superior category, obtained directly from mechanical processes, where...","breadcrumb":{"@id":"https:\/\/torello.com\/en\/producto\/extra-virgin-olive-oil\/#breadcrumb"},"inLanguage":"en-US","potentialAction":[{"@type":"ReadAction","target":["https:\/\/torello.com\/en\/producto\/extra-virgin-olive-oil\/"]}]},{"@type":"ImageObject","inLanguage":"en-US","@id":"https:\/\/torello.com\/en\/producto\/extra-virgin-olive-oil\/#primaryimage","url":"https:\/\/torello.com\/wp-content\/uploads\/2026\/03\/Oli-Oliva-Verge-Extra-Torello.png","contentUrl":"https:\/\/torello.com\/wp-content\/uploads\/2026\/03\/Oli-Oliva-Verge-Extra-Torello.png","width":560,"height":560,"caption":"Oli Oliva Verge Extra Torell\u00f3"},{"@type":"BreadcrumbList","@id":"https:\/\/torello.com\/en\/producto\/extra-virgin-olive-oil\/#breadcrumb","itemListElement":[{"@type":"ListItem","position":1,"name":"Inici","item":"https:\/\/torello.com\/en\/"},{"@type":"ListItem","position":2,"name":"Shop","item":"https:\/\/torello.com\/en\/shop\/"},{"@type":"ListItem","position":3,"name":"Extra virgin olive oil"}]},{"@type":"WebSite","@id":"https:\/\/torello.com\/en\/#website","url":"https:\/\/torello.com\/en\/","name":"Torell\u00f3 Viticultors Grans escumosos i vins ecol\u00f2gics","description":"Bodega familiar situada en el Pened\u00e9s, l\u00edder en la elaboraci\u00f3n de Cava y vinos, s\u00f3lo utiliza uva cultivada en su finca Can Mart\u00ed.","publisher":{"@id":"https:\/\/torello.com\/en\/#organization"},"potentialAction":[{"@type":"SearchAction","target":{"@type":"EntryPoint","urlTemplate":"https:\/\/torello.com\/en\/?s={search_term_string}"},"query-input":{"@type":"PropertyValueSpecification","valueRequired":true,"valueName":"search_term_string"}}],"inLanguage":"en-US"},{"@type":"Organization","@id":"https:\/\/torello.com\/en\/#organization","name":"Torell\u00f3 sparkling and ecologic wines","url":"https:\/\/torello.com\/en\/","logo":{"@type":"ImageObject","inLanguage":"en-US","@id":"https:\/\/torello.com\/en\/#\/schema\/logo\/image\/","url":"https:\/\/torello.com\/wp-content\/uploads\/2020\/02\/TORELLO_LOGO_4.png","contentUrl":"https:\/\/torello.com\/wp-content\/uploads\/2020\/02\/TORELLO_LOGO_4.png","width":278,"height":140,"caption":"Torell\u00f3 sparkling and ecologic wines"},"image":{"@id":"https:\/\/torello.com\/en\/#\/schema\/logo\/image\/"},"sameAs":["https:\/\/www.facebook.com\/TorelloViticultors\/","https:\/\/x.com\/TorelloViticult","https:\/\/www.instagram.com\/torelloviticultors\/","https:\/\/www.youtube.com\/user\/Torello57"]}]}},"_links":{"self":[{"href":"https:\/\/torello.com\/en\/wp-json\/wp\/v2\/product\/24734","targetHints":{"allow":["GET"]}}],"collection":[{"href":"https:\/\/torello.com\/en\/wp-json\/wp\/v2\/product"}],"about":[{"href":"https:\/\/torello.com\/en\/wp-json\/wp\/v2\/types\/product"}],"replies":[{"embeddable":true,"href":"https:\/\/torello.com\/en\/wp-json\/wp\/v2\/comments?post=24734"}],"wp:featuredmedia":[{"embeddable":true,"href":"https:\/\/torello.com\/en\/wp-json\/wp\/v2\/media\/24729"}],"wp:attachment":[{"href":"https:\/\/torello.com\/en\/wp-json\/wp\/v2\/media?parent=24734"}],"wp:term":[{"taxonomy":"product_brand","embeddable":true,"href":"https:\/\/torello.com\/en\/wp-json\/wp\/v2\/product_brand?post=24734"},{"taxonomy":"product_cat","embeddable":true,"href":"https:\/\/torello.com\/en\/wp-json\/wp\/v2\/product_cat?post=24734"},{"taxonomy":"product_tag","embeddable":true,"href":"https:\/\/torello.com\/en\/wp-json\/wp\/v2\/product_tag?post=24734"},{"taxonomy":"giftcard-category","embeddable":true,"href":"https:\/\/torello.com\/en\/wp-json\/wp\/v2\/giftcard-category?post=24734"}],"curies":[{"name":"wp","href":"https:\/\/api.w.org\/{rel}","templated":true}]}}