{"id":5104,"date":"2020-12-10T21:11:26","date_gmt":"2020-12-10T21:11:26","guid":{"rendered":"http:\/\/torello.nextmedia.net\/?page_id=5104"},"modified":"2021-09-10T06:53:20","modified_gmt":"2021-09-10T06:53:20","slug":"meditacion-entre-vinedos","status":"publish","type":"page","link":"https:\/\/torello.com\/es\/meditacion-entre-vinedos\/","title":{"rendered":"Meditaci\u00f3n entre vi\u00f1edos"},"content":{"rendered":"<p><div class=\"fusion-fullwidth fullwidth-box fusion-builder-row-1 fusion-parallax-none hundred-percent-fullwidth non-hundred-percent-height-scrolling\" style=\"--awb-border-radius-top-left:0px;--awb-border-radius-top-right:0px;--awb-border-radius-bottom-right:0px;--awb-border-radius-bottom-left:0px;--awb-padding-top:44px;--awb-padding-bottom:79px;--awb-background-image:url(&quot;https:\/\/torello.com\/wp-content\/uploads\/2020\/06\/img_background.jpg&quot;);--awb-background-size:cover;--awb-flex-wrap:wrap;\" ><div class=\"fusion-builder-row fusion-row\"><div class=\"fusion-layout-column fusion_builder_column fusion-builder-column-0 fusion_builder_column_1_1 1_1 fusion-one-full fusion-column-first fusion-column-last\" style=\"--awb-padding-top:60px;--awb-bg-size:cover;\"><div class=\"fusion-column-wrapper fusion-column-has-shadow fusion-flex-column-wrapper-legacy\"><div class=\"fusion-column-content-centered\"><div class=\"fusion-column-content\"><div class=\"fusion-sep-clear\"><\/div><div class=\"fusion-separator fusion-full-width-sep\" style=\"margin-left: auto;margin-right: auto;margin-bottom:10px;width:100%;\"><div class=\"fusion-separator-border sep-single\" style=\"--awb-height:20px;--awb-amount:20px;border-color:#e0dede;border-top-width:0px;\"><\/div><\/div><div class=\"fusion-sep-clear\"><\/div><div class=\"fusion-text fusion-text-1\"><h1 style=\"text-align: center;\"><span style=\"color: #ffffff;\">Meditaci\u00f3n entre vi\u00f1edos en Torell\u00f3 Viticultors<\/span><\/h1>\n<h2 style=\"text-align: center;\"><span style=\"color: #ffffff;\">Experiencia \u00fanica en un entorno excepcional<\/span><\/h2>\n<\/div><\/div><\/div><div class=\"fusion-clearfix\"><\/div><\/div><\/div><\/div><\/div><div class=\"fusion-fullwidth fullwidth-box fusion-builder-row-2 hundred-percent-fullwidth non-hundred-percent-height-scrolling\" style=\"--awb-border-radius-top-left:0px;--awb-border-radius-top-right:0px;--awb-border-radius-bottom-right:0px;--awb-border-radius-bottom-left:0px;--awb-padding-top:40px;--awb-padding-right:7%;--awb-padding-bottom:20px;--awb-padding-left:7%;--awb-flex-wrap:wrap;\" ><div class=\"fusion-builder-row fusion-row\"><div class=\"fusion-layout-column fusion_builder_column fusion-builder-column-1 fusion_builder_column_1_1 1_1 fusion-one-full fusion-column-first fusion-column-last\" style=\"--awb-padding-right:10%;--awb-padding-left:10%;--awb-bg-size:cover;\"><div class=\"fusion-column-wrapper fusion-column-has-shadow fusion-flex-column-wrapper-legacy\"><div class=\"fusion-text fusion-text-2\"><h3 style=\"text-align: center;\"><span style=\"color: #026602;\">Pr\u00f3xima sesi\u00f3n: S\u00e1bado <strong>2 de octubre<\/strong><\/span><br \/>\n<span style=\"color: #026602;\">Instructor: Victor Avil\u00e9s\u00a0<\/span><\/h3>\n<\/div><div class=\"fusion-text fusion-text-3\"><h5 style=\"text-align: center;\"><span style=\"color: #333333;\">\u00abEducar nuestra atenci\u00f3n nos permite liberarnos del ruido mental y conectar con el momento presente\u00bb<\/span><\/h5>\n<\/div><div class=\"fusion-clearfix\"><\/div><\/div><\/div><div class=\"fusion-layout-column fusion_builder_column fusion-builder-column-2 fusion_builder_column_1_2 1_2 fusion-one-half fusion-column-first\" style=\"--awb-padding-right:20px;--awb-bg-size:cover;width:50%;width:calc(50% - ( ( 4% ) * 0.5 ) );margin-right: 4%;\"><div class=\"fusion-column-wrapper fusion-column-has-shadow fusion-flex-column-wrapper-legacy\"><div class=\"fusion-text fusion-text-4\"><h2 style=\"text-align: left;\">Objetivos<\/h2>\n<\/div><div class=\"fusion-text fusion-text-5\"><ul>\n<li>Conocer las causas principales que nos causan estr\u00e9s, ansiedad y ruido mental.<\/li>\n<li>Conocer y ejecutar pr\u00e1cticas basadas en conciencia plena para educar la atenci\u00f3n.<\/li>\n<li>Serenar los pensamientos y acceder a la tranquilidad y el bienestar mental interior, mediante diferentes entrenamientos y enfoques.<\/li>\n<\/ul>\n<\/div><div class=\"fusion-text fusion-text-6\"><h5 style=\"text-align: left;\"><span style=\"color: #333333;\">Precio de la jornada: 25 euros \/ persona<\/span><\/h5>\n<\/div><div class=\"fusion-alignleft\"><a class=\"fusion-button button-flat button-small button-custom fusion-button-default button-1 fusion-button-default-span fusion-button-default-type\" style=\"--button_accent_color:#000000;--button_accent_hover_color:#ffffff;--button_border_hover_color:#ffffff;--button_gradient_top_color:#937b4f;--button_gradient_bottom_color:#937b4f;--button_gradient_top_color_hover:#705938;--button_gradient_bottom_color_hover:#705938;\" target=\"_blank\" rel=\"noopener noreferrer\" href=\"mailto: maria@torello.es\"><span class=\"fusion-button-text awb-button__text awb-button__text--default\">RESERVAR PLAZA<\/span><\/a><\/div><div class=\"fusion-clearfix\"><\/div><\/div><\/div><div class=\"fusion-layout-column fusion_builder_column fusion-builder-column-3 fusion_builder_column_1_2 1_2 fusion-one-half fusion-column-last\" style=\"--awb-padding-right:20px;--awb-bg-size:cover;width:50%;width:calc(50% - ( ( 4% ) * 0.5 ) );\"><div class=\"fusion-column-wrapper fusion-column-has-shadow fusion-flex-column-wrapper-legacy\"><div class=\"fusion-text fusion-text-7\"><h2 style=\"text-align: left;\">Programa<\/h2>\n<\/div><div class=\"fusion-text fusion-text-8\"><ul>\n<li><strong>9: 00-9: 30<\/strong> Llegada en Torell\u00f3. Presentaci\u00f3n de la sesi\u00f3n. Meditaci\u00f3n introductoria corta.<\/li>\n<li><strong>9: 30-10: 30h<\/strong> Explicaci\u00f3n de los factores generadores del estr\u00e9s y la ansiedad.<\/li>\n<li><strong>10: 30-10: 45h<\/strong> Pausa para descanso y desayuno.<\/li>\n<li><strong>10: 50-11: 30h<\/strong> Propuestas para conectar con el presente y reeducar nuestra atenci\u00f3n.<\/li>\n<li><strong>11:30 &#8211; 12: 00h<\/strong> Meditaci\u00f3n sentada.<\/li>\n<li><strong>12:00 &#8211; 12: 30h.<\/strong> Explorando las diferentes sensaciones, percepciones y dificultades del ejercicio meditativo.<\/li>\n<li><strong>12:30 &#8211; 13: 00h<\/strong> Grupo: preguntas y reflexiones.<\/li>\n<\/ul>\n<\/div><div class=\"fusion-clearfix\"><\/div><\/div><\/div><\/div><\/div><div class=\"fusion-fullwidth fullwidth-box fusion-builder-row-3 hundred-percent-fullwidth non-hundred-percent-height-scrolling\" style=\"--awb-border-radius-top-left:0px;--awb-border-radius-top-right:0px;--awb-border-radius-bottom-right:0px;--awb-border-radius-bottom-left:0px;--awb-padding-top:3%;--awb-padding-right:5%;--awb-padding-bottom:7%;--awb-padding-left:5%;--awb-flex-wrap:wrap;\" ><div class=\"fusion-builder-row fusion-row\"><div class=\"fusion-layout-column fusion_builder_column fusion-builder-column-4 fusion_builder_column_1_5 1_5 fusion-one-fifth fusion-column-first fusion-animated\" style=\"--awb-padding-right:0%;--awb-padding-left:0%;--awb-bg-size:cover;--awb-filter:saturate(100%);--awb-filter-transition:filter 0.3s ease;--awb-filter-hover:saturate(10%);\" data-animationType=\"fadeInLeft\" data-animationDuration=\"0.8\" data-animationOffset=\"top-into-view\"><div class=\"fusion-column-wrapper fusion-column-has-shadow fusion-flex-column-wrapper-legacy\"><div class=\"fusion-image-element in-legacy-container\" style=\"--awb-caption-title-font-family:var(--h2_typography-font-family);--awb-caption-title-font-weight:var(--h2_typography-font-weight);--awb-caption-title-font-style:var(--h2_typography-font-style);--awb-caption-title-size:var(--h2_typography-font-size);--awb-caption-title-transform:var(--h2_typography-text-transform);--awb-caption-title-line-height:var(--h2_typography-line-height);--awb-caption-title-letter-spacing:var(--h2_typography-letter-spacing);\"><span class=\" fusion-imageframe imageframe-none imageframe-1 hover-type-none\"><img decoding=\"async\" width=\"300\" height=\"173\" alt=\"Grup de persones meditant\" title=\"Grup-persones-meditant\" src=\"https:\/\/torello.com\/wp-content\/uploads\/2020\/09\/meditacio_1-300x173.jpg\" class=\"img-responsive wp-image-3763\" srcset=\"https:\/\/torello.com\/wp-content\/uploads\/2020\/09\/meditacio_1-200x115.jpg 200w, https:\/\/torello.com\/wp-content\/uploads\/2020\/09\/meditacio_1-400x231.jpg 400w, https:\/\/torello.com\/wp-content\/uploads\/2020\/09\/meditacio_1.jpg 600w\" sizes=\"(max-width: 1024px) 100vw, 400px\" \/><\/span><\/div><div class=\"fusion-clearfix\"><\/div><\/div><\/div><div class=\"fusion-layout-column fusion_builder_column fusion-builder-column-5 fusion_builder_column_1_5 1_5 fusion-one-fifth fusion-animated\" style=\"--awb-padding-right:0%;--awb-padding-left:0%;--awb-bg-size:cover;--awb-filter:saturate(100%);--awb-filter-transition:filter 0.3s ease;--awb-filter-hover:saturate(10%);\" data-animationType=\"fadeInLeft\" data-animationDuration=\"0.8\" data-animationOffset=\"top-into-view\"><div class=\"fusion-column-wrapper fusion-column-has-shadow fusion-flex-column-wrapper-legacy\"><div class=\"fusion-image-element in-legacy-container\" style=\"--awb-caption-title-font-family:var(--h2_typography-font-family);--awb-caption-title-font-weight:var(--h2_typography-font-weight);--awb-caption-title-font-style:var(--h2_typography-font-style);--awb-caption-title-size:var(--h2_typography-font-size);--awb-caption-title-transform:var(--h2_typography-text-transform);--awb-caption-title-line-height:var(--h2_typography-line-height);--awb-caption-title-letter-spacing:var(--h2_typography-letter-spacing);\"><span class=\" fusion-imageframe imageframe-none imageframe-2 hover-type-none\"><img decoding=\"async\" width=\"300\" height=\"173\" alt=\"Grup de persones fent exercici de meditaci\u00f3\" title=\"Grup-exercici-meditaci\u00f3\" src=\"https:\/\/torello.com\/wp-content\/uploads\/2020\/09\/meditacio_3-300x173.jpg\" class=\"img-responsive wp-image-3769\" srcset=\"https:\/\/torello.com\/wp-content\/uploads\/2020\/09\/meditacio_3-200x115.jpg 200w, https:\/\/torello.com\/wp-content\/uploads\/2020\/09\/meditacio_3-400x231.jpg 400w, https:\/\/torello.com\/wp-content\/uploads\/2020\/09\/meditacio_3.jpg 600w\" sizes=\"(max-width: 1024px) 100vw, 400px\" \/><\/span><\/div><div class=\"fusion-clearfix\"><\/div><\/div><\/div><div class=\"fusion-layout-column fusion_builder_column fusion-builder-column-6 fusion_builder_column_1_5 1_5 fusion-one-fifth fusion-animated\" style=\"--awb-padding-right:0%;--awb-padding-left:0%;--awb-bg-size:cover;--awb-filter:saturate(100%);--awb-filter-transition:filter 0.3s ease;--awb-filter-hover:saturate(10%);\" data-animationType=\"fadeInLeft\" data-animationDuration=\"0.8\" data-animationOffset=\"top-into-view\"><div class=\"fusion-column-wrapper fusion-column-has-shadow fusion-flex-column-wrapper-legacy\"><div class=\"fusion-image-element in-legacy-container\" style=\"--awb-caption-title-font-family:var(--h2_typography-font-family);--awb-caption-title-font-weight:var(--h2_typography-font-weight);--awb-caption-title-font-style:var(--h2_typography-font-style);--awb-caption-title-size:var(--h2_typography-font-size);--awb-caption-title-transform:var(--h2_typography-text-transform);--awb-caption-title-line-height:var(--h2_typography-line-height);--awb-caption-title-letter-spacing:var(--h2_typography-letter-spacing);\"><span class=\" fusion-imageframe imageframe-none imageframe-3 hover-type-none\"><img decoding=\"async\" width=\"300\" height=\"173\" alt=\"Imatge terreny de la Finca Can Mart\u00ed\" title=\"terreny-finca-can-mart\u00ed\" src=\"https:\/\/torello.com\/wp-content\/uploads\/2020\/09\/meditacio_4-300x173.jpg\" class=\"img-responsive wp-image-3772\" srcset=\"https:\/\/torello.com\/wp-content\/uploads\/2020\/09\/meditacio_4-200x115.jpg 200w, https:\/\/torello.com\/wp-content\/uploads\/2020\/09\/meditacio_4-400x231.jpg 400w, https:\/\/torello.com\/wp-content\/uploads\/2020\/09\/meditacio_4.jpg 600w\" sizes=\"(max-width: 1024px) 100vw, 400px\" \/><\/span><\/div><div class=\"fusion-clearfix\"><\/div><\/div><\/div><div class=\"fusion-layout-column fusion_builder_column fusion-builder-column-7 fusion_builder_column_1_5 1_5 fusion-one-fifth fusion-animated\" style=\"--awb-padding-right:0%;--awb-padding-left:0%;--awb-bg-size:cover;--awb-filter:saturate(100%);--awb-filter-transition:filter 0.3s ease;--awb-filter-hover:saturate(10%);\" data-animationType=\"fadeInLeft\" data-animationDuration=\"0.8\" data-animationOffset=\"top-into-view\"><div class=\"fusion-column-wrapper fusion-column-has-shadow fusion-flex-column-wrapper-legacy\"><div class=\"fusion-image-element in-legacy-container\" style=\"--awb-caption-title-font-family:var(--h2_typography-font-family);--awb-caption-title-font-weight:var(--h2_typography-font-weight);--awb-caption-title-font-style:var(--h2_typography-font-style);--awb-caption-title-size:var(--h2_typography-font-size);--awb-caption-title-transform:var(--h2_typography-text-transform);--awb-caption-title-line-height:var(--h2_typography-line-height);--awb-caption-title-letter-spacing:var(--h2_typography-letter-spacing);\"><span class=\" fusion-imageframe imageframe-none imageframe-4 hover-type-none\"><img decoding=\"async\" width=\"300\" height=\"173\" alt=\"Imatge de la Finca Can Mart\u00ed\" title=\"finca-can-marti\" src=\"https:\/\/torello.com\/wp-content\/uploads\/2020\/09\/meditacio_5-300x173.jpg\" class=\"img-responsive wp-image-3775\" srcset=\"https:\/\/torello.com\/wp-content\/uploads\/2020\/09\/meditacio_5-200x115.jpg 200w, https:\/\/torello.com\/wp-content\/uploads\/2020\/09\/meditacio_5-400x231.jpg 400w, https:\/\/torello.com\/wp-content\/uploads\/2020\/09\/meditacio_5.jpg 600w\" sizes=\"(max-width: 1024px) 100vw, 400px\" \/><\/span><\/div><div class=\"fusion-clearfix\"><\/div><\/div><\/div><div class=\"fusion-layout-column fusion_builder_column fusion-builder-column-8 fusion_builder_column_1_5 1_5 fusion-one-fifth fusion-column-last fusion-animated\" style=\"--awb-padding-right:0%;--awb-padding-left:0%;--awb-bg-size:cover;--awb-filter:saturate(100%);--awb-filter-transition:filter 0.3s ease;--awb-filter-hover:saturate(10%);\" data-animationType=\"fadeInLeft\" data-animationDuration=\"0.8\" data-animationOffset=\"top-into-view\"><div class=\"fusion-column-wrapper fusion-column-has-shadow fusion-flex-column-wrapper-legacy\"><div class=\"fusion-image-element in-legacy-container\" style=\"--awb-caption-title-font-family:var(--h2_typography-font-family);--awb-caption-title-font-weight:var(--h2_typography-font-weight);--awb-caption-title-font-style:var(--h2_typography-font-style);--awb-caption-title-size:var(--h2_typography-font-size);--awb-caption-title-transform:var(--h2_typography-text-transform);--awb-caption-title-line-height:var(--h2_typography-line-height);--awb-caption-title-letter-spacing:var(--h2_typography-letter-spacing);\"><span class=\" fusion-imageframe imageframe-none imageframe-5 hover-type-none\"><img decoding=\"async\" width=\"300\" height=\"173\" alt=\"Grup de persones meditant asseguts\" title=\"Grup-meditant-asseguts\" src=\"https:\/\/torello.com\/wp-content\/uploads\/2020\/09\/meditacio_2-300x173.jpg\" class=\"img-responsive wp-image-3766\" srcset=\"https:\/\/torello.com\/wp-content\/uploads\/2020\/09\/meditacio_2-200x115.jpg 200w, https:\/\/torello.com\/wp-content\/uploads\/2020\/09\/meditacio_2-400x231.jpg 400w, https:\/\/torello.com\/wp-content\/uploads\/2020\/09\/meditacio_2.jpg 600w\" sizes=\"(max-width: 1024px) 100vw, 400px\" \/><\/span><\/div><div class=\"fusion-clearfix\"><\/div><\/div><\/div><\/div><\/div><\/p>\n","protected":false},"excerpt":{"rendered":"","protected":false},"author":4,"featured_media":0,"parent":0,"menu_order":0,"comment_status":"closed","ping_status":"open","template":"100-width.php","meta":{"footnotes":""},"class_list":["post-5104","page","type-page","status-publish","hentry"],"yoast_head":"<!-- This site is optimized with the Yoast SEO plugin v26.7 - https:\/\/yoast.com\/wordpress\/plugins\/seo\/ -->\n<title>Meditaci\u00f3n entre vi\u00f1edos | Torell\u00f3 Viticultors Grans escumosos i vins ecol\u00f2gics<\/title>\n<meta name=\"description\" content=\"Meditaci\u00f3n y mindfulness entre vi\u00f1edos. Visita y degustaci\u00f3n de vinos Torell\u00f3 y espumantes en la Finca de Can Mart\u00ed. Experiencia \u00fanica en un entorno excepcional\" \/>\n<meta name=\"robots\" content=\"index, follow, max-snippet:-1, max-image-preview:large, max-video-preview:-1\" \/>\n<link rel=\"canonical\" href=\"https:\/\/torello.com\/es\/meditacion-entre-vinedos\/\" \/>\n<meta property=\"og:locale\" content=\"es_ES\" \/>\n<meta property=\"og:type\" content=\"article\" \/>\n<meta property=\"og:title\" content=\"Meditaci\u00f3n entre vi\u00f1edos | Torell\u00f3 Viticultors Grans escumosos i vins ecol\u00f2gics\" \/>\n<meta property=\"og:description\" content=\"Meditaci\u00f3n y mindfulness entre vi\u00f1edos. Visita y degustaci\u00f3n de vinos Torell\u00f3 y espumantes en la Finca de Can Mart\u00ed. Experiencia \u00fanica en un entorno excepcional\" \/>\n<meta property=\"og:url\" content=\"https:\/\/torello.com\/es\/meditacion-entre-vinedos\/\" \/>\n<meta property=\"og:site_name\" content=\"Torell\u00f3 Viticultors Grans escumosos i vins ecol\u00f2gics\" \/>\n<meta property=\"article:publisher\" content=\"https:\/\/www.facebook.com\/TorelloViticultors\/\" \/>\n<meta property=\"article:modified_time\" content=\"2021-09-10T06:53:20+00:00\" \/>\n<meta name=\"twitter:card\" content=\"summary_large_image\" \/>\n<meta name=\"twitter:site\" content=\"@TorelloViticult\" \/>\n<meta name=\"twitter:label1\" content=\"Tiempo de lectura\" \/>\n\t<meta name=\"twitter:data1\" content=\"7 minutos\" \/>\n<script type=\"application\/ld+json\" class=\"yoast-schema-graph\">{\"@context\":\"https:\/\/schema.org\",\"@graph\":[{\"@type\":\"WebPage\",\"@id\":\"https:\/\/torello.com\/es\/meditacion-entre-vinedos\/\",\"url\":\"https:\/\/torello.com\/es\/meditacion-entre-vinedos\/\",\"name\":\"Meditaci\u00f3n entre vi\u00f1edos | Torell\u00f3 Viticultors Grans escumosos i vins ecol\u00f2gics\",\"isPartOf\":{\"@id\":\"https:\/\/torello.com\/es\/#website\"},\"datePublished\":\"2020-12-10T21:11:26+00:00\",\"dateModified\":\"2021-09-10T06:53:20+00:00\",\"description\":\"Meditaci\u00f3n y mindfulness entre vi\u00f1edos. Visita y degustaci\u00f3n de vinos Torell\u00f3 y espumantes en la Finca de Can Mart\u00ed. Experiencia \u00fanica en un entorno excepcional\",\"breadcrumb\":{\"@id\":\"https:\/\/torello.com\/es\/meditacion-entre-vinedos\/#breadcrumb\"},\"inLanguage\":\"es\",\"potentialAction\":[{\"@type\":\"ReadAction\",\"target\":[\"https:\/\/torello.com\/es\/meditacion-entre-vinedos\/\"]}]},{\"@type\":\"BreadcrumbList\",\"@id\":\"https:\/\/torello.com\/es\/meditacion-entre-vinedos\/#breadcrumb\",\"itemListElement\":[{\"@type\":\"ListItem\",\"position\":1,\"name\":\"Inici\",\"item\":\"https:\/\/torello.com\/es\/\"},{\"@type\":\"ListItem\",\"position\":2,\"name\":\"Meditaci\u00f3n entre vi\u00f1edos\"}]},{\"@type\":\"WebSite\",\"@id\":\"https:\/\/torello.com\/es\/#website\",\"url\":\"https:\/\/torello.com\/es\/\",\"name\":\"Torell\u00f3 Viticultors Grans escumosos i vins ecol\u00f2gics\",\"description\":\"Bodega familiar situada en el Pened\u00e9s, l\u00edder en la elaboraci\u00f3n de Cava y vinos, s\u00f3lo utiliza uva cultivada en su finca Can Mart\u00ed.\",\"publisher\":{\"@id\":\"https:\/\/torello.com\/es\/#organization\"},\"potentialAction\":[{\"@type\":\"SearchAction\",\"target\":{\"@type\":\"EntryPoint\",\"urlTemplate\":\"https:\/\/torello.com\/es\/?s={search_term_string}\"},\"query-input\":{\"@type\":\"PropertyValueSpecification\",\"valueRequired\":true,\"valueName\":\"search_term_string\"}}],\"inLanguage\":\"es\"},{\"@type\":\"Organization\",\"@id\":\"https:\/\/torello.com\/es\/#organization\",\"name\":\"Torell\u00f3 espumosos y vinos ecol\u00f3gicos\",\"url\":\"https:\/\/torello.com\/es\/\",\"logo\":{\"@type\":\"ImageObject\",\"inLanguage\":\"es\",\"@id\":\"https:\/\/torello.com\/es\/#\/schema\/logo\/image\/\",\"url\":\"https:\/\/torello.com\/wp-content\/uploads\/2020\/02\/TORELLO_LOGO_4.png\",\"contentUrl\":\"https:\/\/torello.com\/wp-content\/uploads\/2020\/02\/TORELLO_LOGO_4.png\",\"width\":278,\"height\":140,\"caption\":\"Torell\u00f3 espumosos y vinos ecol\u00f3gicos\"},\"image\":{\"@id\":\"https:\/\/torello.com\/es\/#\/schema\/logo\/image\/\"},\"sameAs\":[\"https:\/\/www.facebook.com\/TorelloViticultors\/\",\"https:\/\/x.com\/TorelloViticult\",\"https:\/\/www.instagram.com\/torelloviticultors\/\",\"https:\/\/www.youtube.com\/user\/Torello57\"]}]}<\/script>\n<!-- \/ Yoast SEO plugin. -->","yoast_head_json":{"title":"Meditaci\u00f3n entre vi\u00f1edos | Torell\u00f3 Viticultors Grans escumosos i vins ecol\u00f2gics","description":"Meditaci\u00f3n y mindfulness entre vi\u00f1edos. Visita y degustaci\u00f3n de vinos Torell\u00f3 y espumantes en la Finca de Can Mart\u00ed. Experiencia \u00fanica en un entorno excepcional","robots":{"index":"index","follow":"follow","max-snippet":"max-snippet:-1","max-image-preview":"max-image-preview:large","max-video-preview":"max-video-preview:-1"},"canonical":"https:\/\/torello.com\/es\/meditacion-entre-vinedos\/","og_locale":"es_ES","og_type":"article","og_title":"Meditaci\u00f3n entre vi\u00f1edos | Torell\u00f3 Viticultors Grans escumosos i vins ecol\u00f2gics","og_description":"Meditaci\u00f3n y mindfulness entre vi\u00f1edos. Visita y degustaci\u00f3n de vinos Torell\u00f3 y espumantes en la Finca de Can Mart\u00ed. Experiencia \u00fanica en un entorno excepcional","og_url":"https:\/\/torello.com\/es\/meditacion-entre-vinedos\/","og_site_name":"Torell\u00f3 Viticultors Grans escumosos i vins ecol\u00f2gics","article_publisher":"https:\/\/www.facebook.com\/TorelloViticultors\/","article_modified_time":"2021-09-10T06:53:20+00:00","twitter_card":"summary_large_image","twitter_site":"@TorelloViticult","twitter_misc":{"Tiempo de lectura":"7 minutos"},"schema":{"@context":"https:\/\/schema.org","@graph":[{"@type":"WebPage","@id":"https:\/\/torello.com\/es\/meditacion-entre-vinedos\/","url":"https:\/\/torello.com\/es\/meditacion-entre-vinedos\/","name":"Meditaci\u00f3n entre vi\u00f1edos | Torell\u00f3 Viticultors Grans escumosos i vins ecol\u00f2gics","isPartOf":{"@id":"https:\/\/torello.com\/es\/#website"},"datePublished":"2020-12-10T21:11:26+00:00","dateModified":"2021-09-10T06:53:20+00:00","description":"Meditaci\u00f3n y mindfulness entre vi\u00f1edos. Visita y degustaci\u00f3n de vinos Torell\u00f3 y espumantes en la Finca de Can Mart\u00ed. Experiencia \u00fanica en un entorno excepcional","breadcrumb":{"@id":"https:\/\/torello.com\/es\/meditacion-entre-vinedos\/#breadcrumb"},"inLanguage":"es","potentialAction":[{"@type":"ReadAction","target":["https:\/\/torello.com\/es\/meditacion-entre-vinedos\/"]}]},{"@type":"BreadcrumbList","@id":"https:\/\/torello.com\/es\/meditacion-entre-vinedos\/#breadcrumb","itemListElement":[{"@type":"ListItem","position":1,"name":"Inici","item":"https:\/\/torello.com\/es\/"},{"@type":"ListItem","position":2,"name":"Meditaci\u00f3n entre vi\u00f1edos"}]},{"@type":"WebSite","@id":"https:\/\/torello.com\/es\/#website","url":"https:\/\/torello.com\/es\/","name":"Torell\u00f3 Viticultors Grans escumosos i vins ecol\u00f2gics","description":"Bodega familiar situada en el Pened\u00e9s, l\u00edder en la elaboraci\u00f3n de Cava y vinos, s\u00f3lo utiliza uva cultivada en su finca Can Mart\u00ed.","publisher":{"@id":"https:\/\/torello.com\/es\/#organization"},"potentialAction":[{"@type":"SearchAction","target":{"@type":"EntryPoint","urlTemplate":"https:\/\/torello.com\/es\/?s={search_term_string}"},"query-input":{"@type":"PropertyValueSpecification","valueRequired":true,"valueName":"search_term_string"}}],"inLanguage":"es"},{"@type":"Organization","@id":"https:\/\/torello.com\/es\/#organization","name":"Torell\u00f3 espumosos y vinos ecol\u00f3gicos","url":"https:\/\/torello.com\/es\/","logo":{"@type":"ImageObject","inLanguage":"es","@id":"https:\/\/torello.com\/es\/#\/schema\/logo\/image\/","url":"https:\/\/torello.com\/wp-content\/uploads\/2020\/02\/TORELLO_LOGO_4.png","contentUrl":"https:\/\/torello.com\/wp-content\/uploads\/2020\/02\/TORELLO_LOGO_4.png","width":278,"height":140,"caption":"Torell\u00f3 espumosos y vinos ecol\u00f3gicos"},"image":{"@id":"https:\/\/torello.com\/es\/#\/schema\/logo\/image\/"},"sameAs":["https:\/\/www.facebook.com\/TorelloViticultors\/","https:\/\/x.com\/TorelloViticult","https:\/\/www.instagram.com\/torelloviticultors\/","https:\/\/www.youtube.com\/user\/Torello57"]}]}},"_links":{"self":[{"href":"https:\/\/torello.com\/es\/wp-json\/wp\/v2\/pages\/5104","targetHints":{"allow":["GET"]}}],"collection":[{"href":"https:\/\/torello.com\/es\/wp-json\/wp\/v2\/pages"}],"about":[{"href":"https:\/\/torello.com\/es\/wp-json\/wp\/v2\/types\/page"}],"author":[{"embeddable":true,"href":"https:\/\/torello.com\/es\/wp-json\/wp\/v2\/users\/4"}],"replies":[{"embeddable":true,"href":"https:\/\/torello.com\/es\/wp-json\/wp\/v2\/comments?post=5104"}],"version-history":[{"count":0,"href":"https:\/\/torello.com\/es\/wp-json\/wp\/v2\/pages\/5104\/revisions"}],"wp:attachment":[{"href":"https:\/\/torello.com\/es\/wp-json\/wp\/v2\/media?parent=5104"}],"curies":[{"name":"wp","href":"https:\/\/api.w.org\/{rel}","templated":true}]}}