{"id":7402,"date":"2021-02-16T15:10:08","date_gmt":"2021-02-16T15:10:08","guid":{"rendered":"https:\/\/torello.com\/?page_id=7402"},"modified":"2021-02-16T16:19:00","modified_gmt":"2021-02-16T16:19:00","slug":"politica-de-cookies","status":"publish","type":"page","link":"https:\/\/torello.com\/es\/politica-de-cookies\/","title":{"rendered":"Pol\u00edtica de Cookies"},"content":{"rendered":"<div class=\"fusion-fullwidth fullwidth-box fusion-builder-row-1 nonhundred-percent-fullwidth non-hundred-percent-height-scrolling\" style=\"--awb-border-radius-top-left:0px;--awb-border-radius-top-right:0px;--awb-border-radius-bottom-right:0px;--awb-border-radius-bottom-left:0px;--awb-padding-top:100px;--awb-padding-bottom:100px;--awb-background-color:#937b4f;--awb-flex-wrap:wrap;\" ><div class=\"fusion-builder-row fusion-row\"><div class=\"fusion-layout-column fusion_builder_column fusion-builder-column-0 fusion_builder_column_1_1 1_1 fusion-one-full fusion-column-first fusion-column-last\" style=\"--awb-bg-size:cover;--awb-margin-bottom:0px;\"><div class=\"fusion-column-wrapper fusion-flex-column-wrapper-legacy\"><div class=\"fusion-text fusion-text-1\"><h1><span style=\"color: #ffffff;\">POL\u00cdTICA DE COOKIES<\/span><\/h1>\n<div class=\"row\">\n<div class=\"col-xs-12 col-md-12\">\n<div class=\"row\">\n<div class=\"col-xs-12 col-md-12\">\n<p><span style=\"color: #ffffff;\"><strong>INTRODUCCI\u00d3N<\/strong><\/span><\/p>\n<p><span style=\"color: #ffffff;\">Nuestra web,\u00a0<a style=\"color: #ffffff;\" href=\"https:\/\/www.galantiuris.com\/\">https:\/\/WWW.TORELLO.COM\/<\/a>\u00a0(en adelante: \u00abla web\u00bb) utiliza cookies y otras tecnolog\u00edas relacionadas (para mayor comodidad, todas las tecnolog\u00edas se denominan \u00abcookies\u00bb). Las cookies tambi\u00e9n son colocadas por terceros a los que hemos contratado. En el siguiente documento te informamos sobre el uso de cookies en nuestra web.<\/span><\/p>\n<p><span style=\"color: #ffffff;\"><strong>\u00a0<\/strong><\/span><\/p>\n<p><strong><span style=\"color: #ffffff;\">\u00bfQU\u00c9 SON LAS COOKIES?<\/span><\/strong><\/p>\n<p><span style=\"color: #ffffff;\">Una cookie es un peque\u00f1o archivo simple que se env\u00eda junto con las p\u00e1ginas de esta web y que tu navegador almacena en el disco duro de tu ordenador o de otro dispositivo. La informaci\u00f3n almacenada puede ser devuelta a nuestros servidores o a los servidores de terceros relevantes durante una visita posterior.<\/span><\/p>\n<p><strong><span style=\"color: #ffffff;\">\u00bfQU\u00c9 SON LOS SCRIPTS?<\/span><\/strong><\/p>\n<p><span style=\"color: #ffffff;\">Un script es un fragmento de c\u00f3digo de programa que se utiliza para hacer que nuestra web funcione correctamente y de forma interactiva. Este c\u00f3digo se ejecuta en nuestro servidor o en tu dispositivo.<\/span><\/p>\n<p><span style=\"color: #ffffff;\"><strong>\u00a0<\/strong><\/span><\/p>\n<p><strong><span style=\"color: #ffffff;\">\u00bfQU\u00c9 ES UNA B\u00c1LIZA WEB?<\/span><\/strong><\/p>\n<p><span style=\"color: #ffffff;\">Una baliza web (o una etiqueta de p\u00edxel) es una peque\u00f1a e invisible pieza de texto o imagen en una web que se utiliza para hacer seguimiento del tr\u00e1fico en una web. Para ello, se almacenan varios datos sobre ti mediante balizas web.<\/span><\/p>\n<p><strong><span style=\"color: #ffffff;\">COOKIES<\/span><\/strong><\/p>\n<p><span style=\"color: #ffffff;\"><strong>5.1 Cookies t<\/strong><strong>\u00e9<\/strong><strong>cnicas o funcionales<\/strong><\/span><\/p>\n<p><span style=\"color: #ffffff;\">Algunas cookies aseguran que ciertas partes de la web funcionen correctamente y que tus preferencias de usuario sigan record\u00e1ndose. Al colocar cookies funcionales, te facilitamos la visita a nuestra web. De esta manera, no necesitas introducir repetidamente la misma informaci\u00f3n cuando visitas nuestra web y, por ejemplo, los art\u00edculos permanecen en tu cesta de la compra hasta que hayas pagado. Podemos colocar estas cookies sin tu consentimiento.<\/span><\/p>\n<p><span style=\"color: #ffffff;\"><strong>\u00a0<\/strong><\/span><\/p>\n<p><span style=\"color: #ffffff;\"><b>COOKIES ANAL\u00cdTICAS<\/b><\/span><\/p>\n<p><span style=\"color: #ffffff;\">Como los datos estad\u00edsticos son monitorizados an\u00f3nimamente, no se pide permiso para poner cookies anal\u00edticas.<\/span><\/p>\n<p><span style=\"color: #ffffff;\"><strong>\u00a0<\/strong><\/span><\/p>\n<p><span style=\"color: #ffffff;\"><strong>5.3 Botones de medios sociales<\/strong><\/span><\/p>\n<p><span style=\"color: #ffffff;\">En nuestra web hemos incluidos botones para Facebook, Twitter, LinkedIn y Instagram promocionar p\u00e1ginas (p. ej. \u00abme gusta\u00bb, \u00abpin\u00bb) o compartirlas (p. ej. \u00abtuitear\u00bb) en redes sociales como Facebook, Twitter, LinkedIn y Instagram. Estos botones funcionan usando c\u00f3digo de Facebook, Twitter, LinkedIn y Instagram ellos mismos. Este c\u00f3digo incrusta cookies. Estos botones de redes sociales pueden almacenar y procesar cierta informaci\u00f3n, de esta manera puede ser mostrado un anuncio personalizado.<\/span><\/p>\n<p><span style=\"color: #ffffff;\">Por favor lee la pol\u00edtica de privacidad de estas redes sociales (que puede cambiar frecuentemente) para saber que hacen con tus datos (personales) que procesan usando estas cookies. Los datos que reciben son anonimizados el m\u00e1ximo posible. Facebook, Twitter, LinkedIn y Instagram est\u00e1n ubicados en los Estados Unidos.<\/span><\/p>\n<p><span style=\"color: #ffffff;\"><strong>COOKIES USADAS<\/strong><\/span><\/p>\n<\/div>\n<div class=\"col-xs-12 col-md-12\">\n<style type=\"text\/css\">\n.tftable <br \/>.tftable th <br \/>.tftable tr <br \/>.tftable td <br \/>.tftable tr:hover <br \/><\/style>\n<table class=\"tftable\" border=\"1\">\n<tbody>\n<tr>\n<th>Nombre<\/th>\n<th>Tipo<\/th>\n<th>Caducidad<\/th>\n<th>Finalidad \/ Uso<\/th>\n<th>Compartir datos<\/th>\n<\/tr>\n<tr>\n<td>_gid<\/td>\n<td>Google Analytics<\/td>\n<td>24 hores<\/td>\n<td>Es fa servir per distingir als usuaris<\/td>\n<td>Tercers<\/td>\n<\/tr>\n<tr>\n<td>_ga<\/td>\n<td>Google Analytics<\/td>\n<td>2 anys<\/td>\n<td>Es fa servir per distingir als usuaris<\/td>\n<td>Tercers<\/td>\n<\/tr>\n<tr>\n<td>_<wbr \/>gat<\/td>\n<td>Google Analytics<\/td>\n<td>1 minut<\/td>\n<td>S'usa per limitar el percentatge de sol\u00b7licituds. Si s'ha implementat Google Analytics mitjan\u00e7ant Google Tag Manager, aquesta galeta es dir\u00e0 _dc_gtm_ .<\/td>\n<td>Tercers<\/td>\n<\/tr>\n<tr>\n<td>viewed_cookie_policy<\/td>\n<td>Pr\u00f2pia<\/td>\n<td>1 any<\/td>\n<td>Galetes d'\u00fas intern necess\u00e0ria per al funcionament de la visualitzaci\u00f3 de la pol\u00edtica de cookies del web.<\/td>\n<td>Pr\u00f2pia<\/td>\n<\/tr>\n<\/tbody>\n<\/table>\n<p><span style=\"color: #ffffff;\"><strong>CONSENTIMIENTO<\/strong><\/span><\/p>\n<p><span style=\"color: #ffffff;\">Cuando visites nuestra web por primera vez, te mostraremos una ventana emergente con una explicaci\u00f3n sobre las cookies. Tan pronto como hagas clic en \u00abGuardar preferencias\u00bb, aceptas que usemos las categor\u00edas de cookies y plugins que has seleccionado en la ventana emergente, tal y como se describe en esta pol\u00edtica de cookies. Puedes desactivar el uso de cookies a trav\u00e9s de tu navegador, pero, por favor, ten en cuenta que nuestra web puede dejar de funcionar correctamente.<\/span><\/p>\n<p><span style=\"color: #ffffff;\"><strong>\u00a0<\/strong><\/span><\/p>\n<p><span style=\"color: #ffffff;\"><strong>7.1 Gestiona tus ajustes de consentimiento<\/strong><\/span><\/p>\n<p><span style=\"color: #ffffff;\">\u00a0 \u221a \u00a0\u00a0\u00a0\u00a0\u00a0\u00a0 Cookies funcionales<\/span><\/p>\n<p><span style=\"color: #ffffff;\">\u00a0\u25a1\u00a0\u00a0\u00a0\u00a0\u00a0\u00a0\u00a0\u00a0 Aceptar cookies de terceros (YouTube, LinkedIn, Instagram\u2026)<\/span><\/p>\n<p><span style=\"color: #ffffff;\"><strong>TUS DERECHOS CON RESPECTO A LOS DATOS PERSONALES<\/strong><\/span><\/p>\n<p><span style=\"color: #ffffff;\">Tienes los siguientes derechos con respecto a tus datos personales:<\/span><\/p>\n<ul>\n<li><span style=\"color: #ffffff;\">Tiene derecho a saber por qu\u00e9 se necesitan tus datos personales, qu\u00e9 suceder\u00e1 con ellos y durante cu\u00e1nto tiempo se conservar\u00e1n.<\/span><\/li>\n<li><span style=\"color: #ffffff;\">Derecho de acceso: tienes derecho a acceder a tus datos personales que conocemos.<\/span><\/li>\n<li><span style=\"color: #ffffff;\">Derecho de rectificaci\u00f3n: tienes derecho a completar, rectificar, borrar o bloquear tus datos personales cuando lo desees.<\/span><\/li>\n<li><span style=\"color: #ffffff;\">Si nos das tu consentimiento para procesar tus datos, tienes derecho a revocar dicho consentimiento y a que se eliminen tus datos personales.<\/span><\/li>\n<li><span style=\"color: #ffffff;\">Derecho de cesi\u00f3n de tus datos: tienes derecho a solicitar todos tus datos personales al responsable del tratamiento y a transferirlos \u00edntegramente a otro responsable del tratamiento.<\/span><\/li>\n<li><span style=\"color: #ffffff;\">Derecho de oposici\u00f3n: puedes oponerte al tratamiento de tus datos. Nosotros cumplimos con esto, a menos que existan motivos justificados para el procesamiento.<\/span><\/li>\n<\/ul>\n<p><span style=\"color: #ffffff;\">Para ejercer estos derechos, por favor, contacta con nosotros. Por favor, consulta los detalles de contacto en la parte inferior de esta pol\u00edtica de cookies. Si tienes alguna queja sobre c\u00f3mo gestionamos tus datos, nos gustar\u00eda que nos la hicieras saber, pero tambi\u00e9n tienes derecho a enviar una queja a la autoridad supervisora (la autoridad de protecci\u00f3n de datos).<\/span><\/p>\n<p><span style=\"color: #ffffff;\"><b>ACTIVACI\u00d3N, DESACTIVACI\u00d3N Y ELIMINACI\u00d3N DE COOKIES<\/b><\/span><\/p>\n<p><span style=\"color: #ffffff;\">Puedes utilizar tu navegador de Internet para eliminar las cookies de forma autom\u00e1tica o manual. Tambi\u00e9n puedes especificar que ciertas cookies no pueden ser colocadas. Otra opci\u00f3n es cambiar los ajustes de tu navegador de Internet para que recibas un mensaje cada vez que se coloca una cookie. Para obtener m\u00e1s informaci\u00f3n sobre estas opciones, consulta las instrucciones de la secci\u00f3n \u00abAyuda\u00bb de tu navegador.<\/span><\/p>\n<p><span style=\"color: #ffffff;\">Ten en cuenta que nuestra web puede no funcionar correctamente si todas las cookies est\u00e1n desactivadas. Si borras las cookies de tu navegador, se volver\u00e1n a colocar despu\u00e9s de tu consentimiento cuando vuelvas a visitar nuestras webs.<\/span><\/p>\n<p><span style=\"color: #ffffff;\"><strong>\u00a0<\/strong><\/span><\/p>\n<p><span style=\"color: #ffffff;\"><strong>DETALLES DE CONTACTO<\/strong><\/span><\/p>\n<p><span style=\"color: #ffffff;\">Para preguntas y\/o comentarios sobre nuestra pol\u00edtica de cookies y esta declaraci\u00f3n, por favor, contacta con nosotros usando los siguientes datos de contacto:<\/span><\/p>\n<p><span style=\"color: #ffffff;\"><strong>TORELL\u00d3 LLOPART, S.A.<\/strong><\/span><\/p>\n<p><span style=\"color: #ffffff;\"><strong>CAN MARTI DE BAIX, S\/N<\/strong><strong>\u00a0 <\/strong><strong>8790<\/strong><strong>\u00a0 <\/strong><strong>GELIDA (BARCELONA)<\/strong><\/span><\/p>\n<p><span style=\"color: #ffffff;\"><strong>+34 <\/strong><strong>938910793<\/strong><\/span><\/p>\n<p><span style=\"color: #ffffff;\"><strong>Website:\u00a0<\/strong><a style=\"color: #ffffff;\" href=\"https:\/\/www.stag.torello.com\/\"><strong>https:\/\/<\/strong><strong>WWW.TORELLO.COM<\/strong><strong>\/<\/strong><\/a><strong><br \/>\nEmail: <\/strong><strong>torello@torello.es<\/strong><\/span><\/p>\n<\/div>\n<\/div>\n<\/div>\n<\/div>\n<\/div><div class=\"fusion-clearfix\"><\/div><\/div><\/div><\/div><\/div>\n","protected":false},"excerpt":{"rendered":"","protected":false},"author":4,"featured_media":0,"parent":0,"menu_order":0,"comment_status":"closed","ping_status":"closed","template":"100-width.php","meta":{"footnotes":""},"class_list":["post-7402","page","type-page","status-publish","hentry"],"yoast_head":"<!-- This site is optimized with the Yoast SEO plugin v26.7 - https:\/\/yoast.com\/wordpress\/plugins\/seo\/ -->\n<title>Pol\u00edtica de Cookies | Torell\u00f3 Viticultors Grans escumosos i vins ecol\u00f2gics<\/title>\n<meta name=\"robots\" content=\"index, follow, max-snippet:-1, max-image-preview:large, max-video-preview:-1\" \/>\n<link rel=\"canonical\" href=\"https:\/\/torello.com\/es\/politica-de-cookies\/\" \/>\n<meta property=\"og:locale\" content=\"es_ES\" \/>\n<meta property=\"og:type\" content=\"article\" \/>\n<meta property=\"og:title\" content=\"Pol\u00edtica de Cookies | Torell\u00f3 Viticultors Grans escumosos i vins ecol\u00f2gics\" \/>\n<meta property=\"og:url\" content=\"https:\/\/torello.com\/es\/politica-de-cookies\/\" \/>\n<meta property=\"og:site_name\" content=\"Torell\u00f3 Viticultors Grans escumosos i vins ecol\u00f2gics\" \/>\n<meta property=\"article:publisher\" content=\"https:\/\/www.facebook.com\/TorelloViticultors\/\" \/>\n<meta property=\"article:modified_time\" content=\"2021-02-16T16:19:00+00:00\" \/>\n<meta name=\"twitter:card\" content=\"summary_large_image\" \/>\n<meta name=\"twitter:site\" content=\"@TorelloViticult\" \/>\n<meta name=\"twitter:label1\" content=\"Tiempo de lectura\" \/>\n\t<meta name=\"twitter:data1\" content=\"6 minutos\" \/>\n<script type=\"application\/ld+json\" class=\"yoast-schema-graph\">{\"@context\":\"https:\/\/schema.org\",\"@graph\":[{\"@type\":\"WebPage\",\"@id\":\"https:\/\/torello.com\/es\/politica-de-cookies\/\",\"url\":\"https:\/\/torello.com\/es\/politica-de-cookies\/\",\"name\":\"Pol\u00edtica de Cookies | Torell\u00f3 Viticultors Grans escumosos i vins ecol\u00f2gics\",\"isPartOf\":{\"@id\":\"https:\/\/torello.com\/es\/#website\"},\"datePublished\":\"2021-02-16T15:10:08+00:00\",\"dateModified\":\"2021-02-16T16:19:00+00:00\",\"breadcrumb\":{\"@id\":\"https:\/\/torello.com\/es\/politica-de-cookies\/#breadcrumb\"},\"inLanguage\":\"es\",\"potentialAction\":[{\"@type\":\"ReadAction\",\"target\":[\"https:\/\/torello.com\/es\/politica-de-cookies\/\"]}]},{\"@type\":\"BreadcrumbList\",\"@id\":\"https:\/\/torello.com\/es\/politica-de-cookies\/#breadcrumb\",\"itemListElement\":[{\"@type\":\"ListItem\",\"position\":1,\"name\":\"Inici\",\"item\":\"https:\/\/torello.com\/es\/\"},{\"@type\":\"ListItem\",\"position\":2,\"name\":\"Pol\u00edtica de Cookies\"}]},{\"@type\":\"WebSite\",\"@id\":\"https:\/\/torello.com\/es\/#website\",\"url\":\"https:\/\/torello.com\/es\/\",\"name\":\"Torell\u00f3 Viticultors Grans escumosos i vins ecol\u00f2gics\",\"description\":\"Bodega familiar situada en el Pened\u00e9s, l\u00edder en la elaboraci\u00f3n de Cava y vinos, s\u00f3lo utiliza uva cultivada en su finca Can Mart\u00ed.\",\"publisher\":{\"@id\":\"https:\/\/torello.com\/es\/#organization\"},\"potentialAction\":[{\"@type\":\"SearchAction\",\"target\":{\"@type\":\"EntryPoint\",\"urlTemplate\":\"https:\/\/torello.com\/es\/?s={search_term_string}\"},\"query-input\":{\"@type\":\"PropertyValueSpecification\",\"valueRequired\":true,\"valueName\":\"search_term_string\"}}],\"inLanguage\":\"es\"},{\"@type\":\"Organization\",\"@id\":\"https:\/\/torello.com\/es\/#organization\",\"name\":\"Torell\u00f3 espumosos y vinos ecol\u00f3gicos\",\"url\":\"https:\/\/torello.com\/es\/\",\"logo\":{\"@type\":\"ImageObject\",\"inLanguage\":\"es\",\"@id\":\"https:\/\/torello.com\/es\/#\/schema\/logo\/image\/\",\"url\":\"https:\/\/torello.com\/wp-content\/uploads\/2020\/02\/TORELLO_LOGO_4.png\",\"contentUrl\":\"https:\/\/torello.com\/wp-content\/uploads\/2020\/02\/TORELLO_LOGO_4.png\",\"width\":278,\"height\":140,\"caption\":\"Torell\u00f3 espumosos y vinos ecol\u00f3gicos\"},\"image\":{\"@id\":\"https:\/\/torello.com\/es\/#\/schema\/logo\/image\/\"},\"sameAs\":[\"https:\/\/www.facebook.com\/TorelloViticultors\/\",\"https:\/\/x.com\/TorelloViticult\",\"https:\/\/www.instagram.com\/torelloviticultors\/\",\"https:\/\/www.youtube.com\/user\/Torello57\"]}]}<\/script>\n<!-- \/ Yoast SEO plugin. -->","yoast_head_json":{"title":"Pol\u00edtica de Cookies | Torell\u00f3 Viticultors Grans escumosos i vins ecol\u00f2gics","robots":{"index":"index","follow":"follow","max-snippet":"max-snippet:-1","max-image-preview":"max-image-preview:large","max-video-preview":"max-video-preview:-1"},"canonical":"https:\/\/torello.com\/es\/politica-de-cookies\/","og_locale":"es_ES","og_type":"article","og_title":"Pol\u00edtica de Cookies | Torell\u00f3 Viticultors Grans escumosos i vins ecol\u00f2gics","og_url":"https:\/\/torello.com\/es\/politica-de-cookies\/","og_site_name":"Torell\u00f3 Viticultors Grans escumosos i vins ecol\u00f2gics","article_publisher":"https:\/\/www.facebook.com\/TorelloViticultors\/","article_modified_time":"2021-02-16T16:19:00+00:00","twitter_card":"summary_large_image","twitter_site":"@TorelloViticult","twitter_misc":{"Tiempo de lectura":"6 minutos"},"schema":{"@context":"https:\/\/schema.org","@graph":[{"@type":"WebPage","@id":"https:\/\/torello.com\/es\/politica-de-cookies\/","url":"https:\/\/torello.com\/es\/politica-de-cookies\/","name":"Pol\u00edtica de Cookies | Torell\u00f3 Viticultors Grans escumosos i vins ecol\u00f2gics","isPartOf":{"@id":"https:\/\/torello.com\/es\/#website"},"datePublished":"2021-02-16T15:10:08+00:00","dateModified":"2021-02-16T16:19:00+00:00","breadcrumb":{"@id":"https:\/\/torello.com\/es\/politica-de-cookies\/#breadcrumb"},"inLanguage":"es","potentialAction":[{"@type":"ReadAction","target":["https:\/\/torello.com\/es\/politica-de-cookies\/"]}]},{"@type":"BreadcrumbList","@id":"https:\/\/torello.com\/es\/politica-de-cookies\/#breadcrumb","itemListElement":[{"@type":"ListItem","position":1,"name":"Inici","item":"https:\/\/torello.com\/es\/"},{"@type":"ListItem","position":2,"name":"Pol\u00edtica de Cookies"}]},{"@type":"WebSite","@id":"https:\/\/torello.com\/es\/#website","url":"https:\/\/torello.com\/es\/","name":"Torell\u00f3 Viticultors Grans escumosos i vins ecol\u00f2gics","description":"Bodega familiar situada en el Pened\u00e9s, l\u00edder en la elaboraci\u00f3n de Cava y vinos, s\u00f3lo utiliza uva cultivada en su finca Can Mart\u00ed.","publisher":{"@id":"https:\/\/torello.com\/es\/#organization"},"potentialAction":[{"@type":"SearchAction","target":{"@type":"EntryPoint","urlTemplate":"https:\/\/torello.com\/es\/?s={search_term_string}"},"query-input":{"@type":"PropertyValueSpecification","valueRequired":true,"valueName":"search_term_string"}}],"inLanguage":"es"},{"@type":"Organization","@id":"https:\/\/torello.com\/es\/#organization","name":"Torell\u00f3 espumosos y vinos ecol\u00f3gicos","url":"https:\/\/torello.com\/es\/","logo":{"@type":"ImageObject","inLanguage":"es","@id":"https:\/\/torello.com\/es\/#\/schema\/logo\/image\/","url":"https:\/\/torello.com\/wp-content\/uploads\/2020\/02\/TORELLO_LOGO_4.png","contentUrl":"https:\/\/torello.com\/wp-content\/uploads\/2020\/02\/TORELLO_LOGO_4.png","width":278,"height":140,"caption":"Torell\u00f3 espumosos y vinos ecol\u00f3gicos"},"image":{"@id":"https:\/\/torello.com\/es\/#\/schema\/logo\/image\/"},"sameAs":["https:\/\/www.facebook.com\/TorelloViticultors\/","https:\/\/x.com\/TorelloViticult","https:\/\/www.instagram.com\/torelloviticultors\/","https:\/\/www.youtube.com\/user\/Torello57"]}]}},"_links":{"self":[{"href":"https:\/\/torello.com\/es\/wp-json\/wp\/v2\/pages\/7402","targetHints":{"allow":["GET"]}}],"collection":[{"href":"https:\/\/torello.com\/es\/wp-json\/wp\/v2\/pages"}],"about":[{"href":"https:\/\/torello.com\/es\/wp-json\/wp\/v2\/types\/page"}],"author":[{"embeddable":true,"href":"https:\/\/torello.com\/es\/wp-json\/wp\/v2\/users\/4"}],"replies":[{"embeddable":true,"href":"https:\/\/torello.com\/es\/wp-json\/wp\/v2\/comments?post=7402"}],"version-history":[{"count":0,"href":"https:\/\/torello.com\/es\/wp-json\/wp\/v2\/pages\/7402\/revisions"}],"wp:attachment":[{"href":"https:\/\/torello.com\/es\/wp-json\/wp\/v2\/media?parent=7402"}],"curies":[{"name":"wp","href":"https:\/\/api.w.org\/{rel}","templated":true}]}}