{"id":11598,"date":"2023-03-29T13:22:59","date_gmt":"2023-03-29T13:22:59","guid":{"rendered":"https:\/\/torello.com\/?post_type=product&#038;p=11598"},"modified":"2026-04-09T12:08:51","modified_gmt":"2026-04-09T10:08:51","slug":"torello-special-edition","status":"publish","type":"product","link":"https:\/\/torello.com\/es\/producto\/torello-special-edition\/","title":{"rendered":"Torell\u00f3 Special Edition Barcelona 2023"},"content":{"rendered":"<p><span style=\"color: #937b4f;\"><strong>Variedades<\/strong>:<\/span> 52% Xarel\u00b7lo, 41% Macabeo y 7% Parellada.<\/p>\n<p><span style=\"color: #937b4f;\"><strong>Crianza:<\/strong><\/span> M\u00ednimo de 24 meses en botella. Cada a\u00f1o se realiza el <em>poignettage<\/em> (agitaci\u00f3n de la botella), que hace que las levaduras vuelvan a mezclarse con el vino. De esta manera el espumoso se enriquece en aromas y sabores.<\/p>\n<p><span style=\"color: #937b4f;\"><strong>Nota de cata:<\/strong><\/span> Color amarillo oro nuevo, con reflejos gris dorados. Limpio y transparente, con formaci\u00f3n de rosario constante. En nariz aporta aromas golosos y verdes, que llevan al campo, como la almendra, arcilla seca, la flor de margen y notas frescas de menta e hinojo, conjuntamente con fruta confitada de coca, brioche y levadura, sobre un sutil aroma mineral. Entrada en boca con nervio, frescura y un paso r\u00e1pido. Gran estructura y en evoluci\u00f3n notas de fruta madura de verano.<\/p>\n","protected":false},"excerpt":{"rendered":"<p><span style=\"color: #937b4f;\"><strong>Variedades<\/strong>:<\/span> 52% Xarel\u00b7lo, 41% Macabeo y 7% Parellada.<\/p>\n<p><span style=\"color: #937b4f;\"><strong>Crianza:<\/strong><\/span> M\u00ednimo de 24 meses en botella. Cada a\u00f1o se realiza el <em>poignettage<\/em> (agitaci\u00f3n de la botella), que hace que las levaduras vuelvan a mezclarse con el vino. De esta manera el espumoso se enriquece en aromas y sabores.<\/p>\n<p><span style=\"color: #937b4f;\"><strong>Nota de cata:<\/strong><\/span> Color amarillo oro nuevo, con reflejos gris dorados. Limpio y transparente, con formaci\u00f3n de rosario constante. En nariz aporta aromas golosos y verdes, que llevan al campo, como la almendra, arcilla seca, la flor de margen y notas frescas de menta e hinojo, conjuntamente con fruta confitada de coca, brioche y levadura, sobre un sutil aroma mineral. Entrada en boca con nervio, frescura y un paso r\u00e1pido. Gran estructura y en evoluci\u00f3n notas de fruta madura de verano.<\/p>\n","protected":false},"featured_media":11379,"comment_status":"open","ping_status":"closed","template":"","meta":[],"product_brand":[],"product_cat":[894],"product_tag":[],"giftcard-category":[],"class_list":{"0":"post-11598","1":"product","2":"type-product","3":"status-publish","4":"has-post-thumbnail","6":"product_cat-corpinnat-es","8":"first","9":"instock","10":"shipping-taxable","11":"purchasable","12":"product-type-variable"},"exclude_global_add_ons":[],"addons":[],"yoast_head":"<!-- This site is optimized with the Yoast SEO plugin v26.7 - https:\/\/yoast.com\/wordpress\/plugins\/seo\/ -->\n<title>Torell\u00f3 Special Edition Barcelona 2023 | Torell\u00f3 Viticultors Grans escumosos i vins ecol\u00f2gics<\/title>\n<meta name=\"robots\" content=\"index, follow, max-snippet:-1, max-image-preview:large, max-video-preview:-1\" \/>\n<link rel=\"canonical\" href=\"https:\/\/torello.com\/es\/producto\/torello-special-edition\/\" \/>\n<meta property=\"og:locale\" content=\"es_ES\" \/>\n<meta property=\"og:type\" content=\"article\" \/>\n<meta property=\"og:title\" content=\"Torell\u00f3 Special Edition Barcelona 2023 | Torell\u00f3 Viticultors Grans escumosos i vins ecol\u00f2gics\" \/>\n<meta property=\"og:description\" content=\"Variedades: 52% Xarel\u00b7lo, 41% Macabeo y 7% Parellada.  Crianza: M\u00ednimo de 24 meses en botella. Cada a\u00f1o se realiza el poignettage (agitaci\u00f3n de la botella), que hace que las levaduras vuelvan a mezclarse con el vino. De esta manera el espumoso se enriquece en aromas y sabores.  Nota de cata: Color amarillo oro nuevo, con reflejos gris dorados. Limpio y transparente, con formaci\u00f3n de rosario constante. En nariz aporta aromas golosos y verdes, que llevan al campo, como la almendra, arcilla seca, la flor de margen y notas frescas de menta e hinojo, conjuntamente con fruta confitada de coca, brioche y levadura, sobre un sutil aroma mineral. Entrada en boca con nervio, frescura y un paso r\u00e1pido. Gran estructura y en evoluci\u00f3n notas de fruta madura de verano.\" \/>\n<meta property=\"og:url\" content=\"https:\/\/torello.com\/es\/producto\/torello-special-edition\/\" \/>\n<meta property=\"og:site_name\" content=\"Torell\u00f3 Viticultors Grans escumosos i vins ecol\u00f2gics\" \/>\n<meta property=\"article:publisher\" content=\"https:\/\/www.facebook.com\/TorelloViticultors\/\" \/>\n<meta property=\"article:modified_time\" content=\"2026-04-09T10:08:51+00:00\" \/>\n<meta property=\"og:image\" content=\"https:\/\/torello.com\/wp-content\/uploads\/2023\/04\/Torello-Special-Edition-Brut-Reserva.jpg\" \/>\n\t<meta property=\"og:image:width\" content=\"560\" \/>\n\t<meta property=\"og:image:height\" content=\"560\" \/>\n\t<meta property=\"og:image:type\" content=\"image\/jpeg\" \/>\n<meta name=\"twitter:card\" content=\"summary_large_image\" \/>\n<meta name=\"twitter:site\" content=\"@TorelloViticult\" \/>\n<meta name=\"twitter:label1\" content=\"Tiempo de lectura\" \/>\n\t<meta name=\"twitter:data1\" content=\"1 minuto\" \/>\n<script type=\"application\/ld+json\" class=\"yoast-schema-graph\">{\"@context\":\"https:\/\/schema.org\",\"@graph\":[{\"@type\":\"WebPage\",\"@id\":\"https:\/\/torello.com\/es\/producto\/torello-special-edition\/\",\"url\":\"https:\/\/torello.com\/es\/producto\/torello-special-edition\/\",\"name\":\"Torell\u00f3 Special Edition Barcelona 2023 | Torell\u00f3 Viticultors Grans escumosos i vins ecol\u00f2gics\",\"isPartOf\":{\"@id\":\"https:\/\/torello.com\/es\/#website\"},\"primaryImageOfPage\":{\"@id\":\"https:\/\/torello.com\/es\/producto\/torello-special-edition\/#primaryimage\"},\"image\":{\"@id\":\"https:\/\/torello.com\/es\/producto\/torello-special-edition\/#primaryimage\"},\"thumbnailUrl\":\"https:\/\/torello.com\/wp-content\/uploads\/2023\/04\/Torello-Special-Edition-Brut-Reserva.jpg\",\"datePublished\":\"2023-03-29T13:22:59+00:00\",\"dateModified\":\"2026-04-09T10:08:51+00:00\",\"breadcrumb\":{\"@id\":\"https:\/\/torello.com\/es\/producto\/torello-special-edition\/#breadcrumb\"},\"inLanguage\":\"es\",\"potentialAction\":[{\"@type\":\"ReadAction\",\"target\":[\"https:\/\/torello.com\/es\/producto\/torello-special-edition\/\"]}]},{\"@type\":\"ImageObject\",\"inLanguage\":\"es\",\"@id\":\"https:\/\/torello.com\/es\/producto\/torello-special-edition\/#primaryimage\",\"url\":\"https:\/\/torello.com\/wp-content\/uploads\/2023\/04\/Torello-Special-Edition-Brut-Reserva.jpg\",\"contentUrl\":\"https:\/\/torello.com\/wp-content\/uploads\/2023\/04\/Torello-Special-Edition-Brut-Reserva.jpg\",\"width\":560,\"height\":560,\"caption\":\"Torell\u00f3 Special Edition Brut Reserva\"},{\"@type\":\"BreadcrumbList\",\"@id\":\"https:\/\/torello.com\/es\/producto\/torello-special-edition\/#breadcrumb\",\"itemListElement\":[{\"@type\":\"ListItem\",\"position\":1,\"name\":\"Inici\",\"item\":\"https:\/\/torello.com\/es\/\"},{\"@type\":\"ListItem\",\"position\":2,\"name\":\"Tienda online\",\"item\":\"https:\/\/torello.com\/es\/tienda-online\/\"},{\"@type\":\"ListItem\",\"position\":3,\"name\":\"Torell\u00f3 Special Edition Barcelona 2023\"}]},{\"@type\":\"WebSite\",\"@id\":\"https:\/\/torello.com\/es\/#website\",\"url\":\"https:\/\/torello.com\/es\/\",\"name\":\"Torell\u00f3 Viticultors Grans escumosos i vins ecol\u00f2gics\",\"description\":\"Bodega familiar situada en el Pened\u00e9s, l\u00edder en la elaboraci\u00f3n de Cava y vinos, s\u00f3lo utiliza uva cultivada en su finca Can Mart\u00ed.\",\"publisher\":{\"@id\":\"https:\/\/torello.com\/es\/#organization\"},\"potentialAction\":[{\"@type\":\"SearchAction\",\"target\":{\"@type\":\"EntryPoint\",\"urlTemplate\":\"https:\/\/torello.com\/es\/?s={search_term_string}\"},\"query-input\":{\"@type\":\"PropertyValueSpecification\",\"valueRequired\":true,\"valueName\":\"search_term_string\"}}],\"inLanguage\":\"es\"},{\"@type\":\"Organization\",\"@id\":\"https:\/\/torello.com\/es\/#organization\",\"name\":\"Torell\u00f3 espumosos y vinos ecol\u00f3gicos\",\"url\":\"https:\/\/torello.com\/es\/\",\"logo\":{\"@type\":\"ImageObject\",\"inLanguage\":\"es\",\"@id\":\"https:\/\/torello.com\/es\/#\/schema\/logo\/image\/\",\"url\":\"https:\/\/torello.com\/wp-content\/uploads\/2020\/02\/TORELLO_LOGO_4.png\",\"contentUrl\":\"https:\/\/torello.com\/wp-content\/uploads\/2020\/02\/TORELLO_LOGO_4.png\",\"width\":278,\"height\":140,\"caption\":\"Torell\u00f3 espumosos y vinos ecol\u00f3gicos\"},\"image\":{\"@id\":\"https:\/\/torello.com\/es\/#\/schema\/logo\/image\/\"},\"sameAs\":[\"https:\/\/www.facebook.com\/TorelloViticultors\/\",\"https:\/\/x.com\/TorelloViticult\",\"https:\/\/www.instagram.com\/torelloviticultors\/\",\"https:\/\/www.youtube.com\/user\/Torello57\"]}]}<\/script>\n<!-- \/ Yoast SEO plugin. -->","yoast_head_json":{"title":"Torell\u00f3 Special Edition Barcelona 2023 | Torell\u00f3 Viticultors Grans escumosos i vins ecol\u00f2gics","robots":{"index":"index","follow":"follow","max-snippet":"max-snippet:-1","max-image-preview":"max-image-preview:large","max-video-preview":"max-video-preview:-1"},"canonical":"https:\/\/torello.com\/es\/producto\/torello-special-edition\/","og_locale":"es_ES","og_type":"article","og_title":"Torell\u00f3 Special Edition Barcelona 2023 | Torell\u00f3 Viticultors Grans escumosos i vins ecol\u00f2gics","og_description":"Variedades: 52% Xarel\u00b7lo, 41% Macabeo y 7% Parellada.  Crianza: M\u00ednimo de 24 meses en botella. Cada a\u00f1o se realiza el poignettage (agitaci\u00f3n de la botella), que hace que las levaduras vuelvan a mezclarse con el vino. De esta manera el espumoso se enriquece en aromas y sabores.  Nota de cata: Color amarillo oro nuevo, con reflejos gris dorados. Limpio y transparente, con formaci\u00f3n de rosario constante. En nariz aporta aromas golosos y verdes, que llevan al campo, como la almendra, arcilla seca, la flor de margen y notas frescas de menta e hinojo, conjuntamente con fruta confitada de coca, brioche y levadura, sobre un sutil aroma mineral. Entrada en boca con nervio, frescura y un paso r\u00e1pido. Gran estructura y en evoluci\u00f3n notas de fruta madura de verano.","og_url":"https:\/\/torello.com\/es\/producto\/torello-special-edition\/","og_site_name":"Torell\u00f3 Viticultors Grans escumosos i vins ecol\u00f2gics","article_publisher":"https:\/\/www.facebook.com\/TorelloViticultors\/","article_modified_time":"2026-04-09T10:08:51+00:00","og_image":[{"width":560,"height":560,"url":"https:\/\/torello.com\/wp-content\/uploads\/2023\/04\/Torello-Special-Edition-Brut-Reserva.jpg","type":"image\/jpeg"}],"twitter_card":"summary_large_image","twitter_site":"@TorelloViticult","twitter_misc":{"Tiempo de lectura":"1 minuto"},"schema":{"@context":"https:\/\/schema.org","@graph":[{"@type":"WebPage","@id":"https:\/\/torello.com\/es\/producto\/torello-special-edition\/","url":"https:\/\/torello.com\/es\/producto\/torello-special-edition\/","name":"Torell\u00f3 Special Edition Barcelona 2023 | Torell\u00f3 Viticultors Grans escumosos i vins ecol\u00f2gics","isPartOf":{"@id":"https:\/\/torello.com\/es\/#website"},"primaryImageOfPage":{"@id":"https:\/\/torello.com\/es\/producto\/torello-special-edition\/#primaryimage"},"image":{"@id":"https:\/\/torello.com\/es\/producto\/torello-special-edition\/#primaryimage"},"thumbnailUrl":"https:\/\/torello.com\/wp-content\/uploads\/2023\/04\/Torello-Special-Edition-Brut-Reserva.jpg","datePublished":"2023-03-29T13:22:59+00:00","dateModified":"2026-04-09T10:08:51+00:00","breadcrumb":{"@id":"https:\/\/torello.com\/es\/producto\/torello-special-edition\/#breadcrumb"},"inLanguage":"es","potentialAction":[{"@type":"ReadAction","target":["https:\/\/torello.com\/es\/producto\/torello-special-edition\/"]}]},{"@type":"ImageObject","inLanguage":"es","@id":"https:\/\/torello.com\/es\/producto\/torello-special-edition\/#primaryimage","url":"https:\/\/torello.com\/wp-content\/uploads\/2023\/04\/Torello-Special-Edition-Brut-Reserva.jpg","contentUrl":"https:\/\/torello.com\/wp-content\/uploads\/2023\/04\/Torello-Special-Edition-Brut-Reserva.jpg","width":560,"height":560,"caption":"Torell\u00f3 Special Edition Brut Reserva"},{"@type":"BreadcrumbList","@id":"https:\/\/torello.com\/es\/producto\/torello-special-edition\/#breadcrumb","itemListElement":[{"@type":"ListItem","position":1,"name":"Inici","item":"https:\/\/torello.com\/es\/"},{"@type":"ListItem","position":2,"name":"Tienda online","item":"https:\/\/torello.com\/es\/tienda-online\/"},{"@type":"ListItem","position":3,"name":"Torell\u00f3 Special Edition Barcelona 2023"}]},{"@type":"WebSite","@id":"https:\/\/torello.com\/es\/#website","url":"https:\/\/torello.com\/es\/","name":"Torell\u00f3 Viticultors Grans escumosos i vins ecol\u00f2gics","description":"Bodega familiar situada en el Pened\u00e9s, l\u00edder en la elaboraci\u00f3n de Cava y vinos, s\u00f3lo utiliza uva cultivada en su finca Can Mart\u00ed.","publisher":{"@id":"https:\/\/torello.com\/es\/#organization"},"potentialAction":[{"@type":"SearchAction","target":{"@type":"EntryPoint","urlTemplate":"https:\/\/torello.com\/es\/?s={search_term_string}"},"query-input":{"@type":"PropertyValueSpecification","valueRequired":true,"valueName":"search_term_string"}}],"inLanguage":"es"},{"@type":"Organization","@id":"https:\/\/torello.com\/es\/#organization","name":"Torell\u00f3 espumosos y vinos ecol\u00f3gicos","url":"https:\/\/torello.com\/es\/","logo":{"@type":"ImageObject","inLanguage":"es","@id":"https:\/\/torello.com\/es\/#\/schema\/logo\/image\/","url":"https:\/\/torello.com\/wp-content\/uploads\/2020\/02\/TORELLO_LOGO_4.png","contentUrl":"https:\/\/torello.com\/wp-content\/uploads\/2020\/02\/TORELLO_LOGO_4.png","width":278,"height":140,"caption":"Torell\u00f3 espumosos y vinos ecol\u00f3gicos"},"image":{"@id":"https:\/\/torello.com\/es\/#\/schema\/logo\/image\/"},"sameAs":["https:\/\/www.facebook.com\/TorelloViticultors\/","https:\/\/x.com\/TorelloViticult","https:\/\/www.instagram.com\/torelloviticultors\/","https:\/\/www.youtube.com\/user\/Torello57"]}]}},"_links":{"self":[{"href":"https:\/\/torello.com\/es\/wp-json\/wp\/v2\/product\/11598","targetHints":{"allow":["GET"]}}],"collection":[{"href":"https:\/\/torello.com\/es\/wp-json\/wp\/v2\/product"}],"about":[{"href":"https:\/\/torello.com\/es\/wp-json\/wp\/v2\/types\/product"}],"replies":[{"embeddable":true,"href":"https:\/\/torello.com\/es\/wp-json\/wp\/v2\/comments?post=11598"}],"wp:featuredmedia":[{"embeddable":true,"href":"https:\/\/torello.com\/es\/wp-json\/wp\/v2\/media\/11379"}],"wp:attachment":[{"href":"https:\/\/torello.com\/es\/wp-json\/wp\/v2\/media?parent=11598"}],"wp:term":[{"taxonomy":"product_brand","embeddable":true,"href":"https:\/\/torello.com\/es\/wp-json\/wp\/v2\/product_brand?post=11598"},{"taxonomy":"product_cat","embeddable":true,"href":"https:\/\/torello.com\/es\/wp-json\/wp\/v2\/product_cat?post=11598"},{"taxonomy":"product_tag","embeddable":true,"href":"https:\/\/torello.com\/es\/wp-json\/wp\/v2\/product_tag?post=11598"},{"taxonomy":"giftcard-category","embeddable":true,"href":"https:\/\/torello.com\/es\/wp-json\/wp\/v2\/giftcard-category?post=11598"}],"curies":[{"name":"wp","href":"https:\/\/api.w.org\/{rel}","templated":true}]}}