{"id":11655,"date":"2023-04-21T10:29:18","date_gmt":"2023-04-21T10:29:18","guid":{"rendered":"https:\/\/torello.com\/producte\/gran-torello-brut-nature-2015\/"},"modified":"2026-03-26T13:21:51","modified_gmt":"2026-03-26T12:21:51","slug":"gran-torello-brut-nature-2016","status":"publish","type":"product","link":"https:\/\/torello.com\/es\/producto\/gran-torello-brut-nature-2016\/","title":{"rendered":"Gran Torell\u00f3 Brut Nature 2016"},"content":{"rendered":"<p><span style=\"color: #937b4f;\"><strong>Variedades<\/strong>: <\/span>48% Xarel.lo, 47% Macabeo y 5% Parellada, de nuestra finca de Can Mart\u00ed.<\/p>\n<p><span style=\"color: #937b4f;\"><strong>Elaboraci\u00f3n<\/strong>: <\/span>La uva de las vi\u00f1as seleccionadas para este vino espumoso, llegan enteras a la bodega y, previo paso de toda la uva por mesa de selecci\u00f3n, se realiza por separado un suave prensado de cada variedad. Contamos con la tecnolog\u00eda Inertys en nuestras prensas que protegen al mosto de la oxidaci\u00f3n durante la fase de prensado. En invierno se realiza el ensamblaje de las diferentes variedades, el embotellado y posteriormente la segunda fermentaci\u00f3n en botella con tap\u00f3n de corcho natural.<\/p>\n<p><span style=\"color: #937b4f;\"><strong>Crianza: <\/strong><\/span>M\u00ednimo 72 meses de crianza con tap\u00f3n de corcho natural. Cada a\u00f1o se realiza el <em>poignettage <\/em>(agitaci\u00f3n de la botella), que hace que las levaduras vuelvan a mezclarse con el vino. De esta manera el espumoso se enriquece en aromas y sabores. Clarificado manual en pupitres. Deg\u00fcelle sin adici\u00f3n de az\u00facares.<\/p>\n<p><span style=\"color: #937b4f;\"><strong>Presentaci\u00f3n:<\/strong><\/span> 75cl, Magnum y Jeroboam.<\/p>\n<p><span style=\"color: #937b4f;\"><strong>Nota de cata: <\/strong><\/span>\u201c<em>En nariz, el Gran Torell\u00f3 Brut Nature 2016 es como entrar en una panader\u00eda con aroma a brioche acabado de hornear, masa de pan, pan tostado y una mezcla de flores, hierbas y fruta blanca. Es atractivo, limpio y elegante, con una paladar equilibrado y muy finas burbujas que vienen de los cerca de 80 meses que el vino est\u00e1 en contacto con las l\u00edas y criado en botella con tap\u00f3n de corcho natural. Es complejo y delicioso.<\/em>\u201d Lu\u00eds Guti\u00e9rrez. Catador de Robert Parker &#8211; The Wine Advocate.<\/p>\n<p><span style=\"color: #937b4f;\"><strong>Reconocimientos:<\/strong><\/span><\/p>\n<ul>\n<li>Robert Parker 94 puntos.<\/li>\n<li>James Suckling 91 puntos.<\/li>\n<li>Gu\u00eda Pe\u00f1\u00edn 94 puntos.<\/li>\n<li>Gu\u00eda Semana Vitivin\u00edcola 95 puntos.<\/li>\n<li>Gu\u00eda Vivir el Vino 95 puntos.<\/li>\n<\/ul>\n","protected":false},"excerpt":{"rendered":"<p><span style=\"color: #937b4f;\"><strong>Variedades<\/strong>: <\/span>48% Xarel.lo, 47% Macabeo y 5% Parellada, de nuestra finca de Can Mart\u00ed.<\/p>\n<p><span style=\"color: #937b4f;\"><strong>Elaboraci\u00f3n<\/strong>: <\/span>La uva de las vi\u00f1as seleccionadas para este vino espumoso, llegan enteras a la bodega y, previo paso de toda la uva por mesa de selecci\u00f3n, se realiza por separado un suave prensado de cada variedad. Contamos con la tecnolog\u00eda Inertys en nuestras prensas que protegen al mosto de la oxidaci\u00f3n durante la fase de prensado. En invierno se realiza el ensamblaje de las diferentes variedades, el embotellado y posteriormente la segunda fermentaci\u00f3n en botella con tap\u00f3n de corcho natural.<\/p>\n<p><span style=\"color: #937b4f;\"><strong>Crianza: <\/strong><\/span>M\u00ednimo 72 meses de crianza con tap\u00f3n de corcho natural. Cada a\u00f1o se realiza el <em>poignettage <\/em>(agitaci\u00f3n de la botella), que hace que las levaduras vuelvan a mezclarse con el vino. De esta manera el espumoso se enriquece en aromas y sabores. Clarificado manual en pupitres. Deg\u00fcelle sin adici\u00f3n de az\u00facares.<\/p>\n<p><span style=\"color: #937b4f;\"><strong>Presentaci\u00f3n:<\/strong><\/span> 75cl, Magnum y Jeroboam.<\/p>\n<p><span style=\"color: #937b4f;\"><strong>Nota de cata: <\/strong><\/span>\u201c<em>En nariz, el Gran Torell\u00f3 Brut Nature 2016 es como entrar en una panader\u00eda con aroma a brioche acabado de hornear, masa de pan, pan tostado y una mezcla de flores, hierbas y fruta blanca. Es atractivo, limpio y elegante, con una paladar equilibrado y muy finas burbujas que vienen de los cerca de 80 meses que el vino est\u00e1 en contacto con las l\u00edas y criado en botella con tap\u00f3n de corcho natural. Es complejo y delicioso.<\/em>\u201d Lu\u00eds Guti\u00e9rrez. Catador de Robert Parker &#8211; The Wine Advocate.<\/p>\n<p><span style=\"color: #937b4f;\"><strong>Reconocimientos:<\/strong><\/span><\/p>\n<ul>\n<li>Robert Parker 94 puntos.<\/li>\n<li>James Suckling 91 puntos.<\/li>\n<li>Gu\u00eda Pe\u00f1\u00edn 94 puntos.<\/li>\n<li>Gu\u00eda Semana Vitivin\u00edcola 95 puntos.<\/li>\n<li>Gu\u00eda Vivir el Vino 95 puntos.<\/li>\n<\/ul>\n","protected":false},"featured_media":18000,"comment_status":"open","ping_status":"closed","template":"","meta":[],"product_brand":[],"product_cat":[894],"product_tag":[],"giftcard-category":[],"class_list":{"0":"post-11655","1":"product","2":"type-product","3":"status-publish","4":"has-post-thumbnail","6":"product_cat-corpinnat-es","8":"first","9":"instock","10":"shipping-taxable","11":"purchasable","12":"product-type-variable"},"exclude_global_add_ons":[],"addons":[],"yoast_head":"<!-- This site is optimized with the Yoast SEO plugin v26.7 - https:\/\/yoast.com\/wordpress\/plugins\/seo\/ -->\n<title>Gran Torell\u00f3 Brut Nature 2016<\/title>\n<meta name=\"robots\" content=\"index, follow, max-snippet:-1, max-image-preview:large, max-video-preview:-1\" \/>\n<link rel=\"canonical\" href=\"https:\/\/torello.com\/es\/producto\/gran-torello-brut-nature-2016\/\" \/>\n<meta property=\"og:locale\" content=\"es_ES\" \/>\n<meta property=\"og:type\" content=\"article\" \/>\n<meta property=\"og:title\" content=\"Gran Torell\u00f3 Brut Nature 2016\" \/>\n<meta property=\"og:description\" content=\"Variedades: 48% Xarel.lo, 47% Macabeo y 5% Parellada, de nuestra finca de Can Mart\u00ed.  Elaboraci\u00f3n: La uva de las vi\u00f1as seleccionadas para este vino espumoso, llegan enteras a la bodega y, previo paso de toda la uva por mesa de selecci\u00f3n, se realiza por separado un suave prensado de cada variedad. Contamos con la tecnolog\u00eda Inertys en nuestras prensas que protegen al mosto de la oxidaci\u00f3n durante la fase de prensado. En invierno se realiza el ensamblaje de las diferentes variedades, el embotellado y posteriormente la segunda fermentaci\u00f3n en botella con tap\u00f3n de corcho natural.  Crianza: M\u00ednimo 72 meses de crianza con tap\u00f3n de corcho natural. Cada a\u00f1o se realiza el poignettage (agitaci\u00f3n de la botella), que hace que las levaduras vuelvan a mezclarse con el vino. De esta manera el espumoso se enriquece en aromas y sabores. Clarificado manual en pupitres. Deg\u00fcelle sin adici\u00f3n de az\u00facares.  Presentaci\u00f3n: 75cl, Magnum y Jeroboam.  Nota de cata: \u201cEn nariz, el Gran Torell\u00f3 Brut Nature 2016 es como entrar en una panader\u00eda con aroma a brioche acabado de hornear, masa de pan, pan tostado y una mezcla de flores, hierbas y fruta blanca. Es atractivo, limpio y elegante, con una paladar equilibrado y muy finas burbujas que vienen de los cerca de 80 meses que el vino est\u00e1 en contacto con las l\u00edas y criado en botella con tap\u00f3n de corcho natural. Es complejo y delicioso.\u201d Lu\u00eds Guti\u00e9rrez. Catador de Robert Parker - The Wine Advocate.  Reconocimientos:   Robert Parker 94 puntos.  James Suckling 91 puntos.  Gu\u00eda Pe\u00f1\u00edn 94 puntos.  Gu\u00eda Semana Vitivin\u00edcola 95 puntos.  Gu\u00eda Vivir el Vino 95 puntos.\" \/>\n<meta property=\"og:url\" content=\"https:\/\/torello.com\/es\/producto\/gran-torello-brut-nature-2016\/\" \/>\n<meta property=\"og:site_name\" content=\"Torell\u00f3 Viticultors Grans escumosos i vins ecol\u00f2gics\" \/>\n<meta property=\"article:publisher\" content=\"https:\/\/www.facebook.com\/TorelloViticultors\/\" \/>\n<meta property=\"article:modified_time\" content=\"2026-03-26T12:21:51+00:00\" \/>\n<meta property=\"og:image\" content=\"https:\/\/torello.com\/wp-content\/uploads\/2024\/01\/Gran-Torello-Brut-Nature-075-CL.jpg\" \/>\n\t<meta property=\"og:image:width\" content=\"560\" \/>\n\t<meta property=\"og:image:height\" content=\"560\" \/>\n\t<meta property=\"og:image:type\" content=\"image\/jpeg\" \/>\n<meta name=\"twitter:card\" content=\"summary_large_image\" \/>\n<meta name=\"twitter:site\" content=\"@TorelloViticult\" \/>\n<meta name=\"twitter:label1\" content=\"Tiempo de lectura\" \/>\n\t<meta name=\"twitter:data1\" content=\"2 minutos\" \/>\n<script type=\"application\/ld+json\" class=\"yoast-schema-graph\">{\"@context\":\"https:\/\/schema.org\",\"@graph\":[{\"@type\":\"WebPage\",\"@id\":\"https:\/\/torello.com\/es\/producto\/gran-torello-brut-nature-2016\/\",\"url\":\"https:\/\/torello.com\/es\/producto\/gran-torello-brut-nature-2016\/\",\"name\":\"Gran Torell\u00f3 Brut Nature 2016\",\"isPartOf\":{\"@id\":\"https:\/\/torello.com\/es\/#website\"},\"primaryImageOfPage\":{\"@id\":\"https:\/\/torello.com\/es\/producto\/gran-torello-brut-nature-2016\/#primaryimage\"},\"image\":{\"@id\":\"https:\/\/torello.com\/es\/producto\/gran-torello-brut-nature-2016\/#primaryimage\"},\"thumbnailUrl\":\"https:\/\/torello.com\/wp-content\/uploads\/2024\/01\/Gran-Torello-Brut-Nature-075-CL.jpg\",\"datePublished\":\"2023-04-21T10:29:18+00:00\",\"dateModified\":\"2026-03-26T12:21:51+00:00\",\"breadcrumb\":{\"@id\":\"https:\/\/torello.com\/es\/producto\/gran-torello-brut-nature-2016\/#breadcrumb\"},\"inLanguage\":\"es\",\"potentialAction\":[{\"@type\":\"ReadAction\",\"target\":[\"https:\/\/torello.com\/es\/producto\/gran-torello-brut-nature-2016\/\"]}]},{\"@type\":\"ImageObject\",\"inLanguage\":\"es\",\"@id\":\"https:\/\/torello.com\/es\/producto\/gran-torello-brut-nature-2016\/#primaryimage\",\"url\":\"https:\/\/torello.com\/wp-content\/uploads\/2024\/01\/Gran-Torello-Brut-Nature-075-CL.jpg\",\"contentUrl\":\"https:\/\/torello.com\/wp-content\/uploads\/2024\/01\/Gran-Torello-Brut-Nature-075-CL.jpg\",\"width\":560,\"height\":560,\"caption\":\"Imatge ampolla vi escum\u00f3s corpinnat Gran Torell\u00f3 Brut Nature 075 CL\"},{\"@type\":\"BreadcrumbList\",\"@id\":\"https:\/\/torello.com\/es\/producto\/gran-torello-brut-nature-2016\/#breadcrumb\",\"itemListElement\":[{\"@type\":\"ListItem\",\"position\":1,\"name\":\"Inici\",\"item\":\"https:\/\/torello.com\/es\/\"},{\"@type\":\"ListItem\",\"position\":2,\"name\":\"Tienda online\",\"item\":\"https:\/\/torello.com\/es\/tienda-online\/\"},{\"@type\":\"ListItem\",\"position\":3,\"name\":\"Gran Torell\u00f3 Brut Nature 2016\"}]},{\"@type\":\"WebSite\",\"@id\":\"https:\/\/torello.com\/es\/#website\",\"url\":\"https:\/\/torello.com\/es\/\",\"name\":\"Torell\u00f3 Viticultors Grans escumosos i vins ecol\u00f2gics\",\"description\":\"Bodega familiar situada en el Pened\u00e9s, l\u00edder en la elaboraci\u00f3n de Cava y vinos, s\u00f3lo utiliza uva cultivada en su finca Can Mart\u00ed.\",\"publisher\":{\"@id\":\"https:\/\/torello.com\/es\/#organization\"},\"potentialAction\":[{\"@type\":\"SearchAction\",\"target\":{\"@type\":\"EntryPoint\",\"urlTemplate\":\"https:\/\/torello.com\/es\/?s={search_term_string}\"},\"query-input\":{\"@type\":\"PropertyValueSpecification\",\"valueRequired\":true,\"valueName\":\"search_term_string\"}}],\"inLanguage\":\"es\"},{\"@type\":\"Organization\",\"@id\":\"https:\/\/torello.com\/es\/#organization\",\"name\":\"Torell\u00f3 espumosos y vinos ecol\u00f3gicos\",\"url\":\"https:\/\/torello.com\/es\/\",\"logo\":{\"@type\":\"ImageObject\",\"inLanguage\":\"es\",\"@id\":\"https:\/\/torello.com\/es\/#\/schema\/logo\/image\/\",\"url\":\"https:\/\/torello.com\/wp-content\/uploads\/2020\/02\/TORELLO_LOGO_4.png\",\"contentUrl\":\"https:\/\/torello.com\/wp-content\/uploads\/2020\/02\/TORELLO_LOGO_4.png\",\"width\":278,\"height\":140,\"caption\":\"Torell\u00f3 espumosos y vinos ecol\u00f3gicos\"},\"image\":{\"@id\":\"https:\/\/torello.com\/es\/#\/schema\/logo\/image\/\"},\"sameAs\":[\"https:\/\/www.facebook.com\/TorelloViticultors\/\",\"https:\/\/x.com\/TorelloViticult\",\"https:\/\/www.instagram.com\/torelloviticultors\/\",\"https:\/\/www.youtube.com\/user\/Torello57\"]}]}<\/script>\n<!-- \/ Yoast SEO plugin. -->","yoast_head_json":{"title":"Gran Torell\u00f3 Brut Nature 2016","robots":{"index":"index","follow":"follow","max-snippet":"max-snippet:-1","max-image-preview":"max-image-preview:large","max-video-preview":"max-video-preview:-1"},"canonical":"https:\/\/torello.com\/es\/producto\/gran-torello-brut-nature-2016\/","og_locale":"es_ES","og_type":"article","og_title":"Gran Torell\u00f3 Brut Nature 2016","og_description":"Variedades: 48% Xarel.lo, 47% Macabeo y 5% Parellada, de nuestra finca de Can Mart\u00ed.  Elaboraci\u00f3n: La uva de las vi\u00f1as seleccionadas para este vino espumoso, llegan enteras a la bodega y, previo paso de toda la uva por mesa de selecci\u00f3n, se realiza por separado un suave prensado de cada variedad. Contamos con la tecnolog\u00eda Inertys en nuestras prensas que protegen al mosto de la oxidaci\u00f3n durante la fase de prensado. En invierno se realiza el ensamblaje de las diferentes variedades, el embotellado y posteriormente la segunda fermentaci\u00f3n en botella con tap\u00f3n de corcho natural.  Crianza: M\u00ednimo 72 meses de crianza con tap\u00f3n de corcho natural. Cada a\u00f1o se realiza el poignettage (agitaci\u00f3n de la botella), que hace que las levaduras vuelvan a mezclarse con el vino. De esta manera el espumoso se enriquece en aromas y sabores. Clarificado manual en pupitres. Deg\u00fcelle sin adici\u00f3n de az\u00facares.  Presentaci\u00f3n: 75cl, Magnum y Jeroboam.  Nota de cata: \u201cEn nariz, el Gran Torell\u00f3 Brut Nature 2016 es como entrar en una panader\u00eda con aroma a brioche acabado de hornear, masa de pan, pan tostado y una mezcla de flores, hierbas y fruta blanca. Es atractivo, limpio y elegante, con una paladar equilibrado y muy finas burbujas que vienen de los cerca de 80 meses que el vino est\u00e1 en contacto con las l\u00edas y criado en botella con tap\u00f3n de corcho natural. Es complejo y delicioso.\u201d Lu\u00eds Guti\u00e9rrez. Catador de Robert Parker - The Wine Advocate.  Reconocimientos:   Robert Parker 94 puntos.  James Suckling 91 puntos.  Gu\u00eda Pe\u00f1\u00edn 94 puntos.  Gu\u00eda Semana Vitivin\u00edcola 95 puntos.  Gu\u00eda Vivir el Vino 95 puntos.","og_url":"https:\/\/torello.com\/es\/producto\/gran-torello-brut-nature-2016\/","og_site_name":"Torell\u00f3 Viticultors Grans escumosos i vins ecol\u00f2gics","article_publisher":"https:\/\/www.facebook.com\/TorelloViticultors\/","article_modified_time":"2026-03-26T12:21:51+00:00","og_image":[{"width":560,"height":560,"url":"https:\/\/torello.com\/wp-content\/uploads\/2024\/01\/Gran-Torello-Brut-Nature-075-CL.jpg","type":"image\/jpeg"}],"twitter_card":"summary_large_image","twitter_site":"@TorelloViticult","twitter_misc":{"Tiempo de lectura":"2 minutos"},"schema":{"@context":"https:\/\/schema.org","@graph":[{"@type":"WebPage","@id":"https:\/\/torello.com\/es\/producto\/gran-torello-brut-nature-2016\/","url":"https:\/\/torello.com\/es\/producto\/gran-torello-brut-nature-2016\/","name":"Gran Torell\u00f3 Brut Nature 2016","isPartOf":{"@id":"https:\/\/torello.com\/es\/#website"},"primaryImageOfPage":{"@id":"https:\/\/torello.com\/es\/producto\/gran-torello-brut-nature-2016\/#primaryimage"},"image":{"@id":"https:\/\/torello.com\/es\/producto\/gran-torello-brut-nature-2016\/#primaryimage"},"thumbnailUrl":"https:\/\/torello.com\/wp-content\/uploads\/2024\/01\/Gran-Torello-Brut-Nature-075-CL.jpg","datePublished":"2023-04-21T10:29:18+00:00","dateModified":"2026-03-26T12:21:51+00:00","breadcrumb":{"@id":"https:\/\/torello.com\/es\/producto\/gran-torello-brut-nature-2016\/#breadcrumb"},"inLanguage":"es","potentialAction":[{"@type":"ReadAction","target":["https:\/\/torello.com\/es\/producto\/gran-torello-brut-nature-2016\/"]}]},{"@type":"ImageObject","inLanguage":"es","@id":"https:\/\/torello.com\/es\/producto\/gran-torello-brut-nature-2016\/#primaryimage","url":"https:\/\/torello.com\/wp-content\/uploads\/2024\/01\/Gran-Torello-Brut-Nature-075-CL.jpg","contentUrl":"https:\/\/torello.com\/wp-content\/uploads\/2024\/01\/Gran-Torello-Brut-Nature-075-CL.jpg","width":560,"height":560,"caption":"Imatge ampolla vi escum\u00f3s corpinnat Gran Torell\u00f3 Brut Nature 075 CL"},{"@type":"BreadcrumbList","@id":"https:\/\/torello.com\/es\/producto\/gran-torello-brut-nature-2016\/#breadcrumb","itemListElement":[{"@type":"ListItem","position":1,"name":"Inici","item":"https:\/\/torello.com\/es\/"},{"@type":"ListItem","position":2,"name":"Tienda online","item":"https:\/\/torello.com\/es\/tienda-online\/"},{"@type":"ListItem","position":3,"name":"Gran Torell\u00f3 Brut Nature 2016"}]},{"@type":"WebSite","@id":"https:\/\/torello.com\/es\/#website","url":"https:\/\/torello.com\/es\/","name":"Torell\u00f3 Viticultors Grans escumosos i vins ecol\u00f2gics","description":"Bodega familiar situada en el Pened\u00e9s, l\u00edder en la elaboraci\u00f3n de Cava y vinos, s\u00f3lo utiliza uva cultivada en su finca Can Mart\u00ed.","publisher":{"@id":"https:\/\/torello.com\/es\/#organization"},"potentialAction":[{"@type":"SearchAction","target":{"@type":"EntryPoint","urlTemplate":"https:\/\/torello.com\/es\/?s={search_term_string}"},"query-input":{"@type":"PropertyValueSpecification","valueRequired":true,"valueName":"search_term_string"}}],"inLanguage":"es"},{"@type":"Organization","@id":"https:\/\/torello.com\/es\/#organization","name":"Torell\u00f3 espumosos y vinos ecol\u00f3gicos","url":"https:\/\/torello.com\/es\/","logo":{"@type":"ImageObject","inLanguage":"es","@id":"https:\/\/torello.com\/es\/#\/schema\/logo\/image\/","url":"https:\/\/torello.com\/wp-content\/uploads\/2020\/02\/TORELLO_LOGO_4.png","contentUrl":"https:\/\/torello.com\/wp-content\/uploads\/2020\/02\/TORELLO_LOGO_4.png","width":278,"height":140,"caption":"Torell\u00f3 espumosos y vinos ecol\u00f3gicos"},"image":{"@id":"https:\/\/torello.com\/es\/#\/schema\/logo\/image\/"},"sameAs":["https:\/\/www.facebook.com\/TorelloViticultors\/","https:\/\/x.com\/TorelloViticult","https:\/\/www.instagram.com\/torelloviticultors\/","https:\/\/www.youtube.com\/user\/Torello57"]}]}},"_links":{"self":[{"href":"https:\/\/torello.com\/es\/wp-json\/wp\/v2\/product\/11655","targetHints":{"allow":["GET"]}}],"collection":[{"href":"https:\/\/torello.com\/es\/wp-json\/wp\/v2\/product"}],"about":[{"href":"https:\/\/torello.com\/es\/wp-json\/wp\/v2\/types\/product"}],"replies":[{"embeddable":true,"href":"https:\/\/torello.com\/es\/wp-json\/wp\/v2\/comments?post=11655"}],"wp:featuredmedia":[{"embeddable":true,"href":"https:\/\/torello.com\/es\/wp-json\/wp\/v2\/media\/18000"}],"wp:attachment":[{"href":"https:\/\/torello.com\/es\/wp-json\/wp\/v2\/media?parent=11655"}],"wp:term":[{"taxonomy":"product_brand","embeddable":true,"href":"https:\/\/torello.com\/es\/wp-json\/wp\/v2\/product_brand?post=11655"},{"taxonomy":"product_cat","embeddable":true,"href":"https:\/\/torello.com\/es\/wp-json\/wp\/v2\/product_cat?post=11655"},{"taxonomy":"product_tag","embeddable":true,"href":"https:\/\/torello.com\/es\/wp-json\/wp\/v2\/product_tag?post=11655"},{"taxonomy":"giftcard-category","embeddable":true,"href":"https:\/\/torello.com\/es\/wp-json\/wp\/v2\/giftcard-category?post=11655"}],"curies":[{"name":"wp","href":"https:\/\/api.w.org\/{rel}","templated":true}]}}