{"id":11663,"date":"2023-04-21T11:22:21","date_gmt":"2023-04-21T11:22:21","guid":{"rendered":"https:\/\/torello.com\/producte\/gran-torello-grans-anyades-brut-nature-2013\/"},"modified":"2026-03-25T15:36:57","modified_gmt":"2026-03-25T14:36:57","slug":"gran-torello-grandes-anadas-brut-nature-2014","status":"publish","type":"product","link":"https:\/\/torello.com\/es\/producto\/gran-torello-grandes-anadas-brut-nature-2014\/","title":{"rendered":"Gran Torell\u00f3 Grandes A\u00f1adas Brut Nature 2014"},"content":{"rendered":"<h3 style=\"--fontsize: 32; line-height: 1.5;\" data-fontsize=\"32\" data-lineheight=\"48px\"><em><strong>Un corpinnat con gran expresi\u00f3n de crianza y complejidad.<\/strong><\/em><\/h3>\n<h4><span style=\"color: #937b4f;\"><strong>Variedades de uva<\/strong><\/span><\/h4>\n<p>57% Xarel\u00b7lo, 25% Macabeu y 18% Parellada, de nuestra finca Can Mart\u00ed.<\/p>\n<h4><span style=\"color: #937b4f;\"><strong>Elaboraci\u00f3n<\/strong><\/span><\/h4>\n<p>Los racimos llegan enteros a la bodega y, previo paso de toda la uva por mesa de selecci\u00f3n, se realiza por separado un suave prensado de cada variedad. Contamos con la tecnolog\u00eda Inertys en nuestras prensas que protegen al mosto de la oxidaci\u00f3n durante la fase de prensado. En invierno se realiza el ensamblaje de las diferentes variedades, el embotellado y posteriormente la segunda fermentaci\u00f3n en botella con tap\u00f3n de corcho natural.<\/p>\n<h4><span style=\"color: #937b4f;\"><strong>Crianza<\/strong><\/span><\/h4>\n<p>M\u00e1s de 120 meses de crianza en botella. Cada a\u00f1o se realiza el <em>poignettage <\/em>(agitaci\u00f3n de la botella), que hace que las levaduras vuelvan a mezclarse con el vino. De esta manera el espumoso se enriquece en aromas y sabores. Clarificado manual en pupitres y deg\u00fcelle sin adici\u00f3n de az\u00facares.<\/p>\n<h4><span style=\"color: #937b4f;\"><strong>Presentaci\u00f3n<\/strong><\/span><\/h4>\n<p>75cl | Magnum<\/p>\n<h4><span style=\"color: #937b4f;\"><strong>Grado Alcoh\u00f3lico<\/strong><\/span><\/h4>\n<p>12\u00ba<\/p>\n<h4><span style=\"color: #937b4f;\"><strong>Nota de cata &#8211; Lu\u00eds Guti\u00e9rrez &#8211; Robert Parker &#8211; The Wine Advocate<\/strong><\/span><\/h4>\n<p><em>El Gran Torell\u00f3 Grandes A\u00f1adas 2014 Brut Nature fue elaborado con un 57% de Xarel\u00b7lo, un 25% de Macabeo y un 18% de Parellada, de la Finca Can Mart\u00ed. Tiene una crianza con tap\u00f3n de corcho natural. Tiene notas tostadas, de levadura y de boller\u00eda recientemente horneada, con un n\u00facleo mediterr\u00e1neo de hierbas arom\u00e1ticas y flores. Envejece lentamente y gana complejidad. Burbujas abundantes, peque\u00f1as e integradas, con un final largo, seco y un toque amargo. Se han producido 2080 botellas y 359 m\u00e1gnum. Se degoll\u00f3 en octubre del 2024, 10 a\u00f1os despu\u00e9s de su vendimia. <a href=\"https:\/\/www.robertparker.com\/wines\/8dN4bAApPLYtZFgDh\/gran-torell-brut-nature-grandes-aadas-2014\" target=\"_blank\" rel=\"noopener\">Enlace a la nota de cata de Lu\u00eds Guti\u00e9rrez, catador de Robert Parker &#8211; The Wine Advocate<\/a>.<\/em><\/p>\n<h4><span style=\"color: #937b4f;\"><strong>Reconocimientos<\/strong><\/span><\/h4>\n<ul>\n<li><em>Robert Parker &#8211; The Wine Advocate: 95 puntos.<\/em><\/li>\n<li><em>Gu\u00eda Pe\u00f1\u00edn 2026: 94 puntos.<\/em><\/li>\n<\/ul>\n","protected":false},"excerpt":{"rendered":"<h3 style=\"--fontsize: 32; line-height: 1.5;\" data-fontsize=\"32\" data-lineheight=\"48px\"><em><strong>Un corpinnat con gran expresi\u00f3n de crianza y complejidad.<\/strong><\/em><\/h3>\n<h4><span style=\"color: #937b4f;\"><strong>Variedades de uva<\/strong><\/span><\/h4>\n<p>41% Xarel\u00b7lo, 31% Macabeu y 28% Parellada, de nuestra finca Can Mart\u00ed.<\/p>\n<h4><span style=\"color: #937b4f;\"><strong>Crianza<\/strong><\/span><\/h4>\n<p>M\u00e1s de 120 meses de crianza en botella. Cada a\u00f1o se realiza el <em>poignettage <\/em>(agitaci\u00f3n de la botella), que hace que las levaduras vuelvan a mezclarse con el vino. De esta manera el espumoso se enriquece en aromas y sabores. Clarificado manual en pupitres y deg\u00fcelle sin adici\u00f3n de az\u00facares.<\/p>\n<h4><span style=\"color: #937b4f;\"><strong>Presentaci\u00f3n<\/strong><\/span><\/h4>\n<p>75cl | Magnum<\/p>\n<h4><span style=\"color: #937b4f;\"><strong>Grado Alcoh\u00f3lico<\/strong><\/span><\/h4>\n<p>12\u00ba<\/p>\n<h4><span style=\"color: #937b4f;\"><strong>Nota de cata &#8211; Lu\u00eds Guti\u00e9rrez &#8211; Robert Parker &#8211; The Wine Advocate<\/strong><\/span><\/h4>\n<p><em>Me encanta la excelencia, complejidad, austeridad y el matiz del Gran Torell\u00f3 Brut Nature 2013 Grandes A\u00f1adas. Es un vino excelente que tiene burbujas, con una delicada sensaci\u00f3n de p\u00e9tillant al final, despu\u00e9s de un largo tiempo en botella. \u00c9ste vino madur\u00f3 en botella, con tap\u00f3n de corcho natural. Toda la uva procede de sus vi\u00f1edos y utilizan sus propias levaduras. Tiene untuosidad, potencia, elegancia, complejidad y profundidad. Puede evolucionar, a\u00fan, muchos a\u00f1os m\u00e1s. Est\u00e1 marcado por una larga crianza y un viejo equilibrio entre oxidaci\u00f3n, burbujas y acidez. Se tracta de un ensamblaje de 41% Xarel\u00b7lo, 31% Macabeo y 28% de Parellada, con m\u00e1s de 100 meses en botella. Se han elaborado 1600 botellas.<\/em><\/p>\n<h4><span style=\"color: #937b4f;\"><strong>Reconocimientos<\/strong><\/span><\/h4>\n<ul>\n<li><em>Robert Parker &#8211; The Wine Advocate: 95+ puntos.<\/em><\/li>\n<li><em>Gu\u00eda Pe\u00f1\u00edn 2024: 94 puntos.<\/em><\/li>\n<li><em>Gu\u00eda Gourmets 2024: 96 puntos.<\/em><\/li>\n<li><em>Miquel Hudin: 94 puntos.<\/em><\/li>\n<li><em>Guia de Vins de Catalunya 2025: 9,83 puntos y 9,79 puntos el formato M\u00e0gnum.<\/em><\/li>\n<\/ul>\n","protected":false},"featured_media":22943,"comment_status":"open","ping_status":"closed","template":"","meta":[],"product_brand":[],"product_cat":[894],"product_tag":[],"giftcard-category":[],"class_list":{"0":"post-11663","1":"product","2":"type-product","3":"status-publish","4":"has-post-thumbnail","6":"product_cat-corpinnat-es","8":"first","9":"instock","10":"shipping-taxable","11":"purchasable","12":"product-type-simple"},"exclude_global_add_ons":[],"addons":[],"yoast_head":"<!-- This site is optimized with the Yoast SEO plugin v26.7 - https:\/\/yoast.com\/wordpress\/plugins\/seo\/ -->\n<title>Gran Torell\u00f3 Grandes A\u00f1adas Brut Nature 2014 | Torell\u00f3 Viticultors Grans escumosos i vins ecol\u00f2gics<\/title>\n<meta name=\"robots\" content=\"index, follow, max-snippet:-1, max-image-preview:large, max-video-preview:-1\" \/>\n<link rel=\"canonical\" href=\"https:\/\/torello.com\/es\/producto\/gran-torello-grandes-anadas-brut-nature-2014\/\" \/>\n<meta property=\"og:locale\" content=\"es_ES\" \/>\n<meta property=\"og:type\" content=\"article\" \/>\n<meta property=\"og:title\" content=\"Gran Torell\u00f3 Grandes A\u00f1adas Brut Nature 2014 | Torell\u00f3 Viticultors Grans escumosos i vins ecol\u00f2gics\" \/>\n<meta property=\"og:description\" content=\"Un corpinnat con gran expresi\u00f3n de crianza y complejidad. Variedades de uva 41% Xarel\u00b7lo, 31% Macabeu y 28% Parellada, de nuestra finca Can Mart\u00ed. Crianza M\u00e1s de 120 meses de crianza en botella. Cada a\u00f1o se realiza el poignettage (agitaci\u00f3n de la botella), que hace que las levaduras vuelvan a mezclarse con el vino. De esta manera el espumoso se enriquece en aromas y sabores. Clarificado manual en pupitres y deg\u00fcelle sin adici\u00f3n de az\u00facares. Presentaci\u00f3n 75cl | Magnum Grado Alcoh\u00f3lico 12\u00ba Nota de cata - Lu\u00eds Guti\u00e9rrez - Robert Parker - The Wine Advocate Me encanta la excelencia, complejidad, austeridad y el matiz del Gran Torell\u00f3 Brut Nature 2013 Grandes A\u00f1adas. Es un vino excelente que tiene burbujas, con una delicada sensaci\u00f3n de p\u00e9tillant al final, despu\u00e9s de un largo tiempo en botella. \u00c9ste vino madur\u00f3 en botella, con tap\u00f3n de corcho natural. Toda la uva procede de sus vi\u00f1edos y utilizan sus propias levaduras. Tiene untuosidad, potencia, elegancia, complejidad y profundidad. Puede evolucionar, a\u00fan, muchos a\u00f1os m\u00e1s. Est\u00e1 marcado por una larga crianza y un viejo equilibrio entre oxidaci\u00f3n, burbujas y acidez. Se tracta de un ensamblaje de 41% Xarel\u00b7lo, 31% Macabeo y 28% de Parellada, con m\u00e1s de 100 meses en botella. Se han elaborado 1600 botellas. Reconocimientos   Robert Parker - The Wine Advocate: 95+ puntos.  Gu\u00eda Pe\u00f1\u00edn 2024: 94 puntos.  Gu\u00eda Gourmets 2024: 96 puntos.  Miquel Hudin: 94 puntos.  Guia de Vins de Catalunya 2025: 9,83 puntos y 9,79 puntos el formato M\u00e0gnum.\" \/>\n<meta property=\"og:url\" content=\"https:\/\/torello.com\/es\/producto\/gran-torello-grandes-anadas-brut-nature-2014\/\" \/>\n<meta property=\"og:site_name\" content=\"Torell\u00f3 Viticultors Grans escumosos i vins ecol\u00f2gics\" \/>\n<meta property=\"article:publisher\" content=\"https:\/\/www.facebook.com\/TorelloViticultors\/\" \/>\n<meta property=\"article:modified_time\" content=\"2026-03-25T14:36:57+00:00\" \/>\n<meta property=\"og:image\" content=\"https:\/\/torello.com\/wp-content\/uploads\/2023\/04\/Gran-Torello-Grans-Anyades-2014-75-CL-amb-estoig.jpg\" \/>\n\t<meta property=\"og:image:width\" content=\"560\" \/>\n\t<meta property=\"og:image:height\" content=\"560\" \/>\n\t<meta property=\"og:image:type\" content=\"image\/jpeg\" \/>\n<meta name=\"twitter:card\" content=\"summary_large_image\" \/>\n<meta name=\"twitter:site\" content=\"@TorelloViticult\" \/>\n<meta name=\"twitter:label1\" content=\"Tiempo de lectura\" \/>\n\t<meta name=\"twitter:data1\" content=\"2 minutos\" \/>\n<script type=\"application\/ld+json\" class=\"yoast-schema-graph\">{\"@context\":\"https:\/\/schema.org\",\"@graph\":[{\"@type\":\"WebPage\",\"@id\":\"https:\/\/torello.com\/es\/producto\/gran-torello-grandes-anadas-brut-nature-2014\/\",\"url\":\"https:\/\/torello.com\/es\/producto\/gran-torello-grandes-anadas-brut-nature-2014\/\",\"name\":\"Gran Torell\u00f3 Grandes A\u00f1adas Brut Nature 2014 | Torell\u00f3 Viticultors Grans escumosos i vins ecol\u00f2gics\",\"isPartOf\":{\"@id\":\"https:\/\/torello.com\/es\/#website\"},\"primaryImageOfPage\":{\"@id\":\"https:\/\/torello.com\/es\/producto\/gran-torello-grandes-anadas-brut-nature-2014\/#primaryimage\"},\"image\":{\"@id\":\"https:\/\/torello.com\/es\/producto\/gran-torello-grandes-anadas-brut-nature-2014\/#primaryimage\"},\"thumbnailUrl\":\"https:\/\/torello.com\/wp-content\/uploads\/2023\/04\/Gran-Torello-Grans-Anyades-2014-75-CL-amb-estoig.jpg\",\"datePublished\":\"2023-04-21T11:22:21+00:00\",\"dateModified\":\"2026-03-25T14:36:57+00:00\",\"breadcrumb\":{\"@id\":\"https:\/\/torello.com\/es\/producto\/gran-torello-grandes-anadas-brut-nature-2014\/#breadcrumb\"},\"inLanguage\":\"es\",\"potentialAction\":[{\"@type\":\"ReadAction\",\"target\":[\"https:\/\/torello.com\/es\/producto\/gran-torello-grandes-anadas-brut-nature-2014\/\"]}]},{\"@type\":\"ImageObject\",\"inLanguage\":\"es\",\"@id\":\"https:\/\/torello.com\/es\/producto\/gran-torello-grandes-anadas-brut-nature-2014\/#primaryimage\",\"url\":\"https:\/\/torello.com\/wp-content\/uploads\/2023\/04\/Gran-Torello-Grans-Anyades-2014-75-CL-amb-estoig.jpg\",\"contentUrl\":\"https:\/\/torello.com\/wp-content\/uploads\/2023\/04\/Gran-Torello-Grans-Anyades-2014-75-CL-amb-estoig.jpg\",\"width\":560,\"height\":560,\"caption\":\"Gran Torell\u00f3 Grans Anyades 2014 75 CL amb estoig\"},{\"@type\":\"BreadcrumbList\",\"@id\":\"https:\/\/torello.com\/es\/producto\/gran-torello-grandes-anadas-brut-nature-2014\/#breadcrumb\",\"itemListElement\":[{\"@type\":\"ListItem\",\"position\":1,\"name\":\"Inici\",\"item\":\"https:\/\/torello.com\/es\/\"},{\"@type\":\"ListItem\",\"position\":2,\"name\":\"Tienda online\",\"item\":\"https:\/\/torello.com\/es\/tienda-online\/\"},{\"@type\":\"ListItem\",\"position\":3,\"name\":\"Gran Torell\u00f3 Grandes A\u00f1adas Brut Nature 2014\"}]},{\"@type\":\"WebSite\",\"@id\":\"https:\/\/torello.com\/es\/#website\",\"url\":\"https:\/\/torello.com\/es\/\",\"name\":\"Torell\u00f3 Viticultors Grans escumosos i vins ecol\u00f2gics\",\"description\":\"Bodega familiar situada en el Pened\u00e9s, l\u00edder en la elaboraci\u00f3n de Cava y vinos, s\u00f3lo utiliza uva cultivada en su finca Can Mart\u00ed.\",\"publisher\":{\"@id\":\"https:\/\/torello.com\/es\/#organization\"},\"potentialAction\":[{\"@type\":\"SearchAction\",\"target\":{\"@type\":\"EntryPoint\",\"urlTemplate\":\"https:\/\/torello.com\/es\/?s={search_term_string}\"},\"query-input\":{\"@type\":\"PropertyValueSpecification\",\"valueRequired\":true,\"valueName\":\"search_term_string\"}}],\"inLanguage\":\"es\"},{\"@type\":\"Organization\",\"@id\":\"https:\/\/torello.com\/es\/#organization\",\"name\":\"Torell\u00f3 espumosos y vinos ecol\u00f3gicos\",\"url\":\"https:\/\/torello.com\/es\/\",\"logo\":{\"@type\":\"ImageObject\",\"inLanguage\":\"es\",\"@id\":\"https:\/\/torello.com\/es\/#\/schema\/logo\/image\/\",\"url\":\"https:\/\/torello.com\/wp-content\/uploads\/2020\/02\/TORELLO_LOGO_4.png\",\"contentUrl\":\"https:\/\/torello.com\/wp-content\/uploads\/2020\/02\/TORELLO_LOGO_4.png\",\"width\":278,\"height\":140,\"caption\":\"Torell\u00f3 espumosos y vinos ecol\u00f3gicos\"},\"image\":{\"@id\":\"https:\/\/torello.com\/es\/#\/schema\/logo\/image\/\"},\"sameAs\":[\"https:\/\/www.facebook.com\/TorelloViticultors\/\",\"https:\/\/x.com\/TorelloViticult\",\"https:\/\/www.instagram.com\/torelloviticultors\/\",\"https:\/\/www.youtube.com\/user\/Torello57\"]}]}<\/script>\n<!-- \/ Yoast SEO plugin. -->","yoast_head_json":{"title":"Gran Torell\u00f3 Grandes A\u00f1adas Brut Nature 2014 | Torell\u00f3 Viticultors Grans escumosos i vins ecol\u00f2gics","robots":{"index":"index","follow":"follow","max-snippet":"max-snippet:-1","max-image-preview":"max-image-preview:large","max-video-preview":"max-video-preview:-1"},"canonical":"https:\/\/torello.com\/es\/producto\/gran-torello-grandes-anadas-brut-nature-2014\/","og_locale":"es_ES","og_type":"article","og_title":"Gran Torell\u00f3 Grandes A\u00f1adas Brut Nature 2014 | Torell\u00f3 Viticultors Grans escumosos i vins ecol\u00f2gics","og_description":"Un corpinnat con gran expresi\u00f3n de crianza y complejidad. Variedades de uva 41% Xarel\u00b7lo, 31% Macabeu y 28% Parellada, de nuestra finca Can Mart\u00ed. Crianza M\u00e1s de 120 meses de crianza en botella. Cada a\u00f1o se realiza el poignettage (agitaci\u00f3n de la botella), que hace que las levaduras vuelvan a mezclarse con el vino. De esta manera el espumoso se enriquece en aromas y sabores. Clarificado manual en pupitres y deg\u00fcelle sin adici\u00f3n de az\u00facares. Presentaci\u00f3n 75cl | Magnum Grado Alcoh\u00f3lico 12\u00ba Nota de cata - Lu\u00eds Guti\u00e9rrez - Robert Parker - The Wine Advocate Me encanta la excelencia, complejidad, austeridad y el matiz del Gran Torell\u00f3 Brut Nature 2013 Grandes A\u00f1adas. Es un vino excelente que tiene burbujas, con una delicada sensaci\u00f3n de p\u00e9tillant al final, despu\u00e9s de un largo tiempo en botella. \u00c9ste vino madur\u00f3 en botella, con tap\u00f3n de corcho natural. Toda la uva procede de sus vi\u00f1edos y utilizan sus propias levaduras. Tiene untuosidad, potencia, elegancia, complejidad y profundidad. Puede evolucionar, a\u00fan, muchos a\u00f1os m\u00e1s. Est\u00e1 marcado por una larga crianza y un viejo equilibrio entre oxidaci\u00f3n, burbujas y acidez. Se tracta de un ensamblaje de 41% Xarel\u00b7lo, 31% Macabeo y 28% de Parellada, con m\u00e1s de 100 meses en botella. Se han elaborado 1600 botellas. Reconocimientos   Robert Parker - The Wine Advocate: 95+ puntos.  Gu\u00eda Pe\u00f1\u00edn 2024: 94 puntos.  Gu\u00eda Gourmets 2024: 96 puntos.  Miquel Hudin: 94 puntos.  Guia de Vins de Catalunya 2025: 9,83 puntos y 9,79 puntos el formato M\u00e0gnum.","og_url":"https:\/\/torello.com\/es\/producto\/gran-torello-grandes-anadas-brut-nature-2014\/","og_site_name":"Torell\u00f3 Viticultors Grans escumosos i vins ecol\u00f2gics","article_publisher":"https:\/\/www.facebook.com\/TorelloViticultors\/","article_modified_time":"2026-03-25T14:36:57+00:00","og_image":[{"width":560,"height":560,"url":"https:\/\/torello.com\/wp-content\/uploads\/2023\/04\/Gran-Torello-Grans-Anyades-2014-75-CL-amb-estoig.jpg","type":"image\/jpeg"}],"twitter_card":"summary_large_image","twitter_site":"@TorelloViticult","twitter_misc":{"Tiempo de lectura":"2 minutos"},"schema":{"@context":"https:\/\/schema.org","@graph":[{"@type":"WebPage","@id":"https:\/\/torello.com\/es\/producto\/gran-torello-grandes-anadas-brut-nature-2014\/","url":"https:\/\/torello.com\/es\/producto\/gran-torello-grandes-anadas-brut-nature-2014\/","name":"Gran Torell\u00f3 Grandes A\u00f1adas Brut Nature 2014 | Torell\u00f3 Viticultors Grans escumosos i vins ecol\u00f2gics","isPartOf":{"@id":"https:\/\/torello.com\/es\/#website"},"primaryImageOfPage":{"@id":"https:\/\/torello.com\/es\/producto\/gran-torello-grandes-anadas-brut-nature-2014\/#primaryimage"},"image":{"@id":"https:\/\/torello.com\/es\/producto\/gran-torello-grandes-anadas-brut-nature-2014\/#primaryimage"},"thumbnailUrl":"https:\/\/torello.com\/wp-content\/uploads\/2023\/04\/Gran-Torello-Grans-Anyades-2014-75-CL-amb-estoig.jpg","datePublished":"2023-04-21T11:22:21+00:00","dateModified":"2026-03-25T14:36:57+00:00","breadcrumb":{"@id":"https:\/\/torello.com\/es\/producto\/gran-torello-grandes-anadas-brut-nature-2014\/#breadcrumb"},"inLanguage":"es","potentialAction":[{"@type":"ReadAction","target":["https:\/\/torello.com\/es\/producto\/gran-torello-grandes-anadas-brut-nature-2014\/"]}]},{"@type":"ImageObject","inLanguage":"es","@id":"https:\/\/torello.com\/es\/producto\/gran-torello-grandes-anadas-brut-nature-2014\/#primaryimage","url":"https:\/\/torello.com\/wp-content\/uploads\/2023\/04\/Gran-Torello-Grans-Anyades-2014-75-CL-amb-estoig.jpg","contentUrl":"https:\/\/torello.com\/wp-content\/uploads\/2023\/04\/Gran-Torello-Grans-Anyades-2014-75-CL-amb-estoig.jpg","width":560,"height":560,"caption":"Gran Torell\u00f3 Grans Anyades 2014 75 CL amb estoig"},{"@type":"BreadcrumbList","@id":"https:\/\/torello.com\/es\/producto\/gran-torello-grandes-anadas-brut-nature-2014\/#breadcrumb","itemListElement":[{"@type":"ListItem","position":1,"name":"Inici","item":"https:\/\/torello.com\/es\/"},{"@type":"ListItem","position":2,"name":"Tienda online","item":"https:\/\/torello.com\/es\/tienda-online\/"},{"@type":"ListItem","position":3,"name":"Gran Torell\u00f3 Grandes A\u00f1adas Brut Nature 2014"}]},{"@type":"WebSite","@id":"https:\/\/torello.com\/es\/#website","url":"https:\/\/torello.com\/es\/","name":"Torell\u00f3 Viticultors Grans escumosos i vins ecol\u00f2gics","description":"Bodega familiar situada en el Pened\u00e9s, l\u00edder en la elaboraci\u00f3n de Cava y vinos, s\u00f3lo utiliza uva cultivada en su finca Can Mart\u00ed.","publisher":{"@id":"https:\/\/torello.com\/es\/#organization"},"potentialAction":[{"@type":"SearchAction","target":{"@type":"EntryPoint","urlTemplate":"https:\/\/torello.com\/es\/?s={search_term_string}"},"query-input":{"@type":"PropertyValueSpecification","valueRequired":true,"valueName":"search_term_string"}}],"inLanguage":"es"},{"@type":"Organization","@id":"https:\/\/torello.com\/es\/#organization","name":"Torell\u00f3 espumosos y vinos ecol\u00f3gicos","url":"https:\/\/torello.com\/es\/","logo":{"@type":"ImageObject","inLanguage":"es","@id":"https:\/\/torello.com\/es\/#\/schema\/logo\/image\/","url":"https:\/\/torello.com\/wp-content\/uploads\/2020\/02\/TORELLO_LOGO_4.png","contentUrl":"https:\/\/torello.com\/wp-content\/uploads\/2020\/02\/TORELLO_LOGO_4.png","width":278,"height":140,"caption":"Torell\u00f3 espumosos y vinos ecol\u00f3gicos"},"image":{"@id":"https:\/\/torello.com\/es\/#\/schema\/logo\/image\/"},"sameAs":["https:\/\/www.facebook.com\/TorelloViticultors\/","https:\/\/x.com\/TorelloViticult","https:\/\/www.instagram.com\/torelloviticultors\/","https:\/\/www.youtube.com\/user\/Torello57"]}]}},"_links":{"self":[{"href":"https:\/\/torello.com\/es\/wp-json\/wp\/v2\/product\/11663","targetHints":{"allow":["GET"]}}],"collection":[{"href":"https:\/\/torello.com\/es\/wp-json\/wp\/v2\/product"}],"about":[{"href":"https:\/\/torello.com\/es\/wp-json\/wp\/v2\/types\/product"}],"replies":[{"embeddable":true,"href":"https:\/\/torello.com\/es\/wp-json\/wp\/v2\/comments?post=11663"}],"wp:featuredmedia":[{"embeddable":true,"href":"https:\/\/torello.com\/es\/wp-json\/wp\/v2\/media\/22943"}],"wp:attachment":[{"href":"https:\/\/torello.com\/es\/wp-json\/wp\/v2\/media?parent=11663"}],"wp:term":[{"taxonomy":"product_brand","embeddable":true,"href":"https:\/\/torello.com\/es\/wp-json\/wp\/v2\/product_brand?post=11663"},{"taxonomy":"product_cat","embeddable":true,"href":"https:\/\/torello.com\/es\/wp-json\/wp\/v2\/product_cat?post=11663"},{"taxonomy":"product_tag","embeddable":true,"href":"https:\/\/torello.com\/es\/wp-json\/wp\/v2\/product_tag?post=11663"},{"taxonomy":"giftcard-category","embeddable":true,"href":"https:\/\/torello.com\/es\/wp-json\/wp\/v2\/giftcard-category?post=11663"}],"curies":[{"name":"wp","href":"https:\/\/api.w.org\/{rel}","templated":true}]}}