{"id":11671,"date":"2023-04-26T13:39:41","date_gmt":"2023-04-26T13:39:41","guid":{"rendered":"https:\/\/torello.com\/producte\/mas-de-la-torrevella-2022\/"},"modified":"2026-03-25T14:58:37","modified_gmt":"2026-03-25T13:58:37","slug":"mas-de-la-torrevella","status":"publish","type":"product","link":"https:\/\/torello.com\/es\/producto\/mas-de-la-torrevella\/","title":{"rendered":"Mas de la Torrevella 2024"},"content":{"rendered":"<p><span style=\"color: #937b4f;\"><strong><span style=\"color: #937b4f;\">Va<\/span>ried<\/strong><strong>ade<\/strong><strong>s<\/strong>: <\/span>100% chardonnay.<\/p>\n<p><span style=\"color: #937b4f;\"><strong>La Cosecha:<\/strong><\/span>2024 fue un a\u00f1o en que recibimos un poco menos de lluvia que en los \u00faltimos a\u00f1os, 469 litros por m2 (por debajo de la media de 530 litros de los \u00faltimos a\u00f1os). La vendimia de las 11 variedades de uva de nuestra finca Can Mart\u00ed comenz\u00f3 la madrugada del 5 de agosto y acab\u00f3 el 18 de septiembre de 2024. Como ya hace unos a\u00f1os, la vendimia empieza a las 4.30h de la madrugada, de noche, de esta forma se preservan mejor el color y los aromas del mosto. En general, la producci\u00f3n de uva en nuestra finca ha sido similar a la del a\u00f1o pasado, los granos son m\u00e1s peque\u00f1os que otros a\u00f1os por raz\u00f3n de la sequ\u00eda. El estado sanitario muy bueno. Podemos afirmar que ha sido una muy buena campa\u00f1a, con vinos tranquilos frescos y arom\u00e1ticos, con mucha tipicidad arom\u00e1tica de cada variedad, y unos vinos base corpinnat con buena acidez que nos aportar\u00e1 capacidad de envejecimiento a los espumosos. En a\u00f1o de sequ\u00eda compramos uva a viticultores de la zona.<\/p>\n<p><span style=\"color: #937b4f;\"><strong>Elaboraci\u00f3n:<\/strong><\/span>La uva pasa por la mesa de selecci\u00f3n y posteriormente se realiza el premsado, suavemente, aprovechando s\u00f3lo la primera prensada, el \u201cmosto flor\u201d. Hemos incorporado a nuestras prensas la tecnolog\u00eda Inertys que protege al mosto de la oxidaci\u00f3n durante la fase del prensado.<\/p>\n<p><span style=\"color: #937b4f;\"><strong>Presentaci\u00f3n:<\/strong><\/span>\u00a0 75cl<\/p>\n<p><span style=\"color: #937b4f;\"><strong>Nota de Cata:<\/strong><\/span>Color amarillo verdoso muy limpio. Aroma intenso de fruta tropical y ex\u00f3tica madura, donde en evoluci\u00f3n aparecen notas c\u00edtricas. En boca tiene una entrada agradable, buena acidez, es carnoso y con notas golosas. Se confirman las notas de fruta tropical delicadas y aparecen de fruta blanca madura.<\/p>\n","protected":false},"excerpt":{"rendered":"<p><span style=\"color: #937b4f;\"><strong><span style=\"color: #937b4f;\">Va<\/span>ried<\/strong><strong>ade<\/strong><strong>s<\/strong>: <\/span>100% chardonnay.<\/p>\n<p><span style=\"color: #937b4f;\"><strong>La Cosecha:<\/strong><\/span>2024 fue un a\u00f1o en que recibimos un poco menos de lluvia que en los \u00faltimos a\u00f1os, 469 litros por m2 (por debajo de la media de 530 litros de los \u00faltimos a\u00f1os). La vendimia de las 11 variedades de uva de nuestra finca Can Mart\u00ed comenz\u00f3 la madrugada del 5 de agosto y acab\u00f3 el 18 de septiembre de 2024. Como ya hace unos a\u00f1os, la vendimia empieza a las 4.30h de la madrugada, de noche, de esta forma se preservan mejor el color y los aromas del mosto. En general, la producci\u00f3n de uva en nuestra finca ha sido similar a la del a\u00f1o pasado, los granos son m\u00e1s peque\u00f1os que otros a\u00f1os por raz\u00f3n de la sequ\u00eda. El estado sanitario muy bueno. Podemos afirmar que ha sido una muy buena campa\u00f1a, con vinos tranquilos frescos y arom\u00e1ticos, con mucha tipicidad arom\u00e1tica de cada variedad, y unos vinos base corpinnat con buena acidez que nos aportar\u00e1 capacidad de envejecimiento a los espumosos. En a\u00f1o de sequ\u00eda compramos uva a viticultores de la zona.<\/p>\n<p><span style=\"color: #937b4f;\"><strong>Elaboraci\u00f3n:<\/strong><\/span>La uva pasa por la mesa de selecci\u00f3n y posteriormente se realiza el premsado, suavemente, aprovechando s\u00f3lo la primera prensada, el \u201cmosto flor\u201d. Hemos incorporado a nuestras prensas la tecnolog\u00eda Inertys que protege al mosto de la oxidaci\u00f3n durante la fase del prensado.<\/p>\n<p><span style=\"color: #937b4f;\"><strong>Presentaci\u00f3n:<\/strong><\/span>\u00a0 75cl<\/p>\n<p><span style=\"color: #937b4f;\"><strong>Nota de Cata:<\/strong><\/span>Color amarillo verdoso muy limpio. Aroma intenso de fruta tropical y ex\u00f3tica madura, donde en evoluci\u00f3n aparecen notas c\u00edtricas. En boca tiene una entrada agradable, buena acidez, es carnoso y con notas golosas. Se confirman las notas de fruta tropical delicadas y aparecen de fruta blanca madura.<\/p>\n","protected":false},"featured_media":11515,"comment_status":"open","ping_status":"closed","template":"","meta":[],"product_brand":[],"product_cat":[896],"product_tag":[],"giftcard-category":[],"class_list":{"0":"post-11671","1":"product","2":"type-product","3":"status-publish","4":"has-post-thumbnail","6":"product_cat-penedes-es","8":"first","9":"instock","10":"shipping-taxable","11":"purchasable","12":"product-type-variable"},"exclude_global_add_ons":[],"addons":[],"yoast_head":"<!-- This site is optimized with the Yoast SEO plugin v26.7 - https:\/\/yoast.com\/wordpress\/plugins\/seo\/ -->\n<title>Mas de la Torrevella<\/title>\n<meta name=\"description\" content=\"Mas de la Torrevella es un vino blanco ecol\u00f3gico de la D.O. Pened\u00e8s 100% Chardonnay , uvas cultivadas sguiendo las normas de la agricultura ecol\u00f3gica.\" \/>\n<meta name=\"robots\" content=\"index, follow, max-snippet:-1, max-image-preview:large, max-video-preview:-1\" \/>\n<link rel=\"canonical\" href=\"https:\/\/torello.com\/es\/producto\/mas-de-la-torrevella\/\" \/>\n<meta property=\"og:locale\" content=\"es_ES\" \/>\n<meta property=\"og:type\" content=\"article\" \/>\n<meta property=\"og:title\" content=\"Mas de la Torrevella\" \/>\n<meta property=\"og:description\" content=\"Mas de la Torrevella es un vino blanco ecol\u00f3gico de la D.O. Pened\u00e8s 100% Chardonnay , uvas cultivadas sguiendo las normas de la agricultura ecol\u00f3gica.\" \/>\n<meta property=\"og:url\" content=\"https:\/\/torello.com\/es\/producto\/mas-de-la-torrevella\/\" \/>\n<meta property=\"og:site_name\" content=\"Torell\u00f3 Viticultors Grans escumosos i vins ecol\u00f2gics\" \/>\n<meta property=\"article:publisher\" content=\"https:\/\/www.facebook.com\/TorelloViticultors\/\" \/>\n<meta property=\"article:modified_time\" content=\"2026-03-25T13:58:37+00:00\" \/>\n<meta property=\"og:image\" content=\"https:\/\/torello.com\/wp-content\/uploads\/2023\/04\/Mas-de-la-Torrevella-075-cl.jpg\" \/>\n\t<meta property=\"og:image:width\" content=\"560\" \/>\n\t<meta property=\"og:image:height\" content=\"560\" \/>\n\t<meta property=\"og:image:type\" content=\"image\/jpeg\" \/>\n<meta name=\"twitter:card\" content=\"summary_large_image\" \/>\n<meta name=\"twitter:site\" content=\"@TorelloViticult\" \/>\n<meta name=\"twitter:label1\" content=\"Tiempo de lectura\" \/>\n\t<meta name=\"twitter:data1\" content=\"2 minutos\" \/>\n<script type=\"application\/ld+json\" class=\"yoast-schema-graph\">{\"@context\":\"https:\/\/schema.org\",\"@graph\":[{\"@type\":\"WebPage\",\"@id\":\"https:\/\/torello.com\/es\/producto\/mas-de-la-torrevella\/\",\"url\":\"https:\/\/torello.com\/es\/producto\/mas-de-la-torrevella\/\",\"name\":\"Mas de la Torrevella\",\"isPartOf\":{\"@id\":\"https:\/\/torello.com\/es\/#website\"},\"primaryImageOfPage\":{\"@id\":\"https:\/\/torello.com\/es\/producto\/mas-de-la-torrevella\/#primaryimage\"},\"image\":{\"@id\":\"https:\/\/torello.com\/es\/producto\/mas-de-la-torrevella\/#primaryimage\"},\"thumbnailUrl\":\"https:\/\/torello.com\/wp-content\/uploads\/2023\/04\/Mas-de-la-Torrevella-075-cl.jpg\",\"datePublished\":\"2023-04-26T13:39:41+00:00\",\"dateModified\":\"2026-03-25T13:58:37+00:00\",\"description\":\"Mas de la Torrevella es un vino blanco ecol\u00f3gico de la D.O. Pened\u00e8s 100% Chardonnay , uvas cultivadas sguiendo las normas de la agricultura ecol\u00f3gica.\",\"breadcrumb\":{\"@id\":\"https:\/\/torello.com\/es\/producto\/mas-de-la-torrevella\/#breadcrumb\"},\"inLanguage\":\"es\",\"potentialAction\":[{\"@type\":\"ReadAction\",\"target\":[\"https:\/\/torello.com\/es\/producto\/mas-de-la-torrevella\/\"]}]},{\"@type\":\"ImageObject\",\"inLanguage\":\"es\",\"@id\":\"https:\/\/torello.com\/es\/producto\/mas-de-la-torrevella\/#primaryimage\",\"url\":\"https:\/\/torello.com\/wp-content\/uploads\/2023\/04\/Mas-de-la-Torrevella-075-cl.jpg\",\"contentUrl\":\"https:\/\/torello.com\/wp-content\/uploads\/2023\/04\/Mas-de-la-Torrevella-075-cl.jpg\",\"width\":560,\"height\":560,\"caption\":\"Mas de la Torrevella 0,75 cl\"},{\"@type\":\"BreadcrumbList\",\"@id\":\"https:\/\/torello.com\/es\/producto\/mas-de-la-torrevella\/#breadcrumb\",\"itemListElement\":[{\"@type\":\"ListItem\",\"position\":1,\"name\":\"Inici\",\"item\":\"https:\/\/torello.com\/es\/\"},{\"@type\":\"ListItem\",\"position\":2,\"name\":\"Tienda online\",\"item\":\"https:\/\/torello.com\/es\/tienda-online\/\"},{\"@type\":\"ListItem\",\"position\":3,\"name\":\"Mas de la Torrevella 2024\"}]},{\"@type\":\"WebSite\",\"@id\":\"https:\/\/torello.com\/es\/#website\",\"url\":\"https:\/\/torello.com\/es\/\",\"name\":\"Torell\u00f3 Viticultors Grans escumosos i vins ecol\u00f2gics\",\"description\":\"Bodega familiar situada en el Pened\u00e9s, l\u00edder en la elaboraci\u00f3n de Cava y vinos, s\u00f3lo utiliza uva cultivada en su finca Can Mart\u00ed.\",\"publisher\":{\"@id\":\"https:\/\/torello.com\/es\/#organization\"},\"potentialAction\":[{\"@type\":\"SearchAction\",\"target\":{\"@type\":\"EntryPoint\",\"urlTemplate\":\"https:\/\/torello.com\/es\/?s={search_term_string}\"},\"query-input\":{\"@type\":\"PropertyValueSpecification\",\"valueRequired\":true,\"valueName\":\"search_term_string\"}}],\"inLanguage\":\"es\"},{\"@type\":\"Organization\",\"@id\":\"https:\/\/torello.com\/es\/#organization\",\"name\":\"Torell\u00f3 espumosos y vinos ecol\u00f3gicos\",\"url\":\"https:\/\/torello.com\/es\/\",\"logo\":{\"@type\":\"ImageObject\",\"inLanguage\":\"es\",\"@id\":\"https:\/\/torello.com\/es\/#\/schema\/logo\/image\/\",\"url\":\"https:\/\/torello.com\/wp-content\/uploads\/2020\/02\/TORELLO_LOGO_4.png\",\"contentUrl\":\"https:\/\/torello.com\/wp-content\/uploads\/2020\/02\/TORELLO_LOGO_4.png\",\"width\":278,\"height\":140,\"caption\":\"Torell\u00f3 espumosos y vinos ecol\u00f3gicos\"},\"image\":{\"@id\":\"https:\/\/torello.com\/es\/#\/schema\/logo\/image\/\"},\"sameAs\":[\"https:\/\/www.facebook.com\/TorelloViticultors\/\",\"https:\/\/x.com\/TorelloViticult\",\"https:\/\/www.instagram.com\/torelloviticultors\/\",\"https:\/\/www.youtube.com\/user\/Torello57\"]}]}<\/script>\n<!-- \/ Yoast SEO plugin. -->","yoast_head_json":{"title":"Mas de la Torrevella","description":"Mas de la Torrevella es un vino blanco ecol\u00f3gico de la D.O. Pened\u00e8s 100% Chardonnay , uvas cultivadas sguiendo las normas de la agricultura ecol\u00f3gica.","robots":{"index":"index","follow":"follow","max-snippet":"max-snippet:-1","max-image-preview":"max-image-preview:large","max-video-preview":"max-video-preview:-1"},"canonical":"https:\/\/torello.com\/es\/producto\/mas-de-la-torrevella\/","og_locale":"es_ES","og_type":"article","og_title":"Mas de la Torrevella","og_description":"Mas de la Torrevella es un vino blanco ecol\u00f3gico de la D.O. Pened\u00e8s 100% Chardonnay , uvas cultivadas sguiendo las normas de la agricultura ecol\u00f3gica.","og_url":"https:\/\/torello.com\/es\/producto\/mas-de-la-torrevella\/","og_site_name":"Torell\u00f3 Viticultors Grans escumosos i vins ecol\u00f2gics","article_publisher":"https:\/\/www.facebook.com\/TorelloViticultors\/","article_modified_time":"2026-03-25T13:58:37+00:00","og_image":[{"width":560,"height":560,"url":"https:\/\/torello.com\/wp-content\/uploads\/2023\/04\/Mas-de-la-Torrevella-075-cl.jpg","type":"image\/jpeg"}],"twitter_card":"summary_large_image","twitter_site":"@TorelloViticult","twitter_misc":{"Tiempo de lectura":"2 minutos"},"schema":{"@context":"https:\/\/schema.org","@graph":[{"@type":"WebPage","@id":"https:\/\/torello.com\/es\/producto\/mas-de-la-torrevella\/","url":"https:\/\/torello.com\/es\/producto\/mas-de-la-torrevella\/","name":"Mas de la Torrevella","isPartOf":{"@id":"https:\/\/torello.com\/es\/#website"},"primaryImageOfPage":{"@id":"https:\/\/torello.com\/es\/producto\/mas-de-la-torrevella\/#primaryimage"},"image":{"@id":"https:\/\/torello.com\/es\/producto\/mas-de-la-torrevella\/#primaryimage"},"thumbnailUrl":"https:\/\/torello.com\/wp-content\/uploads\/2023\/04\/Mas-de-la-Torrevella-075-cl.jpg","datePublished":"2023-04-26T13:39:41+00:00","dateModified":"2026-03-25T13:58:37+00:00","description":"Mas de la Torrevella es un vino blanco ecol\u00f3gico de la D.O. Pened\u00e8s 100% Chardonnay , uvas cultivadas sguiendo las normas de la agricultura ecol\u00f3gica.","breadcrumb":{"@id":"https:\/\/torello.com\/es\/producto\/mas-de-la-torrevella\/#breadcrumb"},"inLanguage":"es","potentialAction":[{"@type":"ReadAction","target":["https:\/\/torello.com\/es\/producto\/mas-de-la-torrevella\/"]}]},{"@type":"ImageObject","inLanguage":"es","@id":"https:\/\/torello.com\/es\/producto\/mas-de-la-torrevella\/#primaryimage","url":"https:\/\/torello.com\/wp-content\/uploads\/2023\/04\/Mas-de-la-Torrevella-075-cl.jpg","contentUrl":"https:\/\/torello.com\/wp-content\/uploads\/2023\/04\/Mas-de-la-Torrevella-075-cl.jpg","width":560,"height":560,"caption":"Mas de la Torrevella 0,75 cl"},{"@type":"BreadcrumbList","@id":"https:\/\/torello.com\/es\/producto\/mas-de-la-torrevella\/#breadcrumb","itemListElement":[{"@type":"ListItem","position":1,"name":"Inici","item":"https:\/\/torello.com\/es\/"},{"@type":"ListItem","position":2,"name":"Tienda online","item":"https:\/\/torello.com\/es\/tienda-online\/"},{"@type":"ListItem","position":3,"name":"Mas de la Torrevella 2024"}]},{"@type":"WebSite","@id":"https:\/\/torello.com\/es\/#website","url":"https:\/\/torello.com\/es\/","name":"Torell\u00f3 Viticultors Grans escumosos i vins ecol\u00f2gics","description":"Bodega familiar situada en el Pened\u00e9s, l\u00edder en la elaboraci\u00f3n de Cava y vinos, s\u00f3lo utiliza uva cultivada en su finca Can Mart\u00ed.","publisher":{"@id":"https:\/\/torello.com\/es\/#organization"},"potentialAction":[{"@type":"SearchAction","target":{"@type":"EntryPoint","urlTemplate":"https:\/\/torello.com\/es\/?s={search_term_string}"},"query-input":{"@type":"PropertyValueSpecification","valueRequired":true,"valueName":"search_term_string"}}],"inLanguage":"es"},{"@type":"Organization","@id":"https:\/\/torello.com\/es\/#organization","name":"Torell\u00f3 espumosos y vinos ecol\u00f3gicos","url":"https:\/\/torello.com\/es\/","logo":{"@type":"ImageObject","inLanguage":"es","@id":"https:\/\/torello.com\/es\/#\/schema\/logo\/image\/","url":"https:\/\/torello.com\/wp-content\/uploads\/2020\/02\/TORELLO_LOGO_4.png","contentUrl":"https:\/\/torello.com\/wp-content\/uploads\/2020\/02\/TORELLO_LOGO_4.png","width":278,"height":140,"caption":"Torell\u00f3 espumosos y vinos ecol\u00f3gicos"},"image":{"@id":"https:\/\/torello.com\/es\/#\/schema\/logo\/image\/"},"sameAs":["https:\/\/www.facebook.com\/TorelloViticultors\/","https:\/\/x.com\/TorelloViticult","https:\/\/www.instagram.com\/torelloviticultors\/","https:\/\/www.youtube.com\/user\/Torello57"]}]}},"_links":{"self":[{"href":"https:\/\/torello.com\/es\/wp-json\/wp\/v2\/product\/11671","targetHints":{"allow":["GET"]}}],"collection":[{"href":"https:\/\/torello.com\/es\/wp-json\/wp\/v2\/product"}],"about":[{"href":"https:\/\/torello.com\/es\/wp-json\/wp\/v2\/types\/product"}],"replies":[{"embeddable":true,"href":"https:\/\/torello.com\/es\/wp-json\/wp\/v2\/comments?post=11671"}],"wp:featuredmedia":[{"embeddable":true,"href":"https:\/\/torello.com\/es\/wp-json\/wp\/v2\/media\/11515"}],"wp:attachment":[{"href":"https:\/\/torello.com\/es\/wp-json\/wp\/v2\/media?parent=11671"}],"wp:term":[{"taxonomy":"product_brand","embeddable":true,"href":"https:\/\/torello.com\/es\/wp-json\/wp\/v2\/product_brand?post=11671"},{"taxonomy":"product_cat","embeddable":true,"href":"https:\/\/torello.com\/es\/wp-json\/wp\/v2\/product_cat?post=11671"},{"taxonomy":"product_tag","embeddable":true,"href":"https:\/\/torello.com\/es\/wp-json\/wp\/v2\/product_tag?post=11671"},{"taxonomy":"giftcard-category","embeddable":true,"href":"https:\/\/torello.com\/es\/wp-json\/wp\/v2\/giftcard-category?post=11671"}],"curies":[{"name":"wp","href":"https:\/\/api.w.org\/{rel}","templated":true}]}}