{"id":11677,"date":"2023-04-26T14:04:03","date_gmt":"2023-04-26T14:04:03","guid":{"rendered":"https:\/\/torello.com\/producte\/50-lliures-2022\/"},"modified":"2026-03-25T14:44:57","modified_gmt":"2026-03-25T13:44:57","slug":"50-lliures-2023","status":"publish","type":"product","link":"https:\/\/torello.com\/es\/producto\/50-lliures-2023\/","title":{"rendered":"50 Lliures 2023"},"content":{"rendered":"<p><span style=\"color: #937b4f;\"><strong>Variedades de uva<\/strong>:<\/span> 100 % xarel\u00b7lo.<\/p>\n<p><span style=\"color: #937b4f;\"><strong>Elaboraci\u00f3n<\/strong>:<\/span> En su elaboraci\u00f3n este vino pasa por cinco recipientes diferentes, antes de ser embotellado: \u00e1nfora, damajuana, huevo de cemento, dep\u00f3sito de acero inoxidable y barricas de roble y acacia. Estos dotan al vino de todo un conjunto de matices arom\u00e1ticos y gustativos que lo hacen muy especial y con vocaci\u00f3n de maduraci\u00f3n en botella.<\/p>\n<p><span style=\"color: #937b4f;\"><strong>Presentaci\u00f3n:<\/strong><\/span>\u00a0 75cl<\/p>\n<p><span style=\"color: #937b4f;\"><strong>Nota de cata:<\/strong><\/span>\u00a0 Vino limpio y brillante de color amarillo con matices de oro nuevo y reflejos verdes. En nariz es intenso y complejo. Aparecen notas de fruta de hueso madura y florales, como el hinojo y la manzanilla, propias de la variedad. Tambi\u00e9n, debido al paso del vino por varios recipientes de diferentes texturas, aparecen notas terrosas, de tostados y vainillas. En boca es untuoso, sedoso, con buena acidez que le da frescura. Se nota la frescura del inoxidable, la mineralidad del huevo de cemento, la cremosidad de la barrica, la terrosidad del \u00e1nfora y la reducci\u00f3n de la damajuana. Se confirman, tambi\u00e9n en boca, las notas de fruta madura como el albaricoque. Es un vino muy mediterr\u00e1neo.<\/p>\n<p><span style=\"color: #937b4f;\"><strong>Medallas y reconocimientos:<\/strong><\/span><\/p>\n<ul>\n<li>91 puntos Gu\u00eda Pe\u00f1\u00edn 2026.<\/li>\n<li>92 puntos art\u00edculo \u00abCatalonia Whites\u00bb &#8211; julio 2025 &#8211; Revista Decanter.<\/li>\n<\/ul>\n","protected":false},"excerpt":{"rendered":"<p><span style=\"color: #937b4f;\"><strong>Variedades de uva<\/strong>:<\/span> 100 % xarel\u00b7lo.<\/p>\n<p><span style=\"color: #937b4f;\"><strong>Elaboraci\u00f3n<\/strong>:<\/span> En su elaboraci\u00f3n este vino pasa por cinco recipientes diferentes, antes de ser embotellado: \u00e1nfora, damajuana, huevo de cemento, dep\u00f3sito de acero inoxidable y barricas de roble y acacia. Estos dotan al vino de todo un conjunto de matices arom\u00e1ticos y gustativos que lo hacen muy especial y con vocaci\u00f3n de maduraci\u00f3n en botella.<\/p>\n<p><span style=\"color: #937b4f;\"><strong>Presentaci\u00f3n:<\/strong><\/span>\u00a0 75cl<\/p>\n<p><span style=\"color: #937b4f;\"><strong>Nota de cata:<\/strong><\/span>\u00a0 Vino limpio y brillante de color amarillo con matices de oro nuevo y reflejos verdes. En nariz es intenso y complejo. Aparecen notas de fruta de hueso madura y florales, como el hinojo y la manzanilla, propias de la variedad. Tambi\u00e9n, debido al paso del vino por varios recipientes de diferentes texturas, aparecen notas terrosas, de tostados y vainillas. En boca es untuoso, sedoso, con buena acidez que le da frescura. Se nota la frescura del inoxidable, la mineralidad del huevo de cemento, la cremosidad de la barrica, la terrosidad del \u00e1nfora y la reducci\u00f3n de la damajuana. Se confirman, tambi\u00e9n en boca, las notas de fruta madura como el albaricoque. Es un vino muy mediterr\u00e1neo.<\/p>\n<p><span style=\"color: #937b4f;\"><strong>Medallas y reconocimientos:<\/strong><\/span><\/p>\n<ul>\n<li>91 puntos Gu\u00eda Pe\u00f1\u00edn 2026.<\/li>\n<li>92 puntos art\u00edculo \u00abCatalonia Whites\u00bb &#8211; julio 2025 &#8211; Revista Decanter.<\/li>\n<li><\/li>\n<\/ul>\n","protected":false},"featured_media":11518,"comment_status":"open","ping_status":"closed","template":"","meta":[],"product_brand":[],"product_cat":[896],"product_tag":[],"giftcard-category":[],"class_list":{"0":"post-11677","1":"product","2":"type-product","3":"status-publish","4":"has-post-thumbnail","6":"product_cat-penedes-es","8":"first","9":"instock","10":"shipping-taxable","11":"purchasable","12":"product-type-variable"},"exclude_global_add_ons":[],"addons":[],"yoast_head":"<!-- This site is optimized with the Yoast SEO plugin v26.7 - https:\/\/yoast.com\/wordpress\/plugins\/seo\/ -->\n<title>50 Lliures 2023 | Torell\u00f3 Viticultors Grans escumosos i vins ecol\u00f2gics<\/title>\n<meta name=\"robots\" content=\"index, follow, max-snippet:-1, max-image-preview:large, max-video-preview:-1\" \/>\n<link rel=\"canonical\" href=\"https:\/\/torello.com\/es\/producto\/50-lliures-2023\/\" \/>\n<meta property=\"og:locale\" content=\"es_ES\" \/>\n<meta property=\"og:type\" content=\"article\" \/>\n<meta property=\"og:title\" content=\"50 Lliures 2023 | Torell\u00f3 Viticultors Grans escumosos i vins ecol\u00f2gics\" \/>\n<meta property=\"og:description\" content=\"Variedades de uva: 100 % xarel\u00b7lo.  Elaboraci\u00f3n: En su elaboraci\u00f3n este vino pasa por cinco recipientes diferentes, antes de ser embotellado: \u00e1nfora, damajuana, huevo de cemento, dep\u00f3sito de acero inoxidable y barricas de roble y acacia. Estos dotan al vino de todo un conjunto de matices arom\u00e1ticos y gustativos que lo hacen muy especial y con vocaci\u00f3n de maduraci\u00f3n en botella.  Presentaci\u00f3n:\u00a0 75cl  Nota de cata:\u00a0 Vino limpio y brillante de color amarillo con matices de oro nuevo y reflejos verdes. En nariz es intenso y complejo. Aparecen notas de fruta de hueso madura y florales, como el hinojo y la manzanilla, propias de la variedad. Tambi\u00e9n, debido al paso del vino por varios recipientes de diferentes texturas, aparecen notas terrosas, de tostados y vainillas. En boca es untuoso, sedoso, con buena acidez que le da frescura. Se nota la frescura del inoxidable, la mineralidad del huevo de cemento, la cremosidad de la barrica, la terrosidad del \u00e1nfora y la reducci\u00f3n de la damajuana. Se confirman, tambi\u00e9n en boca, las notas de fruta madura como el albaricoque. Es un vino muy mediterr\u00e1neo.  Medallas y reconocimientos:   91 puntos Gu\u00eda Pe\u00f1\u00edn 2026.  92 puntos art\u00edculo &quot;Catalonia Whites&quot; - julio 2025 - Revista Decanter.\" \/>\n<meta property=\"og:url\" content=\"https:\/\/torello.com\/es\/producto\/50-lliures-2023\/\" \/>\n<meta property=\"og:site_name\" content=\"Torell\u00f3 Viticultors Grans escumosos i vins ecol\u00f2gics\" \/>\n<meta property=\"article:publisher\" content=\"https:\/\/www.facebook.com\/TorelloViticultors\/\" \/>\n<meta property=\"article:modified_time\" content=\"2026-03-25T13:44:57+00:00\" \/>\n<meta property=\"og:image\" content=\"https:\/\/torello.com\/wp-content\/uploads\/2023\/04\/50-Llliures-2022-075-cl.jpg\" \/>\n\t<meta property=\"og:image:width\" content=\"560\" \/>\n\t<meta property=\"og:image:height\" content=\"560\" \/>\n\t<meta property=\"og:image:type\" content=\"image\/jpeg\" \/>\n<meta name=\"twitter:card\" content=\"summary_large_image\" \/>\n<meta name=\"twitter:site\" content=\"@TorelloViticult\" \/>\n<meta name=\"twitter:label1\" content=\"Tiempo de lectura\" \/>\n\t<meta name=\"twitter:data1\" content=\"2 minutos\" \/>\n<script type=\"application\/ld+json\" class=\"yoast-schema-graph\">{\"@context\":\"https:\/\/schema.org\",\"@graph\":[{\"@type\":\"WebPage\",\"@id\":\"https:\/\/torello.com\/es\/producto\/50-lliures-2023\/\",\"url\":\"https:\/\/torello.com\/es\/producto\/50-lliures-2023\/\",\"name\":\"50 Lliures 2023 | Torell\u00f3 Viticultors Grans escumosos i vins ecol\u00f2gics\",\"isPartOf\":{\"@id\":\"https:\/\/torello.com\/es\/#website\"},\"primaryImageOfPage\":{\"@id\":\"https:\/\/torello.com\/es\/producto\/50-lliures-2023\/#primaryimage\"},\"image\":{\"@id\":\"https:\/\/torello.com\/es\/producto\/50-lliures-2023\/#primaryimage\"},\"thumbnailUrl\":\"https:\/\/torello.com\/wp-content\/uploads\/2023\/04\/50-Llliures-2022-075-cl.jpg\",\"datePublished\":\"2023-04-26T14:04:03+00:00\",\"dateModified\":\"2026-03-25T13:44:57+00:00\",\"breadcrumb\":{\"@id\":\"https:\/\/torello.com\/es\/producto\/50-lliures-2023\/#breadcrumb\"},\"inLanguage\":\"es\",\"potentialAction\":[{\"@type\":\"ReadAction\",\"target\":[\"https:\/\/torello.com\/es\/producto\/50-lliures-2023\/\"]}]},{\"@type\":\"ImageObject\",\"inLanguage\":\"es\",\"@id\":\"https:\/\/torello.com\/es\/producto\/50-lliures-2023\/#primaryimage\",\"url\":\"https:\/\/torello.com\/wp-content\/uploads\/2023\/04\/50-Llliures-2022-075-cl.jpg\",\"contentUrl\":\"https:\/\/torello.com\/wp-content\/uploads\/2023\/04\/50-Llliures-2022-075-cl.jpg\",\"width\":560,\"height\":560,\"caption\":\"50 Llliures 2022 0,75 cl\"},{\"@type\":\"BreadcrumbList\",\"@id\":\"https:\/\/torello.com\/es\/producto\/50-lliures-2023\/#breadcrumb\",\"itemListElement\":[{\"@type\":\"ListItem\",\"position\":1,\"name\":\"Inici\",\"item\":\"https:\/\/torello.com\/es\/\"},{\"@type\":\"ListItem\",\"position\":2,\"name\":\"Tienda online\",\"item\":\"https:\/\/torello.com\/es\/tienda-online\/\"},{\"@type\":\"ListItem\",\"position\":3,\"name\":\"50 Lliures 2023\"}]},{\"@type\":\"WebSite\",\"@id\":\"https:\/\/torello.com\/es\/#website\",\"url\":\"https:\/\/torello.com\/es\/\",\"name\":\"Torell\u00f3 Viticultors Grans escumosos i vins ecol\u00f2gics\",\"description\":\"Bodega familiar situada en el Pened\u00e9s, l\u00edder en la elaboraci\u00f3n de Cava y vinos, s\u00f3lo utiliza uva cultivada en su finca Can Mart\u00ed.\",\"publisher\":{\"@id\":\"https:\/\/torello.com\/es\/#organization\"},\"potentialAction\":[{\"@type\":\"SearchAction\",\"target\":{\"@type\":\"EntryPoint\",\"urlTemplate\":\"https:\/\/torello.com\/es\/?s={search_term_string}\"},\"query-input\":{\"@type\":\"PropertyValueSpecification\",\"valueRequired\":true,\"valueName\":\"search_term_string\"}}],\"inLanguage\":\"es\"},{\"@type\":\"Organization\",\"@id\":\"https:\/\/torello.com\/es\/#organization\",\"name\":\"Torell\u00f3 espumosos y vinos ecol\u00f3gicos\",\"url\":\"https:\/\/torello.com\/es\/\",\"logo\":{\"@type\":\"ImageObject\",\"inLanguage\":\"es\",\"@id\":\"https:\/\/torello.com\/es\/#\/schema\/logo\/image\/\",\"url\":\"https:\/\/torello.com\/wp-content\/uploads\/2020\/02\/TORELLO_LOGO_4.png\",\"contentUrl\":\"https:\/\/torello.com\/wp-content\/uploads\/2020\/02\/TORELLO_LOGO_4.png\",\"width\":278,\"height\":140,\"caption\":\"Torell\u00f3 espumosos y vinos ecol\u00f3gicos\"},\"image\":{\"@id\":\"https:\/\/torello.com\/es\/#\/schema\/logo\/image\/\"},\"sameAs\":[\"https:\/\/www.facebook.com\/TorelloViticultors\/\",\"https:\/\/x.com\/TorelloViticult\",\"https:\/\/www.instagram.com\/torelloviticultors\/\",\"https:\/\/www.youtube.com\/user\/Torello57\"]}]}<\/script>\n<!-- \/ Yoast SEO plugin. -->","yoast_head_json":{"title":"50 Lliures 2023 | Torell\u00f3 Viticultors Grans escumosos i vins ecol\u00f2gics","robots":{"index":"index","follow":"follow","max-snippet":"max-snippet:-1","max-image-preview":"max-image-preview:large","max-video-preview":"max-video-preview:-1"},"canonical":"https:\/\/torello.com\/es\/producto\/50-lliures-2023\/","og_locale":"es_ES","og_type":"article","og_title":"50 Lliures 2023 | Torell\u00f3 Viticultors Grans escumosos i vins ecol\u00f2gics","og_description":"Variedades de uva: 100 % xarel\u00b7lo.  Elaboraci\u00f3n: En su elaboraci\u00f3n este vino pasa por cinco recipientes diferentes, antes de ser embotellado: \u00e1nfora, damajuana, huevo de cemento, dep\u00f3sito de acero inoxidable y barricas de roble y acacia. Estos dotan al vino de todo un conjunto de matices arom\u00e1ticos y gustativos que lo hacen muy especial y con vocaci\u00f3n de maduraci\u00f3n en botella.  Presentaci\u00f3n:\u00a0 75cl  Nota de cata:\u00a0 Vino limpio y brillante de color amarillo con matices de oro nuevo y reflejos verdes. En nariz es intenso y complejo. Aparecen notas de fruta de hueso madura y florales, como el hinojo y la manzanilla, propias de la variedad. Tambi\u00e9n, debido al paso del vino por varios recipientes de diferentes texturas, aparecen notas terrosas, de tostados y vainillas. En boca es untuoso, sedoso, con buena acidez que le da frescura. Se nota la frescura del inoxidable, la mineralidad del huevo de cemento, la cremosidad de la barrica, la terrosidad del \u00e1nfora y la reducci\u00f3n de la damajuana. Se confirman, tambi\u00e9n en boca, las notas de fruta madura como el albaricoque. Es un vino muy mediterr\u00e1neo.  Medallas y reconocimientos:   91 puntos Gu\u00eda Pe\u00f1\u00edn 2026.  92 puntos art\u00edculo \"Catalonia Whites\" - julio 2025 - Revista Decanter.","og_url":"https:\/\/torello.com\/es\/producto\/50-lliures-2023\/","og_site_name":"Torell\u00f3 Viticultors Grans escumosos i vins ecol\u00f2gics","article_publisher":"https:\/\/www.facebook.com\/TorelloViticultors\/","article_modified_time":"2026-03-25T13:44:57+00:00","og_image":[{"width":560,"height":560,"url":"https:\/\/torello.com\/wp-content\/uploads\/2023\/04\/50-Llliures-2022-075-cl.jpg","type":"image\/jpeg"}],"twitter_card":"summary_large_image","twitter_site":"@TorelloViticult","twitter_misc":{"Tiempo de lectura":"2 minutos"},"schema":{"@context":"https:\/\/schema.org","@graph":[{"@type":"WebPage","@id":"https:\/\/torello.com\/es\/producto\/50-lliures-2023\/","url":"https:\/\/torello.com\/es\/producto\/50-lliures-2023\/","name":"50 Lliures 2023 | Torell\u00f3 Viticultors Grans escumosos i vins ecol\u00f2gics","isPartOf":{"@id":"https:\/\/torello.com\/es\/#website"},"primaryImageOfPage":{"@id":"https:\/\/torello.com\/es\/producto\/50-lliures-2023\/#primaryimage"},"image":{"@id":"https:\/\/torello.com\/es\/producto\/50-lliures-2023\/#primaryimage"},"thumbnailUrl":"https:\/\/torello.com\/wp-content\/uploads\/2023\/04\/50-Llliures-2022-075-cl.jpg","datePublished":"2023-04-26T14:04:03+00:00","dateModified":"2026-03-25T13:44:57+00:00","breadcrumb":{"@id":"https:\/\/torello.com\/es\/producto\/50-lliures-2023\/#breadcrumb"},"inLanguage":"es","potentialAction":[{"@type":"ReadAction","target":["https:\/\/torello.com\/es\/producto\/50-lliures-2023\/"]}]},{"@type":"ImageObject","inLanguage":"es","@id":"https:\/\/torello.com\/es\/producto\/50-lliures-2023\/#primaryimage","url":"https:\/\/torello.com\/wp-content\/uploads\/2023\/04\/50-Llliures-2022-075-cl.jpg","contentUrl":"https:\/\/torello.com\/wp-content\/uploads\/2023\/04\/50-Llliures-2022-075-cl.jpg","width":560,"height":560,"caption":"50 Llliures 2022 0,75 cl"},{"@type":"BreadcrumbList","@id":"https:\/\/torello.com\/es\/producto\/50-lliures-2023\/#breadcrumb","itemListElement":[{"@type":"ListItem","position":1,"name":"Inici","item":"https:\/\/torello.com\/es\/"},{"@type":"ListItem","position":2,"name":"Tienda online","item":"https:\/\/torello.com\/es\/tienda-online\/"},{"@type":"ListItem","position":3,"name":"50 Lliures 2023"}]},{"@type":"WebSite","@id":"https:\/\/torello.com\/es\/#website","url":"https:\/\/torello.com\/es\/","name":"Torell\u00f3 Viticultors Grans escumosos i vins ecol\u00f2gics","description":"Bodega familiar situada en el Pened\u00e9s, l\u00edder en la elaboraci\u00f3n de Cava y vinos, s\u00f3lo utiliza uva cultivada en su finca Can Mart\u00ed.","publisher":{"@id":"https:\/\/torello.com\/es\/#organization"},"potentialAction":[{"@type":"SearchAction","target":{"@type":"EntryPoint","urlTemplate":"https:\/\/torello.com\/es\/?s={search_term_string}"},"query-input":{"@type":"PropertyValueSpecification","valueRequired":true,"valueName":"search_term_string"}}],"inLanguage":"es"},{"@type":"Organization","@id":"https:\/\/torello.com\/es\/#organization","name":"Torell\u00f3 espumosos y vinos ecol\u00f3gicos","url":"https:\/\/torello.com\/es\/","logo":{"@type":"ImageObject","inLanguage":"es","@id":"https:\/\/torello.com\/es\/#\/schema\/logo\/image\/","url":"https:\/\/torello.com\/wp-content\/uploads\/2020\/02\/TORELLO_LOGO_4.png","contentUrl":"https:\/\/torello.com\/wp-content\/uploads\/2020\/02\/TORELLO_LOGO_4.png","width":278,"height":140,"caption":"Torell\u00f3 espumosos y vinos ecol\u00f3gicos"},"image":{"@id":"https:\/\/torello.com\/es\/#\/schema\/logo\/image\/"},"sameAs":["https:\/\/www.facebook.com\/TorelloViticultors\/","https:\/\/x.com\/TorelloViticult","https:\/\/www.instagram.com\/torelloviticultors\/","https:\/\/www.youtube.com\/user\/Torello57"]}]}},"_links":{"self":[{"href":"https:\/\/torello.com\/es\/wp-json\/wp\/v2\/product\/11677","targetHints":{"allow":["GET"]}}],"collection":[{"href":"https:\/\/torello.com\/es\/wp-json\/wp\/v2\/product"}],"about":[{"href":"https:\/\/torello.com\/es\/wp-json\/wp\/v2\/types\/product"}],"replies":[{"embeddable":true,"href":"https:\/\/torello.com\/es\/wp-json\/wp\/v2\/comments?post=11677"}],"wp:featuredmedia":[{"embeddable":true,"href":"https:\/\/torello.com\/es\/wp-json\/wp\/v2\/media\/11518"}],"wp:attachment":[{"href":"https:\/\/torello.com\/es\/wp-json\/wp\/v2\/media?parent=11677"}],"wp:term":[{"taxonomy":"product_brand","embeddable":true,"href":"https:\/\/torello.com\/es\/wp-json\/wp\/v2\/product_brand?post=11677"},{"taxonomy":"product_cat","embeddable":true,"href":"https:\/\/torello.com\/es\/wp-json\/wp\/v2\/product_cat?post=11677"},{"taxonomy":"product_tag","embeddable":true,"href":"https:\/\/torello.com\/es\/wp-json\/wp\/v2\/product_tag?post=11677"},{"taxonomy":"giftcard-category","embeddable":true,"href":"https:\/\/torello.com\/es\/wp-json\/wp\/v2\/giftcard-category?post=11677"}],"curies":[{"name":"wp","href":"https:\/\/api.w.org\/{rel}","templated":true}]}}