{"id":19939,"date":"2024-09-17T11:24:02","date_gmt":"2024-09-17T11:24:02","guid":{"rendered":"https:\/\/torello.com\/producto\/caixa-de-fusta-amb-ampolla-de-torello-tradicional-brut-nature-i-ampolla-de-raimonda\/"},"modified":"2026-03-25T12:45:46","modified_gmt":"2026-03-25T11:45:46","slug":"caixa-de-fusta-amb-ampolla-de-torello-tradicional-brut-nature-i-ampolla-de-raimonda","status":"publish","type":"product","link":"https:\/\/torello.com\/es\/producto\/caixa-de-fusta-amb-ampolla-de-torello-tradicional-brut-nature-i-ampolla-de-raimonda\/","title":{"rendered":"Caja de madera con botella de Torell\u00f3 Tradicional Brut Nature y Raimonda"},"content":{"rendered":"<p>Caja de madera con botella de Torell\u00f3 Tradicional Brut Nature y Raimonda<\/p>\n","protected":false},"excerpt":{"rendered":"<p>Caja de madera con botella de Torell\u00f3 Tradicional Brut Nature y Raimonda<\/p>\n","protected":false},"featured_media":19937,"comment_status":"open","ping_status":"closed","template":"","meta":[],"product_brand":[],"product_cat":[899],"product_tag":[951,1160,1161,1162],"giftcard-category":[],"class_list":{"0":"post-19939","1":"product","2":"type-product","3":"status-publish","4":"has-post-thumbnail","6":"product_cat-presentaciones-especiales","7":"product_tag-brut-nature-es","8":"product_tag-corpinnat-es","9":"product_tag-do-penedes-es","10":"product_tag-vi-negre-es","12":"first","13":"instock","14":"shipping-taxable","15":"purchasable","16":"product-type-simple"},"exclude_global_add_ons":[],"addons":[],"yoast_head":"<!-- This site is optimized with the Yoast SEO plugin v26.7 - https:\/\/yoast.com\/wordpress\/plugins\/seo\/ -->\n<title>Caja de madera con botella de Torell\u00f3 Tradicional Brut Nature y Raimonda | Torell\u00f3 Viticultors Grans escumosos i vins ecol\u00f2gics<\/title>\n<meta name=\"description\" content=\"Caja de madera con botella de Torell\u00f3 Tradicional Brut Nature y Raimonda\" \/>\n<meta name=\"robots\" content=\"index, follow, max-snippet:-1, max-image-preview:large, max-video-preview:-1\" \/>\n<link rel=\"canonical\" href=\"https:\/\/torello.com\/es\/producto\/caixa-de-fusta-amb-ampolla-de-torello-tradicional-brut-nature-i-ampolla-de-raimonda\/\" \/>\n<meta property=\"og:locale\" content=\"es_ES\" \/>\n<meta property=\"og:type\" content=\"article\" \/>\n<meta property=\"og:title\" content=\"Caja de madera con botella de Torell\u00f3 Tradicional Brut Nature y Raimonda | Torell\u00f3 Viticultors Grans escumosos i vins ecol\u00f2gics\" \/>\n<meta property=\"og:description\" content=\"Caja de madera con botella de Torell\u00f3 Tradicional Brut Nature y Raimonda\" \/>\n<meta property=\"og:url\" content=\"https:\/\/torello.com\/es\/producto\/caixa-de-fusta-amb-ampolla-de-torello-tradicional-brut-nature-i-ampolla-de-raimonda\/\" \/>\n<meta property=\"og:site_name\" content=\"Torell\u00f3 Viticultors Grans escumosos i vins ecol\u00f2gics\" \/>\n<meta property=\"article:publisher\" content=\"https:\/\/www.facebook.com\/TorelloViticultors\/\" \/>\n<meta property=\"article:modified_time\" content=\"2026-03-25T11:45:46+00:00\" \/>\n<meta property=\"og:image\" content=\"https:\/\/torello.com\/wp-content\/uploads\/2024\/09\/Duo-Caixa-de-fusta-amb-ampolla-Brut-Nature-i-Raimonda.jpg\" \/>\n\t<meta property=\"og:image:width\" content=\"560\" \/>\n\t<meta property=\"og:image:height\" content=\"560\" \/>\n\t<meta property=\"og:image:type\" content=\"image\/jpeg\" \/>\n<meta name=\"twitter:card\" content=\"summary_large_image\" \/>\n<meta name=\"twitter:site\" content=\"@TorelloViticult\" \/>\n<meta name=\"twitter:label1\" content=\"Tiempo de lectura\" \/>\n\t<meta name=\"twitter:data1\" content=\"1 minuto\" \/>\n<script type=\"application\/ld+json\" class=\"yoast-schema-graph\">{\"@context\":\"https:\/\/schema.org\",\"@graph\":[{\"@type\":\"WebPage\",\"@id\":\"https:\/\/torello.com\/es\/producto\/caixa-de-fusta-amb-ampolla-de-torello-tradicional-brut-nature-i-ampolla-de-raimonda\/\",\"url\":\"https:\/\/torello.com\/es\/producto\/caixa-de-fusta-amb-ampolla-de-torello-tradicional-brut-nature-i-ampolla-de-raimonda\/\",\"name\":\"Caja de madera con botella de Torell\u00f3 Tradicional Brut Nature y Raimonda | Torell\u00f3 Viticultors Grans escumosos i vins ecol\u00f2gics\",\"isPartOf\":{\"@id\":\"https:\/\/torello.com\/es\/#website\"},\"primaryImageOfPage\":{\"@id\":\"https:\/\/torello.com\/es\/producto\/caixa-de-fusta-amb-ampolla-de-torello-tradicional-brut-nature-i-ampolla-de-raimonda\/#primaryimage\"},\"image\":{\"@id\":\"https:\/\/torello.com\/es\/producto\/caixa-de-fusta-amb-ampolla-de-torello-tradicional-brut-nature-i-ampolla-de-raimonda\/#primaryimage\"},\"thumbnailUrl\":\"https:\/\/torello.com\/wp-content\/uploads\/2024\/09\/Duo-Caixa-de-fusta-amb-ampolla-Brut-Nature-i-Raimonda.jpg\",\"datePublished\":\"2024-09-17T11:24:02+00:00\",\"dateModified\":\"2026-03-25T11:45:46+00:00\",\"description\":\"Caja de madera con botella de Torell\u00f3 Tradicional Brut Nature y Raimonda\",\"breadcrumb\":{\"@id\":\"https:\/\/torello.com\/es\/producto\/caixa-de-fusta-amb-ampolla-de-torello-tradicional-brut-nature-i-ampolla-de-raimonda\/#breadcrumb\"},\"inLanguage\":\"es\",\"potentialAction\":[{\"@type\":\"ReadAction\",\"target\":[\"https:\/\/torello.com\/es\/producto\/caixa-de-fusta-amb-ampolla-de-torello-tradicional-brut-nature-i-ampolla-de-raimonda\/\"]}]},{\"@type\":\"ImageObject\",\"inLanguage\":\"es\",\"@id\":\"https:\/\/torello.com\/es\/producto\/caixa-de-fusta-amb-ampolla-de-torello-tradicional-brut-nature-i-ampolla-de-raimonda\/#primaryimage\",\"url\":\"https:\/\/torello.com\/wp-content\/uploads\/2024\/09\/Duo-Caixa-de-fusta-amb-ampolla-Brut-Nature-i-Raimonda.jpg\",\"contentUrl\":\"https:\/\/torello.com\/wp-content\/uploads\/2024\/09\/Duo-Caixa-de-fusta-amb-ampolla-Brut-Nature-i-Raimonda.jpg\",\"width\":560,\"height\":560,\"caption\":\"Caixa de fusta amb ampolla Brut Nature i Raimonda\"},{\"@type\":\"BreadcrumbList\",\"@id\":\"https:\/\/torello.com\/es\/producto\/caixa-de-fusta-amb-ampolla-de-torello-tradicional-brut-nature-i-ampolla-de-raimonda\/#breadcrumb\",\"itemListElement\":[{\"@type\":\"ListItem\",\"position\":1,\"name\":\"Inici\",\"item\":\"https:\/\/torello.com\/es\/\"},{\"@type\":\"ListItem\",\"position\":2,\"name\":\"Tienda online\",\"item\":\"https:\/\/torello.com\/es\/tienda-online\/\"},{\"@type\":\"ListItem\",\"position\":3,\"name\":\"Caja de madera con botella de Torell\u00f3 Tradicional Brut Nature y Raimonda\"}]},{\"@type\":\"WebSite\",\"@id\":\"https:\/\/torello.com\/es\/#website\",\"url\":\"https:\/\/torello.com\/es\/\",\"name\":\"Torell\u00f3 Viticultors Grans escumosos i vins ecol\u00f2gics\",\"description\":\"Bodega familiar situada en el Pened\u00e9s, l\u00edder en la elaboraci\u00f3n de Cava y vinos, s\u00f3lo utiliza uva cultivada en su finca Can Mart\u00ed.\",\"publisher\":{\"@id\":\"https:\/\/torello.com\/es\/#organization\"},\"potentialAction\":[{\"@type\":\"SearchAction\",\"target\":{\"@type\":\"EntryPoint\",\"urlTemplate\":\"https:\/\/torello.com\/es\/?s={search_term_string}\"},\"query-input\":{\"@type\":\"PropertyValueSpecification\",\"valueRequired\":true,\"valueName\":\"search_term_string\"}}],\"inLanguage\":\"es\"},{\"@type\":\"Organization\",\"@id\":\"https:\/\/torello.com\/es\/#organization\",\"name\":\"Torell\u00f3 espumosos y vinos ecol\u00f3gicos\",\"url\":\"https:\/\/torello.com\/es\/\",\"logo\":{\"@type\":\"ImageObject\",\"inLanguage\":\"es\",\"@id\":\"https:\/\/torello.com\/es\/#\/schema\/logo\/image\/\",\"url\":\"https:\/\/torello.com\/wp-content\/uploads\/2020\/02\/TORELLO_LOGO_4.png\",\"contentUrl\":\"https:\/\/torello.com\/wp-content\/uploads\/2020\/02\/TORELLO_LOGO_4.png\",\"width\":278,\"height\":140,\"caption\":\"Torell\u00f3 espumosos y vinos ecol\u00f3gicos\"},\"image\":{\"@id\":\"https:\/\/torello.com\/es\/#\/schema\/logo\/image\/\"},\"sameAs\":[\"https:\/\/www.facebook.com\/TorelloViticultors\/\",\"https:\/\/x.com\/TorelloViticult\",\"https:\/\/www.instagram.com\/torelloviticultors\/\",\"https:\/\/www.youtube.com\/user\/Torello57\"]}]}<\/script>\n<!-- \/ Yoast SEO plugin. -->","yoast_head_json":{"title":"Caja de madera con botella de Torell\u00f3 Tradicional Brut Nature y Raimonda | Torell\u00f3 Viticultors Grans escumosos i vins ecol\u00f2gics","description":"Caja de madera con botella de Torell\u00f3 Tradicional Brut Nature y Raimonda","robots":{"index":"index","follow":"follow","max-snippet":"max-snippet:-1","max-image-preview":"max-image-preview:large","max-video-preview":"max-video-preview:-1"},"canonical":"https:\/\/torello.com\/es\/producto\/caixa-de-fusta-amb-ampolla-de-torello-tradicional-brut-nature-i-ampolla-de-raimonda\/","og_locale":"es_ES","og_type":"article","og_title":"Caja de madera con botella de Torell\u00f3 Tradicional Brut Nature y Raimonda | Torell\u00f3 Viticultors Grans escumosos i vins ecol\u00f2gics","og_description":"Caja de madera con botella de Torell\u00f3 Tradicional Brut Nature y Raimonda","og_url":"https:\/\/torello.com\/es\/producto\/caixa-de-fusta-amb-ampolla-de-torello-tradicional-brut-nature-i-ampolla-de-raimonda\/","og_site_name":"Torell\u00f3 Viticultors Grans escumosos i vins ecol\u00f2gics","article_publisher":"https:\/\/www.facebook.com\/TorelloViticultors\/","article_modified_time":"2026-03-25T11:45:46+00:00","og_image":[{"width":560,"height":560,"url":"https:\/\/torello.com\/wp-content\/uploads\/2024\/09\/Duo-Caixa-de-fusta-amb-ampolla-Brut-Nature-i-Raimonda.jpg","type":"image\/jpeg"}],"twitter_card":"summary_large_image","twitter_site":"@TorelloViticult","twitter_misc":{"Tiempo de lectura":"1 minuto"},"schema":{"@context":"https:\/\/schema.org","@graph":[{"@type":"WebPage","@id":"https:\/\/torello.com\/es\/producto\/caixa-de-fusta-amb-ampolla-de-torello-tradicional-brut-nature-i-ampolla-de-raimonda\/","url":"https:\/\/torello.com\/es\/producto\/caixa-de-fusta-amb-ampolla-de-torello-tradicional-brut-nature-i-ampolla-de-raimonda\/","name":"Caja de madera con botella de Torell\u00f3 Tradicional Brut Nature y Raimonda | Torell\u00f3 Viticultors Grans escumosos i vins ecol\u00f2gics","isPartOf":{"@id":"https:\/\/torello.com\/es\/#website"},"primaryImageOfPage":{"@id":"https:\/\/torello.com\/es\/producto\/caixa-de-fusta-amb-ampolla-de-torello-tradicional-brut-nature-i-ampolla-de-raimonda\/#primaryimage"},"image":{"@id":"https:\/\/torello.com\/es\/producto\/caixa-de-fusta-amb-ampolla-de-torello-tradicional-brut-nature-i-ampolla-de-raimonda\/#primaryimage"},"thumbnailUrl":"https:\/\/torello.com\/wp-content\/uploads\/2024\/09\/Duo-Caixa-de-fusta-amb-ampolla-Brut-Nature-i-Raimonda.jpg","datePublished":"2024-09-17T11:24:02+00:00","dateModified":"2026-03-25T11:45:46+00:00","description":"Caja de madera con botella de Torell\u00f3 Tradicional Brut Nature y Raimonda","breadcrumb":{"@id":"https:\/\/torello.com\/es\/producto\/caixa-de-fusta-amb-ampolla-de-torello-tradicional-brut-nature-i-ampolla-de-raimonda\/#breadcrumb"},"inLanguage":"es","potentialAction":[{"@type":"ReadAction","target":["https:\/\/torello.com\/es\/producto\/caixa-de-fusta-amb-ampolla-de-torello-tradicional-brut-nature-i-ampolla-de-raimonda\/"]}]},{"@type":"ImageObject","inLanguage":"es","@id":"https:\/\/torello.com\/es\/producto\/caixa-de-fusta-amb-ampolla-de-torello-tradicional-brut-nature-i-ampolla-de-raimonda\/#primaryimage","url":"https:\/\/torello.com\/wp-content\/uploads\/2024\/09\/Duo-Caixa-de-fusta-amb-ampolla-Brut-Nature-i-Raimonda.jpg","contentUrl":"https:\/\/torello.com\/wp-content\/uploads\/2024\/09\/Duo-Caixa-de-fusta-amb-ampolla-Brut-Nature-i-Raimonda.jpg","width":560,"height":560,"caption":"Caixa de fusta amb ampolla Brut Nature i Raimonda"},{"@type":"BreadcrumbList","@id":"https:\/\/torello.com\/es\/producto\/caixa-de-fusta-amb-ampolla-de-torello-tradicional-brut-nature-i-ampolla-de-raimonda\/#breadcrumb","itemListElement":[{"@type":"ListItem","position":1,"name":"Inici","item":"https:\/\/torello.com\/es\/"},{"@type":"ListItem","position":2,"name":"Tienda online","item":"https:\/\/torello.com\/es\/tienda-online\/"},{"@type":"ListItem","position":3,"name":"Caja de madera con botella de Torell\u00f3 Tradicional Brut Nature y Raimonda"}]},{"@type":"WebSite","@id":"https:\/\/torello.com\/es\/#website","url":"https:\/\/torello.com\/es\/","name":"Torell\u00f3 Viticultors Grans escumosos i vins ecol\u00f2gics","description":"Bodega familiar situada en el Pened\u00e9s, l\u00edder en la elaboraci\u00f3n de Cava y vinos, s\u00f3lo utiliza uva cultivada en su finca Can Mart\u00ed.","publisher":{"@id":"https:\/\/torello.com\/es\/#organization"},"potentialAction":[{"@type":"SearchAction","target":{"@type":"EntryPoint","urlTemplate":"https:\/\/torello.com\/es\/?s={search_term_string}"},"query-input":{"@type":"PropertyValueSpecification","valueRequired":true,"valueName":"search_term_string"}}],"inLanguage":"es"},{"@type":"Organization","@id":"https:\/\/torello.com\/es\/#organization","name":"Torell\u00f3 espumosos y vinos ecol\u00f3gicos","url":"https:\/\/torello.com\/es\/","logo":{"@type":"ImageObject","inLanguage":"es","@id":"https:\/\/torello.com\/es\/#\/schema\/logo\/image\/","url":"https:\/\/torello.com\/wp-content\/uploads\/2020\/02\/TORELLO_LOGO_4.png","contentUrl":"https:\/\/torello.com\/wp-content\/uploads\/2020\/02\/TORELLO_LOGO_4.png","width":278,"height":140,"caption":"Torell\u00f3 espumosos y vinos ecol\u00f3gicos"},"image":{"@id":"https:\/\/torello.com\/es\/#\/schema\/logo\/image\/"},"sameAs":["https:\/\/www.facebook.com\/TorelloViticultors\/","https:\/\/x.com\/TorelloViticult","https:\/\/www.instagram.com\/torelloviticultors\/","https:\/\/www.youtube.com\/user\/Torello57"]}]}},"_links":{"self":[{"href":"https:\/\/torello.com\/es\/wp-json\/wp\/v2\/product\/19939","targetHints":{"allow":["GET"]}}],"collection":[{"href":"https:\/\/torello.com\/es\/wp-json\/wp\/v2\/product"}],"about":[{"href":"https:\/\/torello.com\/es\/wp-json\/wp\/v2\/types\/product"}],"replies":[{"embeddable":true,"href":"https:\/\/torello.com\/es\/wp-json\/wp\/v2\/comments?post=19939"}],"wp:featuredmedia":[{"embeddable":true,"href":"https:\/\/torello.com\/es\/wp-json\/wp\/v2\/media\/19937"}],"wp:attachment":[{"href":"https:\/\/torello.com\/es\/wp-json\/wp\/v2\/media?parent=19939"}],"wp:term":[{"taxonomy":"product_brand","embeddable":true,"href":"https:\/\/torello.com\/es\/wp-json\/wp\/v2\/product_brand?post=19939"},{"taxonomy":"product_cat","embeddable":true,"href":"https:\/\/torello.com\/es\/wp-json\/wp\/v2\/product_cat?post=19939"},{"taxonomy":"product_tag","embeddable":true,"href":"https:\/\/torello.com\/es\/wp-json\/wp\/v2\/product_tag?post=19939"},{"taxonomy":"giftcard-category","embeddable":true,"href":"https:\/\/torello.com\/es\/wp-json\/wp\/v2\/giftcard-category?post=19939"}],"curies":[{"name":"wp","href":"https:\/\/api.w.org\/{rel}","templated":true}]}}