{"id":22044,"date":"2025-04-22T09:21:58","date_gmt":"2025-04-22T09:21:58","guid":{"rendered":"https:\/\/torello.com\/?post_type=product&#038;p=22044"},"modified":"2026-03-25T11:04:57","modified_gmt":"2026-03-25T10:04:57","slug":"malvarello","status":"publish","type":"product","link":"https:\/\/torello.com\/es\/producto\/malvarello\/","title":{"rendered":"Malvarel\u00b7lo"},"content":{"rendered":"<h2>Un vino blanco joven, fresco y afrutado.<\/h2>\n<p><strong>Variedades<\/strong>: 51% Xarel\u00b7lo y 49% Malvasia de nuestra finca ecol\u00f3gica Can Mart\u00ed.<\/p>\n<p><strong>Elaboraci\u00f3n<\/strong>: Las dos variedades comparten un ciclo vegetativo similar, lo que permite vendimiarlas el mismo dia y prensarlas juntas. Hemos incorporado a nuestras prensas la tecnolog\u00eda Inertys que protege al mosto de la oxidaci\u00f3n durante la fase de prensado. La fermentaci\u00f3n tiene lugar en dep\u00f3sitos de acero inoxidable durante 20 dias, a baja temperatura para conservar todos los aromas varietales y fermentativos.<\/p>\n<p><strong>Nota de cata<\/strong>: Amarillo pajizo brillante, con reflejos dorados. En nariz es sugerente, con aromas afrutados y dulces, amielados. Notas florales, delicadas, pero con intensidad. Plenitud frutal con una buena dosis de fruta de hueso, notas ex\u00f3ticas de albaricoque, melocot\u00f3n, ciruela y pera de agua En boca es muy frutal, aparece la fruta blanca, fruta de hueso. Frescura c\u00edtrica, buena acidez. Es un vino muy agradable y sabroso.<\/p>\n","protected":false},"excerpt":{"rendered":"<h2>Un vino blanco joven, fresco y afrutado.<\/h2>\n<p><strong>Variedades<\/strong>: 51% Xarel\u00b7lo y 49% Malvasia de nuestra finca ecol\u00f3gica Can Mart\u00ed.<\/p>\n<p><strong>Elaboraci\u00f3n<\/strong>: Las dos variedades comparten un ciclo vegetativo similar, lo que permite vendimiarlas el mismo dia y prensarlas juntas. Hemos incorporado a nuestras prensas la tecnolog\u00eda Inertys que protege al mosto de la oxidaci\u00f3n durante la fase de prensado. La fermentaci\u00f3n tiene lugar en dep\u00f3sitos de acero inoxidable durante 20 dias, a baja temperatura para conservar todos los aromas varietales y fermentativos.<\/p>\n<p><strong>Nota de cata<\/strong>: Amarillo pajizo brillante, con reflejos dorados. En nariz es sugerente, con aromas afrutados y dulces, amielados. Notas florales, delicadas, pero con intensidad. Plenitud frutal con una buena dosis de fruta de hueso, notas ex\u00f3ticas de albaricoque, melocot\u00f3n, ciruela y pera de agua En boca es muy frutal, aparece la fruta blanca, fruta de hueso. Frescura c\u00edtrica, buena acidez. Es un vino muy agradable y sabroso.<\/p>\n","protected":false},"featured_media":22034,"comment_status":"open","ping_status":"closed","template":"","meta":[],"product_brand":[],"product_cat":[896],"product_tag":[],"giftcard-category":[],"class_list":{"0":"post-22044","1":"product","2":"type-product","3":"status-publish","4":"has-post-thumbnail","6":"product_cat-penedes-es","8":"first","9":"instock","10":"shipping-taxable","11":"purchasable","12":"product-type-variable"},"exclude_global_add_ons":[],"addons":[],"yoast_head":"<!-- This site is optimized with the Yoast SEO plugin v26.7 - https:\/\/yoast.com\/wordpress\/plugins\/seo\/ -->\n<title>Malvarel\u00b7lo<\/title>\n<meta name=\"description\" content=\"Malvarel\u00b7lo es un vino blanco ecol\u00f3gico de la D.O. Pened\u00e8s, elaborado con las variedades Xarel\u00b7lo y Malvasia. Las dos variedades se prensan conjuntamente.\" \/>\n<meta name=\"robots\" content=\"index, follow, max-snippet:-1, max-image-preview:large, max-video-preview:-1\" \/>\n<link rel=\"canonical\" href=\"https:\/\/torello.com\/es\/producto\/malvarello\/\" \/>\n<meta property=\"og:locale\" content=\"es_ES\" \/>\n<meta property=\"og:type\" content=\"article\" \/>\n<meta property=\"og:title\" content=\"Malvarel\u00b7lo\" \/>\n<meta property=\"og:description\" content=\"Malvarel\u00b7lo es un vino blanco ecol\u00f3gico de la D.O. Pened\u00e8s, elaborado con las variedades Xarel\u00b7lo y Malvasia. Las dos variedades se prensan conjuntamente.\" \/>\n<meta property=\"og:url\" content=\"https:\/\/torello.com\/es\/producto\/malvarello\/\" \/>\n<meta property=\"og:site_name\" content=\"Torell\u00f3 Viticultors Grans escumosos i vins ecol\u00f2gics\" \/>\n<meta property=\"article:publisher\" content=\"https:\/\/www.facebook.com\/TorelloViticultors\/\" \/>\n<meta property=\"article:modified_time\" content=\"2026-03-25T10:04:57+00:00\" \/>\n<meta property=\"og:image\" content=\"https:\/\/torello.com\/wp-content\/uploads\/2025\/04\/Malvarello.jpg\" \/>\n\t<meta property=\"og:image:width\" content=\"560\" \/>\n\t<meta property=\"og:image:height\" content=\"560\" \/>\n\t<meta property=\"og:image:type\" content=\"image\/jpeg\" \/>\n<meta name=\"twitter:card\" content=\"summary_large_image\" \/>\n<meta name=\"twitter:site\" content=\"@TorelloViticult\" \/>\n<meta name=\"twitter:label1\" content=\"Tiempo de lectura\" \/>\n\t<meta name=\"twitter:data1\" content=\"2 minutos\" \/>\n<script type=\"application\/ld+json\" class=\"yoast-schema-graph\">{\"@context\":\"https:\/\/schema.org\",\"@graph\":[{\"@type\":\"WebPage\",\"@id\":\"https:\/\/torello.com\/es\/producto\/malvarello\/\",\"url\":\"https:\/\/torello.com\/es\/producto\/malvarello\/\",\"name\":\"Malvarel\u00b7lo\",\"isPartOf\":{\"@id\":\"https:\/\/torello.com\/es\/#website\"},\"primaryImageOfPage\":{\"@id\":\"https:\/\/torello.com\/es\/producto\/malvarello\/#primaryimage\"},\"image\":{\"@id\":\"https:\/\/torello.com\/es\/producto\/malvarello\/#primaryimage\"},\"thumbnailUrl\":\"https:\/\/torello.com\/wp-content\/uploads\/2025\/04\/Malvarello.jpg\",\"datePublished\":\"2025-04-22T09:21:58+00:00\",\"dateModified\":\"2026-03-25T10:04:57+00:00\",\"description\":\"Malvarel\u00b7lo es un vino blanco ecol\u00f3gico de la D.O. Pened\u00e8s, elaborado con las variedades Xarel\u00b7lo y Malvasia. Las dos variedades se prensan conjuntamente.\",\"breadcrumb\":{\"@id\":\"https:\/\/torello.com\/es\/producto\/malvarello\/#breadcrumb\"},\"inLanguage\":\"es\",\"potentialAction\":[{\"@type\":\"ReadAction\",\"target\":[\"https:\/\/torello.com\/es\/producto\/malvarello\/\"]}]},{\"@type\":\"ImageObject\",\"inLanguage\":\"es\",\"@id\":\"https:\/\/torello.com\/es\/producto\/malvarello\/#primaryimage\",\"url\":\"https:\/\/torello.com\/wp-content\/uploads\/2025\/04\/Malvarello.jpg\",\"contentUrl\":\"https:\/\/torello.com\/wp-content\/uploads\/2025\/04\/Malvarello.jpg\",\"width\":560,\"height\":560,\"caption\":\"vi blanc de la D.O. Pened\u00e8s Malvare\u00b7lo de Torell\u00f3 Viticultors\"},{\"@type\":\"BreadcrumbList\",\"@id\":\"https:\/\/torello.com\/es\/producto\/malvarello\/#breadcrumb\",\"itemListElement\":[{\"@type\":\"ListItem\",\"position\":1,\"name\":\"Inici\",\"item\":\"https:\/\/torello.com\/es\/\"},{\"@type\":\"ListItem\",\"position\":2,\"name\":\"Tienda online\",\"item\":\"https:\/\/torello.com\/es\/tienda-online\/\"},{\"@type\":\"ListItem\",\"position\":3,\"name\":\"Malvarel\u00b7lo\"}]},{\"@type\":\"WebSite\",\"@id\":\"https:\/\/torello.com\/es\/#website\",\"url\":\"https:\/\/torello.com\/es\/\",\"name\":\"Torell\u00f3 Viticultors Grans escumosos i vins ecol\u00f2gics\",\"description\":\"Bodega familiar situada en el Pened\u00e9s, l\u00edder en la elaboraci\u00f3n de Cava y vinos, s\u00f3lo utiliza uva cultivada en su finca Can Mart\u00ed.\",\"publisher\":{\"@id\":\"https:\/\/torello.com\/es\/#organization\"},\"potentialAction\":[{\"@type\":\"SearchAction\",\"target\":{\"@type\":\"EntryPoint\",\"urlTemplate\":\"https:\/\/torello.com\/es\/?s={search_term_string}\"},\"query-input\":{\"@type\":\"PropertyValueSpecification\",\"valueRequired\":true,\"valueName\":\"search_term_string\"}}],\"inLanguage\":\"es\"},{\"@type\":\"Organization\",\"@id\":\"https:\/\/torello.com\/es\/#organization\",\"name\":\"Torell\u00f3 espumosos y vinos ecol\u00f3gicos\",\"url\":\"https:\/\/torello.com\/es\/\",\"logo\":{\"@type\":\"ImageObject\",\"inLanguage\":\"es\",\"@id\":\"https:\/\/torello.com\/es\/#\/schema\/logo\/image\/\",\"url\":\"https:\/\/torello.com\/wp-content\/uploads\/2020\/02\/TORELLO_LOGO_4.png\",\"contentUrl\":\"https:\/\/torello.com\/wp-content\/uploads\/2020\/02\/TORELLO_LOGO_4.png\",\"width\":278,\"height\":140,\"caption\":\"Torell\u00f3 espumosos y vinos ecol\u00f3gicos\"},\"image\":{\"@id\":\"https:\/\/torello.com\/es\/#\/schema\/logo\/image\/\"},\"sameAs\":[\"https:\/\/www.facebook.com\/TorelloViticultors\/\",\"https:\/\/x.com\/TorelloViticult\",\"https:\/\/www.instagram.com\/torelloviticultors\/\",\"https:\/\/www.youtube.com\/user\/Torello57\"]}]}<\/script>\n<!-- \/ Yoast SEO plugin. -->","yoast_head_json":{"title":"Malvarel\u00b7lo","description":"Malvarel\u00b7lo es un vino blanco ecol\u00f3gico de la D.O. Pened\u00e8s, elaborado con las variedades Xarel\u00b7lo y Malvasia. Las dos variedades se prensan conjuntamente.","robots":{"index":"index","follow":"follow","max-snippet":"max-snippet:-1","max-image-preview":"max-image-preview:large","max-video-preview":"max-video-preview:-1"},"canonical":"https:\/\/torello.com\/es\/producto\/malvarello\/","og_locale":"es_ES","og_type":"article","og_title":"Malvarel\u00b7lo","og_description":"Malvarel\u00b7lo es un vino blanco ecol\u00f3gico de la D.O. Pened\u00e8s, elaborado con las variedades Xarel\u00b7lo y Malvasia. Las dos variedades se prensan conjuntamente.","og_url":"https:\/\/torello.com\/es\/producto\/malvarello\/","og_site_name":"Torell\u00f3 Viticultors Grans escumosos i vins ecol\u00f2gics","article_publisher":"https:\/\/www.facebook.com\/TorelloViticultors\/","article_modified_time":"2026-03-25T10:04:57+00:00","og_image":[{"width":560,"height":560,"url":"https:\/\/torello.com\/wp-content\/uploads\/2025\/04\/Malvarello.jpg","type":"image\/jpeg"}],"twitter_card":"summary_large_image","twitter_site":"@TorelloViticult","twitter_misc":{"Tiempo de lectura":"2 minutos"},"schema":{"@context":"https:\/\/schema.org","@graph":[{"@type":"WebPage","@id":"https:\/\/torello.com\/es\/producto\/malvarello\/","url":"https:\/\/torello.com\/es\/producto\/malvarello\/","name":"Malvarel\u00b7lo","isPartOf":{"@id":"https:\/\/torello.com\/es\/#website"},"primaryImageOfPage":{"@id":"https:\/\/torello.com\/es\/producto\/malvarello\/#primaryimage"},"image":{"@id":"https:\/\/torello.com\/es\/producto\/malvarello\/#primaryimage"},"thumbnailUrl":"https:\/\/torello.com\/wp-content\/uploads\/2025\/04\/Malvarello.jpg","datePublished":"2025-04-22T09:21:58+00:00","dateModified":"2026-03-25T10:04:57+00:00","description":"Malvarel\u00b7lo es un vino blanco ecol\u00f3gico de la D.O. Pened\u00e8s, elaborado con las variedades Xarel\u00b7lo y Malvasia. Las dos variedades se prensan conjuntamente.","breadcrumb":{"@id":"https:\/\/torello.com\/es\/producto\/malvarello\/#breadcrumb"},"inLanguage":"es","potentialAction":[{"@type":"ReadAction","target":["https:\/\/torello.com\/es\/producto\/malvarello\/"]}]},{"@type":"ImageObject","inLanguage":"es","@id":"https:\/\/torello.com\/es\/producto\/malvarello\/#primaryimage","url":"https:\/\/torello.com\/wp-content\/uploads\/2025\/04\/Malvarello.jpg","contentUrl":"https:\/\/torello.com\/wp-content\/uploads\/2025\/04\/Malvarello.jpg","width":560,"height":560,"caption":"vi blanc de la D.O. Pened\u00e8s Malvare\u00b7lo de Torell\u00f3 Viticultors"},{"@type":"BreadcrumbList","@id":"https:\/\/torello.com\/es\/producto\/malvarello\/#breadcrumb","itemListElement":[{"@type":"ListItem","position":1,"name":"Inici","item":"https:\/\/torello.com\/es\/"},{"@type":"ListItem","position":2,"name":"Tienda online","item":"https:\/\/torello.com\/es\/tienda-online\/"},{"@type":"ListItem","position":3,"name":"Malvarel\u00b7lo"}]},{"@type":"WebSite","@id":"https:\/\/torello.com\/es\/#website","url":"https:\/\/torello.com\/es\/","name":"Torell\u00f3 Viticultors Grans escumosos i vins ecol\u00f2gics","description":"Bodega familiar situada en el Pened\u00e9s, l\u00edder en la elaboraci\u00f3n de Cava y vinos, s\u00f3lo utiliza uva cultivada en su finca Can Mart\u00ed.","publisher":{"@id":"https:\/\/torello.com\/es\/#organization"},"potentialAction":[{"@type":"SearchAction","target":{"@type":"EntryPoint","urlTemplate":"https:\/\/torello.com\/es\/?s={search_term_string}"},"query-input":{"@type":"PropertyValueSpecification","valueRequired":true,"valueName":"search_term_string"}}],"inLanguage":"es"},{"@type":"Organization","@id":"https:\/\/torello.com\/es\/#organization","name":"Torell\u00f3 espumosos y vinos ecol\u00f3gicos","url":"https:\/\/torello.com\/es\/","logo":{"@type":"ImageObject","inLanguage":"es","@id":"https:\/\/torello.com\/es\/#\/schema\/logo\/image\/","url":"https:\/\/torello.com\/wp-content\/uploads\/2020\/02\/TORELLO_LOGO_4.png","contentUrl":"https:\/\/torello.com\/wp-content\/uploads\/2020\/02\/TORELLO_LOGO_4.png","width":278,"height":140,"caption":"Torell\u00f3 espumosos y vinos ecol\u00f3gicos"},"image":{"@id":"https:\/\/torello.com\/es\/#\/schema\/logo\/image\/"},"sameAs":["https:\/\/www.facebook.com\/TorelloViticultors\/","https:\/\/x.com\/TorelloViticult","https:\/\/www.instagram.com\/torelloviticultors\/","https:\/\/www.youtube.com\/user\/Torello57"]}]}},"_links":{"self":[{"href":"https:\/\/torello.com\/es\/wp-json\/wp\/v2\/product\/22044","targetHints":{"allow":["GET"]}}],"collection":[{"href":"https:\/\/torello.com\/es\/wp-json\/wp\/v2\/product"}],"about":[{"href":"https:\/\/torello.com\/es\/wp-json\/wp\/v2\/types\/product"}],"replies":[{"embeddable":true,"href":"https:\/\/torello.com\/es\/wp-json\/wp\/v2\/comments?post=22044"}],"wp:featuredmedia":[{"embeddable":true,"href":"https:\/\/torello.com\/es\/wp-json\/wp\/v2\/media\/22034"}],"wp:attachment":[{"href":"https:\/\/torello.com\/es\/wp-json\/wp\/v2\/media?parent=22044"}],"wp:term":[{"taxonomy":"product_brand","embeddable":true,"href":"https:\/\/torello.com\/es\/wp-json\/wp\/v2\/product_brand?post=22044"},{"taxonomy":"product_cat","embeddable":true,"href":"https:\/\/torello.com\/es\/wp-json\/wp\/v2\/product_cat?post=22044"},{"taxonomy":"product_tag","embeddable":true,"href":"https:\/\/torello.com\/es\/wp-json\/wp\/v2\/product_tag?post=22044"},{"taxonomy":"giftcard-category","embeddable":true,"href":"https:\/\/torello.com\/es\/wp-json\/wp\/v2\/giftcard-category?post=22044"}],"curies":[{"name":"wp","href":"https:\/\/api.w.org\/{rel}","templated":true}]}}