{"id":22702,"date":"2025-06-09T13:57:28","date_gmt":"2025-06-09T13:57:28","guid":{"rendered":"https:\/\/torello.com\/producto\/caixa-de-6-vins-ecologics-per-aquest-estiu\/"},"modified":"2025-06-13T13:10:31","modified_gmt":"2025-06-13T13:10:31","slug":"caja-de-6-vinos-ecologicos-para-este-verano","status":"publish","type":"product","link":"https:\/\/torello.com\/es\/producto\/caja-de-6-vinos-ecologicos-para-este-verano\/","title":{"rendered":"Caja de 6 vinos ecol\u00f3gicos para este verano"},"content":{"rendered":"<h2>\u00a1Haz que este verano sea irrepetible!<\/h2>\n<h3>\u00a1Te acompa\u00f1amos con nuestros vinos!<\/h3>\n<h4>Todo por 75\u20ac y env\u00edo gratuito.<\/h4>\n<p>\u00a1Las <strong>comidas y cenas que celebrar\u00e9is<\/strong> este verano siempre ser\u00e1n recordadas! En la piscina, terraza o en el jard\u00edn. Con amigos, fam\u00edlia o pareja.<\/p>\n<p>\u00a1Por esto, Torell\u00f3 te propone los vinos que te acompa\u00f1ar\u00e1n este verano!<\/p>\n<p>Una selecci\u00f3n de <strong>6 vinos ecol\u00f3gicos<\/strong> elaborados con uva, mayoritariamente, de nuestra Finca Can Mart\u00ed, vendimiada a mano, vinificado en nuestra bodega, y\u2026 \u00a1muy mediterr\u00e1neos!<\/p>\n<p>Todo por 75\u20ac y env\u00edo gratuito.<\/p>\n<ul>\n<li><strong>Malvarel\u00b7lo 2024<\/strong>: Un vino blanco, joven, fresco y afrutado. Malvas\u00eda y Xarel\u00b7lo de nuestra Finca Can Mart\u00ed, prensadas conjuntamente.<\/li>\n<li><strong>Mas de la Torrevella 2024<\/strong>: Un vino blanco ligero, de grado moderado y con un punto mineral. Elaborado con la variedad Chardonnay que le aporta notas de fruta tropical. Microvinificaci\u00f3n.<\/li>\n<li><strong>Petjades 2024<\/strong>: Un vino rosado que es un cl\u00e1sico de la casa, potente y gastron\u00f3mico. Elaborado con la variedad Merlot.<\/li>\n<li><strong>Rosa d&#8217;Abril 2024<\/strong>: Un vino rosado fresco y elegante. Macabeo, Syrah y Malvas\u00eda, prensadas conjuntamente.<\/li>\n<li><strong>50 Lliures 2023<\/strong>: Un vino blanco elegante y complejo. 5 texturas de la fermentaci\u00f3n en: huevo de cemento, jarra, barrica, damajuana e inoxidable. 100% Xarel\u00b7lo. Microvinificaci\u00f3n.<\/li>\n<li><strong>Gran Crisalys 2023<\/strong>: Un vino blanco, potente, complejo y estructurado. Xarel\u00b7lo y Chardonnay, con una crianza de 3 meses en barrica de roble franc\u00e9s y 1 a\u00f1o de crianza en botella. Microvinificaci\u00f3n.<\/li>\n<\/ul>\n","protected":false},"excerpt":{"rendered":"<h2>\u00a1Haz que este verano sea irrepetible!<\/h2>\n<h3>\u00a1Te acompa\u00f1amos con nuestros vinos!<\/h3>\n<h4>Todo por 75\u20ac y env\u00edo gratuito.<\/h4>\n<p>\u00a1Las <strong>comidas y cenas que celebrar\u00e9is<\/strong> este verano siempre ser\u00e1n recordadas! En la piscina, terraza o en el jard\u00edn. Con amigos, fam\u00edlia o pareja.<\/p>\n[caption id=\"attachment_22718\" align=\"alignnone\" width=\"500\"]<img decoding=\"async\" class=\"size-full wp-image-22718\" src=\"https:\/\/torello.com\/wp-content\/uploads\/2025\/06\/Malvarelo-Petjades-y-Mas-de-la-Torrevella.jpg\" alt=\"Malvarelo, Petjades y Mas de la Torrevella\" width=\"500\" height=\"500\" srcset=\"https:\/\/torello.com\/wp-content\/uploads\/2025\/06\/Malvarelo-Petjades-y-Mas-de-la-Torrevella-66x66.jpg 66w, https:\/\/torello.com\/wp-content\/uploads\/2025\/06\/Malvarelo-Petjades-y-Mas-de-la-Torrevella-150x150.jpg 150w, https:\/\/torello.com\/wp-content\/uploads\/2025\/06\/Malvarelo-Petjades-y-Mas-de-la-Torrevella-196x196.jpg 196w, https:\/\/torello.com\/wp-content\/uploads\/2025\/06\/Malvarelo-Petjades-y-Mas-de-la-Torrevella-200x200.jpg 200w, https:\/\/torello.com\/wp-content\/uploads\/2025\/06\/Malvarelo-Petjades-y-Mas-de-la-Torrevella-300x300.jpg 300w, https:\/\/torello.com\/wp-content\/uploads\/2025\/06\/Malvarelo-Petjades-y-Mas-de-la-Torrevella-400x400.jpg 400w, https:\/\/torello.com\/wp-content\/uploads\/2025\/06\/Malvarelo-Petjades-y-Mas-de-la-Torrevella.jpg 500w\" sizes=\"(max-width: 500px) 100vw, 500px\" \/> Malvarelo, Petjades y Mas de la Torrevella[\/caption]\n<p>\u00a1Por esto, Torell\u00f3 te propone los vinos que te acompa\u00f1ar\u00e1n este verano!<\/p>\n<p>Una selecci\u00f3n de <strong>6 vinos ecol\u00f3gicos<\/strong> elaborados con uva, mayoritariamente, de nuestra Finca Can Mart\u00ed, vendimiada a mano, vinificado en nuestra bodega, y\u2026 \u00a1muy mediterr\u00e1neos!<\/p>\n<p>Todo por 75\u20ac y env\u00edo gratuito.<\/p>\n<ul>\n<li><strong>Malvarel\u00b7lo 2024<\/strong>: Un vino blanco, joven, fresco y afrutado. Malvas\u00eda y Xarel\u00b7lo de nuestra Finca Can Mart\u00ed, prensadas conjuntamente.<\/li>\n<li><strong>Mas de la Torrevella 2024<\/strong>: Un vino blanco ligero, de grado moderado y con un punto mineral. Elaborado con la variedad Chardonnay que le aporta notas de fruta tropical. Microvinificaci\u00f3n.<\/li>\n<li><strong>Petjades 2024<\/strong>: Un vino rosado que es un cl\u00e1sico de la casa, potente y gastron\u00f3mico. Elaborado con la variedad Merlot.<\/li>\n<li><strong>Rosa d&#8217;Abril 2024<\/strong>: Un vino rosado fresco y elegante. Macabeo, Syrah y Malvas\u00eda, prensadas conjuntamente.<\/li>\n<li><strong>50 Lliures 2023<\/strong>: Un vino blanco elegante y complejo. 5 texturas de la fermentaci\u00f3n en: huevo de cemento, jarra, barrica, damajuana e inoxidable. 100% Xarel\u00b7lo. Microvinificaci\u00f3n.<\/li>\n<li><strong>Gran Crisalys 2023<\/strong>: Un vino blanco, potente, complejo y estructurado. Xarel\u00b7lo y Chardonnay, con una crianza de 3 meses en barrica de roble franc\u00e9s y 1 a\u00f1o de crianza en botella. Microvinificaci\u00f3n.<\/li>\n<\/ul>\n[caption id=\"attachment_22715\" align=\"alignnone\" width=\"500\"]<img decoding=\"async\" class=\"size-full wp-image-22715\" src=\"https:\/\/torello.com\/wp-content\/uploads\/2025\/06\/Gran-Crisalys-Rosa-de-Abril-y-50-Lliures.jpg\" alt=\"Gran Crisalys, Rosa de Abril y 50 Lliures\" width=\"500\" height=\"500\" srcset=\"https:\/\/torello.com\/wp-content\/uploads\/2025\/06\/Gran-Crisalys-Rosa-de-Abril-y-50-Lliures-66x66.jpg 66w, https:\/\/torello.com\/wp-content\/uploads\/2025\/06\/Gran-Crisalys-Rosa-de-Abril-y-50-Lliures-150x150.jpg 150w, https:\/\/torello.com\/wp-content\/uploads\/2025\/06\/Gran-Crisalys-Rosa-de-Abril-y-50-Lliures-196x196.jpg 196w, https:\/\/torello.com\/wp-content\/uploads\/2025\/06\/Gran-Crisalys-Rosa-de-Abril-y-50-Lliures-200x200.jpg 200w, https:\/\/torello.com\/wp-content\/uploads\/2025\/06\/Gran-Crisalys-Rosa-de-Abril-y-50-Lliures-300x300.jpg 300w, https:\/\/torello.com\/wp-content\/uploads\/2025\/06\/Gran-Crisalys-Rosa-de-Abril-y-50-Lliures-400x400.jpg 400w, https:\/\/torello.com\/wp-content\/uploads\/2025\/06\/Gran-Crisalys-Rosa-de-Abril-y-50-Lliures.jpg 500w\" sizes=\"(max-width: 500px) 100vw, 500px\" \/> Gran Crisalys, Rosa de Abril y 50 Lliures[\/caption]\n","protected":false},"featured_media":22708,"comment_status":"open","ping_status":"closed","template":"","meta":[],"product_brand":[],"product_cat":[896],"product_tag":[],"giftcard-category":[],"class_list":{"0":"post-22702","1":"product","2":"type-product","3":"status-publish","4":"has-post-thumbnail","6":"product_cat-penedes-es","7":"product_shipping_class-enviament-gratuit-productes-es","9":"first","10":"instock","11":"shipping-taxable","12":"purchasable","13":"product-type-simple"},"exclude_global_add_ons":[],"addons":[],"yoast_head":"<!-- This site is optimized with the Yoast SEO plugin v26.7 - https:\/\/yoast.com\/wordpress\/plugins\/seo\/ -->\n<title>Caja de 6 vinos ecol\u00f3gicos para este verano | Torell\u00f3 Viticultors Grans escumosos i vins ecol\u00f2gics<\/title>\n<meta name=\"robots\" content=\"index, follow, max-snippet:-1, max-image-preview:large, max-video-preview:-1\" \/>\n<link rel=\"canonical\" href=\"https:\/\/torello.com\/es\/producto\/caja-de-6-vinos-ecologicos-para-este-verano\/\" \/>\n<meta property=\"og:locale\" content=\"es_ES\" \/>\n<meta property=\"og:type\" content=\"article\" \/>\n<meta property=\"og:title\" content=\"Caja de 6 vinos ecol\u00f3gicos para este verano | Torell\u00f3 Viticultors Grans escumosos i vins ecol\u00f2gics\" \/>\n<meta property=\"og:description\" content=\"\u00a1Haz que este verano sea irrepetible! \u00a1Te acompa\u00f1amos con nuestros vinos! Todo por 75\u20ac y env\u00edo gratuito. \u00a1Las comidas y cenas que celebrar\u00e9is este verano siempre ser\u00e1n recordadas! En la piscina, terraza o en el jard\u00edn. Con amigos, fam\u00edlia o pareja.    \u00a1Por esto, Torell\u00f3 te propone los vinos que te acompa\u00f1ar\u00e1n este verano!  Una selecci\u00f3n de 6 vinos ecol\u00f3gicos elaborados con uva, mayoritariamente, de nuestra Finca Can Mart\u00ed, vendimiada a mano, vinificado en nuestra bodega, y\u2026 \u00a1muy mediterr\u00e1neos!  Todo por 75\u20ac y env\u00edo gratuito.   Malvarel\u00b7lo 2024: Un vino blanco, joven, fresco y afrutado. Malvas\u00eda y Xarel\u00b7lo de nuestra Finca Can Mart\u00ed, prensadas conjuntamente.  Mas de la Torrevella 2024: Un vino blanco ligero, de grado moderado y con un punto mineral. Elaborado con la variedad Chardonnay que le aporta notas de fruta tropical. Microvinificaci\u00f3n.  Petjades 2024: Un vino rosado que es un cl\u00e1sico de la casa, potente y gastron\u00f3mico. Elaborado con la variedad Merlot.  Rosa d&#039;Abril 2024: Un vino rosado fresco y elegante. Macabeo, Syrah y Malvas\u00eda, prensadas conjuntamente.  50 Lliures 2023: Un vino blanco elegante y complejo. 5 texturas de la fermentaci\u00f3n en: huevo de cemento, jarra, barrica, damajuana e inoxidable. 100% Xarel\u00b7lo. Microvinificaci\u00f3n.  Gran Crisalys 2023: Un vino blanco, potente, complejo y estructurado. Xarel\u00b7lo y Chardonnay, con una crianza de 3 meses en barrica de roble franc\u00e9s y 1 a\u00f1o de crianza en botella. Microvinificaci\u00f3n.\" \/>\n<meta property=\"og:url\" content=\"https:\/\/torello.com\/es\/producto\/caja-de-6-vinos-ecologicos-para-este-verano\/\" \/>\n<meta property=\"og:site_name\" content=\"Torell\u00f3 Viticultors Grans escumosos i vins ecol\u00f2gics\" \/>\n<meta property=\"article:publisher\" content=\"https:\/\/www.facebook.com\/TorelloViticultors\/\" \/>\n<meta property=\"article:modified_time\" content=\"2025-06-13T13:10:31+00:00\" \/>\n<meta property=\"og:image\" content=\"https:\/\/torello.com\/wp-content\/uploads\/2025\/06\/6-VINS-PER-AQUEST-ESTIU.jpg\" \/>\n\t<meta property=\"og:image:width\" content=\"500\" \/>\n\t<meta property=\"og:image:height\" content=\"500\" \/>\n\t<meta property=\"og:image:type\" content=\"image\/jpeg\" \/>\n<meta name=\"twitter:card\" content=\"summary_large_image\" \/>\n<meta name=\"twitter:site\" content=\"@TorelloViticult\" \/>\n<meta name=\"twitter:label1\" content=\"Tiempo de lectura\" \/>\n\t<meta name=\"twitter:data1\" content=\"2 minutos\" \/>\n<script type=\"application\/ld+json\" class=\"yoast-schema-graph\">{\"@context\":\"https:\/\/schema.org\",\"@graph\":[{\"@type\":\"WebPage\",\"@id\":\"https:\/\/torello.com\/es\/producto\/caja-de-6-vinos-ecologicos-para-este-verano\/\",\"url\":\"https:\/\/torello.com\/es\/producto\/caja-de-6-vinos-ecologicos-para-este-verano\/\",\"name\":\"Caja de 6 vinos ecol\u00f3gicos para este verano | Torell\u00f3 Viticultors Grans escumosos i vins ecol\u00f2gics\",\"isPartOf\":{\"@id\":\"https:\/\/torello.com\/es\/#website\"},\"primaryImageOfPage\":{\"@id\":\"https:\/\/torello.com\/es\/producto\/caja-de-6-vinos-ecologicos-para-este-verano\/#primaryimage\"},\"image\":{\"@id\":\"https:\/\/torello.com\/es\/producto\/caja-de-6-vinos-ecologicos-para-este-verano\/#primaryimage\"},\"thumbnailUrl\":\"https:\/\/torello.com\/wp-content\/uploads\/2025\/06\/6-VINS-PER-AQUEST-ESTIU.jpg\",\"datePublished\":\"2025-06-09T13:57:28+00:00\",\"dateModified\":\"2025-06-13T13:10:31+00:00\",\"breadcrumb\":{\"@id\":\"https:\/\/torello.com\/es\/producto\/caja-de-6-vinos-ecologicos-para-este-verano\/#breadcrumb\"},\"inLanguage\":\"es\",\"potentialAction\":[{\"@type\":\"ReadAction\",\"target\":[\"https:\/\/torello.com\/es\/producto\/caja-de-6-vinos-ecologicos-para-este-verano\/\"]}]},{\"@type\":\"ImageObject\",\"inLanguage\":\"es\",\"@id\":\"https:\/\/torello.com\/es\/producto\/caja-de-6-vinos-ecologicos-para-este-verano\/#primaryimage\",\"url\":\"https:\/\/torello.com\/wp-content\/uploads\/2025\/06\/6-VINS-PER-AQUEST-ESTIU.jpg\",\"contentUrl\":\"https:\/\/torello.com\/wp-content\/uploads\/2025\/06\/6-VINS-PER-AQUEST-ESTIU.jpg\",\"width\":500,\"height\":500,\"caption\":\"6 VINS PER AQUEST ESTIU\"},{\"@type\":\"BreadcrumbList\",\"@id\":\"https:\/\/torello.com\/es\/producto\/caja-de-6-vinos-ecologicos-para-este-verano\/#breadcrumb\",\"itemListElement\":[{\"@type\":\"ListItem\",\"position\":1,\"name\":\"Inici\",\"item\":\"https:\/\/torello.com\/es\/\"},{\"@type\":\"ListItem\",\"position\":2,\"name\":\"Tienda online\",\"item\":\"https:\/\/torello.com\/es\/tienda-online\/\"},{\"@type\":\"ListItem\",\"position\":3,\"name\":\"Caja de 6 vinos ecol\u00f3gicos para este verano\"}]},{\"@type\":\"WebSite\",\"@id\":\"https:\/\/torello.com\/es\/#website\",\"url\":\"https:\/\/torello.com\/es\/\",\"name\":\"Torell\u00f3 Viticultors Grans escumosos i vins ecol\u00f2gics\",\"description\":\"Bodega familiar situada en el Pened\u00e9s, l\u00edder en la elaboraci\u00f3n de Cava y vinos, s\u00f3lo utiliza uva cultivada en su finca Can Mart\u00ed.\",\"publisher\":{\"@id\":\"https:\/\/torello.com\/es\/#organization\"},\"potentialAction\":[{\"@type\":\"SearchAction\",\"target\":{\"@type\":\"EntryPoint\",\"urlTemplate\":\"https:\/\/torello.com\/es\/?s={search_term_string}\"},\"query-input\":{\"@type\":\"PropertyValueSpecification\",\"valueRequired\":true,\"valueName\":\"search_term_string\"}}],\"inLanguage\":\"es\"},{\"@type\":\"Organization\",\"@id\":\"https:\/\/torello.com\/es\/#organization\",\"name\":\"Torell\u00f3 espumosos y vinos ecol\u00f3gicos\",\"url\":\"https:\/\/torello.com\/es\/\",\"logo\":{\"@type\":\"ImageObject\",\"inLanguage\":\"es\",\"@id\":\"https:\/\/torello.com\/es\/#\/schema\/logo\/image\/\",\"url\":\"https:\/\/torello.com\/wp-content\/uploads\/2020\/02\/TORELLO_LOGO_4.png\",\"contentUrl\":\"https:\/\/torello.com\/wp-content\/uploads\/2020\/02\/TORELLO_LOGO_4.png\",\"width\":278,\"height\":140,\"caption\":\"Torell\u00f3 espumosos y vinos ecol\u00f3gicos\"},\"image\":{\"@id\":\"https:\/\/torello.com\/es\/#\/schema\/logo\/image\/\"},\"sameAs\":[\"https:\/\/www.facebook.com\/TorelloViticultors\/\",\"https:\/\/x.com\/TorelloViticult\",\"https:\/\/www.instagram.com\/torelloviticultors\/\",\"https:\/\/www.youtube.com\/user\/Torello57\"]}]}<\/script>\n<!-- \/ Yoast SEO plugin. -->","yoast_head_json":{"title":"Caja de 6 vinos ecol\u00f3gicos para este verano | Torell\u00f3 Viticultors Grans escumosos i vins ecol\u00f2gics","robots":{"index":"index","follow":"follow","max-snippet":"max-snippet:-1","max-image-preview":"max-image-preview:large","max-video-preview":"max-video-preview:-1"},"canonical":"https:\/\/torello.com\/es\/producto\/caja-de-6-vinos-ecologicos-para-este-verano\/","og_locale":"es_ES","og_type":"article","og_title":"Caja de 6 vinos ecol\u00f3gicos para este verano | Torell\u00f3 Viticultors Grans escumosos i vins ecol\u00f2gics","og_description":"\u00a1Haz que este verano sea irrepetible! \u00a1Te acompa\u00f1amos con nuestros vinos! Todo por 75\u20ac y env\u00edo gratuito. \u00a1Las comidas y cenas que celebrar\u00e9is este verano siempre ser\u00e1n recordadas! En la piscina, terraza o en el jard\u00edn. Con amigos, fam\u00edlia o pareja.    \u00a1Por esto, Torell\u00f3 te propone los vinos que te acompa\u00f1ar\u00e1n este verano!  Una selecci\u00f3n de 6 vinos ecol\u00f3gicos elaborados con uva, mayoritariamente, de nuestra Finca Can Mart\u00ed, vendimiada a mano, vinificado en nuestra bodega, y\u2026 \u00a1muy mediterr\u00e1neos!  Todo por 75\u20ac y env\u00edo gratuito.   Malvarel\u00b7lo 2024: Un vino blanco, joven, fresco y afrutado. Malvas\u00eda y Xarel\u00b7lo de nuestra Finca Can Mart\u00ed, prensadas conjuntamente.  Mas de la Torrevella 2024: Un vino blanco ligero, de grado moderado y con un punto mineral. Elaborado con la variedad Chardonnay que le aporta notas de fruta tropical. Microvinificaci\u00f3n.  Petjades 2024: Un vino rosado que es un cl\u00e1sico de la casa, potente y gastron\u00f3mico. Elaborado con la variedad Merlot.  Rosa d'Abril 2024: Un vino rosado fresco y elegante. Macabeo, Syrah y Malvas\u00eda, prensadas conjuntamente.  50 Lliures 2023: Un vino blanco elegante y complejo. 5 texturas de la fermentaci\u00f3n en: huevo de cemento, jarra, barrica, damajuana e inoxidable. 100% Xarel\u00b7lo. Microvinificaci\u00f3n.  Gran Crisalys 2023: Un vino blanco, potente, complejo y estructurado. Xarel\u00b7lo y Chardonnay, con una crianza de 3 meses en barrica de roble franc\u00e9s y 1 a\u00f1o de crianza en botella. Microvinificaci\u00f3n.","og_url":"https:\/\/torello.com\/es\/producto\/caja-de-6-vinos-ecologicos-para-este-verano\/","og_site_name":"Torell\u00f3 Viticultors Grans escumosos i vins ecol\u00f2gics","article_publisher":"https:\/\/www.facebook.com\/TorelloViticultors\/","article_modified_time":"2025-06-13T13:10:31+00:00","og_image":[{"width":500,"height":500,"url":"https:\/\/torello.com\/wp-content\/uploads\/2025\/06\/6-VINS-PER-AQUEST-ESTIU.jpg","type":"image\/jpeg"}],"twitter_card":"summary_large_image","twitter_site":"@TorelloViticult","twitter_misc":{"Tiempo de lectura":"2 minutos"},"schema":{"@context":"https:\/\/schema.org","@graph":[{"@type":"WebPage","@id":"https:\/\/torello.com\/es\/producto\/caja-de-6-vinos-ecologicos-para-este-verano\/","url":"https:\/\/torello.com\/es\/producto\/caja-de-6-vinos-ecologicos-para-este-verano\/","name":"Caja de 6 vinos ecol\u00f3gicos para este verano | Torell\u00f3 Viticultors Grans escumosos i vins ecol\u00f2gics","isPartOf":{"@id":"https:\/\/torello.com\/es\/#website"},"primaryImageOfPage":{"@id":"https:\/\/torello.com\/es\/producto\/caja-de-6-vinos-ecologicos-para-este-verano\/#primaryimage"},"image":{"@id":"https:\/\/torello.com\/es\/producto\/caja-de-6-vinos-ecologicos-para-este-verano\/#primaryimage"},"thumbnailUrl":"https:\/\/torello.com\/wp-content\/uploads\/2025\/06\/6-VINS-PER-AQUEST-ESTIU.jpg","datePublished":"2025-06-09T13:57:28+00:00","dateModified":"2025-06-13T13:10:31+00:00","breadcrumb":{"@id":"https:\/\/torello.com\/es\/producto\/caja-de-6-vinos-ecologicos-para-este-verano\/#breadcrumb"},"inLanguage":"es","potentialAction":[{"@type":"ReadAction","target":["https:\/\/torello.com\/es\/producto\/caja-de-6-vinos-ecologicos-para-este-verano\/"]}]},{"@type":"ImageObject","inLanguage":"es","@id":"https:\/\/torello.com\/es\/producto\/caja-de-6-vinos-ecologicos-para-este-verano\/#primaryimage","url":"https:\/\/torello.com\/wp-content\/uploads\/2025\/06\/6-VINS-PER-AQUEST-ESTIU.jpg","contentUrl":"https:\/\/torello.com\/wp-content\/uploads\/2025\/06\/6-VINS-PER-AQUEST-ESTIU.jpg","width":500,"height":500,"caption":"6 VINS PER AQUEST ESTIU"},{"@type":"BreadcrumbList","@id":"https:\/\/torello.com\/es\/producto\/caja-de-6-vinos-ecologicos-para-este-verano\/#breadcrumb","itemListElement":[{"@type":"ListItem","position":1,"name":"Inici","item":"https:\/\/torello.com\/es\/"},{"@type":"ListItem","position":2,"name":"Tienda online","item":"https:\/\/torello.com\/es\/tienda-online\/"},{"@type":"ListItem","position":3,"name":"Caja de 6 vinos ecol\u00f3gicos para este verano"}]},{"@type":"WebSite","@id":"https:\/\/torello.com\/es\/#website","url":"https:\/\/torello.com\/es\/","name":"Torell\u00f3 Viticultors Grans escumosos i vins ecol\u00f2gics","description":"Bodega familiar situada en el Pened\u00e9s, l\u00edder en la elaboraci\u00f3n de Cava y vinos, s\u00f3lo utiliza uva cultivada en su finca Can Mart\u00ed.","publisher":{"@id":"https:\/\/torello.com\/es\/#organization"},"potentialAction":[{"@type":"SearchAction","target":{"@type":"EntryPoint","urlTemplate":"https:\/\/torello.com\/es\/?s={search_term_string}"},"query-input":{"@type":"PropertyValueSpecification","valueRequired":true,"valueName":"search_term_string"}}],"inLanguage":"es"},{"@type":"Organization","@id":"https:\/\/torello.com\/es\/#organization","name":"Torell\u00f3 espumosos y vinos ecol\u00f3gicos","url":"https:\/\/torello.com\/es\/","logo":{"@type":"ImageObject","inLanguage":"es","@id":"https:\/\/torello.com\/es\/#\/schema\/logo\/image\/","url":"https:\/\/torello.com\/wp-content\/uploads\/2020\/02\/TORELLO_LOGO_4.png","contentUrl":"https:\/\/torello.com\/wp-content\/uploads\/2020\/02\/TORELLO_LOGO_4.png","width":278,"height":140,"caption":"Torell\u00f3 espumosos y vinos ecol\u00f3gicos"},"image":{"@id":"https:\/\/torello.com\/es\/#\/schema\/logo\/image\/"},"sameAs":["https:\/\/www.facebook.com\/TorelloViticultors\/","https:\/\/x.com\/TorelloViticult","https:\/\/www.instagram.com\/torelloviticultors\/","https:\/\/www.youtube.com\/user\/Torello57"]}]}},"_links":{"self":[{"href":"https:\/\/torello.com\/es\/wp-json\/wp\/v2\/product\/22702","targetHints":{"allow":["GET"]}}],"collection":[{"href":"https:\/\/torello.com\/es\/wp-json\/wp\/v2\/product"}],"about":[{"href":"https:\/\/torello.com\/es\/wp-json\/wp\/v2\/types\/product"}],"replies":[{"embeddable":true,"href":"https:\/\/torello.com\/es\/wp-json\/wp\/v2\/comments?post=22702"}],"wp:featuredmedia":[{"embeddable":true,"href":"https:\/\/torello.com\/es\/wp-json\/wp\/v2\/media\/22708"}],"wp:attachment":[{"href":"https:\/\/torello.com\/es\/wp-json\/wp\/v2\/media?parent=22702"}],"wp:term":[{"taxonomy":"product_brand","embeddable":true,"href":"https:\/\/torello.com\/es\/wp-json\/wp\/v2\/product_brand?post=22702"},{"taxonomy":"product_cat","embeddable":true,"href":"https:\/\/torello.com\/es\/wp-json\/wp\/v2\/product_cat?post=22702"},{"taxonomy":"product_tag","embeddable":true,"href":"https:\/\/torello.com\/es\/wp-json\/wp\/v2\/product_tag?post=22702"},{"taxonomy":"giftcard-category","embeddable":true,"href":"https:\/\/torello.com\/es\/wp-json\/wp\/v2\/giftcard-category?post=22702"}],"curies":[{"name":"wp","href":"https:\/\/api.w.org\/{rel}","templated":true}]}}