{"id":23005,"date":"2025-07-02T13:55:19","date_gmt":"2025-07-02T13:55:19","guid":{"rendered":"https:\/\/torello.com\/?post_type=product&#038;p=23005"},"modified":"2026-03-25T10:55:45","modified_gmt":"2026-03-25T09:55:45","slug":"torello-75o-aniversario-brut","status":"publish","type":"product","link":"https:\/\/torello.com\/es\/producto\/torello-75o-aniversario-brut\/","title":{"rendered":"Torell\u00f3 75o aniversario Brut"},"content":{"rendered":"<h2>75o aniversario de la primera vendimia dedicada al vino espumoso. Finca Can Mart\u00ed 1951\/2025<\/h2>\n<p><strong>Variedades<\/strong>: 57% Xarel\u00b7lo, 23% Macabeu y 20% Parellada de uva ecol\u00f3gica de la finca de Can Mart\u00ed, vendimiada a mano.<\/p>\n<p><strong>Elaboraci\u00f3n<\/strong>: Los racimos llegan enteros a la bodega y, previo paso de toda la uva por mesa de selecci\u00f3n, se realiza por separado un suave prensado de cada variedad. Contamos con la tecnolog\u00eda Inertys en nuestras prensas que protegen al mosto de la oxidaci\u00f3n durante la fase de prensado. En invierno se realiza el ensamblaje de las diferentes variedades, el embotellado y posteriormente la segunda fermentaci\u00f3n en botella.<\/p>\n<p><strong>Crianza<\/strong>: Tiene 75 meses de crianza en botella, un mes para cada uno de los 75 a\u00f1os de aniversario que celebramos. Es un Brut, tal y como lo concibi\u00f3 nuestro abuelo, Francesc Torell\u00f3, con una peque\u00f1a adici\u00f3n de licor de expedici\u00f3n que lo hace amable en boca pero que sigue siendo un corpinnat seco.<\/p>\n<p><strong>Nota de cata<\/strong>: Color amarillo oro nuevo, con reflejos gris dorados. Limpio y transparente, con formaci\u00f3n de rosario constante. En nariz aporta aromas golosos y verdes, que llevan al campo, como la almendra, arcilla seca, la flor de margen y notas frescas de menta e hinojo, conjuntamente con fruta confitada de coca, brioche y levadura, sobre un sutil aroma mineral. Entrada en boca con nervio, frescura y un paso r\u00e1pido. Gran estructura y en evoluci\u00f3n notas de fruta madura de verano.<\/p>\n","protected":false},"excerpt":{"rendered":"<h2>75o aniversario de la primera vendimia dedicada al vino espumoso. Finca Can Mart\u00ed 1951\/2025<\/h2>\n<p><strong>Variedades<\/strong>: 57% Xarel\u00b7lo, 23% Macabeu y 20% Parellada de uva ecol\u00f3gica de la finca de Can Mart\u00ed, vendimiada a mano.<\/p>\n<p><strong>Elaboraci\u00f3n<\/strong>: Los racimos llegan enteros a la bodega y, previo paso de toda la uva por mesa de selecci\u00f3n, se realiza por separado un suave prensado de cada variedad. Contamos con la tecnolog\u00eda Inertys en nuestras prensas que protegen al mosto de la oxidaci\u00f3n durante la fase de prensado. En invierno se realiza el ensamblaje de las diferentes variedades, el embotellado y posteriormente la segunda fermentaci\u00f3n en botella.<\/p>\n<p><strong>Crianza<\/strong>: Tiene 75 meses de crianza en botella, un mes para cada uno de los 75 a\u00f1os de aniversario que celebramos. Es un Brut, tal y como lo concibi\u00f3 nuestro abuelo, Francesc Torell\u00f3, con una peque\u00f1a adici\u00f3n de licor de expedici\u00f3n que lo hace amable en boca pero que sigue siendo un corpinnat seco.<\/p>\n<p><strong>Nota de cata<\/strong>: Color amarillo oro nuevo, con reflejos gris dorados. Limpio y transparente, con formaci\u00f3n de rosario constante. En nariz aporta aromas golosos y verdes, que llevan al campo, como la almendra, arcilla seca, la flor de margen y notas frescas de menta e hinojo, conjuntamente con fruta confitada de coca, brioche y levadura, sobre un sutil aroma mineral. Entrada en boca con nervio, frescura y un paso r\u00e1pido. Gran estructura y en evoluci\u00f3n notas de fruta madura de verano.<\/p>\n","protected":false},"featured_media":23003,"comment_status":"open","ping_status":"closed","template":"","meta":[],"product_brand":[],"product_cat":[894],"product_tag":[],"giftcard-category":[],"class_list":{"0":"post-23005","1":"product","2":"type-product","3":"status-publish","4":"has-post-thumbnail","6":"product_cat-corpinnat-es","8":"first","9":"instock","10":"shipping-taxable","11":"purchasable","12":"product-type-simple"},"exclude_global_add_ons":[],"addons":[],"yoast_head":"<!-- This site is optimized with the Yoast SEO plugin v26.7 - https:\/\/yoast.com\/wordpress\/plugins\/seo\/ -->\n<title>Torell\u00f3 75o aniversario Brut | Torell\u00f3 Viticultors Grans escumosos i vins ecol\u00f2gics<\/title>\n<meta name=\"description\" content=\"Torell\u00f3 75o aniversario Brut. 75\u00e8 aniversario de la primera vendimia dedicada al vino espumoso. Finca Can Mart\u00ed 1951\/2025.\" \/>\n<meta name=\"robots\" content=\"index, follow, max-snippet:-1, max-image-preview:large, max-video-preview:-1\" \/>\n<link rel=\"canonical\" href=\"https:\/\/torello.com\/es\/producto\/torello-75o-aniversario-brut\/\" \/>\n<meta property=\"og:locale\" content=\"es_ES\" \/>\n<meta property=\"og:type\" content=\"article\" \/>\n<meta property=\"og:title\" content=\"Torell\u00f3 75o aniversario Brut | Torell\u00f3 Viticultors Grans escumosos i vins ecol\u00f2gics\" \/>\n<meta property=\"og:description\" content=\"Torell\u00f3 75o aniversario Brut. 75\u00e8 aniversario de la primera vendimia dedicada al vino espumoso. Finca Can Mart\u00ed 1951\/2025.\" \/>\n<meta property=\"og:url\" content=\"https:\/\/torello.com\/es\/producto\/torello-75o-aniversario-brut\/\" \/>\n<meta property=\"og:site_name\" content=\"Torell\u00f3 Viticultors Grans escumosos i vins ecol\u00f2gics\" \/>\n<meta property=\"article:publisher\" content=\"https:\/\/www.facebook.com\/TorelloViticultors\/\" \/>\n<meta property=\"article:modified_time\" content=\"2026-03-25T09:55:45+00:00\" \/>\n<meta property=\"og:image\" content=\"https:\/\/torello.com\/wp-content\/uploads\/2025\/07\/Torello-75e-aniversari-Brut.jpg\" \/>\n\t<meta property=\"og:image:width\" content=\"560\" \/>\n\t<meta property=\"og:image:height\" content=\"560\" \/>\n\t<meta property=\"og:image:type\" content=\"image\/jpeg\" \/>\n<meta name=\"twitter:card\" content=\"summary_large_image\" \/>\n<meta name=\"twitter:site\" content=\"@TorelloViticult\" \/>\n<meta name=\"twitter:label1\" content=\"Tiempo de lectura\" \/>\n\t<meta name=\"twitter:data1\" content=\"2 minutos\" \/>\n<script type=\"application\/ld+json\" class=\"yoast-schema-graph\">{\"@context\":\"https:\/\/schema.org\",\"@graph\":[{\"@type\":\"WebPage\",\"@id\":\"https:\/\/torello.com\/es\/producto\/torello-75o-aniversario-brut\/\",\"url\":\"https:\/\/torello.com\/es\/producto\/torello-75o-aniversario-brut\/\",\"name\":\"Torell\u00f3 75o aniversario Brut | Torell\u00f3 Viticultors Grans escumosos i vins ecol\u00f2gics\",\"isPartOf\":{\"@id\":\"https:\/\/torello.com\/es\/#website\"},\"primaryImageOfPage\":{\"@id\":\"https:\/\/torello.com\/es\/producto\/torello-75o-aniversario-brut\/#primaryimage\"},\"image\":{\"@id\":\"https:\/\/torello.com\/es\/producto\/torello-75o-aniversario-brut\/#primaryimage\"},\"thumbnailUrl\":\"https:\/\/torello.com\/wp-content\/uploads\/2025\/07\/Torello-75e-aniversari-Brut.jpg\",\"datePublished\":\"2025-07-02T13:55:19+00:00\",\"dateModified\":\"2026-03-25T09:55:45+00:00\",\"description\":\"Torell\u00f3 75o aniversario Brut. 75\u00e8 aniversario de la primera vendimia dedicada al vino espumoso. Finca Can Mart\u00ed 1951\/2025.\",\"breadcrumb\":{\"@id\":\"https:\/\/torello.com\/es\/producto\/torello-75o-aniversario-brut\/#breadcrumb\"},\"inLanguage\":\"es\",\"potentialAction\":[{\"@type\":\"ReadAction\",\"target\":[\"https:\/\/torello.com\/es\/producto\/torello-75o-aniversario-brut\/\"]}]},{\"@type\":\"ImageObject\",\"inLanguage\":\"es\",\"@id\":\"https:\/\/torello.com\/es\/producto\/torello-75o-aniversario-brut\/#primaryimage\",\"url\":\"https:\/\/torello.com\/wp-content\/uploads\/2025\/07\/Torello-75e-aniversari-Brut.jpg\",\"contentUrl\":\"https:\/\/torello.com\/wp-content\/uploads\/2025\/07\/Torello-75e-aniversari-Brut.jpg\",\"width\":560,\"height\":560,\"caption\":\"Torell\u00f3 75e aniversari Brut\"},{\"@type\":\"BreadcrumbList\",\"@id\":\"https:\/\/torello.com\/es\/producto\/torello-75o-aniversario-brut\/#breadcrumb\",\"itemListElement\":[{\"@type\":\"ListItem\",\"position\":1,\"name\":\"Inici\",\"item\":\"https:\/\/torello.com\/es\/\"},{\"@type\":\"ListItem\",\"position\":2,\"name\":\"Tienda online\",\"item\":\"https:\/\/torello.com\/es\/tienda-online\/\"},{\"@type\":\"ListItem\",\"position\":3,\"name\":\"Torell\u00f3 75o aniversario Brut\"}]},{\"@type\":\"WebSite\",\"@id\":\"https:\/\/torello.com\/es\/#website\",\"url\":\"https:\/\/torello.com\/es\/\",\"name\":\"Torell\u00f3 Viticultors Grans escumosos i vins ecol\u00f2gics\",\"description\":\"Bodega familiar situada en el Pened\u00e9s, l\u00edder en la elaboraci\u00f3n de Cava y vinos, s\u00f3lo utiliza uva cultivada en su finca Can Mart\u00ed.\",\"publisher\":{\"@id\":\"https:\/\/torello.com\/es\/#organization\"},\"potentialAction\":[{\"@type\":\"SearchAction\",\"target\":{\"@type\":\"EntryPoint\",\"urlTemplate\":\"https:\/\/torello.com\/es\/?s={search_term_string}\"},\"query-input\":{\"@type\":\"PropertyValueSpecification\",\"valueRequired\":true,\"valueName\":\"search_term_string\"}}],\"inLanguage\":\"es\"},{\"@type\":\"Organization\",\"@id\":\"https:\/\/torello.com\/es\/#organization\",\"name\":\"Torell\u00f3 espumosos y vinos ecol\u00f3gicos\",\"url\":\"https:\/\/torello.com\/es\/\",\"logo\":{\"@type\":\"ImageObject\",\"inLanguage\":\"es\",\"@id\":\"https:\/\/torello.com\/es\/#\/schema\/logo\/image\/\",\"url\":\"https:\/\/torello.com\/wp-content\/uploads\/2020\/02\/TORELLO_LOGO_4.png\",\"contentUrl\":\"https:\/\/torello.com\/wp-content\/uploads\/2020\/02\/TORELLO_LOGO_4.png\",\"width\":278,\"height\":140,\"caption\":\"Torell\u00f3 espumosos y vinos ecol\u00f3gicos\"},\"image\":{\"@id\":\"https:\/\/torello.com\/es\/#\/schema\/logo\/image\/\"},\"sameAs\":[\"https:\/\/www.facebook.com\/TorelloViticultors\/\",\"https:\/\/x.com\/TorelloViticult\",\"https:\/\/www.instagram.com\/torelloviticultors\/\",\"https:\/\/www.youtube.com\/user\/Torello57\"]}]}<\/script>\n<!-- \/ Yoast SEO plugin. -->","yoast_head_json":{"title":"Torell\u00f3 75o aniversario Brut | Torell\u00f3 Viticultors Grans escumosos i vins ecol\u00f2gics","description":"Torell\u00f3 75o aniversario Brut. 75\u00e8 aniversario de la primera vendimia dedicada al vino espumoso. Finca Can Mart\u00ed 1951\/2025.","robots":{"index":"index","follow":"follow","max-snippet":"max-snippet:-1","max-image-preview":"max-image-preview:large","max-video-preview":"max-video-preview:-1"},"canonical":"https:\/\/torello.com\/es\/producto\/torello-75o-aniversario-brut\/","og_locale":"es_ES","og_type":"article","og_title":"Torell\u00f3 75o aniversario Brut | Torell\u00f3 Viticultors Grans escumosos i vins ecol\u00f2gics","og_description":"Torell\u00f3 75o aniversario Brut. 75\u00e8 aniversario de la primera vendimia dedicada al vino espumoso. Finca Can Mart\u00ed 1951\/2025.","og_url":"https:\/\/torello.com\/es\/producto\/torello-75o-aniversario-brut\/","og_site_name":"Torell\u00f3 Viticultors Grans escumosos i vins ecol\u00f2gics","article_publisher":"https:\/\/www.facebook.com\/TorelloViticultors\/","article_modified_time":"2026-03-25T09:55:45+00:00","og_image":[{"width":560,"height":560,"url":"https:\/\/torello.com\/wp-content\/uploads\/2025\/07\/Torello-75e-aniversari-Brut.jpg","type":"image\/jpeg"}],"twitter_card":"summary_large_image","twitter_site":"@TorelloViticult","twitter_misc":{"Tiempo de lectura":"2 minutos"},"schema":{"@context":"https:\/\/schema.org","@graph":[{"@type":"WebPage","@id":"https:\/\/torello.com\/es\/producto\/torello-75o-aniversario-brut\/","url":"https:\/\/torello.com\/es\/producto\/torello-75o-aniversario-brut\/","name":"Torell\u00f3 75o aniversario Brut | Torell\u00f3 Viticultors Grans escumosos i vins ecol\u00f2gics","isPartOf":{"@id":"https:\/\/torello.com\/es\/#website"},"primaryImageOfPage":{"@id":"https:\/\/torello.com\/es\/producto\/torello-75o-aniversario-brut\/#primaryimage"},"image":{"@id":"https:\/\/torello.com\/es\/producto\/torello-75o-aniversario-brut\/#primaryimage"},"thumbnailUrl":"https:\/\/torello.com\/wp-content\/uploads\/2025\/07\/Torello-75e-aniversari-Brut.jpg","datePublished":"2025-07-02T13:55:19+00:00","dateModified":"2026-03-25T09:55:45+00:00","description":"Torell\u00f3 75o aniversario Brut. 75\u00e8 aniversario de la primera vendimia dedicada al vino espumoso. Finca Can Mart\u00ed 1951\/2025.","breadcrumb":{"@id":"https:\/\/torello.com\/es\/producto\/torello-75o-aniversario-brut\/#breadcrumb"},"inLanguage":"es","potentialAction":[{"@type":"ReadAction","target":["https:\/\/torello.com\/es\/producto\/torello-75o-aniversario-brut\/"]}]},{"@type":"ImageObject","inLanguage":"es","@id":"https:\/\/torello.com\/es\/producto\/torello-75o-aniversario-brut\/#primaryimage","url":"https:\/\/torello.com\/wp-content\/uploads\/2025\/07\/Torello-75e-aniversari-Brut.jpg","contentUrl":"https:\/\/torello.com\/wp-content\/uploads\/2025\/07\/Torello-75e-aniversari-Brut.jpg","width":560,"height":560,"caption":"Torell\u00f3 75e aniversari Brut"},{"@type":"BreadcrumbList","@id":"https:\/\/torello.com\/es\/producto\/torello-75o-aniversario-brut\/#breadcrumb","itemListElement":[{"@type":"ListItem","position":1,"name":"Inici","item":"https:\/\/torello.com\/es\/"},{"@type":"ListItem","position":2,"name":"Tienda online","item":"https:\/\/torello.com\/es\/tienda-online\/"},{"@type":"ListItem","position":3,"name":"Torell\u00f3 75o aniversario Brut"}]},{"@type":"WebSite","@id":"https:\/\/torello.com\/es\/#website","url":"https:\/\/torello.com\/es\/","name":"Torell\u00f3 Viticultors Grans escumosos i vins ecol\u00f2gics","description":"Bodega familiar situada en el Pened\u00e9s, l\u00edder en la elaboraci\u00f3n de Cava y vinos, s\u00f3lo utiliza uva cultivada en su finca Can Mart\u00ed.","publisher":{"@id":"https:\/\/torello.com\/es\/#organization"},"potentialAction":[{"@type":"SearchAction","target":{"@type":"EntryPoint","urlTemplate":"https:\/\/torello.com\/es\/?s={search_term_string}"},"query-input":{"@type":"PropertyValueSpecification","valueRequired":true,"valueName":"search_term_string"}}],"inLanguage":"es"},{"@type":"Organization","@id":"https:\/\/torello.com\/es\/#organization","name":"Torell\u00f3 espumosos y vinos ecol\u00f3gicos","url":"https:\/\/torello.com\/es\/","logo":{"@type":"ImageObject","inLanguage":"es","@id":"https:\/\/torello.com\/es\/#\/schema\/logo\/image\/","url":"https:\/\/torello.com\/wp-content\/uploads\/2020\/02\/TORELLO_LOGO_4.png","contentUrl":"https:\/\/torello.com\/wp-content\/uploads\/2020\/02\/TORELLO_LOGO_4.png","width":278,"height":140,"caption":"Torell\u00f3 espumosos y vinos ecol\u00f3gicos"},"image":{"@id":"https:\/\/torello.com\/es\/#\/schema\/logo\/image\/"},"sameAs":["https:\/\/www.facebook.com\/TorelloViticultors\/","https:\/\/x.com\/TorelloViticult","https:\/\/www.instagram.com\/torelloviticultors\/","https:\/\/www.youtube.com\/user\/Torello57"]}]}},"_links":{"self":[{"href":"https:\/\/torello.com\/es\/wp-json\/wp\/v2\/product\/23005","targetHints":{"allow":["GET"]}}],"collection":[{"href":"https:\/\/torello.com\/es\/wp-json\/wp\/v2\/product"}],"about":[{"href":"https:\/\/torello.com\/es\/wp-json\/wp\/v2\/types\/product"}],"replies":[{"embeddable":true,"href":"https:\/\/torello.com\/es\/wp-json\/wp\/v2\/comments?post=23005"}],"wp:featuredmedia":[{"embeddable":true,"href":"https:\/\/torello.com\/es\/wp-json\/wp\/v2\/media\/23003"}],"wp:attachment":[{"href":"https:\/\/torello.com\/es\/wp-json\/wp\/v2\/media?parent=23005"}],"wp:term":[{"taxonomy":"product_brand","embeddable":true,"href":"https:\/\/torello.com\/es\/wp-json\/wp\/v2\/product_brand?post=23005"},{"taxonomy":"product_cat","embeddable":true,"href":"https:\/\/torello.com\/es\/wp-json\/wp\/v2\/product_cat?post=23005"},{"taxonomy":"product_tag","embeddable":true,"href":"https:\/\/torello.com\/es\/wp-json\/wp\/v2\/product_tag?post=23005"},{"taxonomy":"giftcard-category","embeddable":true,"href":"https:\/\/torello.com\/es\/wp-json\/wp\/v2\/giftcard-category?post=23005"}],"curies":[{"name":"wp","href":"https:\/\/api.w.org\/{rel}","templated":true}]}}