{"id":23460,"date":"2025-08-27T20:32:58","date_gmt":"2025-08-27T18:32:58","guid":{"rendered":"https:\/\/torello.com\/?post_type=product&#038;p=23460"},"modified":"2026-01-07T10:11:57","modified_gmt":"2026-01-07T09:11:57","slug":"regala-brunch-can-marti","status":"publish","type":"product","link":"https:\/\/torello.com\/es\/producto\/regala-brunch-can-marti\/","title":{"rendered":"Regala Brunch Can Mart\u00ed"},"content":{"rendered":"","protected":false},"excerpt":{"rendered":"<p>Mediante la tarjeta obsequio podr\u00e9is regalar una visita a las personas que m\u00e1s apreci\u00e9is.<\/p>\n<p>El funcionamiento es muy f\u00e1cil, \u00fanicamente ten\u00e9is que rellenar el formulario con los datos de la persona a qui\u00e9n le regal\u00e1is la tarjeta obsequio, escribir una dedicatoria e indicar cu\u00e1ntas personas le acompa\u00f1ar\u00e1n.<\/p>\n<p>Una vez rellenados los datos, s\u00f3lo ten\u00e9is que pagar la tarjeta obsequio y lo recibir\u00e9is en PDF a vuestro correo electr\u00f3nico.<\/p>\n<p>\u00a1As\u00ed lo podr\u00e9is imprimir o enviar directamente a la persona que recibir\u00e1 la tarjeta obsequio!<\/p>\n<p>La visita Brunch consiste en una visita m\u00e1s amplia, completa y gastron\u00f3mica. (min. 4 personas) <\/p>\n<ul>\n<li>Incluye ruta por los vi\u00f1edos, visita a la bodega, bajo la mas\u00eda medieval del siglo XIV y recorrido por las cavas subterr\u00e1neas, donde explicamos y ense\u00f1amos el proceso de elaboraci\u00f3n de los espumosos de larga crianza Corpinnat y vinos DO Pened\u00e8s.<\/li>\n<li>Finaliza con un <em>brunch<\/em> r\u00fastico, con croquetas, embutidos, queso y pan con tomate y aceite de oliva virgen extra Torell\u00f3.<\/li>\n<li>Se realiza una amplia cata de espumosos Corpinnat y vinos DO Pened\u00e8s.<\/li>\n<li>La visita tiene una duraci\u00f3n aproximada de 3 horas.<\/li>\n<\/ul>\n","protected":false},"featured_media":18913,"comment_status":"open","ping_status":"closed","template":"","meta":[],"product_brand":[],"product_cat":[1375],"product_tag":[],"giftcard-category":[],"class_list":{"0":"post-23460","1":"product","2":"type-product","3":"status-publish","4":"has-post-thumbnail","6":"product_cat-enoturismo","8":"first","9":"instock","10":"virtual","11":"purchasable","12":"product-type-simple"},"exclude_global_add_ons":[],"addons":[],"yoast_head":"<!-- This site is optimized with the Yoast SEO plugin v26.7 - https:\/\/yoast.com\/wordpress\/plugins\/seo\/ -->\n<title>Regala Brunch Can Mart\u00ed | Torell\u00f3 Viticultors Grans escumosos i vins ecol\u00f2gics<\/title>\n<meta name=\"description\" content=\"Regala brunch can mart\u00ed enoturismo es una tarjeta obsequio para regalar una visita enotur\u00edstica a la bodega Torell\u00f3 de Gelida, Alt Pened\u00e8s\" \/>\n<meta name=\"robots\" content=\"index, follow, max-snippet:-1, max-image-preview:large, max-video-preview:-1\" \/>\n<link rel=\"canonical\" href=\"https:\/\/torello.com\/es\/producto\/regala-brunch-can-marti\/\" \/>\n<meta property=\"og:locale\" content=\"es_ES\" \/>\n<meta property=\"og:type\" content=\"article\" \/>\n<meta property=\"og:title\" content=\"Regala Brunch Can Mart\u00ed | Torell\u00f3 Viticultors Grans escumosos i vins ecol\u00f2gics\" \/>\n<meta property=\"og:description\" content=\"Regala brunch can mart\u00ed enoturismo es una tarjeta obsequio para regalar una visita enotur\u00edstica a la bodega Torell\u00f3 de Gelida, Alt Pened\u00e8s\" \/>\n<meta property=\"og:url\" content=\"https:\/\/torello.com\/es\/producto\/regala-brunch-can-marti\/\" \/>\n<meta property=\"og:site_name\" content=\"Torell\u00f3 Viticultors Grans escumosos i vins ecol\u00f2gics\" \/>\n<meta property=\"article:publisher\" content=\"https:\/\/www.facebook.com\/TorelloViticultors\/\" \/>\n<meta property=\"article:modified_time\" content=\"2026-01-07T09:11:57+00:00\" \/>\n<meta property=\"og:image\" content=\"https:\/\/torello.com\/wp-content\/uploads\/2024\/05\/Visita-Brunch-Can-Marti-enoturisme-Torello-Viticultors.jpg\" \/>\n\t<meta property=\"og:image:width\" content=\"600\" \/>\n\t<meta property=\"og:image:height\" content=\"346\" \/>\n\t<meta property=\"og:image:type\" content=\"image\/jpeg\" \/>\n<meta name=\"twitter:card\" content=\"summary_large_image\" \/>\n<meta name=\"twitter:site\" content=\"@TorelloViticult\" \/>\n<meta name=\"twitter:label1\" content=\"Tiempo de lectura\" \/>\n\t<meta name=\"twitter:data1\" content=\"1 minuto\" \/>\n<script type=\"application\/ld+json\" class=\"yoast-schema-graph\">{\"@context\":\"https:\/\/schema.org\",\"@graph\":[{\"@type\":\"WebPage\",\"@id\":\"https:\/\/torello.com\/es\/producto\/regala-brunch-can-marti\/\",\"url\":\"https:\/\/torello.com\/es\/producto\/regala-brunch-can-marti\/\",\"name\":\"Regala Brunch Can Mart\u00ed | Torell\u00f3 Viticultors Grans escumosos i vins ecol\u00f2gics\",\"isPartOf\":{\"@id\":\"https:\/\/torello.com\/es\/#website\"},\"primaryImageOfPage\":{\"@id\":\"https:\/\/torello.com\/es\/producto\/regala-brunch-can-marti\/#primaryimage\"},\"image\":{\"@id\":\"https:\/\/torello.com\/es\/producto\/regala-brunch-can-marti\/#primaryimage\"},\"thumbnailUrl\":\"https:\/\/torello.com\/wp-content\/uploads\/2024\/05\/Visita-Brunch-Can-Marti-enoturisme-Torello-Viticultors.jpg\",\"datePublished\":\"2025-08-27T18:32:58+00:00\",\"dateModified\":\"2026-01-07T09:11:57+00:00\",\"description\":\"Regala brunch can mart\u00ed enoturismo es una tarjeta obsequio para regalar una visita enotur\u00edstica a la bodega Torell\u00f3 de Gelida, Alt Pened\u00e8s\",\"breadcrumb\":{\"@id\":\"https:\/\/torello.com\/es\/producto\/regala-brunch-can-marti\/#breadcrumb\"},\"inLanguage\":\"es\",\"potentialAction\":[{\"@type\":\"ReadAction\",\"target\":[\"https:\/\/torello.com\/es\/producto\/regala-brunch-can-marti\/\"]}]},{\"@type\":\"ImageObject\",\"inLanguage\":\"es\",\"@id\":\"https:\/\/torello.com\/es\/producto\/regala-brunch-can-marti\/#primaryimage\",\"url\":\"https:\/\/torello.com\/wp-content\/uploads\/2024\/05\/Visita-Brunch-Can-Marti-enoturisme-Torello-Viticultors.jpg\",\"contentUrl\":\"https:\/\/torello.com\/wp-content\/uploads\/2024\/05\/Visita-Brunch-Can-Marti-enoturisme-Torello-Viticultors.jpg\",\"width\":600,\"height\":346,\"caption\":\"Visita Brunch Can Mart\u00ed enoturisme Torell\u00f3 Viticultors\"},{\"@type\":\"BreadcrumbList\",\"@id\":\"https:\/\/torello.com\/es\/producto\/regala-brunch-can-marti\/#breadcrumb\",\"itemListElement\":[{\"@type\":\"ListItem\",\"position\":1,\"name\":\"Inici\",\"item\":\"https:\/\/torello.com\/es\/\"},{\"@type\":\"ListItem\",\"position\":2,\"name\":\"Tienda online\",\"item\":\"https:\/\/torello.com\/es\/tienda-online\/\"},{\"@type\":\"ListItem\",\"position\":3,\"name\":\"Regala Brunch Can Mart\u00ed\"}]},{\"@type\":\"WebSite\",\"@id\":\"https:\/\/torello.com\/es\/#website\",\"url\":\"https:\/\/torello.com\/es\/\",\"name\":\"Torell\u00f3 Viticultors Grans escumosos i vins ecol\u00f2gics\",\"description\":\"Bodega familiar situada en el Pened\u00e9s, l\u00edder en la elaboraci\u00f3n de Cava y vinos, s\u00f3lo utiliza uva cultivada en su finca Can Mart\u00ed.\",\"publisher\":{\"@id\":\"https:\/\/torello.com\/es\/#organization\"},\"potentialAction\":[{\"@type\":\"SearchAction\",\"target\":{\"@type\":\"EntryPoint\",\"urlTemplate\":\"https:\/\/torello.com\/es\/?s={search_term_string}\"},\"query-input\":{\"@type\":\"PropertyValueSpecification\",\"valueRequired\":true,\"valueName\":\"search_term_string\"}}],\"inLanguage\":\"es\"},{\"@type\":\"Organization\",\"@id\":\"https:\/\/torello.com\/es\/#organization\",\"name\":\"Torell\u00f3 espumosos y vinos ecol\u00f3gicos\",\"url\":\"https:\/\/torello.com\/es\/\",\"logo\":{\"@type\":\"ImageObject\",\"inLanguage\":\"es\",\"@id\":\"https:\/\/torello.com\/es\/#\/schema\/logo\/image\/\",\"url\":\"https:\/\/torello.com\/wp-content\/uploads\/2020\/02\/TORELLO_LOGO_4.png\",\"contentUrl\":\"https:\/\/torello.com\/wp-content\/uploads\/2020\/02\/TORELLO_LOGO_4.png\",\"width\":278,\"height\":140,\"caption\":\"Torell\u00f3 espumosos y vinos ecol\u00f3gicos\"},\"image\":{\"@id\":\"https:\/\/torello.com\/es\/#\/schema\/logo\/image\/\"},\"sameAs\":[\"https:\/\/www.facebook.com\/TorelloViticultors\/\",\"https:\/\/x.com\/TorelloViticult\",\"https:\/\/www.instagram.com\/torelloviticultors\/\",\"https:\/\/www.youtube.com\/user\/Torello57\"]}]}<\/script>\n<!-- \/ Yoast SEO plugin. -->","yoast_head_json":{"title":"Regala Brunch Can Mart\u00ed | Torell\u00f3 Viticultors Grans escumosos i vins ecol\u00f2gics","description":"Regala brunch can mart\u00ed enoturismo es una tarjeta obsequio para regalar una visita enotur\u00edstica a la bodega Torell\u00f3 de Gelida, Alt Pened\u00e8s","robots":{"index":"index","follow":"follow","max-snippet":"max-snippet:-1","max-image-preview":"max-image-preview:large","max-video-preview":"max-video-preview:-1"},"canonical":"https:\/\/torello.com\/es\/producto\/regala-brunch-can-marti\/","og_locale":"es_ES","og_type":"article","og_title":"Regala Brunch Can Mart\u00ed | Torell\u00f3 Viticultors Grans escumosos i vins ecol\u00f2gics","og_description":"Regala brunch can mart\u00ed enoturismo es una tarjeta obsequio para regalar una visita enotur\u00edstica a la bodega Torell\u00f3 de Gelida, Alt Pened\u00e8s","og_url":"https:\/\/torello.com\/es\/producto\/regala-brunch-can-marti\/","og_site_name":"Torell\u00f3 Viticultors Grans escumosos i vins ecol\u00f2gics","article_publisher":"https:\/\/www.facebook.com\/TorelloViticultors\/","article_modified_time":"2026-01-07T09:11:57+00:00","og_image":[{"width":600,"height":346,"url":"https:\/\/torello.com\/wp-content\/uploads\/2024\/05\/Visita-Brunch-Can-Marti-enoturisme-Torello-Viticultors.jpg","type":"image\/jpeg"}],"twitter_card":"summary_large_image","twitter_site":"@TorelloViticult","twitter_misc":{"Tiempo de lectura":"1 minuto"},"schema":{"@context":"https:\/\/schema.org","@graph":[{"@type":"WebPage","@id":"https:\/\/torello.com\/es\/producto\/regala-brunch-can-marti\/","url":"https:\/\/torello.com\/es\/producto\/regala-brunch-can-marti\/","name":"Regala Brunch Can Mart\u00ed | Torell\u00f3 Viticultors Grans escumosos i vins ecol\u00f2gics","isPartOf":{"@id":"https:\/\/torello.com\/es\/#website"},"primaryImageOfPage":{"@id":"https:\/\/torello.com\/es\/producto\/regala-brunch-can-marti\/#primaryimage"},"image":{"@id":"https:\/\/torello.com\/es\/producto\/regala-brunch-can-marti\/#primaryimage"},"thumbnailUrl":"https:\/\/torello.com\/wp-content\/uploads\/2024\/05\/Visita-Brunch-Can-Marti-enoturisme-Torello-Viticultors.jpg","datePublished":"2025-08-27T18:32:58+00:00","dateModified":"2026-01-07T09:11:57+00:00","description":"Regala brunch can mart\u00ed enoturismo es una tarjeta obsequio para regalar una visita enotur\u00edstica a la bodega Torell\u00f3 de Gelida, Alt Pened\u00e8s","breadcrumb":{"@id":"https:\/\/torello.com\/es\/producto\/regala-brunch-can-marti\/#breadcrumb"},"inLanguage":"es","potentialAction":[{"@type":"ReadAction","target":["https:\/\/torello.com\/es\/producto\/regala-brunch-can-marti\/"]}]},{"@type":"ImageObject","inLanguage":"es","@id":"https:\/\/torello.com\/es\/producto\/regala-brunch-can-marti\/#primaryimage","url":"https:\/\/torello.com\/wp-content\/uploads\/2024\/05\/Visita-Brunch-Can-Marti-enoturisme-Torello-Viticultors.jpg","contentUrl":"https:\/\/torello.com\/wp-content\/uploads\/2024\/05\/Visita-Brunch-Can-Marti-enoturisme-Torello-Viticultors.jpg","width":600,"height":346,"caption":"Visita Brunch Can Mart\u00ed enoturisme Torell\u00f3 Viticultors"},{"@type":"BreadcrumbList","@id":"https:\/\/torello.com\/es\/producto\/regala-brunch-can-marti\/#breadcrumb","itemListElement":[{"@type":"ListItem","position":1,"name":"Inici","item":"https:\/\/torello.com\/es\/"},{"@type":"ListItem","position":2,"name":"Tienda online","item":"https:\/\/torello.com\/es\/tienda-online\/"},{"@type":"ListItem","position":3,"name":"Regala Brunch Can Mart\u00ed"}]},{"@type":"WebSite","@id":"https:\/\/torello.com\/es\/#website","url":"https:\/\/torello.com\/es\/","name":"Torell\u00f3 Viticultors Grans escumosos i vins ecol\u00f2gics","description":"Bodega familiar situada en el Pened\u00e9s, l\u00edder en la elaboraci\u00f3n de Cava y vinos, s\u00f3lo utiliza uva cultivada en su finca Can Mart\u00ed.","publisher":{"@id":"https:\/\/torello.com\/es\/#organization"},"potentialAction":[{"@type":"SearchAction","target":{"@type":"EntryPoint","urlTemplate":"https:\/\/torello.com\/es\/?s={search_term_string}"},"query-input":{"@type":"PropertyValueSpecification","valueRequired":true,"valueName":"search_term_string"}}],"inLanguage":"es"},{"@type":"Organization","@id":"https:\/\/torello.com\/es\/#organization","name":"Torell\u00f3 espumosos y vinos ecol\u00f3gicos","url":"https:\/\/torello.com\/es\/","logo":{"@type":"ImageObject","inLanguage":"es","@id":"https:\/\/torello.com\/es\/#\/schema\/logo\/image\/","url":"https:\/\/torello.com\/wp-content\/uploads\/2020\/02\/TORELLO_LOGO_4.png","contentUrl":"https:\/\/torello.com\/wp-content\/uploads\/2020\/02\/TORELLO_LOGO_4.png","width":278,"height":140,"caption":"Torell\u00f3 espumosos y vinos ecol\u00f3gicos"},"image":{"@id":"https:\/\/torello.com\/es\/#\/schema\/logo\/image\/"},"sameAs":["https:\/\/www.facebook.com\/TorelloViticultors\/","https:\/\/x.com\/TorelloViticult","https:\/\/www.instagram.com\/torelloviticultors\/","https:\/\/www.youtube.com\/user\/Torello57"]}]}},"_links":{"self":[{"href":"https:\/\/torello.com\/es\/wp-json\/wp\/v2\/product\/23460","targetHints":{"allow":["GET"]}}],"collection":[{"href":"https:\/\/torello.com\/es\/wp-json\/wp\/v2\/product"}],"about":[{"href":"https:\/\/torello.com\/es\/wp-json\/wp\/v2\/types\/product"}],"replies":[{"embeddable":true,"href":"https:\/\/torello.com\/es\/wp-json\/wp\/v2\/comments?post=23460"}],"wp:featuredmedia":[{"embeddable":true,"href":"https:\/\/torello.com\/es\/wp-json\/wp\/v2\/media\/18913"}],"wp:attachment":[{"href":"https:\/\/torello.com\/es\/wp-json\/wp\/v2\/media?parent=23460"}],"wp:term":[{"taxonomy":"product_brand","embeddable":true,"href":"https:\/\/torello.com\/es\/wp-json\/wp\/v2\/product_brand?post=23460"},{"taxonomy":"product_cat","embeddable":true,"href":"https:\/\/torello.com\/es\/wp-json\/wp\/v2\/product_cat?post=23460"},{"taxonomy":"product_tag","embeddable":true,"href":"https:\/\/torello.com\/es\/wp-json\/wp\/v2\/product_tag?post=23460"},{"taxonomy":"giftcard-category","embeddable":true,"href":"https:\/\/torello.com\/es\/wp-json\/wp\/v2\/giftcard-category?post=23460"}],"curies":[{"name":"wp","href":"https:\/\/api.w.org\/{rel}","templated":true}]}}