{"id":23644,"date":"2025-08-28T17:36:54","date_gmt":"2025-08-28T15:36:54","guid":{"rendered":"https:\/\/torello.com\/?post_type=product&#038;p=23644"},"modified":"2025-09-24T14:25:15","modified_gmt":"2025-09-24T12:25:15","slug":"cheque-regalo","status":"publish","type":"product","link":"https:\/\/torello.com\/es\/producto\/cheque-regalo\/","title":{"rendered":"Cheque regalo"},"content":{"rendered":"","protected":false},"excerpt":{"rendered":"<p>\u00a1Regala los <a href=\"https:\/\/torello.com\/es\/vinos-do-penedes\/\">vinos<\/a> y <a href=\"https:\/\/torello.com\/es\/vinos-espumosos-corpinnat\/\">corpinnats<\/a> de Torell\u00f3 con el Cheque Regalo!<\/p>\n<p>El afortunado o afortunada recibir\u00e1 un correo electr\u00f3nico con un c\u00f3digo y el importe que hayas seleccionado o indicado. Cuando quiera disfrutar del cheque regalo, solo tendr\u00e1 que seleccionar los vinos y corpinnats, que cambiar\u00e1 con el c\u00f3digo del cheque regalo y \u00a1los recibir\u00e1 c\u00f3modamente en su casa!<\/p>\n<p>Mediante el Cheque Regalo, tambi\u00e9n regalas:<\/p>\n<ul>\n<li>Finca Can Mart\u00ed.<\/li>\n<li>Agricultura Ecol\u00f3gica.<\/li>\n<li>Vendimia Manual.<\/li>\n<li>Vinificaci\u00f3n en la propiedad.<\/li>\n<li>Largas crianzas.<\/li>\n<\/ul>\n<p>\u00a1Regala exigencia y pasi\u00f3n, regala Torell\u00f3!<\/p>\n","protected":false},"featured_media":23561,"comment_status":"open","ping_status":"closed","template":"","meta":[],"product_brand":[],"product_cat":[894,896],"product_tag":[],"giftcard-category":[],"class_list":{"0":"post-23644","1":"product","2":"type-product","3":"status-publish","4":"has-post-thumbnail","6":"product_cat-corpinnat-es","7":"product_cat-penedes-es","9":"first","10":"instock","11":"virtual","12":"purchasable","13":"product-type-gift-card"},"exclude_global_add_ons":[],"addons":[],"yoast_head":"<!-- This site is optimized with the Yoast SEO plugin v26.7 - https:\/\/yoast.com\/wordpress\/plugins\/seo\/ -->\n<title>Cheque regalo | Torell\u00f3 Viticultors Grans escumosos i vins ecol\u00f2gics<\/title>\n<meta name=\"description\" content=\"Amb el Xec Regal podreu regalar els vins i escumosos corpinnat de Torell\u00f3 a les persones que m\u00e9s estimeu. Podran bescanviar el xec regal a la botiga online.\" \/>\n<meta name=\"robots\" content=\"index, follow, max-snippet:-1, max-image-preview:large, max-video-preview:-1\" \/>\n<link rel=\"canonical\" href=\"https:\/\/torello.com\/es\/producto\/cheque-regalo\/\" \/>\n<meta property=\"og:locale\" content=\"es_ES\" \/>\n<meta property=\"og:type\" content=\"article\" \/>\n<meta property=\"og:title\" content=\"Cheque regalo | Torell\u00f3 Viticultors Grans escumosos i vins ecol\u00f2gics\" \/>\n<meta property=\"og:description\" content=\"Amb el Xec Regal podreu regalar els vins i escumosos corpinnat de Torell\u00f3 a les persones que m\u00e9s estimeu. Podran bescanviar el xec regal a la botiga online.\" \/>\n<meta property=\"og:url\" content=\"https:\/\/torello.com\/es\/producto\/cheque-regalo\/\" \/>\n<meta property=\"og:site_name\" content=\"Torell\u00f3 Viticultors Grans escumosos i vins ecol\u00f2gics\" \/>\n<meta property=\"article:publisher\" content=\"https:\/\/www.facebook.com\/TorelloViticultors\/\" \/>\n<meta property=\"article:modified_time\" content=\"2025-09-24T12:25:15+00:00\" \/>\n<meta property=\"og:image\" content=\"https:\/\/torello.com\/wp-content\/uploads\/2025\/09\/Xec-Regal-Torello.jpg\" \/>\n\t<meta property=\"og:image:width\" content=\"1500\" \/>\n\t<meta property=\"og:image:height\" content=\"1064\" \/>\n\t<meta property=\"og:image:type\" content=\"image\/jpeg\" \/>\n<meta name=\"twitter:card\" content=\"summary_large_image\" \/>\n<meta name=\"twitter:site\" content=\"@TorelloViticult\" \/>\n<meta name=\"twitter:label1\" content=\"Tiempo de lectura\" \/>\n\t<meta name=\"twitter:data1\" content=\"1 minuto\" \/>\n<script type=\"application\/ld+json\" class=\"yoast-schema-graph\">{\"@context\":\"https:\/\/schema.org\",\"@graph\":[{\"@type\":\"WebPage\",\"@id\":\"https:\/\/torello.com\/es\/producto\/cheque-regalo\/\",\"url\":\"https:\/\/torello.com\/es\/producto\/cheque-regalo\/\",\"name\":\"Cheque regalo | Torell\u00f3 Viticultors Grans escumosos i vins ecol\u00f2gics\",\"isPartOf\":{\"@id\":\"https:\/\/torello.com\/es\/#website\"},\"primaryImageOfPage\":{\"@id\":\"https:\/\/torello.com\/es\/producto\/cheque-regalo\/#primaryimage\"},\"image\":{\"@id\":\"https:\/\/torello.com\/es\/producto\/cheque-regalo\/#primaryimage\"},\"thumbnailUrl\":\"https:\/\/torello.com\/wp-content\/uploads\/2025\/09\/Xec-Regal-Torello.jpg\",\"datePublished\":\"2025-08-28T15:36:54+00:00\",\"dateModified\":\"2025-09-24T12:25:15+00:00\",\"description\":\"Amb el Xec Regal podreu regalar els vins i escumosos corpinnat de Torell\u00f3 a les persones que m\u00e9s estimeu. Podran bescanviar el xec regal a la botiga online.\",\"breadcrumb\":{\"@id\":\"https:\/\/torello.com\/es\/producto\/cheque-regalo\/#breadcrumb\"},\"inLanguage\":\"es\",\"potentialAction\":[{\"@type\":\"ReadAction\",\"target\":[\"https:\/\/torello.com\/es\/producto\/cheque-regalo\/\"]}]},{\"@type\":\"ImageObject\",\"inLanguage\":\"es\",\"@id\":\"https:\/\/torello.com\/es\/producto\/cheque-regalo\/#primaryimage\",\"url\":\"https:\/\/torello.com\/wp-content\/uploads\/2025\/09\/Xec-Regal-Torello.jpg\",\"contentUrl\":\"https:\/\/torello.com\/wp-content\/uploads\/2025\/09\/Xec-Regal-Torello.jpg\",\"width\":1500,\"height\":1064,\"caption\":\"Xec Regal Torell\u00f3\"},{\"@type\":\"BreadcrumbList\",\"@id\":\"https:\/\/torello.com\/es\/producto\/cheque-regalo\/#breadcrumb\",\"itemListElement\":[{\"@type\":\"ListItem\",\"position\":1,\"name\":\"Inici\",\"item\":\"https:\/\/torello.com\/es\/\"},{\"@type\":\"ListItem\",\"position\":2,\"name\":\"Tienda online\",\"item\":\"https:\/\/torello.com\/es\/tienda-online\/\"},{\"@type\":\"ListItem\",\"position\":3,\"name\":\"Cheque regalo\"}]},{\"@type\":\"WebSite\",\"@id\":\"https:\/\/torello.com\/es\/#website\",\"url\":\"https:\/\/torello.com\/es\/\",\"name\":\"Torell\u00f3 Viticultors Grans escumosos i vins ecol\u00f2gics\",\"description\":\"Bodega familiar situada en el Pened\u00e9s, l\u00edder en la elaboraci\u00f3n de Cava y vinos, s\u00f3lo utiliza uva cultivada en su finca Can Mart\u00ed.\",\"publisher\":{\"@id\":\"https:\/\/torello.com\/es\/#organization\"},\"potentialAction\":[{\"@type\":\"SearchAction\",\"target\":{\"@type\":\"EntryPoint\",\"urlTemplate\":\"https:\/\/torello.com\/es\/?s={search_term_string}\"},\"query-input\":{\"@type\":\"PropertyValueSpecification\",\"valueRequired\":true,\"valueName\":\"search_term_string\"}}],\"inLanguage\":\"es\"},{\"@type\":\"Organization\",\"@id\":\"https:\/\/torello.com\/es\/#organization\",\"name\":\"Torell\u00f3 espumosos y vinos ecol\u00f3gicos\",\"url\":\"https:\/\/torello.com\/es\/\",\"logo\":{\"@type\":\"ImageObject\",\"inLanguage\":\"es\",\"@id\":\"https:\/\/torello.com\/es\/#\/schema\/logo\/image\/\",\"url\":\"https:\/\/torello.com\/wp-content\/uploads\/2020\/02\/TORELLO_LOGO_4.png\",\"contentUrl\":\"https:\/\/torello.com\/wp-content\/uploads\/2020\/02\/TORELLO_LOGO_4.png\",\"width\":278,\"height\":140,\"caption\":\"Torell\u00f3 espumosos y vinos ecol\u00f3gicos\"},\"image\":{\"@id\":\"https:\/\/torello.com\/es\/#\/schema\/logo\/image\/\"},\"sameAs\":[\"https:\/\/www.facebook.com\/TorelloViticultors\/\",\"https:\/\/x.com\/TorelloViticult\",\"https:\/\/www.instagram.com\/torelloviticultors\/\",\"https:\/\/www.youtube.com\/user\/Torello57\"]}]}<\/script>\n<!-- \/ Yoast SEO plugin. -->","yoast_head_json":{"title":"Cheque regalo | Torell\u00f3 Viticultors Grans escumosos i vins ecol\u00f2gics","description":"Amb el Xec Regal podreu regalar els vins i escumosos corpinnat de Torell\u00f3 a les persones que m\u00e9s estimeu. Podran bescanviar el xec regal a la botiga online.","robots":{"index":"index","follow":"follow","max-snippet":"max-snippet:-1","max-image-preview":"max-image-preview:large","max-video-preview":"max-video-preview:-1"},"canonical":"https:\/\/torello.com\/es\/producto\/cheque-regalo\/","og_locale":"es_ES","og_type":"article","og_title":"Cheque regalo | Torell\u00f3 Viticultors Grans escumosos i vins ecol\u00f2gics","og_description":"Amb el Xec Regal podreu regalar els vins i escumosos corpinnat de Torell\u00f3 a les persones que m\u00e9s estimeu. Podran bescanviar el xec regal a la botiga online.","og_url":"https:\/\/torello.com\/es\/producto\/cheque-regalo\/","og_site_name":"Torell\u00f3 Viticultors Grans escumosos i vins ecol\u00f2gics","article_publisher":"https:\/\/www.facebook.com\/TorelloViticultors\/","article_modified_time":"2025-09-24T12:25:15+00:00","og_image":[{"width":1500,"height":1064,"url":"https:\/\/torello.com\/wp-content\/uploads\/2025\/09\/Xec-Regal-Torello.jpg","type":"image\/jpeg"}],"twitter_card":"summary_large_image","twitter_site":"@TorelloViticult","twitter_misc":{"Tiempo de lectura":"1 minuto"},"schema":{"@context":"https:\/\/schema.org","@graph":[{"@type":"WebPage","@id":"https:\/\/torello.com\/es\/producto\/cheque-regalo\/","url":"https:\/\/torello.com\/es\/producto\/cheque-regalo\/","name":"Cheque regalo | Torell\u00f3 Viticultors Grans escumosos i vins ecol\u00f2gics","isPartOf":{"@id":"https:\/\/torello.com\/es\/#website"},"primaryImageOfPage":{"@id":"https:\/\/torello.com\/es\/producto\/cheque-regalo\/#primaryimage"},"image":{"@id":"https:\/\/torello.com\/es\/producto\/cheque-regalo\/#primaryimage"},"thumbnailUrl":"https:\/\/torello.com\/wp-content\/uploads\/2025\/09\/Xec-Regal-Torello.jpg","datePublished":"2025-08-28T15:36:54+00:00","dateModified":"2025-09-24T12:25:15+00:00","description":"Amb el Xec Regal podreu regalar els vins i escumosos corpinnat de Torell\u00f3 a les persones que m\u00e9s estimeu. Podran bescanviar el xec regal a la botiga online.","breadcrumb":{"@id":"https:\/\/torello.com\/es\/producto\/cheque-regalo\/#breadcrumb"},"inLanguage":"es","potentialAction":[{"@type":"ReadAction","target":["https:\/\/torello.com\/es\/producto\/cheque-regalo\/"]}]},{"@type":"ImageObject","inLanguage":"es","@id":"https:\/\/torello.com\/es\/producto\/cheque-regalo\/#primaryimage","url":"https:\/\/torello.com\/wp-content\/uploads\/2025\/09\/Xec-Regal-Torello.jpg","contentUrl":"https:\/\/torello.com\/wp-content\/uploads\/2025\/09\/Xec-Regal-Torello.jpg","width":1500,"height":1064,"caption":"Xec Regal Torell\u00f3"},{"@type":"BreadcrumbList","@id":"https:\/\/torello.com\/es\/producto\/cheque-regalo\/#breadcrumb","itemListElement":[{"@type":"ListItem","position":1,"name":"Inici","item":"https:\/\/torello.com\/es\/"},{"@type":"ListItem","position":2,"name":"Tienda online","item":"https:\/\/torello.com\/es\/tienda-online\/"},{"@type":"ListItem","position":3,"name":"Cheque regalo"}]},{"@type":"WebSite","@id":"https:\/\/torello.com\/es\/#website","url":"https:\/\/torello.com\/es\/","name":"Torell\u00f3 Viticultors Grans escumosos i vins ecol\u00f2gics","description":"Bodega familiar situada en el Pened\u00e9s, l\u00edder en la elaboraci\u00f3n de Cava y vinos, s\u00f3lo utiliza uva cultivada en su finca Can Mart\u00ed.","publisher":{"@id":"https:\/\/torello.com\/es\/#organization"},"potentialAction":[{"@type":"SearchAction","target":{"@type":"EntryPoint","urlTemplate":"https:\/\/torello.com\/es\/?s={search_term_string}"},"query-input":{"@type":"PropertyValueSpecification","valueRequired":true,"valueName":"search_term_string"}}],"inLanguage":"es"},{"@type":"Organization","@id":"https:\/\/torello.com\/es\/#organization","name":"Torell\u00f3 espumosos y vinos ecol\u00f3gicos","url":"https:\/\/torello.com\/es\/","logo":{"@type":"ImageObject","inLanguage":"es","@id":"https:\/\/torello.com\/es\/#\/schema\/logo\/image\/","url":"https:\/\/torello.com\/wp-content\/uploads\/2020\/02\/TORELLO_LOGO_4.png","contentUrl":"https:\/\/torello.com\/wp-content\/uploads\/2020\/02\/TORELLO_LOGO_4.png","width":278,"height":140,"caption":"Torell\u00f3 espumosos y vinos ecol\u00f3gicos"},"image":{"@id":"https:\/\/torello.com\/es\/#\/schema\/logo\/image\/"},"sameAs":["https:\/\/www.facebook.com\/TorelloViticultors\/","https:\/\/x.com\/TorelloViticult","https:\/\/www.instagram.com\/torelloviticultors\/","https:\/\/www.youtube.com\/user\/Torello57"]}]}},"_links":{"self":[{"href":"https:\/\/torello.com\/es\/wp-json\/wp\/v2\/product\/23644","targetHints":{"allow":["GET"]}}],"collection":[{"href":"https:\/\/torello.com\/es\/wp-json\/wp\/v2\/product"}],"about":[{"href":"https:\/\/torello.com\/es\/wp-json\/wp\/v2\/types\/product"}],"replies":[{"embeddable":true,"href":"https:\/\/torello.com\/es\/wp-json\/wp\/v2\/comments?post=23644"}],"wp:featuredmedia":[{"embeddable":true,"href":"https:\/\/torello.com\/es\/wp-json\/wp\/v2\/media\/23561"}],"wp:attachment":[{"href":"https:\/\/torello.com\/es\/wp-json\/wp\/v2\/media?parent=23644"}],"wp:term":[{"taxonomy":"product_brand","embeddable":true,"href":"https:\/\/torello.com\/es\/wp-json\/wp\/v2\/product_brand?post=23644"},{"taxonomy":"product_cat","embeddable":true,"href":"https:\/\/torello.com\/es\/wp-json\/wp\/v2\/product_cat?post=23644"},{"taxonomy":"product_tag","embeddable":true,"href":"https:\/\/torello.com\/es\/wp-json\/wp\/v2\/product_tag?post=23644"},{"taxonomy":"giftcard-category","embeddable":true,"href":"https:\/\/torello.com\/es\/wp-json\/wp\/v2\/giftcard-category?post=23644"}],"curies":[{"name":"wp","href":"https:\/\/api.w.org\/{rel}","templated":true}]}}