{"id":23869,"date":"2025-10-13T15:40:49","date_gmt":"2025-10-13T13:40:49","guid":{"rendered":"https:\/\/torello.com\/?post_type=product&#038;p=23869"},"modified":"2025-10-13T15:49:35","modified_gmt":"2025-10-13T13:49:35","slug":"torello-225-enoteca-2015-brut-nature","status":"publish","type":"product","link":"https:\/\/torello.com\/es\/producto\/torello-225-enoteca-2015-brut-nature\/","title":{"rendered":"Torell\u00f3 225 Enoteca 2015 Brut Nature"},"content":{"rendered":"<p><span style=\"color: #937b4f;\"><strong>Variedades<\/strong>: <\/span>47% Xarel\u00b7lo, 33% Macabeu y 20% Parellada de nuestra Finca Can Mart\u00ed.<\/p>\n<p><span style=\"color: #937b4f;\"><strong>Elaboraci\u00f3n:<\/strong><\/span> Los racimos llegan enteros a la bodega y, previo paso por mesa de selecci\u00f3n, se realiza por separado un suave prensado de cada variedad. Contamos con la tecnolog\u00eda Inertys en nuestras prensas que protegen al mosto de la oxidaci\u00f3n durante la fase de prensado. Despu\u00e9s de la primera fermentaci\u00f3n en dep\u00f3sitos de acero inoxidable, el vino base pasa por barrica de roble franc\u00e9s Allier de 225 litros -de aqu\u00ed su nombre-. En invierno se realiza el embotellado y posteriormente la segunda fermentaci\u00f3n en botella.<\/p>\n<p><span style=\"color: #937b4f;\"><strong>Crianza:<\/strong><\/span> M\u00e1s de 9 a\u00f1os de crianza en botella. Cada a\u00f1o se realiza el poignettage (agitaci\u00f3n de la botella), que hace que las levaduras vuelvan a mezclarse con el vino. De esta manera el espumoso se enriquece en aromas y sabores. Deg\u00fcelle sin adici\u00f3n de az\u00facares.<\/p>\n<p><span style=\"color: #937b4f;\"><strong>Presentaci\u00f3n:<\/strong><\/span> 75 cl.<\/p>\n<p><span style=\"color: #937b4f;\"><strong>Nota de cata:<\/strong><\/span> 2015 fue un a\u00f1o muy potente con una uva excelente, despu\u00e9s de un largo verano y una vendimia temprana. Torell\u00f3 225 Enoteca 2015 Brut Nature ha pasado mas de nueve a\u00f1os en botella con sus l\u00edas. Se elabor\u00f3 con un 47% de Xarel\u00b7lo, un 33% de Macabeo y un 20% de Parellada. Tiene m\u00e1s complejidad y notas de levadura, tostados y ahumados, aromas de pastel de manzana, y un paladar fresco y equilibrado con sabores intensos, y un final seco. Lu\u00eds Guti\u00e9rrez &#8211; Robert Parker\/The Wine Advocate.<\/p>\n<p><span style=\"color: #937b4f;\"><strong>Reconocimientos:<\/strong><\/span><\/p>\n<ul>\n<li>Robert Parker: 94 puntos.<\/li>\n<li>Gu\u00eda Pe\u00f1\u00edn: 93 puntos.<\/li>\n<li>Gu\u00eda de Vins de Catalunya: 9,92 puntos. Mejor vino espumoso de la Gu\u00eda.<\/li>\n<\/ul>\n","protected":false},"excerpt":{"rendered":"<p><span style=\"color: #937b4f;\"><strong>Variedades<\/strong>: <\/span>47% Xarel\u00b7lo, 33% Macabeu y 20% Parellada de nuestra Finca Can Mart\u00ed.<\/p>\n<p><span style=\"color: #937b4f;\"><strong>Elaboraci\u00f3n:<\/strong><\/span> Los racimos llegan enteros a la bodega y, previo paso por mesa de selecci\u00f3n, se realiza por separado un suave prensado de cada variedad. Contamos con la tecnolog\u00eda Inertys en nuestras prensas que protegen al mosto de la oxidaci\u00f3n durante la fase de prensado. Despu\u00e9s de la primera fermentaci\u00f3n en dep\u00f3sitos de acero inoxidable, el vino base pasa por barrica de roble franc\u00e9s Allier de 225 litros -de aqu\u00ed su nombre-. En invierno se realiza el embotellado y posteriormente la segunda fermentaci\u00f3n en botella.<\/p>\n<p><span style=\"color: #937b4f;\"><strong>Crianza:<\/strong><\/span> M\u00e1s de 9 a\u00f1os de crianza en botella. Cada a\u00f1o se realiza el poignettage (agitaci\u00f3n de la botella), que hace que las levaduras vuelvan a mezclarse con el vino. De esta manera el espumoso se enriquece en aromas y sabores. Deg\u00fcelle sin adici\u00f3n de az\u00facares.<\/p>\n<p><span style=\"color: #937b4f;\"><strong>Presentaci\u00f3n:<\/strong><\/span> 75 cl.<\/p>\n<p><span style=\"color: #937b4f;\"><strong>Nota de cata:<\/strong><\/span> 2015 fue un a\u00f1o muy potente con una uva excelente, despu\u00e9s de un largo verano y una vendimia temprana. Torell\u00f3 225 Enoteca 2015 Brut Nature ha pasado mas de nueve a\u00f1os en botella con sus l\u00edas. Se elabor\u00f3 con un 47% de Xarel\u00b7lo, un 33% de Macabeo y un 20% de Parellada. Tiene m\u00e1s complejidad y notas de levadura, tostados y ahumados, aromas de pastel de manzana, y un paladar fresco y equilibrado con sabores intensos, y un final seco. Lu\u00eds Guti\u00e9rrez &#8211; Robert Parker\/The Wine Advocate.<\/p>\n<p><span style=\"color: #937b4f;\"><strong>Reconocimientos:<\/strong><\/span><\/p>\n<ul>\n<li>Robert Parker: 94 puntos.<\/li>\n<li>Gu\u00eda Pe\u00f1\u00edn: 93 puntos.<\/li>\n<li>Gu\u00eda de Vins de Catalunya: 9,92 puntos. Mejor vino espumoso de la Gu\u00eda.<\/li>\n<\/ul>\n","protected":false},"featured_media":23818,"comment_status":"open","ping_status":"closed","template":"","meta":[],"product_brand":[],"product_cat":[894],"product_tag":[],"giftcard-category":[],"class_list":{"0":"post-23869","1":"product","2":"type-product","3":"status-publish","4":"has-post-thumbnail","6":"product_cat-corpinnat-es","8":"first","9":"instock","10":"shipping-taxable","11":"purchasable","12":"product-type-simple"},"exclude_global_add_ons":[],"addons":[],"yoast_head":"<!-- This site is optimized with the Yoast SEO plugin v26.7 - https:\/\/yoast.com\/wordpress\/plugins\/seo\/ -->\n<title>Torell\u00f3 225 Enoteca 2015 Brut Nature | Torell\u00f3 Viticultors Grans escumosos i vins ecol\u00f2gics<\/title>\n<meta name=\"robots\" content=\"index, follow, max-snippet:-1, max-image-preview:large, max-video-preview:-1\" \/>\n<link rel=\"canonical\" href=\"https:\/\/torello.com\/es\/producto\/torello-225-enoteca-2015-brut-nature\/\" \/>\n<meta property=\"og:locale\" content=\"es_ES\" \/>\n<meta property=\"og:type\" content=\"article\" \/>\n<meta property=\"og:title\" content=\"Torell\u00f3 225 Enoteca 2015 Brut Nature | Torell\u00f3 Viticultors Grans escumosos i vins ecol\u00f2gics\" \/>\n<meta property=\"og:description\" content=\"Variedades: 47% Xarel\u00b7lo, 33% Macabeu y 20% Parellada de nuestra Finca Can Mart\u00ed.  Elaboraci\u00f3n: Los racimos llegan enteros a la bodega y, previo paso por mesa de selecci\u00f3n, se realiza por separado un suave prensado de cada variedad. Contamos con la tecnolog\u00eda Inertys en nuestras prensas que protegen al mosto de la oxidaci\u00f3n durante la fase de prensado. Despu\u00e9s de la primera fermentaci\u00f3n en dep\u00f3sitos de acero inoxidable, el vino base pasa por barrica de roble franc\u00e9s Allier de 225 litros -de aqu\u00ed su nombre-. En invierno se realiza el embotellado y posteriormente la segunda fermentaci\u00f3n en botella.  Crianza: M\u00e1s de 9 a\u00f1os de crianza en botella. Cada a\u00f1o se realiza el poignettage (agitaci\u00f3n de la botella), que hace que las levaduras vuelvan a mezclarse con el vino. De esta manera el espumoso se enriquece en aromas y sabores. Deg\u00fcelle sin adici\u00f3n de az\u00facares.  Presentaci\u00f3n: 75 cl.  Nota de cata: 2015 fue un a\u00f1o muy potente con una uva excelente, despu\u00e9s de un largo verano y una vendimia temprana. Torell\u00f3 225 Enoteca 2015 Brut Nature ha pasado mas de nueve a\u00f1os en botella con sus l\u00edas. Se elabor\u00f3 con un 47% de Xarel\u00b7lo, un 33% de Macabeo y un 20% de Parellada. Tiene m\u00e1s complejidad y notas de levadura, tostados y ahumados, aromas de pastel de manzana, y un paladar fresco y equilibrado con sabores intensos, y un final seco. Lu\u00eds Guti\u00e9rrez - Robert Parker\/The Wine Advocate.  Reconocimientos:   Robert Parker: 94 puntos.  Gu\u00eda Pe\u00f1\u00edn: 93 puntos.  Gu\u00eda de Vins de Catalunya: 9,92 puntos. Mejor vino espumoso de la Gu\u00eda.\" \/>\n<meta property=\"og:url\" content=\"https:\/\/torello.com\/es\/producto\/torello-225-enoteca-2015-brut-nature\/\" \/>\n<meta property=\"og:site_name\" content=\"Torell\u00f3 Viticultors Grans escumosos i vins ecol\u00f2gics\" \/>\n<meta property=\"article:publisher\" content=\"https:\/\/www.facebook.com\/TorelloViticultors\/\" \/>\n<meta property=\"article:modified_time\" content=\"2025-10-13T13:49:35+00:00\" \/>\n<meta property=\"og:image\" content=\"https:\/\/torello.com\/wp-content\/uploads\/2025\/10\/Torello-225-Enoteca-2015.jpg\" \/>\n\t<meta property=\"og:image:width\" content=\"560\" \/>\n\t<meta property=\"og:image:height\" content=\"560\" \/>\n\t<meta property=\"og:image:type\" content=\"image\/jpeg\" \/>\n<meta name=\"twitter:card\" content=\"summary_large_image\" \/>\n<meta name=\"twitter:site\" content=\"@TorelloViticult\" \/>\n<meta name=\"twitter:label1\" content=\"Tiempo de lectura\" \/>\n\t<meta name=\"twitter:data1\" content=\"2 minutos\" \/>\n<script type=\"application\/ld+json\" class=\"yoast-schema-graph\">{\"@context\":\"https:\/\/schema.org\",\"@graph\":[{\"@type\":\"WebPage\",\"@id\":\"https:\/\/torello.com\/es\/producto\/torello-225-enoteca-2015-brut-nature\/\",\"url\":\"https:\/\/torello.com\/es\/producto\/torello-225-enoteca-2015-brut-nature\/\",\"name\":\"Torell\u00f3 225 Enoteca 2015 Brut Nature | Torell\u00f3 Viticultors Grans escumosos i vins ecol\u00f2gics\",\"isPartOf\":{\"@id\":\"https:\/\/torello.com\/es\/#website\"},\"primaryImageOfPage\":{\"@id\":\"https:\/\/torello.com\/es\/producto\/torello-225-enoteca-2015-brut-nature\/#primaryimage\"},\"image\":{\"@id\":\"https:\/\/torello.com\/es\/producto\/torello-225-enoteca-2015-brut-nature\/#primaryimage\"},\"thumbnailUrl\":\"https:\/\/torello.com\/wp-content\/uploads\/2025\/10\/Torello-225-Enoteca-2015.jpg\",\"datePublished\":\"2025-10-13T13:40:49+00:00\",\"dateModified\":\"2025-10-13T13:49:35+00:00\",\"breadcrumb\":{\"@id\":\"https:\/\/torello.com\/es\/producto\/torello-225-enoteca-2015-brut-nature\/#breadcrumb\"},\"inLanguage\":\"es\",\"potentialAction\":[{\"@type\":\"ReadAction\",\"target\":[\"https:\/\/torello.com\/es\/producto\/torello-225-enoteca-2015-brut-nature\/\"]}]},{\"@type\":\"ImageObject\",\"inLanguage\":\"es\",\"@id\":\"https:\/\/torello.com\/es\/producto\/torello-225-enoteca-2015-brut-nature\/#primaryimage\",\"url\":\"https:\/\/torello.com\/wp-content\/uploads\/2025\/10\/Torello-225-Enoteca-2015.jpg\",\"contentUrl\":\"https:\/\/torello.com\/wp-content\/uploads\/2025\/10\/Torello-225-Enoteca-2015.jpg\",\"width\":560,\"height\":560,\"caption\":\"Torell\u00f3 225 Enoteca 2015 Brut Nature\"},{\"@type\":\"BreadcrumbList\",\"@id\":\"https:\/\/torello.com\/es\/producto\/torello-225-enoteca-2015-brut-nature\/#breadcrumb\",\"itemListElement\":[{\"@type\":\"ListItem\",\"position\":1,\"name\":\"Inici\",\"item\":\"https:\/\/torello.com\/es\/\"},{\"@type\":\"ListItem\",\"position\":2,\"name\":\"Tienda online\",\"item\":\"https:\/\/torello.com\/es\/tienda-online\/\"},{\"@type\":\"ListItem\",\"position\":3,\"name\":\"Torell\u00f3 225 Enoteca 2015 Brut Nature\"}]},{\"@type\":\"WebSite\",\"@id\":\"https:\/\/torello.com\/es\/#website\",\"url\":\"https:\/\/torello.com\/es\/\",\"name\":\"Torell\u00f3 Viticultors Grans escumosos i vins ecol\u00f2gics\",\"description\":\"Bodega familiar situada en el Pened\u00e9s, l\u00edder en la elaboraci\u00f3n de Cava y vinos, s\u00f3lo utiliza uva cultivada en su finca Can Mart\u00ed.\",\"publisher\":{\"@id\":\"https:\/\/torello.com\/es\/#organization\"},\"potentialAction\":[{\"@type\":\"SearchAction\",\"target\":{\"@type\":\"EntryPoint\",\"urlTemplate\":\"https:\/\/torello.com\/es\/?s={search_term_string}\"},\"query-input\":{\"@type\":\"PropertyValueSpecification\",\"valueRequired\":true,\"valueName\":\"search_term_string\"}}],\"inLanguage\":\"es\"},{\"@type\":\"Organization\",\"@id\":\"https:\/\/torello.com\/es\/#organization\",\"name\":\"Torell\u00f3 espumosos y vinos ecol\u00f3gicos\",\"url\":\"https:\/\/torello.com\/es\/\",\"logo\":{\"@type\":\"ImageObject\",\"inLanguage\":\"es\",\"@id\":\"https:\/\/torello.com\/es\/#\/schema\/logo\/image\/\",\"url\":\"https:\/\/torello.com\/wp-content\/uploads\/2020\/02\/TORELLO_LOGO_4.png\",\"contentUrl\":\"https:\/\/torello.com\/wp-content\/uploads\/2020\/02\/TORELLO_LOGO_4.png\",\"width\":278,\"height\":140,\"caption\":\"Torell\u00f3 espumosos y vinos ecol\u00f3gicos\"},\"image\":{\"@id\":\"https:\/\/torello.com\/es\/#\/schema\/logo\/image\/\"},\"sameAs\":[\"https:\/\/www.facebook.com\/TorelloViticultors\/\",\"https:\/\/x.com\/TorelloViticult\",\"https:\/\/www.instagram.com\/torelloviticultors\/\",\"https:\/\/www.youtube.com\/user\/Torello57\"]}]}<\/script>\n<!-- \/ Yoast SEO plugin. -->","yoast_head_json":{"title":"Torell\u00f3 225 Enoteca 2015 Brut Nature | Torell\u00f3 Viticultors Grans escumosos i vins ecol\u00f2gics","robots":{"index":"index","follow":"follow","max-snippet":"max-snippet:-1","max-image-preview":"max-image-preview:large","max-video-preview":"max-video-preview:-1"},"canonical":"https:\/\/torello.com\/es\/producto\/torello-225-enoteca-2015-brut-nature\/","og_locale":"es_ES","og_type":"article","og_title":"Torell\u00f3 225 Enoteca 2015 Brut Nature | Torell\u00f3 Viticultors Grans escumosos i vins ecol\u00f2gics","og_description":"Variedades: 47% Xarel\u00b7lo, 33% Macabeu y 20% Parellada de nuestra Finca Can Mart\u00ed.  Elaboraci\u00f3n: Los racimos llegan enteros a la bodega y, previo paso por mesa de selecci\u00f3n, se realiza por separado un suave prensado de cada variedad. Contamos con la tecnolog\u00eda Inertys en nuestras prensas que protegen al mosto de la oxidaci\u00f3n durante la fase de prensado. Despu\u00e9s de la primera fermentaci\u00f3n en dep\u00f3sitos de acero inoxidable, el vino base pasa por barrica de roble franc\u00e9s Allier de 225 litros -de aqu\u00ed su nombre-. En invierno se realiza el embotellado y posteriormente la segunda fermentaci\u00f3n en botella.  Crianza: M\u00e1s de 9 a\u00f1os de crianza en botella. Cada a\u00f1o se realiza el poignettage (agitaci\u00f3n de la botella), que hace que las levaduras vuelvan a mezclarse con el vino. De esta manera el espumoso se enriquece en aromas y sabores. Deg\u00fcelle sin adici\u00f3n de az\u00facares.  Presentaci\u00f3n: 75 cl.  Nota de cata: 2015 fue un a\u00f1o muy potente con una uva excelente, despu\u00e9s de un largo verano y una vendimia temprana. Torell\u00f3 225 Enoteca 2015 Brut Nature ha pasado mas de nueve a\u00f1os en botella con sus l\u00edas. Se elabor\u00f3 con un 47% de Xarel\u00b7lo, un 33% de Macabeo y un 20% de Parellada. Tiene m\u00e1s complejidad y notas de levadura, tostados y ahumados, aromas de pastel de manzana, y un paladar fresco y equilibrado con sabores intensos, y un final seco. Lu\u00eds Guti\u00e9rrez - Robert Parker\/The Wine Advocate.  Reconocimientos:   Robert Parker: 94 puntos.  Gu\u00eda Pe\u00f1\u00edn: 93 puntos.  Gu\u00eda de Vins de Catalunya: 9,92 puntos. Mejor vino espumoso de la Gu\u00eda.","og_url":"https:\/\/torello.com\/es\/producto\/torello-225-enoteca-2015-brut-nature\/","og_site_name":"Torell\u00f3 Viticultors Grans escumosos i vins ecol\u00f2gics","article_publisher":"https:\/\/www.facebook.com\/TorelloViticultors\/","article_modified_time":"2025-10-13T13:49:35+00:00","og_image":[{"width":560,"height":560,"url":"https:\/\/torello.com\/wp-content\/uploads\/2025\/10\/Torello-225-Enoteca-2015.jpg","type":"image\/jpeg"}],"twitter_card":"summary_large_image","twitter_site":"@TorelloViticult","twitter_misc":{"Tiempo de lectura":"2 minutos"},"schema":{"@context":"https:\/\/schema.org","@graph":[{"@type":"WebPage","@id":"https:\/\/torello.com\/es\/producto\/torello-225-enoteca-2015-brut-nature\/","url":"https:\/\/torello.com\/es\/producto\/torello-225-enoteca-2015-brut-nature\/","name":"Torell\u00f3 225 Enoteca 2015 Brut Nature | Torell\u00f3 Viticultors Grans escumosos i vins ecol\u00f2gics","isPartOf":{"@id":"https:\/\/torello.com\/es\/#website"},"primaryImageOfPage":{"@id":"https:\/\/torello.com\/es\/producto\/torello-225-enoteca-2015-brut-nature\/#primaryimage"},"image":{"@id":"https:\/\/torello.com\/es\/producto\/torello-225-enoteca-2015-brut-nature\/#primaryimage"},"thumbnailUrl":"https:\/\/torello.com\/wp-content\/uploads\/2025\/10\/Torello-225-Enoteca-2015.jpg","datePublished":"2025-10-13T13:40:49+00:00","dateModified":"2025-10-13T13:49:35+00:00","breadcrumb":{"@id":"https:\/\/torello.com\/es\/producto\/torello-225-enoteca-2015-brut-nature\/#breadcrumb"},"inLanguage":"es","potentialAction":[{"@type":"ReadAction","target":["https:\/\/torello.com\/es\/producto\/torello-225-enoteca-2015-brut-nature\/"]}]},{"@type":"ImageObject","inLanguage":"es","@id":"https:\/\/torello.com\/es\/producto\/torello-225-enoteca-2015-brut-nature\/#primaryimage","url":"https:\/\/torello.com\/wp-content\/uploads\/2025\/10\/Torello-225-Enoteca-2015.jpg","contentUrl":"https:\/\/torello.com\/wp-content\/uploads\/2025\/10\/Torello-225-Enoteca-2015.jpg","width":560,"height":560,"caption":"Torell\u00f3 225 Enoteca 2015 Brut Nature"},{"@type":"BreadcrumbList","@id":"https:\/\/torello.com\/es\/producto\/torello-225-enoteca-2015-brut-nature\/#breadcrumb","itemListElement":[{"@type":"ListItem","position":1,"name":"Inici","item":"https:\/\/torello.com\/es\/"},{"@type":"ListItem","position":2,"name":"Tienda online","item":"https:\/\/torello.com\/es\/tienda-online\/"},{"@type":"ListItem","position":3,"name":"Torell\u00f3 225 Enoteca 2015 Brut Nature"}]},{"@type":"WebSite","@id":"https:\/\/torello.com\/es\/#website","url":"https:\/\/torello.com\/es\/","name":"Torell\u00f3 Viticultors Grans escumosos i vins ecol\u00f2gics","description":"Bodega familiar situada en el Pened\u00e9s, l\u00edder en la elaboraci\u00f3n de Cava y vinos, s\u00f3lo utiliza uva cultivada en su finca Can Mart\u00ed.","publisher":{"@id":"https:\/\/torello.com\/es\/#organization"},"potentialAction":[{"@type":"SearchAction","target":{"@type":"EntryPoint","urlTemplate":"https:\/\/torello.com\/es\/?s={search_term_string}"},"query-input":{"@type":"PropertyValueSpecification","valueRequired":true,"valueName":"search_term_string"}}],"inLanguage":"es"},{"@type":"Organization","@id":"https:\/\/torello.com\/es\/#organization","name":"Torell\u00f3 espumosos y vinos ecol\u00f3gicos","url":"https:\/\/torello.com\/es\/","logo":{"@type":"ImageObject","inLanguage":"es","@id":"https:\/\/torello.com\/es\/#\/schema\/logo\/image\/","url":"https:\/\/torello.com\/wp-content\/uploads\/2020\/02\/TORELLO_LOGO_4.png","contentUrl":"https:\/\/torello.com\/wp-content\/uploads\/2020\/02\/TORELLO_LOGO_4.png","width":278,"height":140,"caption":"Torell\u00f3 espumosos y vinos ecol\u00f3gicos"},"image":{"@id":"https:\/\/torello.com\/es\/#\/schema\/logo\/image\/"},"sameAs":["https:\/\/www.facebook.com\/TorelloViticultors\/","https:\/\/x.com\/TorelloViticult","https:\/\/www.instagram.com\/torelloviticultors\/","https:\/\/www.youtube.com\/user\/Torello57"]}]}},"_links":{"self":[{"href":"https:\/\/torello.com\/es\/wp-json\/wp\/v2\/product\/23869","targetHints":{"allow":["GET"]}}],"collection":[{"href":"https:\/\/torello.com\/es\/wp-json\/wp\/v2\/product"}],"about":[{"href":"https:\/\/torello.com\/es\/wp-json\/wp\/v2\/types\/product"}],"replies":[{"embeddable":true,"href":"https:\/\/torello.com\/es\/wp-json\/wp\/v2\/comments?post=23869"}],"wp:featuredmedia":[{"embeddable":true,"href":"https:\/\/torello.com\/es\/wp-json\/wp\/v2\/media\/23818"}],"wp:attachment":[{"href":"https:\/\/torello.com\/es\/wp-json\/wp\/v2\/media?parent=23869"}],"wp:term":[{"taxonomy":"product_brand","embeddable":true,"href":"https:\/\/torello.com\/es\/wp-json\/wp\/v2\/product_brand?post=23869"},{"taxonomy":"product_cat","embeddable":true,"href":"https:\/\/torello.com\/es\/wp-json\/wp\/v2\/product_cat?post=23869"},{"taxonomy":"product_tag","embeddable":true,"href":"https:\/\/torello.com\/es\/wp-json\/wp\/v2\/product_tag?post=23869"},{"taxonomy":"giftcard-category","embeddable":true,"href":"https:\/\/torello.com\/es\/wp-json\/wp\/v2\/giftcard-category?post=23869"}],"curies":[{"name":"wp","href":"https:\/\/api.w.org\/{rel}","templated":true}]}}