{"id":24733,"date":"2026-03-19T18:10:25","date_gmt":"2026-03-19T17:10:25","guid":{"rendered":"https:\/\/torello.com\/producto\/aceite-de-oliva-virgen-extra\/"},"modified":"2026-03-25T10:23:13","modified_gmt":"2026-03-25T09:23:13","slug":"aceite-de-oliva-virgen-extra","status":"publish","type":"product","link":"https:\/\/torello.com\/es\/producto\/aceite-de-oliva-virgen-extra\/","title":{"rendered":"Aceite de oliva virgen extra"},"content":{"rendered":"<p>Es un aceite de oliva virgen extra, de categor\u00eda superior, obtenido directamente de procesos mec\u00e1nicos, donde no se ha llevado a cabo ning\u00fan proceso de refinaci\u00f3n ni se utiliza ning\u00fan aditivo. Adem\u00e1s, el aceite de oliva virgen extra es un aceite con un sabor y olor intachables y libre de defectos. Su acidez m\u00e1xima es del 0,8%.  <\/p>\n<p><strong>Variedades<\/strong>: Arbequina, Sabatera, Picual y Arbosana de nuestra finca Can Mart\u00ed. La Arbequina es la variedad de mayor cultivo en Catalu\u00f1a, la Picual es de las variedades m\u00e1s presentes en la pen\u00ednsula ib\u00e9rica y la Sabatera y la Arbosana, pr\u00e1cticamente su presencia se reduce al Pened\u00e8s. <\/p>\n<p><strong>Presentaci\u00f3n: <\/strong>Botellas de 500 ml.<\/p>\n<p><strong>Nota de cata<\/strong>: Marcado car\u00e1cter c\u00edtrico, punzante, pimienta blanca, frutado verde, manzana madura, hierbas bals\u00e1micas, fondo cer\u00faleo y medicinal, y especiado en boca.<\/p>\n","protected":false},"excerpt":{"rendered":"<p>Es un aceite de oliva virgen extra, de categor\u00eda superior, obtenido directamente de procesos mec\u00e1nicos, donde no se ha llevado a cabo ning\u00fan proceso de refinaci\u00f3n ni se utiliza ning\u00fan aditivo. Adem\u00e1s, el aceite de oliva virgen extra es un aceite con un sabor y olor intachables y libre de defectos. Su acidez m\u00e1xima es del 0,8%.  <\/p>\n<p><strong>Variedades<\/strong>: Arbequina, Sabatera, Picual y Arbosana de nuestra finca Can Mart\u00ed. La Arbequina es la variedad de mayor cultivo en Catalu\u00f1a, la Picual es de las variedades m\u00e1s presentes en la pen\u00ednsula ib\u00e9rica y la Sabatera y la Arbosana, pr\u00e1cticamente su presencia se reduce al Pened\u00e8s. <\/p>\n<p><strong>Presentaci\u00f3n: <\/strong>Botellas de 500 ml.<\/p>\n<p><strong>Nota de cata<\/strong>: Marcado car\u00e1cter c\u00edtrico, punzante, pimienta blanca, frutado verde, manzana madura, hierbas bals\u00e1micas, fondo cer\u00faleo y medicinal, y especiado en boca.<\/p>\n","protected":false},"featured_media":24730,"comment_status":"open","ping_status":"closed","template":"","meta":[],"product_brand":[],"product_cat":[1416],"product_tag":[],"giftcard-category":[],"class_list":{"0":"post-24733","1":"product","2":"type-product","3":"status-publish","4":"has-post-thumbnail","6":"product_cat-aceite-de-oliva","8":"first","9":"instock","10":"shipping-taxable","11":"purchasable","12":"product-type-simple"},"exclude_global_add_ons":[],"addons":[],"yoast_head":"<!-- This site is optimized with the Yoast SEO plugin v26.7 - https:\/\/yoast.com\/wordpress\/plugins\/seo\/ -->\n<title>Aceite de oliva virgen extra | Torell\u00f3 Viticultors Grans escumosos i vins ecol\u00f2gics<\/title>\n<meta name=\"description\" content=\"Aceite de Oliva Virgen Extra. Es un aceite de oliva virgen extra, de categor\u00eda superior, obtenido directamente de procesos mec\u00e1nicos, donde...\" \/>\n<meta name=\"robots\" content=\"index, follow, max-snippet:-1, max-image-preview:large, max-video-preview:-1\" \/>\n<link rel=\"canonical\" href=\"https:\/\/torello.com\/es\/producto\/aceite-de-oliva-virgen-extra\/\" \/>\n<meta property=\"og:locale\" content=\"es_ES\" \/>\n<meta property=\"og:type\" content=\"article\" \/>\n<meta property=\"og:title\" content=\"Aceite de oliva virgen extra | Torell\u00f3 Viticultors Grans escumosos i vins ecol\u00f2gics\" \/>\n<meta property=\"og:description\" content=\"Aceite de Oliva Virgen Extra. Es un aceite de oliva virgen extra, de categor\u00eda superior, obtenido directamente de procesos mec\u00e1nicos, donde...\" \/>\n<meta property=\"og:url\" content=\"https:\/\/torello.com\/es\/producto\/aceite-de-oliva-virgen-extra\/\" \/>\n<meta property=\"og:site_name\" content=\"Torell\u00f3 Viticultors Grans escumosos i vins ecol\u00f2gics\" \/>\n<meta property=\"article:publisher\" content=\"https:\/\/www.facebook.com\/TorelloViticultors\/\" \/>\n<meta property=\"article:modified_time\" content=\"2026-03-25T09:23:13+00:00\" \/>\n<meta property=\"og:image\" content=\"https:\/\/torello.com\/wp-content\/uploads\/2026\/03\/Oli-Oliva-Verge-Extra-Torello.png\" \/>\n\t<meta property=\"og:image:width\" content=\"560\" \/>\n\t<meta property=\"og:image:height\" content=\"560\" \/>\n\t<meta property=\"og:image:type\" content=\"image\/png\" \/>\n<meta name=\"twitter:card\" content=\"summary_large_image\" \/>\n<meta name=\"twitter:site\" content=\"@TorelloViticult\" \/>\n<meta name=\"twitter:label1\" content=\"Tiempo de lectura\" \/>\n\t<meta name=\"twitter:data1\" content=\"1 minuto\" \/>\n<script type=\"application\/ld+json\" class=\"yoast-schema-graph\">{\"@context\":\"https:\/\/schema.org\",\"@graph\":[{\"@type\":\"WebPage\",\"@id\":\"https:\/\/torello.com\/es\/producto\/aceite-de-oliva-virgen-extra\/\",\"url\":\"https:\/\/torello.com\/es\/producto\/aceite-de-oliva-virgen-extra\/\",\"name\":\"Aceite de oliva virgen extra | Torell\u00f3 Viticultors Grans escumosos i vins ecol\u00f2gics\",\"isPartOf\":{\"@id\":\"https:\/\/torello.com\/es\/#website\"},\"primaryImageOfPage\":{\"@id\":\"https:\/\/torello.com\/es\/producto\/aceite-de-oliva-virgen-extra\/#primaryimage\"},\"image\":{\"@id\":\"https:\/\/torello.com\/es\/producto\/aceite-de-oliva-virgen-extra\/#primaryimage\"},\"thumbnailUrl\":\"https:\/\/torello.com\/wp-content\/uploads\/2026\/03\/Oli-Oliva-Verge-Extra-Torello.png\",\"datePublished\":\"2026-03-19T17:10:25+00:00\",\"dateModified\":\"2026-03-25T09:23:13+00:00\",\"description\":\"Aceite de Oliva Virgen Extra. Es un aceite de oliva virgen extra, de categor\u00eda superior, obtenido directamente de procesos mec\u00e1nicos, donde...\",\"breadcrumb\":{\"@id\":\"https:\/\/torello.com\/es\/producto\/aceite-de-oliva-virgen-extra\/#breadcrumb\"},\"inLanguage\":\"es\",\"potentialAction\":[{\"@type\":\"ReadAction\",\"target\":[\"https:\/\/torello.com\/es\/producto\/aceite-de-oliva-virgen-extra\/\"]}]},{\"@type\":\"ImageObject\",\"inLanguage\":\"es\",\"@id\":\"https:\/\/torello.com\/es\/producto\/aceite-de-oliva-virgen-extra\/#primaryimage\",\"url\":\"https:\/\/torello.com\/wp-content\/uploads\/2026\/03\/Oli-Oliva-Verge-Extra-Torello.png\",\"contentUrl\":\"https:\/\/torello.com\/wp-content\/uploads\/2026\/03\/Oli-Oliva-Verge-Extra-Torello.png\",\"width\":560,\"height\":560,\"caption\":\"Oli Oliva Verge Extra Torell\u00f3\"},{\"@type\":\"BreadcrumbList\",\"@id\":\"https:\/\/torello.com\/es\/producto\/aceite-de-oliva-virgen-extra\/#breadcrumb\",\"itemListElement\":[{\"@type\":\"ListItem\",\"position\":1,\"name\":\"Inici\",\"item\":\"https:\/\/torello.com\/es\/\"},{\"@type\":\"ListItem\",\"position\":2,\"name\":\"Tienda online\",\"item\":\"https:\/\/torello.com\/es\/tienda-online\/\"},{\"@type\":\"ListItem\",\"position\":3,\"name\":\"Aceite de oliva virgen extra\"}]},{\"@type\":\"WebSite\",\"@id\":\"https:\/\/torello.com\/es\/#website\",\"url\":\"https:\/\/torello.com\/es\/\",\"name\":\"Torell\u00f3 Viticultors Grans escumosos i vins ecol\u00f2gics\",\"description\":\"Bodega familiar situada en el Pened\u00e9s, l\u00edder en la elaboraci\u00f3n de Cava y vinos, s\u00f3lo utiliza uva cultivada en su finca Can Mart\u00ed.\",\"publisher\":{\"@id\":\"https:\/\/torello.com\/es\/#organization\"},\"potentialAction\":[{\"@type\":\"SearchAction\",\"target\":{\"@type\":\"EntryPoint\",\"urlTemplate\":\"https:\/\/torello.com\/es\/?s={search_term_string}\"},\"query-input\":{\"@type\":\"PropertyValueSpecification\",\"valueRequired\":true,\"valueName\":\"search_term_string\"}}],\"inLanguage\":\"es\"},{\"@type\":\"Organization\",\"@id\":\"https:\/\/torello.com\/es\/#organization\",\"name\":\"Torell\u00f3 espumosos y vinos ecol\u00f3gicos\",\"url\":\"https:\/\/torello.com\/es\/\",\"logo\":{\"@type\":\"ImageObject\",\"inLanguage\":\"es\",\"@id\":\"https:\/\/torello.com\/es\/#\/schema\/logo\/image\/\",\"url\":\"https:\/\/torello.com\/wp-content\/uploads\/2020\/02\/TORELLO_LOGO_4.png\",\"contentUrl\":\"https:\/\/torello.com\/wp-content\/uploads\/2020\/02\/TORELLO_LOGO_4.png\",\"width\":278,\"height\":140,\"caption\":\"Torell\u00f3 espumosos y vinos ecol\u00f3gicos\"},\"image\":{\"@id\":\"https:\/\/torello.com\/es\/#\/schema\/logo\/image\/\"},\"sameAs\":[\"https:\/\/www.facebook.com\/TorelloViticultors\/\",\"https:\/\/x.com\/TorelloViticult\",\"https:\/\/www.instagram.com\/torelloviticultors\/\",\"https:\/\/www.youtube.com\/user\/Torello57\"]}]}<\/script>\n<!-- \/ Yoast SEO plugin. -->","yoast_head_json":{"title":"Aceite de oliva virgen extra | Torell\u00f3 Viticultors Grans escumosos i vins ecol\u00f2gics","description":"Aceite de Oliva Virgen Extra. Es un aceite de oliva virgen extra, de categor\u00eda superior, obtenido directamente de procesos mec\u00e1nicos, donde...","robots":{"index":"index","follow":"follow","max-snippet":"max-snippet:-1","max-image-preview":"max-image-preview:large","max-video-preview":"max-video-preview:-1"},"canonical":"https:\/\/torello.com\/es\/producto\/aceite-de-oliva-virgen-extra\/","og_locale":"es_ES","og_type":"article","og_title":"Aceite de oliva virgen extra | Torell\u00f3 Viticultors Grans escumosos i vins ecol\u00f2gics","og_description":"Aceite de Oliva Virgen Extra. Es un aceite de oliva virgen extra, de categor\u00eda superior, obtenido directamente de procesos mec\u00e1nicos, donde...","og_url":"https:\/\/torello.com\/es\/producto\/aceite-de-oliva-virgen-extra\/","og_site_name":"Torell\u00f3 Viticultors Grans escumosos i vins ecol\u00f2gics","article_publisher":"https:\/\/www.facebook.com\/TorelloViticultors\/","article_modified_time":"2026-03-25T09:23:13+00:00","og_image":[{"width":560,"height":560,"url":"https:\/\/torello.com\/wp-content\/uploads\/2026\/03\/Oli-Oliva-Verge-Extra-Torello.png","type":"image\/png"}],"twitter_card":"summary_large_image","twitter_site":"@TorelloViticult","twitter_misc":{"Tiempo de lectura":"1 minuto"},"schema":{"@context":"https:\/\/schema.org","@graph":[{"@type":"WebPage","@id":"https:\/\/torello.com\/es\/producto\/aceite-de-oliva-virgen-extra\/","url":"https:\/\/torello.com\/es\/producto\/aceite-de-oliva-virgen-extra\/","name":"Aceite de oliva virgen extra | Torell\u00f3 Viticultors Grans escumosos i vins ecol\u00f2gics","isPartOf":{"@id":"https:\/\/torello.com\/es\/#website"},"primaryImageOfPage":{"@id":"https:\/\/torello.com\/es\/producto\/aceite-de-oliva-virgen-extra\/#primaryimage"},"image":{"@id":"https:\/\/torello.com\/es\/producto\/aceite-de-oliva-virgen-extra\/#primaryimage"},"thumbnailUrl":"https:\/\/torello.com\/wp-content\/uploads\/2026\/03\/Oli-Oliva-Verge-Extra-Torello.png","datePublished":"2026-03-19T17:10:25+00:00","dateModified":"2026-03-25T09:23:13+00:00","description":"Aceite de Oliva Virgen Extra. Es un aceite de oliva virgen extra, de categor\u00eda superior, obtenido directamente de procesos mec\u00e1nicos, donde...","breadcrumb":{"@id":"https:\/\/torello.com\/es\/producto\/aceite-de-oliva-virgen-extra\/#breadcrumb"},"inLanguage":"es","potentialAction":[{"@type":"ReadAction","target":["https:\/\/torello.com\/es\/producto\/aceite-de-oliva-virgen-extra\/"]}]},{"@type":"ImageObject","inLanguage":"es","@id":"https:\/\/torello.com\/es\/producto\/aceite-de-oliva-virgen-extra\/#primaryimage","url":"https:\/\/torello.com\/wp-content\/uploads\/2026\/03\/Oli-Oliva-Verge-Extra-Torello.png","contentUrl":"https:\/\/torello.com\/wp-content\/uploads\/2026\/03\/Oli-Oliva-Verge-Extra-Torello.png","width":560,"height":560,"caption":"Oli Oliva Verge Extra Torell\u00f3"},{"@type":"BreadcrumbList","@id":"https:\/\/torello.com\/es\/producto\/aceite-de-oliva-virgen-extra\/#breadcrumb","itemListElement":[{"@type":"ListItem","position":1,"name":"Inici","item":"https:\/\/torello.com\/es\/"},{"@type":"ListItem","position":2,"name":"Tienda online","item":"https:\/\/torello.com\/es\/tienda-online\/"},{"@type":"ListItem","position":3,"name":"Aceite de oliva virgen extra"}]},{"@type":"WebSite","@id":"https:\/\/torello.com\/es\/#website","url":"https:\/\/torello.com\/es\/","name":"Torell\u00f3 Viticultors Grans escumosos i vins ecol\u00f2gics","description":"Bodega familiar situada en el Pened\u00e9s, l\u00edder en la elaboraci\u00f3n de Cava y vinos, s\u00f3lo utiliza uva cultivada en su finca Can Mart\u00ed.","publisher":{"@id":"https:\/\/torello.com\/es\/#organization"},"potentialAction":[{"@type":"SearchAction","target":{"@type":"EntryPoint","urlTemplate":"https:\/\/torello.com\/es\/?s={search_term_string}"},"query-input":{"@type":"PropertyValueSpecification","valueRequired":true,"valueName":"search_term_string"}}],"inLanguage":"es"},{"@type":"Organization","@id":"https:\/\/torello.com\/es\/#organization","name":"Torell\u00f3 espumosos y vinos ecol\u00f3gicos","url":"https:\/\/torello.com\/es\/","logo":{"@type":"ImageObject","inLanguage":"es","@id":"https:\/\/torello.com\/es\/#\/schema\/logo\/image\/","url":"https:\/\/torello.com\/wp-content\/uploads\/2020\/02\/TORELLO_LOGO_4.png","contentUrl":"https:\/\/torello.com\/wp-content\/uploads\/2020\/02\/TORELLO_LOGO_4.png","width":278,"height":140,"caption":"Torell\u00f3 espumosos y vinos ecol\u00f3gicos"},"image":{"@id":"https:\/\/torello.com\/es\/#\/schema\/logo\/image\/"},"sameAs":["https:\/\/www.facebook.com\/TorelloViticultors\/","https:\/\/x.com\/TorelloViticult","https:\/\/www.instagram.com\/torelloviticultors\/","https:\/\/www.youtube.com\/user\/Torello57"]}]}},"_links":{"self":[{"href":"https:\/\/torello.com\/es\/wp-json\/wp\/v2\/product\/24733","targetHints":{"allow":["GET"]}}],"collection":[{"href":"https:\/\/torello.com\/es\/wp-json\/wp\/v2\/product"}],"about":[{"href":"https:\/\/torello.com\/es\/wp-json\/wp\/v2\/types\/product"}],"replies":[{"embeddable":true,"href":"https:\/\/torello.com\/es\/wp-json\/wp\/v2\/comments?post=24733"}],"wp:featuredmedia":[{"embeddable":true,"href":"https:\/\/torello.com\/es\/wp-json\/wp\/v2\/media\/24730"}],"wp:attachment":[{"href":"https:\/\/torello.com\/es\/wp-json\/wp\/v2\/media?parent=24733"}],"wp:term":[{"taxonomy":"product_brand","embeddable":true,"href":"https:\/\/torello.com\/es\/wp-json\/wp\/v2\/product_brand?post=24733"},{"taxonomy":"product_cat","embeddable":true,"href":"https:\/\/torello.com\/es\/wp-json\/wp\/v2\/product_cat?post=24733"},{"taxonomy":"product_tag","embeddable":true,"href":"https:\/\/torello.com\/es\/wp-json\/wp\/v2\/product_tag?post=24733"},{"taxonomy":"giftcard-category","embeddable":true,"href":"https:\/\/torello.com\/es\/wp-json\/wp\/v2\/giftcard-category?post=24733"}],"curies":[{"name":"wp","href":"https:\/\/api.w.org\/{rel}","templated":true}]}}